{"id":1472,"date":"2013-12-01T16:02:50","date_gmt":"2013-12-01T16:02:50","guid":{"rendered":"https:\/\/blogs.up.edu.pe\/nubes\/\/?page_id=1472"},"modified":"2014-07-31T16:03:13","modified_gmt":"2014-07-31T16:03:13","slug":"sebastian-ochoteco-melchiorre-dia-domingo-de-mario-vargas-llosa","status":"publish","type":"page","link":"https:\/\/blogs.up.edu.pe\/nubes\/trabajos\/trabajos-finales-ciclo-de-primavera-2013\/sebastian-ochoteco-melchiorre-dia-domingo-de-mario-vargas-llosa\/","title":{"rendered":"Sebasti\u00e1n Ochoteco Melchiorre, \u00abD\u00eda domingo\u00bb de Mario Vargas Llosa"},"content":{"rendered":"<p style=\"text-align: justify;\">Miraflores retratado en su m\u00e1xima expresi\u00f3n, una historia de amor que lleva a dos amigos a competir por una chica, un grupo de amigos \u2013los Pajarracos\u2013, la playa, son im\u00e1genes que ofrece el cuento de Mario Vargas Llosa: \u201cD\u00eda domingo\u201d.<\/p>\n<p style=\"text-align: justify;\">El cuento inicia con la disputa interna de Miguel acerca de declarar su amor a Flora, la chica de la que se ha enamorado perdidamente. Miguel acompa\u00f1aba a Flora a su casa despu\u00e9s del colegio, por lo que una tarde de regreso, por la Av. Pardo, decirle declararle su amor. Flora, que estaba interesada en otro amigo de Miguel, le responde que no sabe qu\u00e9 decirle y que su mam\u00e1 no quiere que tenga enamorado.<\/p>\n<p style=\"text-align: justify;\">Luego de esta peque\u00f1a escena queda claro el problema que sustenta todo el cuento de Vargas Llosa: Miguel est\u00e1 enamorado de Flora, pero Flora prefiere a uno de sus mejores amigos Rub\u00e9n. M\u00e1s a\u00fan, Rub\u00e9n forma parte de la pandilla de Miguel, los Pajarracos. Nuestro personaje principal siente celos por su mejor amigo, Rub\u00e9n, uno de los mejores nadadores de la escuela y el distrito, as\u00ed como el foco de atenci\u00f3n de las chicas del colegio.<\/p>\n<p style=\"text-align: justify;\">Miguel, despu\u00e9s de declarar su amor a Flora, se entera de que ella ir\u00e1 a la casa de su mejor amiga y luego a una reuni\u00f3n en la cual estar\u00eda Rub\u00e9n. En esa reuni\u00f3n, Rub\u00e9n declarar\u00eda su amor a Flora, y al parecer, ella aceptar\u00eda. En un intento desesperado por evitar este evento, Miguel decide ir a buscar a Rub\u00e9n y evitar a toda costa que est\u00e9 con Flora. Una de las mejores frases del cuento resume la decisi\u00f3n de Miguel respecto a lo que iba a hacer su mejor amigo: \u201cNo la ver\u00e1; decidi\u00f3 [Miguel]. No me har\u00e1 esto, no permitir\u00e9 que me haga esta perrada\u201d.<\/p>\n<p style=\"text-align: justify;\">Miguel va en busca de Rub\u00e9n y lo encuentra en un bar junto con toda la pandilla, conformada por Francisco, el Melan\u00e9s, Tob\u00edas y el Escolar. Luego de una breve conversaci\u00f3n entre todos, Rub\u00e9n decide que debe irse. Miguel, sabiendo de antemano que su mejor amigo ir\u00eda a ver a Flora, decide lanzar un desaf\u00edo: reta a Rub\u00e9n a una competencia de resistencia en comida y bebida. Aquel que durase m\u00e1s tomando cerveza Cristal y bistecks a la chorrillana ganar\u00eda el desaf\u00edo. Despu\u00e9s de tomar y comer, ambos competidores se\u00f1alan el verdadero motivo del desaf\u00edo: el amor de Flora. Rub\u00e9n reprocha a Miguel y le se\u00f1ala que est\u00e1 pic\u00f3n porque Flora lo prefiere a \u00e9l. Los Pajarracos deciden acabar con el enfrentamiento verbal se\u00f1alando que el resultado del desaf\u00edo fue un empate.<\/p>\n<p style=\"text-align: justify;\">Sin embargo, ni Miguel ni Rub\u00e9n quer\u00edan que la \u201cbatalla\u201d entre ambos quedara empatada, por lo que deciden enfrentarse en una competencia de nataci\u00f3n en las playas de Miraflores: quien llegue primero a la reventaz\u00f3n, gana. Si Miguel ganase el nuevo desaf\u00edo, Rub\u00e9n no le caer\u00eda a Flora, y estar\u00eda en una mejor posici\u00f3n respecto a las chicas del distrito, pues le habr\u00eda ganado al campe\u00f3n en nataci\u00f3n. Si Miguel no ganaba, Rub\u00e9n se quedar\u00eda con la chica.<\/p>\n<p style=\"text-align: justify;\">El grupo de amigos decide bajar a las playas de la Costa Verde, a trav\u00e9s de la \u201cbajada de los ba\u00f1os\u201d. Esta es una de mis partes favoritas, pues describe paisajes de Miraflores intactos como la bajada Balta y sus calles empedradas. Una vez en la playa, ambos ingresan al mar y se disponen a nadar hasta la reventaz\u00f3n. El resto de Los Pajarracos espera en la orilla, mientras los contendores se sumergen en el fr\u00edo mar en pleno invierno y de noche. En el transcurso a la reventaz\u00f3n, Rub\u00e9n sufre un calambre. Miguel, que iba ganando la carrera, decide detenerse y salvar a su amigo quien se estaba ahogando. As\u00ed, Miguel lleva a la orilla a Rub\u00e9n, quien en reconocimiento por haberle salvado la vida, reconoce que Miguel gan\u00f3 el desaf\u00edo, aunque solo por una \u201cpuesta de mano\u201d.<\/p>\n<p style=\"text-align: justify;\">El trayecto a la reventaz\u00f3n es una parte interesante del cuento, los dos amigos \u201ctorcidos\u201d por haber comido y bebido tanto reflexionan acerca de su vida, conversan y se vuelven a retar cuando se preguntan si est\u00e1n aburridos. Adem\u00e1s, en cuanto a Rub\u00e9n le da un calambre recurre a su \u201chermano\u201d para que lo salve. Lo que demuestra claramente la importancia de ambos en la vida del otro, m\u00e1s all\u00e1 del amor por una chica.<\/p>\n<p style=\"text-align: justify;\">Me gust\u00f3 mucho este cuento por la imagen tan clara de Vargas Llosa sobre las relaciones entre amigos en pos de una chica. Es interesante c\u00f3mo se resalta el machismo y la lucha de dos chicos por demostrar qui\u00e9n tiene m\u00e1s coraje y fuerza. Aquel que manifieste dicha fuerza de mejor manera quedar\u00e1 mejor frente a sus amigos y en \u00faltima instancia frente a la chica que ama. Esto se ve retratado en la frase de Rub\u00e9n a Miguel en medio del mar: \u201cNo les digas nada\u201d, en referencia a los Pajarracos; y el pacto t\u00e1cito entre mejores amigos con Miguel diciendo: \u201c\u00bfCrees que soy un desgraciado?\u201d. Queda claro que la historia resume una experiencia vivida por Vargas Llosa en su juventud, que no es ajena a todos los j\u00f3venes lime\u00f1os.<\/p>\n<p style=\"text-align: justify;\">Finalmente, hay un machismo impregnado en el cuento: Flora no tiene capacidad de decisi\u00f3n. Su amor, hacia cualquiera de ellos, es una decisi\u00f3n completamente ex\u00f3gena. Queda decidida por los desaf\u00edos (absurdos) de sus dos contendientes: \u00bfqu\u00e9 hubiese pasado si a los dos le daba un calambre en medio del mar? \u00bfNadie tendr\u00eda el amor de Flora? Esta es una pregunta pendiente que el autor deja abierta, a veces, los j\u00f3venes toman decisiones equivocadas para demostrar su fuerza.<\/p>\n","protected":false},"excerpt":{"rendered":"<p>Miraflores retratado en su m\u00e1xima expresi\u00f3n, una historia de amor que lleva a dos amigos a competir por una chica, un grupo de amigos \u2013los Pajarracos\u2013, la playa, son im\u00e1genes que ofrece el cuento de Mario Vargas Llosa: \u201cD\u00eda domingo\u201d. &hellip; <a href=\"https:\/\/blogs.up.edu.pe\/nubes\/trabajos\/trabajos-finales-ciclo-de-primavera-2013\/sebastian-ochoteco-melchiorre-dia-domingo-de-mario-vargas-llosa\/\">Sigue leyendo <span class=\"meta-nav\">&rarr;<\/span><\/a><\/p>\n","protected":false},"author":3,"featured_media":0,"parent":1086,"menu_order":8,"comment_status":"closed","ping_status":"closed","template":"","meta":{"footnotes":""},"class_list":["post-1472","page","type-page","status-publish","hentry"],"_links":{"self":[{"href":"https:\/\/blogs.up.edu.pe\/nubes\/wp-json\/wp\/v2\/pages\/1472","targetHints":{"allow":["GET"]}}],"collection":[{"href":"https:\/\/blogs.up.edu.pe\/nubes\/wp-json\/wp\/v2\/pages"}],"about":[{"href":"https:\/\/blogs.up.edu.pe\/nubes\/wp-json\/wp\/v2\/types\/page"}],"author":[{"embeddable":true,"href":"https:\/\/blogs.up.edu.pe\/nubes\/wp-json\/wp\/v2\/users\/3"}],"replies":[{"embeddable":true,"href":"https:\/\/blogs.up.edu.pe\/nubes\/wp-json\/wp\/v2\/comments?post=1472"}],"version-history":[{"count":2,"href":"https:\/\/blogs.up.edu.pe\/nubes\/wp-json\/wp\/v2\/pages\/1472\/revisions"}],"predecessor-version":[{"id":1474,"href":"https:\/\/blogs.up.edu.pe\/nubes\/wp-json\/wp\/v2\/pages\/1472\/revisions\/1474"}],"up":[{"embeddable":true,"href":"https:\/\/blogs.up.edu.pe\/nubes\/wp-json\/wp\/v2\/pages\/1086"}],"wp:attachment":[{"href":"https:\/\/blogs.up.edu.pe\/nubes\/wp-json\/wp\/v2\/media?parent=1472"}],"curies":[{"name":"wp","href":"https:\/\/api.w.org\/{rel}","templated":true}]}}