{"id":1469,"date":"2013-12-01T15:49:17","date_gmt":"2013-12-01T15:49:17","guid":{"rendered":"https:\/\/blogs.up.edu.pe\/nubes\/\/?page_id=1469"},"modified":"2014-07-31T15:54:42","modified_gmt":"2014-07-31T15:54:42","slug":"cesar-de-los-rios-julio-ramon-ribeyro","status":"publish","type":"page","link":"https:\/\/blogs.up.edu.pe\/nubes\/trabajos\/trabajos-finales-ciclo-de-primavera-2013\/cesar-de-los-rios-julio-ramon-ribeyro\/","title":{"rendered":"C\u00e9sar de los R\u00edos, Julio Ram\u00f3n Ribeyro"},"content":{"rendered":"<p style=\"text-align: justify;\">Julio Ram\u00f3n Ribeyro Z\u00fa\u00f1iga naci\u00f3 el 31 de agosto de 1929 en Lima, y creci\u00f3 en el seno de una familia de clase media. Curs\u00f3 sus estudios escolares en el colegio Champagnat de Lima, y estudi\u00f3 Letras y Derecho en la Universidad Cat\u00f3lica del Per\u00fa desde 1946 hasta 1952, para luego trasladarse a Madrid a estudiar periodismo gracias a una beca. A partir de entonces, su vida se caracteriz\u00f3 por el periodismo (agencia France Press, por ejemplo) y por los constantes viajes entre el Per\u00fa y Europa (Francia, Espa\u00f1a, incluso Alemania), hasta que en 1993 se estableci\u00f3 en la capital peruana hasta la fecha de su fallecimiento. Aclamado por la cr\u00edtica, Ribeyro gan\u00f3 varios premios: premio Expreso (en la categor\u00eda de Novela, 1963), Premio Nacional de Literatura (1983), Premio Nacional de Cultura (1993), entre otros. Su obra, que no solo consist\u00eda en cuentos sino en novelas, ensayos, dramas, etc., tuvo tanto \u00e9xito que fue traducida al alem\u00e1n, italiano, franc\u00e9s, ingl\u00e9s, polaco y holand\u00e9s. A pesar de ello, Ribeyro era una persona muy sencilla, que escrib\u00eda por devoci\u00f3n, por amor a la literatura, por lo que nunca estuvo interesado en los premios ni en la fama. Finalmente, fallece el 4 de diciembre de 1994 en su ciudad de nacimiento.<\/p>\n<p style=\"text-align: justify;\">Habiendo empezado a escribir obras a principios de la d\u00e9cada de 1950, es considerado uno de los mejores \u2014si no el mejor\u2014 cuentistas hispanoamericanos del siglo XX.<\/p>\n<p style=\"text-align: justify;\">Eleg\u00ed a este autor porque me parece fant\u00e1stica su manera de narrar los cuentos, de tal modo que el lector se siente identificado con el desarrollo de estos, da la impresi\u00f3n de ser un personaje m\u00e1s en sus historias. Asimismo, sus obras reflejan la realidad social \u2014tanto negativa como positiva\u2014 y las costumbres de su \u00e9poca extraordinariamente. Por ejemplo, en muchas de sus obras nos relata la lucha de los menos favorecidos socioecon\u00f3micamente por salir de la miseria que les ha tocado vivir, as\u00ed como much\u00edsimos factores se los impiden.<\/p>\n<p style=\"text-align: justify;\">Hay que tomar en cuenta que los cuentos de Ribeyro fueron escritos cuando en el Per\u00fa se estaba dando la masiva migraci\u00f3n de las provincias hacia Lima, lo cual gener\u00f3 una r\u00e1pida poblaci\u00f3n de la periferia de esta ciudad. Esto \u00faltimo, a su vez, caus\u00f3 una polarizaci\u00f3n de la sociedad y provoc\u00f3 una gran desigualdad entre los habitantes de Lima. Es justamente en ello en lo que se basa Ribeyro para ciertos cuentos y colecciones; como <em>La palabra del mudo<\/em>, que es una extraordinaria recopilaci\u00f3n de cuentos. Solamente con el t\u00edtulo de este libro, Ribeyro nos demuestra su genialidad. Con la frase \u201cla palabra del mudo\u201d se refiere a que hay una parte de la sociedad \u2014justamente los migrantes\u2014 que \u201cno tiene palabra\u201d en los hechos sociales, y este autor logra plantear la concepci\u00f3n de la realidad lime\u00f1a por parte de este grupo y los problemas y crisis que enfrentan d\u00eda a d\u00eda.<\/p>\n<p style=\"text-align: justify;\">De igual manera, en cuentos como \u201cLos huaqueros\u201d, este escritor refleja una parte de lo negativo de la sociedad de su \u00e9poca, que es la corrupci\u00f3n y la falta de respeto entre las personas y ante los muertos. Cabe resaltar que este cuento, como todos los de Ribeyro, se basa en un hecho que realmente ocurr\u00eda, pero incluyendo la magia de la literatura. Adem\u00e1s, ha escrito cuentos como \u201cTristes querellas en la vieja quinta\u201d o \u201cAlineaci\u00f3n\u201d que describen c\u00f3mo un peque\u00f1o problema termina con consecuencias irremediables y fatales. Tambi\u00e9n es autor de historias como \u201cF\u00e9nix\u201d, donde los m\u00e1s pobres tienen una esperanza de salir de la opresi\u00f3n.<\/p>\n<p style=\"text-align: justify;\">Por esta gran capacidad de plasmar una realidad social latente y la detallista descripci\u00f3n en cada uno de sus cuentos, y por ser capaz de mostrar a sus lectores la miseria y las necesidades de los m\u00e1s pobres, eleg\u00ed a Ribeyro, el gran cuentista del siglo XX.<\/p>\n","protected":false},"excerpt":{"rendered":"<p>Julio Ram\u00f3n Ribeyro Z\u00fa\u00f1iga naci\u00f3 el 31 de agosto de 1929 en Lima, y creci\u00f3 en el seno de una familia de clase media. Curs\u00f3 sus estudios escolares en el colegio Champagnat de Lima, y estudi\u00f3 Letras y Derecho en &hellip; <a href=\"https:\/\/blogs.up.edu.pe\/nubes\/trabajos\/trabajos-finales-ciclo-de-primavera-2013\/cesar-de-los-rios-julio-ramon-ribeyro\/\">Sigue leyendo <span class=\"meta-nav\">&rarr;<\/span><\/a><\/p>\n","protected":false},"author":3,"featured_media":0,"parent":1086,"menu_order":7,"comment_status":"closed","ping_status":"closed","template":"","meta":{"footnotes":""},"class_list":["post-1469","page","type-page","status-publish","hentry"],"_links":{"self":[{"href":"https:\/\/blogs.up.edu.pe\/nubes\/wp-json\/wp\/v2\/pages\/1469","targetHints":{"allow":["GET"]}}],"collection":[{"href":"https:\/\/blogs.up.edu.pe\/nubes\/wp-json\/wp\/v2\/pages"}],"about":[{"href":"https:\/\/blogs.up.edu.pe\/nubes\/wp-json\/wp\/v2\/types\/page"}],"author":[{"embeddable":true,"href":"https:\/\/blogs.up.edu.pe\/nubes\/wp-json\/wp\/v2\/users\/3"}],"replies":[{"embeddable":true,"href":"https:\/\/blogs.up.edu.pe\/nubes\/wp-json\/wp\/v2\/comments?post=1469"}],"version-history":[{"count":1,"href":"https:\/\/blogs.up.edu.pe\/nubes\/wp-json\/wp\/v2\/pages\/1469\/revisions"}],"predecessor-version":[{"id":1470,"href":"https:\/\/blogs.up.edu.pe\/nubes\/wp-json\/wp\/v2\/pages\/1469\/revisions\/1470"}],"up":[{"embeddable":true,"href":"https:\/\/blogs.up.edu.pe\/nubes\/wp-json\/wp\/v2\/pages\/1086"}],"wp:attachment":[{"href":"https:\/\/blogs.up.edu.pe\/nubes\/wp-json\/wp\/v2\/media?parent=1469"}],"curies":[{"name":"wp","href":"https:\/\/api.w.org\/{rel}","templated":true}]}}