{"id":1466,"date":"2013-12-01T15:41:50","date_gmt":"2013-12-01T15:41:50","guid":{"rendered":"https:\/\/blogs.up.edu.pe\/nubes\/\/?page_id=1466"},"modified":"2014-07-31T15:47:40","modified_gmt":"2014-07-31T15:47:40","slug":"gonzalo-garcia-los-poseidos-de-arthur-c-clarke","status":"publish","type":"page","link":"https:\/\/blogs.up.edu.pe\/nubes\/trabajos\/trabajos-finales-ciclo-de-primavera-2013\/gonzalo-garcia-los-poseidos-de-arthur-c-clarke\/","title":{"rendered":"Gonzalo Garc\u00eda, \u00abLos pose\u00eddos\u00bb de Arthur C. Clarke"},"content":{"rendered":"<p style=\"text-align: justify;\">Eleg\u00ed este cuento pues toca temas bastante complicados e indescifrables como la existencia de otros seres pensantes fuera de nuestro h\u00e1bitat natural (el planeta Tierra) que incluso puedan pertenecer a civilizaciones mucho m\u00e1s antiguas y que hayan influenciado en nuestro devenir; tambi\u00e9n la existencia de seres superiores en cuanto a inteligencia y tecnolog\u00eda, o el origen, evoluci\u00f3n y transformaci\u00f3n de nuestra especie en lo que actualmente representamos.<\/p>\n<p style=\"text-align: justify;\">Este cuento parece tener la influencia de teor\u00edas cl\u00e1sicas y muy conocidas como el Big Bang (en la cual, materia muy poderosa explota de un n\u00facleo y va creando planetas y estrellas, y va expandi\u00e9ndose infinitamente), la evoluci\u00f3n de las especies de Charles Darwin (a partir de la cual, solo las especies m\u00e1s aptas y con capacidad de adaptarse al entorno sobrevivir\u00e1n, no necesariamente las m\u00e1s fuertes) e incluso de algunas doctrinas religiosas que muestran a una mente maestra que dot\u00f3 a los humanos de inteligencia y libertad, adem\u00e1s de un mundo para habitar y suficientes recursos para sobrevivir.<\/p>\n<p style=\"text-align: justify;\">Pero adem\u00e1s de lo mencionado, Clarke le da un toque \u00fanico y fant\u00e1stico al personificar los inicios de la humanidad como la conocemos en un ser poderoso, representado por una materia multiforme, maleable, mortal y divisible, con la capacidad de viajar por el espacio y alojarse en la mente de otras especies inferiores a \u00e9l: el Swarm. Cabe destacar que este ser no fue el primero que habit\u00f3 el espacio, inclusive tampoco fue el primero que hab\u00eda llegado a aquel planeta lleno de criaturas sin el m\u00e1s m\u00ednimo atisbo de inteligencia; simplemente era un ser cansado de deambular por el espacio sin suerte y que varias veces hab\u00eda afrontado a la muerte al sortear muchos planetas y atm\u00f3sferas hostiles. Este es un punto importante: el Swarm no representa una especie de dios, ya que era mortal y no era perfecto, se guiaba por su amplia experiencia e inteligencia, que si bien era muy grande, no estaba exenta a errores de percepci\u00f3n.<\/p>\n<p style=\"text-align: justify;\">De esta forma el Swarm toma la decisi\u00f3n de dividirse en dos partes iguales, una de las cuales se quedar\u00eda a inspeccionar el nuevo planeta y otra continuar\u00eda con su interminable viaje por el universo. Pactaron adem\u00e1s encontrarse en el mismo punto donde se hab\u00edan separado a intervalos constantes de tiempo, para de esta forma evitar olvidar su origen. Aqu\u00ed aparece otro punto que a mi parecer es importante en el cuento, ya que el Swarm en la etapa de observaci\u00f3n de su nuevo ambiente y de identificaci\u00f3n de la especie en la cual se alojar\u00eda y adiestrar\u00eda, comienza a debilitarse y a degenerar su inteligencia. Esto, claramente, no podr\u00eda ser una caracter\u00edstica de un ser supremo o al menos creador. El Swarm hab\u00eda terminado por unirse a su presa, ya no pod\u00eda separarse de ella y de alguna forma el canal de conducci\u00f3n de la inteligencia se hab\u00eda invertido y pr\u00e1cticamente los lagartos hab\u00edan comenzado a apoderarse del Swarm.<\/p>\n<p style=\"text-align: justify;\">As\u00ed es como se descubre el error del Swarm, que a la larga terminar\u00eda con su esencia y su materia. La especie de los lagartos que en alg\u00fan momento hab\u00edan parecido los m\u00e1s aptos para evolucionar, hab\u00eda degenerado en peque\u00f1os roedores guiados por instintos, sin mucha inteligencia y que a intervalos realizaban largos peregrinajes, sin motivo alguno, donde incluso muchos de ellos mueren. Esta conducta irracional de los lemmings es asociada por el autor, con el pacto de reuni\u00f3n entre las dos partes del Swarm, que a pesar de haberse confundido entre los millones de espec\u00edmenes que hab\u00edan mutado durante eras, se les hab\u00eda hecho h\u00e1bito ir a buscar \u201csu otra mitad\u201d.<\/p>\n<p style=\"text-align: justify;\">Finalmente, una conjetura que yo podr\u00eda hacer del cuento, es si realmente el Swarm fall\u00f3 en su intento de dotar al planeta de inteligencia al escoger a la especie equivocada debido a que realmente no era un ser tan supremo como se pensaba o si era porque ya era muy viejo y estaba debilitado por sus viajes y su partici\u00f3n. Otra opci\u00f3n que me parecer\u00eda interesante ser\u00eda pensar que las dem\u00e1s especies que habitaban en el planeta tambi\u00e9n habr\u00edan albergado a otros seres \u201csuperiores\u201d, claro est\u00e1, con distinta suerte cada uno, y finalmente la triunfadora fueron aquellos monos que menciona Clarke, ya sea porque el ser que se adentr\u00f3 en ellos era el m\u00e1s poderoso, o porque realmente eran los m\u00e1s aptos para desarrollar inteligencia.<\/p>\n","protected":false},"excerpt":{"rendered":"<p>Eleg\u00ed este cuento pues toca temas bastante complicados e indescifrables como la existencia de otros seres pensantes fuera de nuestro h\u00e1bitat natural (el planeta Tierra) que incluso puedan pertenecer a civilizaciones mucho m\u00e1s antiguas y que hayan influenciado en nuestro &hellip; <a href=\"https:\/\/blogs.up.edu.pe\/nubes\/trabajos\/trabajos-finales-ciclo-de-primavera-2013\/gonzalo-garcia-los-poseidos-de-arthur-c-clarke\/\">Sigue leyendo <span class=\"meta-nav\">&rarr;<\/span><\/a><\/p>\n","protected":false},"author":3,"featured_media":0,"parent":1086,"menu_order":6,"comment_status":"closed","ping_status":"closed","template":"","meta":{"footnotes":""},"class_list":["post-1466","page","type-page","status-publish","hentry"],"_links":{"self":[{"href":"https:\/\/blogs.up.edu.pe\/nubes\/wp-json\/wp\/v2\/pages\/1466","targetHints":{"allow":["GET"]}}],"collection":[{"href":"https:\/\/blogs.up.edu.pe\/nubes\/wp-json\/wp\/v2\/pages"}],"about":[{"href":"https:\/\/blogs.up.edu.pe\/nubes\/wp-json\/wp\/v2\/types\/page"}],"author":[{"embeddable":true,"href":"https:\/\/blogs.up.edu.pe\/nubes\/wp-json\/wp\/v2\/users\/3"}],"replies":[{"embeddable":true,"href":"https:\/\/blogs.up.edu.pe\/nubes\/wp-json\/wp\/v2\/comments?post=1466"}],"version-history":[{"count":1,"href":"https:\/\/blogs.up.edu.pe\/nubes\/wp-json\/wp\/v2\/pages\/1466\/revisions"}],"predecessor-version":[{"id":1467,"href":"https:\/\/blogs.up.edu.pe\/nubes\/wp-json\/wp\/v2\/pages\/1466\/revisions\/1467"}],"up":[{"embeddable":true,"href":"https:\/\/blogs.up.edu.pe\/nubes\/wp-json\/wp\/v2\/pages\/1086"}],"wp:attachment":[{"href":"https:\/\/blogs.up.edu.pe\/nubes\/wp-json\/wp\/v2\/media?parent=1466"}],"curies":[{"name":"wp","href":"https:\/\/api.w.org\/{rel}","templated":true}]}}