{"id":1463,"date":"2013-12-01T15:35:46","date_gmt":"2013-12-01T15:35:46","guid":{"rendered":"https:\/\/blogs.up.edu.pe\/nubes\/\/?page_id=1463"},"modified":"2014-07-31T15:40:14","modified_gmt":"2014-07-31T15:40:14","slug":"alonso-alcorta-las-primeras-luces-por-guillermo-nino-de-guzman","status":"publish","type":"page","link":"https:\/\/blogs.up.edu.pe\/nubes\/trabajos\/trabajos-finales-ciclo-de-primavera-2013\/alonso-alcorta-las-primeras-luces-por-guillermo-nino-de-guzman\/","title":{"rendered":"Alonso Alcorta, \u201cLas primeras luces\u201d por Guillermo Ni\u00f1o de Guzm\u00e1n"},"content":{"rendered":"<p style=\"text-align: justify;\">En \u201cLas primeras luces\u201d se narra la historia de Pedro Medina, un soldado involucrado en el conflicto b\u00e9lico entre Ecuador y Per\u00fa en 1995, tambi\u00e9n conocido como la \u201cguerra del Cenepa\u201d. En el cuento se describen en paralelo dos historias que involucran al personaje principal: una de angustia y dolor ambientada en el conflicto con nuestro pa\u00eds vecino, junto con una historia de romance y felicidad ambientada en la playa y que narra momentos importantes en la juventud de Pedro (el romance con Cristina, la diversi\u00f3n propia de la playa, entre otras cosas). Guillermo Ni\u00f1o de Guzm\u00e1n separa de forma muy clara estas historias paralelas, para luego entrecruzarlas hacia el final de la historia. La narraci\u00f3n, intensiva en di\u00e1logos y con diversidad de personajes, es muy clara y no dispersa al lector con arista alguna. Todos los detalles de la narraci\u00f3n resultan relevantes para el desenvolvimiento de las historias.<\/p>\n<p style=\"text-align: justify;\">La primera historia, ambientada en el conflicto armado, es capaz de capturar la atenci\u00f3n del lector. Considero que la constante exposici\u00f3n a la muerte del personaje a lo largo de la historia hace mucho m\u00e1s sencillo que el lector no se desvincule f\u00e1cilmente de la historia. En las historias que narran situaciones de violencia y lucha, en cualquier momento un personaje principal o secundario puede cambiar, morir o desaparecer, por lo que considero que resulta m\u00e1s f\u00e1cil para el escritor mantener al lector atado al cuento y pendiente de la historia, en comparaci\u00f3n con narraciones rom\u00e1nticas o dramas. Esto \u00faltimo siempre y cuando el lector est\u00e9 dispuesto a leer este tipo de relatos b\u00e9licos o violentos (pues los relatos de violencia y guerra no son de preferencia de todos los lectores).<\/p>\n<p style=\"text-align: justify;\">La segunda historia era de f\u00e1cil lectura y desde el primer \u201ccambio de toma\u201d (pasar del relato b\u00e9lico al relato rom\u00e1ntico y juvenil), era posible intuir que las memorias del protagonista se vincular\u00edan con el momento de crisis vivido en la primera historia. En este relato aparecen todos los personajes que uno a\u00f1orar\u00eda en una situaci\u00f3n de tensi\u00f3n como la guerra en la que se encontraba involucrado Pedro: la playa como sin\u00f3nimo de relajo, el mar, la familia, los amigos, el amor, entre otras cosas.<\/p>\n<p style=\"text-align: justify;\">Las historias iban aumentando su intensidad en paralelo: el conflicto encontraba sus primeras bajas (el cabo Rosas) y el amor\u00edo juvenil encontraba mayor romance entre el protagonista y Cristina. Y es justamente en el momento \u00e1lgido de la narraci\u00f3n en que las historias se cruzan: la tragedia del personaje principal hace que este caiga v\u00edctima de una detonaci\u00f3n que lo hace perder la consciencia, a la misma vez que despierta de un intenso sue\u00f1o tras tener una gran noche con su amor plat\u00f3nico. En un momento se genera la duda de qu\u00e9 personaje es el que queda inconsciente: Pedro muerto en combate o Pedro despu\u00e9s de un sue\u00f1o vivaz. El desenlace de la historia termina revelando que la guerra era real y no un sue\u00f1o del cual sus padres pod\u00edan despertarlo. La vida se le hab\u00eda esfumado y no hab\u00eda nada que pudieran hacer el cholo Raygada o el teniente Ortiz para devolv\u00e9rsela.<\/p>\n<p style=\"text-align: justify;\">Considero que hay un efecto propio de cualquier relato capaz de permitir al lector identificarse con la narraci\u00f3n. M\u00e1s a\u00fan, si el relato es le\u00eddo por una persona del pa\u00eds o lugar en donde ese relato sucede. En este caso, la asociaci\u00f3n de la playa con diversi\u00f3n y relajo, en conjunto con la identificaci\u00f3n de la selva lim\u00edtrofe con Ecuador con tensi\u00f3n e incertidumbre son factores f\u00e1cilmente identificables por un peruano. Finalmente, destaco la facilidad del autor para describir el entorno y los personajes, sobre todo en la zona de conflicto o tensi\u00f3n, en la que se desenvolvi\u00f3 como corresponsal de guerra. Las situaciones peligrosas a las que Guillermo Ni\u00f1o de Guzm\u00e1n debe haberse encontrado expuesto deben haber servido de fuente de inspiraci\u00f3n para \u201cLas Primeras Luces\u201d.<\/p>\n","protected":false},"excerpt":{"rendered":"<p>En \u201cLas primeras luces\u201d se narra la historia de Pedro Medina, un soldado involucrado en el conflicto b\u00e9lico entre Ecuador y Per\u00fa en 1995, tambi\u00e9n conocido como la \u201cguerra del Cenepa\u201d. En el cuento se describen en paralelo dos historias &hellip; <a href=\"https:\/\/blogs.up.edu.pe\/nubes\/trabajos\/trabajos-finales-ciclo-de-primavera-2013\/alonso-alcorta-las-primeras-luces-por-guillermo-nino-de-guzman\/\">Sigue leyendo <span class=\"meta-nav\">&rarr;<\/span><\/a><\/p>\n","protected":false},"author":3,"featured_media":0,"parent":1086,"menu_order":5,"comment_status":"closed","ping_status":"closed","template":"","meta":{"footnotes":""},"class_list":["post-1463","page","type-page","status-publish","hentry"],"_links":{"self":[{"href":"https:\/\/blogs.up.edu.pe\/nubes\/wp-json\/wp\/v2\/pages\/1463","targetHints":{"allow":["GET"]}}],"collection":[{"href":"https:\/\/blogs.up.edu.pe\/nubes\/wp-json\/wp\/v2\/pages"}],"about":[{"href":"https:\/\/blogs.up.edu.pe\/nubes\/wp-json\/wp\/v2\/types\/page"}],"author":[{"embeddable":true,"href":"https:\/\/blogs.up.edu.pe\/nubes\/wp-json\/wp\/v2\/users\/3"}],"replies":[{"embeddable":true,"href":"https:\/\/blogs.up.edu.pe\/nubes\/wp-json\/wp\/v2\/comments?post=1463"}],"version-history":[{"count":1,"href":"https:\/\/blogs.up.edu.pe\/nubes\/wp-json\/wp\/v2\/pages\/1463\/revisions"}],"predecessor-version":[{"id":1464,"href":"https:\/\/blogs.up.edu.pe\/nubes\/wp-json\/wp\/v2\/pages\/1463\/revisions\/1464"}],"up":[{"embeddable":true,"href":"https:\/\/blogs.up.edu.pe\/nubes\/wp-json\/wp\/v2\/pages\/1086"}],"wp:attachment":[{"href":"https:\/\/blogs.up.edu.pe\/nubes\/wp-json\/wp\/v2\/media?parent=1463"}],"curies":[{"name":"wp","href":"https:\/\/api.w.org\/{rel}","templated":true}]}}