{"id":1460,"date":"2013-12-01T15:34:25","date_gmt":"2013-12-01T15:34:25","guid":{"rendered":"https:\/\/blogs.up.edu.pe\/nubes\/\/?page_id=1460"},"modified":"2014-07-31T15:34:45","modified_gmt":"2014-07-31T15:34:45","slug":"dario-castaneda-analisis-de-el-primer-peruano-en-el-espacio-de-daniel-salvo","status":"publish","type":"page","link":"https:\/\/blogs.up.edu.pe\/nubes\/trabajos\/trabajos-finales-ciclo-de-primavera-2013\/dario-castaneda-analisis-de-el-primer-peruano-en-el-espacio-de-daniel-salvo\/","title":{"rendered":"Dar\u00edo Casta\u00f1eda, An\u00e1lisis de \u201cEl primer peruano en el espacio\u201d de Daniel Salvo"},"content":{"rendered":"<p style=\"text-align: justify;\">Daniel Salvo inicia la historia exponiendo un contexto social entre los \u201cblancos\u201d y los ciudadanos de segunda clase. En primera instancia, todo hace alusi\u00f3n a un conflicto social generado entre un pa\u00eds imperialista y una colonia. Sin embargo, es curioso que Daniel Salvo exponga la idea de que en este caso el ciudadano de segunda clase sea un peruano. Por la descripci\u00f3n que realiza el autor, uno podr\u00eda asumir que los \u201cblancos\u201d son norteamericanos o europeos que de cierta manera tuvieron o tienen un rol imperialista en t\u00e9rminos econ\u00f3micos y de desarrollo. De todos modos, el rechazo que el protagonista muestra hacia los \u201cblancos\u201d es bien marcado y hasta incluso se expresa con violencia. \u201cDe haber estado en condiciones de hacerlo, Anatolio habr\u00eda escupido al suelo: todos los blancos eran una mierda.\u201d<\/p>\n<p style=\"text-align: justify;\">En cuanto a la descripci\u00f3n del personaje principal, Anatolio, parece ser una persona sencilla de condiciones humildes. Durante la historia, el protagonista se encuentra en una nave espacial y sus labores eran rutinarias y elementales (revisar pantallas, verificar medidores, informar coordenadas, etc.) Sus tareas tan sencillas lo molestaban ya que consideraba su nombramiento como algo para representar la \u201cconvivencia arm\u00f3nica\u201d entre las razas. Es decir, Anatolio pensaba firmemente que su designaci\u00f3n en la misi\u00f3n era expresamente una herramienta para mostrar la \u201cequidad\u201d de los \u201cblancos\u201d. Incluso en la discusi\u00f3n que mantiene con el capit\u00e1n, de raza \u201cblanca\u201d, Anatolio muestra su indignaci\u00f3n y hace referencia a su condici\u00f3n de \u201cconquistado\u201d. Adem\u00e1s, menciona que los cargos p\u00fablicos e importantes siempre est\u00e1n ocupados por \u201cblancos\u201d y que los trabajos sencillos siempre son asignados a los ciudadanos de segunda clase. A esto, el capit\u00e1n le responde que se arrastra una carga del pasado y que poco a poco eso va cambiando.<\/p>\n<p style=\"text-align: justify;\">Por otro lado, el capit\u00e1n de la nave se muestra mucho m\u00e1s pasivo y tranquilo durante la discusi\u00f3n. Parece ser condescendiente y trata de entender la posici\u00f3n de Anatolio. El capit\u00e1n logra acercarse y comunicarse con Anatolio sin \u00e9xito. El protagonista est\u00e1 cegado por el resentimiento y las desigualdades.<\/p>\n<p style=\"text-align: justify;\">Finalmente, la historia da un giro inesperado. Anatolio se acalora y empieza a gritar. El capit\u00e1n reacciona cuando el protagonista menciona que es usado como un \u201cs\u00edmbolo\u201d. Es justo ah\u00ed donde el autor revela las condiciones f\u00edsicas del capit\u00e1n \u201cblanco\u201d y deja en evidencia que los \u201cblancos\u201d son nada menos que extraterrestres. \u201cSalvo la cresta azulada que los de su especie ten\u00edan en la cabeza, su escamosa piel carec\u00eda por completo de pigmentaci\u00f3n. Los escasos terrestres que hab\u00edan sobrevivido a las guerras de conquista de los invasores del espacio ten\u00edan raz\u00f3n en llamarlos blancos.\u201d En esta frase, el autor justifica el odio y el resentimiento que siente Anatolio hacia los \u201cblancos\u201d.<\/p>\n<p style=\"text-align: justify;\">Durante todo el relato, Daniel Salvo supo barajar muy bien la idea de plantear a los \u201cblancos\u201d como seres humanos. Sin embargo, a pesar de que los \u201cblancos eran extraterrestres, considero que el autor pretend\u00eda mostrar de forma paralela la relaci\u00f3n social que tuvieron los pa\u00edses imperialistas y colonias. Lamentablemente, la mayor\u00eda de estos resentimientos entre razas desencadenaron en episodios de violencia a lo largo de la historia universal.<\/p>\n<p style=\"text-align: justify;\">En definitiva, si bien es cierto que es un cuento de ficci\u00f3n, nadie podr\u00eda asegurar que en un futuro no se pueda presentar un escenario similar. Es decir, si existe la probabilidad de que exista vida extraterrestre, puede que tengamos encuentros en el futuro. En ese caso, \u00bfseremos los conquistados o los conquistadores?<\/p>\n","protected":false},"excerpt":{"rendered":"<p>Daniel Salvo inicia la historia exponiendo un contexto social entre los \u201cblancos\u201d y los ciudadanos de segunda clase. En primera instancia, todo hace alusi\u00f3n a un conflicto social generado entre un pa\u00eds imperialista y una colonia. Sin embargo, es curioso &hellip; <a href=\"https:\/\/blogs.up.edu.pe\/nubes\/trabajos\/trabajos-finales-ciclo-de-primavera-2013\/dario-castaneda-analisis-de-el-primer-peruano-en-el-espacio-de-daniel-salvo\/\">Sigue leyendo <span class=\"meta-nav\">&rarr;<\/span><\/a><\/p>\n","protected":false},"author":3,"featured_media":0,"parent":1086,"menu_order":4,"comment_status":"closed","ping_status":"closed","template":"","meta":{"footnotes":""},"class_list":["post-1460","page","type-page","status-publish","hentry"],"_links":{"self":[{"href":"https:\/\/blogs.up.edu.pe\/nubes\/wp-json\/wp\/v2\/pages\/1460","targetHints":{"allow":["GET"]}}],"collection":[{"href":"https:\/\/blogs.up.edu.pe\/nubes\/wp-json\/wp\/v2\/pages"}],"about":[{"href":"https:\/\/blogs.up.edu.pe\/nubes\/wp-json\/wp\/v2\/types\/page"}],"author":[{"embeddable":true,"href":"https:\/\/blogs.up.edu.pe\/nubes\/wp-json\/wp\/v2\/users\/3"}],"replies":[{"embeddable":true,"href":"https:\/\/blogs.up.edu.pe\/nubes\/wp-json\/wp\/v2\/comments?post=1460"}],"version-history":[{"count":2,"href":"https:\/\/blogs.up.edu.pe\/nubes\/wp-json\/wp\/v2\/pages\/1460\/revisions"}],"predecessor-version":[{"id":1462,"href":"https:\/\/blogs.up.edu.pe\/nubes\/wp-json\/wp\/v2\/pages\/1460\/revisions\/1462"}],"up":[{"embeddable":true,"href":"https:\/\/blogs.up.edu.pe\/nubes\/wp-json\/wp\/v2\/pages\/1086"}],"wp:attachment":[{"href":"https:\/\/blogs.up.edu.pe\/nubes\/wp-json\/wp\/v2\/media?parent=1460"}],"curies":[{"name":"wp","href":"https:\/\/api.w.org\/{rel}","templated":true}]}}