{"id":1456,"date":"2013-12-01T15:29:27","date_gmt":"2013-12-01T15:29:27","guid":{"rendered":"https:\/\/blogs.up.edu.pe\/nubes\/\/?page_id=1456"},"modified":"2014-07-31T15:29:46","modified_gmt":"2014-07-31T15:29:46","slug":"gian-piero-fanton-el-carbunclo-azul-de-sir-arthur-conan-doyle","status":"publish","type":"page","link":"https:\/\/blogs.up.edu.pe\/nubes\/trabajos\/trabajos-finales-ciclo-de-primavera-2013\/gian-piero-fanton-el-carbunclo-azul-de-sir-arthur-conan-doyle\/","title":{"rendered":"Gian Piero Fanton, \u00abEl carbunclo azul\u00bb de Sir Arthur Conan Doyle"},"content":{"rendered":"<p style=\"text-align: justify;\">\u00abEl carbunclo azul\u00bb de Sir Arthur Conan Doyle es el cuento que he escogido para comentar. Este cuento me pareci\u00f3 muy bueno ya que la historia y los personajes son excelentes.<\/p>\n<p style=\"text-align: justify;\">El cuento me gust\u00f3 mucho por ser policiaco. Este tipo de cuento es el que m\u00e1s me gusta y debo admitir que antes no hab\u00eda le\u00eddo muchos, pero el saber que Sherlock Holmes era uno de los personajes hizo que me interesara desde un principio. Ya hab\u00eda visto las pel\u00edculas sobre sobre este personaje y me hab\u00edan parecido muy buenas as\u00ed que me intereso m\u00e1s a\u00fan saber de d\u00f3nde se hab\u00edan originado y c\u00f3mo el personaje hab\u00eda empezado a volverse tan conocido.<\/p>\n<p style=\"text-align: justify;\">Todos conocemos a Sherlock Holmes como el detective por excelencia. Este personaje se comporta de una manera muy singular y es por esto que te atrae tanto. En este cuento en especial, Sherlock buscara encontrar el origen de una piedra que encontr\u00f3 dentro de un ave. Es interesante sentir c\u00f3mo el detective puede percibir tantas cosas de simples objetos y de esa manera descifrar misterios. En este cuento uno puede sentirse como el mismo detective y ponerse en su lugar al momento de hacer las investigaciones.<\/p>\n<p style=\"text-align: justify;\">Adem\u00e1s, el cuento te mantiene interesado en todo momento, deseas saber qui\u00e9n es el culpable del robo y cuando de pronto llegan al primer sospechoso y lees que no es, el cuento se vuelve m\u00e1s interesante y deseas saber m\u00e1s sobre la historia. Despu\u00e9s, cuando ves c\u00f3mo Sherlock y su amigo el doctor Watson van descubriendo a los supuestos culpables con las pistas que hab\u00edan recopilado, empiezas a ver al famoso detective como un personaje sobrenatural, casi como si fuera un superh\u00e9roe, ya que se da cuenta de elementos que una persona normal no se percatar\u00eda. En este cuento vemos desde el inicio esto cuando Holmes se percata de todos los detalles del sombrero. En ese momento, describe a un hombre con caracter\u00edsticas muy peculiares, y al final lo encuentran y tiene las caracter\u00edsticas antes predichas. Esa parte es una de las que m\u00e1s me gustan del cuento.<\/p>\n<p style=\"text-align: justify;\">Tambi\u00e9n me gust\u00f3 mucho la astucia del personaje al poner en los peri\u00f3dicos una nota sobre la p\u00e9rdida del ave. Eso hace que el sospechoso vaya a \u00e9l sin que tuviera que ir a buscarlo.<\/p>\n<p style=\"text-align: justify;\">Posteriormente, va siguiendo paso por paso las pistas del problema. Va donde vend\u00edan los gansos y ah\u00ed una vez m\u00e1s demuestra su astucia al apostar con el hombre que vend\u00eda gansos para poder conseguir una pista m\u00e1s.<\/p>\n<p style=\"text-align: justify;\">M\u00e1s adelante, aparece de manera m\u00e1s clara el culpable. Uno podr\u00eda pensar que el cuento se volver\u00eda aburrido porque ya se lleg\u00f3 al desenlace, sin embargo, el autor logra mantener el suspenso del cuento. El supuesto culpable que estaba encerrado en la c\u00e1rcel no era en verdad el que hab\u00eda cometido el crimen. El famoso detective hab\u00eda encontrado una vez m\u00e1s al culpable, siendo m\u00e1s inteligente que las fuerzas del orden.<\/p>\n<p style=\"text-align: justify;\">Pero ah\u00ed no acaba el cuento, Holmes en lugar de mandar al culpable a la c\u00e1rcel, decide dejarlo libre confiando en su intuici\u00f3n de que este no volver\u00eda a cometer otro crimen.<\/p>\n<p style=\"text-align: justify;\">Por todas estas cosas el cuento me gust\u00f3 mucho.<\/p>\n","protected":false},"excerpt":{"rendered":"<p>\u00abEl carbunclo azul\u00bb de Sir Arthur Conan Doyle es el cuento que he escogido para comentar. Este cuento me pareci\u00f3 muy bueno ya que la historia y los personajes son excelentes. El cuento me gust\u00f3 mucho por ser policiaco. Este &hellip; <a href=\"https:\/\/blogs.up.edu.pe\/nubes\/trabajos\/trabajos-finales-ciclo-de-primavera-2013\/gian-piero-fanton-el-carbunclo-azul-de-sir-arthur-conan-doyle\/\">Sigue leyendo <span class=\"meta-nav\">&rarr;<\/span><\/a><\/p>\n","protected":false},"author":3,"featured_media":0,"parent":1086,"menu_order":3,"comment_status":"closed","ping_status":"closed","template":"","meta":{"footnotes":""},"class_list":["post-1456","page","type-page","status-publish","hentry"],"_links":{"self":[{"href":"https:\/\/blogs.up.edu.pe\/nubes\/wp-json\/wp\/v2\/pages\/1456","targetHints":{"allow":["GET"]}}],"collection":[{"href":"https:\/\/blogs.up.edu.pe\/nubes\/wp-json\/wp\/v2\/pages"}],"about":[{"href":"https:\/\/blogs.up.edu.pe\/nubes\/wp-json\/wp\/v2\/types\/page"}],"author":[{"embeddable":true,"href":"https:\/\/blogs.up.edu.pe\/nubes\/wp-json\/wp\/v2\/users\/3"}],"replies":[{"embeddable":true,"href":"https:\/\/blogs.up.edu.pe\/nubes\/wp-json\/wp\/v2\/comments?post=1456"}],"version-history":[{"count":2,"href":"https:\/\/blogs.up.edu.pe\/nubes\/wp-json\/wp\/v2\/pages\/1456\/revisions"}],"predecessor-version":[{"id":1458,"href":"https:\/\/blogs.up.edu.pe\/nubes\/wp-json\/wp\/v2\/pages\/1456\/revisions\/1458"}],"up":[{"embeddable":true,"href":"https:\/\/blogs.up.edu.pe\/nubes\/wp-json\/wp\/v2\/pages\/1086"}],"wp:attachment":[{"href":"https:\/\/blogs.up.edu.pe\/nubes\/wp-json\/wp\/v2\/media?parent=1456"}],"curies":[{"name":"wp","href":"https:\/\/api.w.org\/{rel}","templated":true}]}}