{"id":1453,"date":"2013-12-01T15:19:07","date_gmt":"2013-12-01T15:19:07","guid":{"rendered":"https:\/\/blogs.up.edu.pe\/nubes\/\/?page_id=1453"},"modified":"2014-07-31T15:24:25","modified_gmt":"2014-07-31T15:24:25","slug":"deborah-zumaeta-los-miedos-de-edgar-allan-poe","status":"publish","type":"page","link":"https:\/\/blogs.up.edu.pe\/nubes\/trabajos\/trabajos-finales-ciclo-de-primavera-2013\/deborah-zumaeta-los-miedos-de-edgar-allan-poe\/","title":{"rendered":"Deborah Zumaeta, Los miedos de Edgar Allan Poe"},"content":{"rendered":"<p style=\"text-align: justify;\">Es indudable que uno de los motivos principales por los cuales eleg\u00ed las obras de Edgar Allan Poe fue porque sigue fascinando a las personas debido a que supo plasmar, en gran parte de sus relatos, los miedos y las obsesiones de la modernidad.<\/p>\n<p style=\"text-align: justify;\">Este maestro del miedo sensorial y percepciones brutas y distorsionadas tuvo una vida tr\u00e1gica llena de laberintos interminables y criptas llenas de amor, mal de sangre y un cierto incesto con familiares cercanos (muy parecido a la narrativa dentro de \u00abLa ca\u00edda de la casa Usher\u00bb). Se puede decir que Poe no escribi\u00f3 sus l\u00fagubres cuentos sino que los convirti\u00f3 en su <em>modus vivendi<\/em>. El cuento era el autor tanto como el autor era el cuento.<\/p>\n<p style=\"text-align: justify;\">Desde un inicio se puede decir que la vida de este escritor americano estuvo entintada con el rojizo m\u00e1s oscuro. Sus padres murieron cuando era peque\u00f1o y sus padres adoptivos lo desheredaron por las constantes disputas con su padre. M\u00e1s adelante contrajo matrimonio con su prima Virginia que contaba solo con trece a\u00f1os de edad y que luego de un corto tiempo falleci\u00f3 de tuberculosis. La vida de Poe termin\u00f3 tr\u00e1gicamente a los cuarenta a\u00f1os habiendo recolectado en su camino alcoholismo, adicci\u00f3n a las drogas, fallos cardiacos, intentos de suicidio, etc. La tragedia del autor se transform\u00f3 en su fama. Se podr\u00eda decir que Poe ba\u00f1\u00f3 con sangre sus cuentos y luego se sent\u00f3 a admirarlos.<\/p>\n<p style=\"text-align: justify;\">El escultor de \u00abEl coraz\u00f3n delator\u00bb fue una figura clave en la literatura simbolista francesa, el surrealismo, la lectura de fantasmas victoriana y el g\u00e9nero detectivesco. Poe revolucion\u00f3 totalmente el cuento de terror d\u00e1ndole un tinte psicol\u00f3gico distorsionado y jugando con las sensaciones de la atm\u00f3sfera. Sus novelas cortas son reconocidas como las mejores del siglo XIX e impresion\u00f3 fugazmente a autores de la talla de Doyle y Borges. Si bien sus obras fueron celebradas por muchos tambi\u00e9n fueron condenadas por varios.<\/p>\n<p style=\"text-align: justify;\">En sus relatos, Poe cre\u00f3 un mundo defectuoso y deforme el cual contamina con sus propias vivencias y preocupaci\u00f3n. Las epifan\u00edas basadas en la devastaci\u00f3n son temas cardinales de todas sus obras y las diferentes versiones de lo corrupto terminan extingui\u00e9ndose en la memoria del lector tras finalizar de leer sus cuentos. Entre las preocupaciones de Poe podemos desenterrar su interrogante por la vida despu\u00e9s de la muerte, siendo \u00e9l mismo quien se responde con im\u00e1genes de cuerpos que se desvaneces mientras que los espectros, reflejos de la vida, se quedan vagando por la tierra, cayendo as\u00ed en un tema reiterado de la narrativa g\u00f3tica junto con matices rom\u00e1nticos y fantasmag\u00f3ricos y ciertos interrogantes filos\u00f3ficos.<\/p>\n<p style=\"text-align: justify;\">Otro tema que aborda la mayor\u00eda de las obras de Poe es la decadencia de la clase alta ante los paradigmas de la sociedad. En esas realidades se fusionan aspectos burgueses y de la nobleza mientras que se va maquinando alternamente un espacio de horror que caracteriza al fin de uno de los tantos mundos ideados por dicha clase privilegiada que err\u00f3neamente creen asegurado. Por otro lado tambi\u00e9n se recae en temas de represi\u00f3n sexual, los cuales fueron consistentes en la vida del autor, y opresi\u00f3n, simbolizados por mansiones que cobran vida sucumbiendo a los nefastos secretos que develan las clases privilegiadas.<\/p>\n<p style=\"text-align: justify;\">Poe fue una v\u00edctima de su realidad y protagonista de su propia historia de terror que dio vida a los mejores poemas y cuentos del siglo XIX. Su extraordinaria mente pudo combinar a la perfecci\u00f3n temas subalternos y marginales de la sociedad con la preocupaci\u00f3n por el despertar sensual, la salvaci\u00f3n del alma y la retribuci\u00f3n de la carne. Jug\u00f3 de manera macabra con las sensaciones para idear un mundo demacrado en donde se llevan a cabo acciones ins\u00f3litas que quedaron plasmadas en las mentes de las personas y por lo que es recordado como uno de los mejores autores de todos los tiempos.<\/p>\n","protected":false},"excerpt":{"rendered":"<p>Es indudable que uno de los motivos principales por los cuales eleg\u00ed las obras de Edgar Allan Poe fue porque sigue fascinando a las personas debido a que supo plasmar, en gran parte de sus relatos, los miedos y las &hellip; <a href=\"https:\/\/blogs.up.edu.pe\/nubes\/trabajos\/trabajos-finales-ciclo-de-primavera-2013\/deborah-zumaeta-los-miedos-de-edgar-allan-poe\/\">Sigue leyendo <span class=\"meta-nav\">&rarr;<\/span><\/a><\/p>\n","protected":false},"author":3,"featured_media":0,"parent":1086,"menu_order":2,"comment_status":"closed","ping_status":"closed","template":"","meta":{"footnotes":""},"class_list":["post-1453","page","type-page","status-publish","hentry"],"_links":{"self":[{"href":"https:\/\/blogs.up.edu.pe\/nubes\/wp-json\/wp\/v2\/pages\/1453","targetHints":{"allow":["GET"]}}],"collection":[{"href":"https:\/\/blogs.up.edu.pe\/nubes\/wp-json\/wp\/v2\/pages"}],"about":[{"href":"https:\/\/blogs.up.edu.pe\/nubes\/wp-json\/wp\/v2\/types\/page"}],"author":[{"embeddable":true,"href":"https:\/\/blogs.up.edu.pe\/nubes\/wp-json\/wp\/v2\/users\/3"}],"replies":[{"embeddable":true,"href":"https:\/\/blogs.up.edu.pe\/nubes\/wp-json\/wp\/v2\/comments?post=1453"}],"version-history":[{"count":1,"href":"https:\/\/blogs.up.edu.pe\/nubes\/wp-json\/wp\/v2\/pages\/1453\/revisions"}],"predecessor-version":[{"id":1454,"href":"https:\/\/blogs.up.edu.pe\/nubes\/wp-json\/wp\/v2\/pages\/1453\/revisions\/1454"}],"up":[{"embeddable":true,"href":"https:\/\/blogs.up.edu.pe\/nubes\/wp-json\/wp\/v2\/pages\/1086"}],"wp:attachment":[{"href":"https:\/\/blogs.up.edu.pe\/nubes\/wp-json\/wp\/v2\/media?parent=1453"}],"curies":[{"name":"wp","href":"https:\/\/api.w.org\/{rel}","templated":true}]}}