{"id":1450,"date":"2013-12-01T14:52:34","date_gmt":"2013-12-01T14:52:34","guid":{"rendered":"https:\/\/blogs.up.edu.pe\/nubes\/\/?page_id=1450"},"modified":"2014-07-31T14:57:53","modified_gmt":"2014-07-31T14:57:53","slug":"rodolfo-lezama-avila-la-ciencia-ficcion","status":"publish","type":"page","link":"https:\/\/blogs.up.edu.pe\/nubes\/trabajos\/trabajos-finales-ciclo-de-primavera-2013\/rodolfo-lezama-avila-la-ciencia-ficcion\/","title":{"rendered":"Rodolfo Lezama Avila, La ciencia ficci\u00f3n"},"content":{"rendered":"<p style=\"text-align: justify;\">La ciencia ficci\u00f3n es sin duda una forma incre\u00edble de cambiar paradigmas, de romper esquemas, de innovar, de moverte de la cuadr\u00edcula en la cual la vida cotidiana, la educaci\u00f3n y los estilos de vida te sit\u00faan. Durante mucho tiempo tienes una idea clara de la realidad, sabes que algunas cosas son as\u00ed porque s\u00ed, pero cuando lees o escuchas una obra de ciencia ficci\u00f3n, te das cuenta que la imaginaci\u00f3n es realmente fant\u00e1stica y todo lo que sabes se transforma en una duda.<\/p>\n<p style=\"text-align: justify;\">Los autores de este g\u00e9nero han desarrollado muchas ideas bastante locas y han sido una luz para muchos cient\u00edficos. Imaginarse un robot que pueda so\u00f1ar, un robot que pueda pensar, una m\u00e1quina que pueda imaginar, \u00a1Incre\u00edble!<\/p>\n<p style=\"text-align: justify;\">Stanislaw Lem es uno de mis favoritos. En \u201cViajes de Ijon Tichy\u201d, en <em>Diarios de las estrellas<\/em> ya no solo est\u00e1s destinado a dormir y pasar insomnio, malos sue\u00f1os ni alg\u00fan malestar, en estas historias se explora la desintegraci\u00f3n at\u00f3mica de los cuerpos para reintegrarse cuando consideren adecuado, como para ir a trabajar. Reemplazar las horas de espera innecesarias por desaparecer y luego recrearte para seguir con tu vida. \u00a1\u00a1Inconcebible!!<\/p>\n<p style=\"text-align: justify;\">\u00abViaje S\u00e9ptimo\u00bb. Cuando digo que la ciencia ficci\u00f3n es algo incre\u00edble, me refiero al hecho de que todos tenemos una idea muy clara y bastante com\u00fan de (por ejemplo) c\u00f3mo percibir el tiempo: Ahora yo estoy escribiendo, y cuando lean esto, pues este momento ya ser\u00e1 el pasado y ustedes tendr\u00e1n el nuevo presente. Pero imaginarte que se puede mezclar el tiempo (pasado, presente y futuro) y vivir una experiencia conjunta es confuso y a la vez genial. Bueno, a eso me refiero cuando digo que este g\u00e9nero libera la mente y te derrite las ideas previamente establecidas.<\/p>\n<p style=\"text-align: justify;\">Ray Bradbury es otro genio del g\u00e9nero, explora y juega con el tiempo en su cuento \u201cEncuentro nocturno\u201d, pero no de la forma en la que Stanislaw Lem lo hace, en un d\u00eda, una semana o hasta un a\u00f1o en la nave. Sino que se atreve a situar a dos seres en generaciones distintas. Todo es posible en la imaginaci\u00f3n, y sobre todo en la ciencia ficci\u00f3n.<\/p>\n<p style=\"text-align: justify;\">Buscando sobre cuentos de ciencia ficci\u00f3n, encontr\u00e9 una lista muy interesante de obras, en donde casi todos los autores que le\u00edmos en las dos semanas de ciencia ficci\u00f3n aparecen, y resaltan al cuento \u201cLa \u00faltima pregunta\u201d de Isaac Asimov como una de las mejores historias. As\u00ed que me aventur\u00e9 a leerlo, y debo decir que si bien todos sabemos que Asimov es un genio que ha inspirado a muchos, pues esta historia es realmente incre\u00edble. No les puedo resumir la historia, pero s\u00ed estoy seguro que la obra es muy amplia para analizar, es una obra que incluye muchas cuestiones absolutas sobre la teor\u00eda del universo y al mismo tiempo es muy relativo en su propio contexto. Lo bueno del g\u00e9nero, es que siempre te incentiva a pensar y a intentar crear o mejorar algo.<\/p>\n<p style=\"text-align: justify;\">En 1964, Isac Asimov escribi\u00f3 para el New York Times un art\u00edculo sobre la expo mundial en donde presentaba predicciones sobre c\u00f3mo ser\u00eda el mundo dentro de 50 a\u00f1os (exactamente en el 2014) y muchos hemos quedado sorprendidos por todas las profec\u00edas autocumplidas de este genio de la ficci\u00f3n. Se imagin\u00f3 robots, proyecciones en 3D, casas bajo el agua, conexiones wireless y muchas ideas m\u00e1s que hoy son una realidad.<\/p>\n<p style=\"text-align: justify;\">Siempre es bueno encontrar nuevas historias y dejar que tu mente divague en un cuento, pero no deber\u00edamos tomarnos muy a pecho esto. Pues algo como lo ocurrido en la \u00e9poca de Orson Welles es sorprendente: <em>La guerra de los mundos<\/em>\u00a0es tambi\u00e9n una historia muy divertida y a pesar de que no la he le\u00eddo, conozco la reacci\u00f3n que tuvo la gente en el momento en que escucharon la historia en la radio.<\/p>\n<p style=\"text-align: justify;\">S\u00e9 que me faltan muchos autores y cuentos por mencionar (y por leer), pero si de algo les sirven estos p\u00e1rrafos, pues les aconsejo que lean cuentos de ciencia ficci\u00f3n. No se arrepentir\u00e1n.<\/p>\n","protected":false},"excerpt":{"rendered":"<p>La ciencia ficci\u00f3n es sin duda una forma incre\u00edble de cambiar paradigmas, de romper esquemas, de innovar, de moverte de la cuadr\u00edcula en la cual la vida cotidiana, la educaci\u00f3n y los estilos de vida te sit\u00faan. Durante mucho tiempo &hellip; <a href=\"https:\/\/blogs.up.edu.pe\/nubes\/trabajos\/trabajos-finales-ciclo-de-primavera-2013\/rodolfo-lezama-avila-la-ciencia-ficcion\/\">Sigue leyendo <span class=\"meta-nav\">&rarr;<\/span><\/a><\/p>\n","protected":false},"author":3,"featured_media":0,"parent":1086,"menu_order":1,"comment_status":"closed","ping_status":"closed","template":"","meta":{"footnotes":""},"class_list":["post-1450","page","type-page","status-publish","hentry"],"_links":{"self":[{"href":"https:\/\/blogs.up.edu.pe\/nubes\/wp-json\/wp\/v2\/pages\/1450","targetHints":{"allow":["GET"]}}],"collection":[{"href":"https:\/\/blogs.up.edu.pe\/nubes\/wp-json\/wp\/v2\/pages"}],"about":[{"href":"https:\/\/blogs.up.edu.pe\/nubes\/wp-json\/wp\/v2\/types\/page"}],"author":[{"embeddable":true,"href":"https:\/\/blogs.up.edu.pe\/nubes\/wp-json\/wp\/v2\/users\/3"}],"replies":[{"embeddable":true,"href":"https:\/\/blogs.up.edu.pe\/nubes\/wp-json\/wp\/v2\/comments?post=1450"}],"version-history":[{"count":1,"href":"https:\/\/blogs.up.edu.pe\/nubes\/wp-json\/wp\/v2\/pages\/1450\/revisions"}],"predecessor-version":[{"id":1451,"href":"https:\/\/blogs.up.edu.pe\/nubes\/wp-json\/wp\/v2\/pages\/1450\/revisions\/1451"}],"up":[{"embeddable":true,"href":"https:\/\/blogs.up.edu.pe\/nubes\/wp-json\/wp\/v2\/pages\/1086"}],"wp:attachment":[{"href":"https:\/\/blogs.up.edu.pe\/nubes\/wp-json\/wp\/v2\/media?parent=1450"}],"curies":[{"name":"wp","href":"https:\/\/api.w.org\/{rel}","templated":true}]}}