{"id":1443,"date":"2014-03-01T14:38:35","date_gmt":"2014-03-01T14:38:35","guid":{"rendered":"https:\/\/blogs.up.edu.pe\/nubes\/\/?page_id=1443"},"modified":"2014-07-31T14:48:32","modified_gmt":"2014-07-31T14:48:32","slug":"solange-anchane-guimaraes-julio-ramon-ribeyro","status":"publish","type":"page","link":"https:\/\/blogs.up.edu.pe\/nubes\/trabajos\/trabajos-finales-2014-verano\/solange-anchane-guimaraes-julio-ramon-ribeyro\/","title":{"rendered":"Solange Anchante Guimaraes, Julio Ram\u00f3n Ribeyro"},"content":{"rendered":"<p style=\"text-align: justify;\">Julio Ram\u00f3n Ribeyro es uno de los grandes exponentes de la literatura peruana y est\u00e1 considerado como uno de los mejores cuentistas de Latinoam\u00e9rica. Nacido en Barranco, Lima, el 31 de agosto de 1929, perteneci\u00f3 a una familia de clase media con memoria de clase alta ya que las generaciones pasadas contaban con figuras nacionales relacionadas con la cultura y la pol\u00edtica. Estudi\u00f3 letras y derecho en la PUCP para tranquilizar a su familia que consideraba que la labor del escritor era deplorable. Al culminar sus estudios universitarios viaj\u00f3 a Europa gracias a una beca que recibi\u00f3 para estudiar periodismo y que ser\u00eda el comienzo de una serie de estancias en el viejo continente, en donde desarroll\u00f3 un constante contacto con exponentes del boom latinoamericano como Vargas Llosa o Cort\u00e1zar.<\/p>\n<p style=\"text-align: justify;\">Eleg\u00ed hablar de Julio Ram\u00f3n Ribeyro porque, adem\u00e1s de ser uno de mis escritores favoritos creo que es un escritor que realmente merece un reconocimiento por todo lo que ha otorgado tanto a las letras peruanas como a las latinoamericanas. Su estilo sencillo e ir\u00f3nico hace que sus relatos, en su mayor\u00eda cuentos, envuelvan al lector en el universo que crea en torno a sus personajes, sus motivaciones, sus pesares y la manera como encajan en la sociedad. El siguiente ensayo tratar\u00e1 de mostrar la importancia de la obra de Ribeyro, los temas que siempre est\u00e1n presentes en su obra, tomando como ejemplo los cuentos u obras m\u00e1s significativos del escritor.<\/p>\n<p style=\"text-align: justify;\">En general, Julio Ram\u00f3n Ribeyro se desarroll\u00f3 como escritor a trav\u00e9s de diferentes g\u00e9neros como la novela, el teatro, ensayos, diarios, pero no cabe duda que el centro de su obra radica en los cuentos, que han sido recogidos en la antolog\u00eda <em>La palabra del mudo<\/em>. Su estilo se denomina normalmente como realismo urbano y fue quien lo llev\u00f3 a su m\u00e1ximo desarrollo en el Per\u00fa y abri\u00f3 el camino para los escritores del boom como Mario Vargas Llosa y Bryce Echenique sin que \u00e9l se relacionase tanto con el denominado boom.<\/p>\n<p style=\"text-align: justify;\">La iron\u00eda, una carga de oscuridad en los personajes, el uso de un lenguaje sencillo y el desarrollo de lo cotidiano son constantes en los cuentos de Ribeyro. Usando estos recursos, los cuentos de Ribero abordan temas que para su \u00e9poca y tal vez hasta la actualidad ser\u00edan emblem\u00e1ticos para la ciudad de Lima (principal escenario de sus cuentos) como el racismo, los rezagos sociales que dej\u00f3 la estructura de la Lima colonial, las grandes migraciones del campo a la ciudad y sobre todo la eterna indiferencia hacia las clases bajas. Con sus cuentos, Ribeyro consigui\u00f3 desarrollar el retrato de una ciudad y sus personajes que mostraba fielmente la realidad a veces maquillada por las apariencias o los intereses de las clases altas.<\/p>\n<p style=\"text-align: justify;\">Los cuentos m\u00e1s representativos de Ribeyro, que reflejan mucho el abordaje de los temas antes mencionados, son \u201cAlienaci\u00f3n\u201d, \u201cLos huaqueros\u201d y \u201cLos gallinazos sin plumas\u201d. En \u201cAlienaci\u00f3n\u201d,\u00a0por ejemplo, se puede observar una gran carga de racismo incluso en la clase media de la ciudad y c\u00f3mo este hecho irrumpe en la vida del personaje dadas sus caracter\u00edsticas, su formaci\u00f3n y sus posibilidades. El cuento plantea la eterna lucha de las personas por encajar con su entorno y c\u00f3mo tambi\u00e9n esto puede volverse obsesivo.<\/p>\n<p style=\"text-align: justify;\">En el caso de \u201cLos huaqueros\u201d y \u201cLos gallinazos sin plumas\u201d,\u00a0que son dos de mis cuentos favoritos de Ribeyro, creo que son cuentos en muestran en gran medida los distintos submundos que se pueden encontrar en una ciudad. C\u00f3mo existen personajes que no son vistos normalmente por los ojos de quien conoce una ciudad como un lugar estructurado. Adem\u00e1s el drama de los dos ni\u00f1os de tener que vivir bajo las \u00f3rdenes de un anciano muestra las pocas oportunidades que eran ofrecidas para las clases bajas de Lima y en general del Per\u00fa, bajo la perspectiva de un personaje muy sensible ante los ojos de un lector, el ni\u00f1o.<\/p>\n<p style=\"text-align: justify;\">En general, se ha dicho que el cuento de Ribeyro y sus personajes est\u00e1n muy relacionados o se hallan casi siempre bajo la sombra del fracaso. Sin embargo esto no deber\u00eda entenderse como una caracter\u00edstica estil\u00edstica sino m\u00e1s bien como un toque personal del autor y como un recurso para buscar la comprensi\u00f3n de la relaci\u00f3n del humano con su entorno. El elemento del fracaso y de la soledad se puede encontrar tambi\u00e9n en sus diarios <em>La tentaci\u00f3n del fracaso<\/em>\u00a0que, por obvias razones, configura la obra m\u00e1s intimista de Ribeyro.<\/p>\n<p style=\"text-align: justify;\">El realismo urbano que desarrolla Ribeyro es muy descriptivo y plantea, como antes se mencion\u00f3, un retrato detallado de la ciudad. Lo que queda un poco rezagado es la expresi\u00f3n y reflexi\u00f3n cr\u00edtica de los problemas o situaciones que aquejan a sus personajes y que finalmente son reflejo de lo que realmente pasaba en la d\u00e9cada de los 50 y en adelante. De alguna forma, el autor deja la oportunidad de reflexi\u00f3n y cuestionamiento enteramente al lector, pero lo conduce a dicha reflexi\u00f3n por medio de la iron\u00eda en su narrativa.<\/p>\n<p style=\"text-align: justify;\">No cabe duda que Julio Ram\u00f3n Ribeyro es un escritor digno de reconocimiento, no solo por la calidad de su obra sino tambi\u00e9n por la constancia y consistencia de la misma. Es uno de los cuentistas m\u00e1s reconocidos en el Per\u00fa y Latinoam\u00e9rica y merece que su obra siga difundi\u00e9ndose a\u00fan despu\u00e9s de su muerte.<\/p>\n","protected":false},"excerpt":{"rendered":"<p>Julio Ram\u00f3n Ribeyro es uno de los grandes exponentes de la literatura peruana y est\u00e1 considerado como uno de los mejores cuentistas de Latinoam\u00e9rica. Nacido en Barranco, Lima, el 31 de agosto de 1929, perteneci\u00f3 a una familia de clase &hellip; <a href=\"https:\/\/blogs.up.edu.pe\/nubes\/trabajos\/trabajos-finales-2014-verano\/solange-anchane-guimaraes-julio-ramon-ribeyro\/\">Sigue leyendo <span class=\"meta-nav\">&rarr;<\/span><\/a><\/p>\n","protected":false},"author":3,"featured_media":0,"parent":1350,"menu_order":18,"comment_status":"closed","ping_status":"closed","template":"","meta":{"footnotes":""},"class_list":["post-1443","page","type-page","status-publish","hentry"],"_links":{"self":[{"href":"https:\/\/blogs.up.edu.pe\/nubes\/wp-json\/wp\/v2\/pages\/1443","targetHints":{"allow":["GET"]}}],"collection":[{"href":"https:\/\/blogs.up.edu.pe\/nubes\/wp-json\/wp\/v2\/pages"}],"about":[{"href":"https:\/\/blogs.up.edu.pe\/nubes\/wp-json\/wp\/v2\/types\/page"}],"author":[{"embeddable":true,"href":"https:\/\/blogs.up.edu.pe\/nubes\/wp-json\/wp\/v2\/users\/3"}],"replies":[{"embeddable":true,"href":"https:\/\/blogs.up.edu.pe\/nubes\/wp-json\/wp\/v2\/comments?post=1443"}],"version-history":[{"count":3,"href":"https:\/\/blogs.up.edu.pe\/nubes\/wp-json\/wp\/v2\/pages\/1443\/revisions"}],"predecessor-version":[{"id":1446,"href":"https:\/\/blogs.up.edu.pe\/nubes\/wp-json\/wp\/v2\/pages\/1443\/revisions\/1446"}],"up":[{"embeddable":true,"href":"https:\/\/blogs.up.edu.pe\/nubes\/wp-json\/wp\/v2\/pages\/1350"}],"wp:attachment":[{"href":"https:\/\/blogs.up.edu.pe\/nubes\/wp-json\/wp\/v2\/media?parent=1443"}],"curies":[{"name":"wp","href":"https:\/\/api.w.org\/{rel}","templated":true}]}}