{"id":1436,"date":"2014-03-01T14:27:51","date_gmt":"2014-03-01T14:27:51","guid":{"rendered":"https:\/\/blogs.up.edu.pe\/nubes\/\/?page_id=1436"},"modified":"2014-07-31T14:28:22","modified_gmt":"2014-07-31T14:28:22","slug":"mayra-medina-la-declaracion-de-randolph-carter-de-howard-phillips-lovecraft","status":"publish","type":"page","link":"https:\/\/blogs.up.edu.pe\/nubes\/trabajos\/trabajos-finales-2014-verano\/mayra-medina-la-declaracion-de-randolph-carter-de-howard-phillips-lovecraft\/","title":{"rendered":"Mayra Medina, \u201cLa Declaraci\u00f3n de Randolph Carter\u201d de Howard Phillips Lovecraft"},"content":{"rendered":"<p style=\"text-align: justify;\">El cuento que escog\u00ed pertenece a nuestra segunda semana de clases, \u201cLa declaraci\u00f3n de Randolph Carter\u201d de Howard Phillips Lovecraft.<\/p>\n<p style=\"text-align: justify;\">Howard Phillips Lovecraft naci\u00f3 el 20 de agosto de 1890 en Providence, Estados Unidos. Conocido autor de novelas y cuentos de terror y ciencia ficci\u00f3n. Considerado un gran innovador en materia de cuentos de terror, al incluir elementos del horror c\u00f3smico, el cual est\u00e1 relacionado con viajes en el tiempo, seres de otras dimensiones, entre otros elementos. Muri\u00f3 a los 46 a\u00f1os el 15 de marzo de 1937 en el Jane Brown Memorial Hospital, en Providence.<\/p>\n<p style=\"text-align: justify;\">Lo primero que me gust\u00f3 apenas empec\u00e9 a leer el cuento fue el t\u00edtulo. Creo que si no hubiera sabido que se trataba de una declaraci\u00f3n policial y que quien hablaba (porque se encuentra en primera persona) era Randolph Carter, hubiera estado confundida desde el inicio. No obstante, no niego que este estado de claridad en la lectura haya ido desapareciendo conforme pasaba de un p\u00e1rrafo a otro.<\/p>\n<p style=\"text-align: justify;\">Otro elemento que tambi\u00e9n me gust\u00f3 est\u00e1 relacionado a la redacci\u00f3n del autor y creo que es cr\u00edtico para que haya estado \u201cpegada\u201d a la lectura y que incluso haya llegado a estar un poco ansiosa: las numerosas veces en que Carter afirmaba que no recordaba nada de su relaci\u00f3n con Warren, m\u00e1s que aquellos datos que estaban relacionados con el terrible desenlace de dicho personaje. Supongo que esperaba encontrarme con un final donde Carter recordaba \u201cmilagrosamente\u201d qu\u00e9 fue lo que hab\u00eda pasado, o que los polic\u00edas llegaban a reconstruir toda la historia, y pudieran determinar en qu\u00e9 asuntos \u201coscuros\u201d estaba metido Warren. Debo afirmar que mi curiosidad como lectora no qued\u00f3 satisfecha. Atribuyo este hecho a que estoy acostumbrada a leer novelas y cuentos que tienen un final concreto.<\/p>\n<p style=\"text-align: justify;\">Para pasar a la otra cara de la moneda y explicar qu\u00e9 elementos fueron los que no me gustaron de este cuento, quiero concluir con lo que creo que me dej\u00f3 \u201cLa declaraci\u00f3n de Randolph Carter\u201d: la fascinaci\u00f3n y adrenalina de probar con otros g\u00e9neros literarios a los que estoy acostumbrada (ciencia ficci\u00f3n y novelas de amor). Cuando le\u00ed que la primera semana nos tocaba leer \u201cCuentos cl\u00e1sicos policiales y de horror\u201d lo primero que se me vino a la mente fue que seguro disfrutar\u00eda mucho los policiales, ya que me encanta Sherlock Holmes; lo segundo, por el otro lado, fue que no quer\u00eda leer los de terror porque pensaba que no me iban a capturar tanto e incluso me podr\u00edan parecer un poco exagerados al intentar recrear la sensaci\u00f3n de miedo en los lectores (lo cual, seg\u00fan mi punto de vista, solo se puede lograr a trav\u00e9s de los numerosos efectos que se emplean en las pel\u00edculas de terror de hoy en d\u00eda).<\/p>\n<p style=\"text-align: justify;\">\u00bfQu\u00e9 fue lo que no me gust\u00f3? Algo que me parece que ya est\u00e1 muy gastado en las novelas de terror: la escenograf\u00eda. Es com\u00fan en las pel\u00edculas y en los libros (ahora tambi\u00e9n en los cuentos por lo visto) que el personaje principal se haya enfrentado cara a cara con el elemento de terror en un cementerio a medianoche, espec\u00edficamente en una tumba que est\u00e1 semiabandonada. Adicionalmente, este recinto est\u00e1 \u201cclausurado\u201d o es un lugar prohibido para entrar (el personaje de Carter comenta que Warren le hab\u00eda hablado sobre tumbas que no se pueden profanar por el contenido que se encuentra en ellas). Finalmente, uno de los personajes se \u201caventura\u201d a explorar el contenido de la tumba y algo tr\u00e1gico y misterioso le sucede; a pesar de que el otro personaje est\u00e1 dispuesto a ayudarlo, el primero se niega y prefiere sacrificarse para que uno de los dos pueda salvarse.<\/p>\n<p style=\"text-align: justify;\">No tuve una opini\u00f3n concreta del final del cuento. Si bien no me gust\u00f3 la idea de que nunca hubo un desenlace exacto de qu\u00e9 fue lo que le pas\u00f3 a Warren, pienso que es algo positivo porque invita al lector a interiorizar el relato y a imaginar de manera libre el final que mejor le acomode. A m\u00ed, por ejemplo, no me gustan mucho los temas de demonios y monstruos; por lo tanto, no buscar\u00e9 darle ese final al cuento. Sin embargo, ya est\u00e1 en cada lector darle el sentido que quiere al final de la historia y ser libre para experimentar su propio proceso de creaci\u00f3n. Pienso que esto es uno de los grandes aportes que puedo atribuirle a Lovecraft, espec\u00edficamente en este cuento. Esto y, como lo mencion\u00e9 en p\u00e1rrafos anteriores, el hecho de que haber le\u00eddo este cuento me ayud\u00f3 a \u201csalir de mi zona de confort\u201d y explorar otros g\u00e9neros literarios.<\/p>\n","protected":false},"excerpt":{"rendered":"<p>El cuento que escog\u00ed pertenece a nuestra segunda semana de clases, \u201cLa declaraci\u00f3n de Randolph Carter\u201d de Howard Phillips Lovecraft. Howard Phillips Lovecraft naci\u00f3 el 20 de agosto de 1890 en Providence, Estados Unidos. Conocido autor de novelas y cuentos &hellip; <a href=\"https:\/\/blogs.up.edu.pe\/nubes\/trabajos\/trabajos-finales-2014-verano\/mayra-medina-la-declaracion-de-randolph-carter-de-howard-phillips-lovecraft\/\">Sigue leyendo <span class=\"meta-nav\">&rarr;<\/span><\/a><\/p>\n","protected":false},"author":3,"featured_media":0,"parent":1350,"menu_order":16,"comment_status":"closed","ping_status":"closed","template":"","meta":{"footnotes":""},"class_list":["post-1436","page","type-page","status-publish","hentry"],"_links":{"self":[{"href":"https:\/\/blogs.up.edu.pe\/nubes\/wp-json\/wp\/v2\/pages\/1436","targetHints":{"allow":["GET"]}}],"collection":[{"href":"https:\/\/blogs.up.edu.pe\/nubes\/wp-json\/wp\/v2\/pages"}],"about":[{"href":"https:\/\/blogs.up.edu.pe\/nubes\/wp-json\/wp\/v2\/types\/page"}],"author":[{"embeddable":true,"href":"https:\/\/blogs.up.edu.pe\/nubes\/wp-json\/wp\/v2\/users\/3"}],"replies":[{"embeddable":true,"href":"https:\/\/blogs.up.edu.pe\/nubes\/wp-json\/wp\/v2\/comments?post=1436"}],"version-history":[{"count":2,"href":"https:\/\/blogs.up.edu.pe\/nubes\/wp-json\/wp\/v2\/pages\/1436\/revisions"}],"predecessor-version":[{"id":1438,"href":"https:\/\/blogs.up.edu.pe\/nubes\/wp-json\/wp\/v2\/pages\/1436\/revisions\/1438"}],"up":[{"embeddable":true,"href":"https:\/\/blogs.up.edu.pe\/nubes\/wp-json\/wp\/v2\/pages\/1350"}],"wp:attachment":[{"href":"https:\/\/blogs.up.edu.pe\/nubes\/wp-json\/wp\/v2\/media?parent=1436"}],"curies":[{"name":"wp","href":"https:\/\/api.w.org\/{rel}","templated":true}]}}