{"id":1432,"date":"2014-03-01T14:20:54","date_gmt":"2014-03-01T14:20:54","guid":{"rendered":"https:\/\/blogs.up.edu.pe\/nubes\/\/?page_id=1432"},"modified":"2014-07-31T14:21:23","modified_gmt":"2014-07-31T14:21:23","slug":"fiorella-velarde-figueroa-alienacion-de-j-r-ribeyro","status":"publish","type":"page","link":"https:\/\/blogs.up.edu.pe\/nubes\/trabajos\/trabajos-finales-2014-verano\/fiorella-velarde-figueroa-alienacion-de-j-r-ribeyro\/","title":{"rendered":"Fiorella Velarde Figueroa, \u201cAlienaci\u00f3n\u201d de J. R. Ribeyro"},"content":{"rendered":"<p style=\"text-align: justify;\">No tengo un g\u00e9nero preferido para leer, siempre trato de elegir distintos g\u00e9neros durante el a\u00f1o o leo novelas recomendadas por amigos y familiares. Sin embargo, debo decir que mi cuento preferido de todas las lecturas fue \u201cAlienaci\u00f3n\u201d de Julio Ram\u00f3n Ribeyro ya que destaca temas importantes como la necesidad de encajar, los cambios a los que puede someterse alguien para estar a la par con un c\u00edrculo social determinado, etc.<\/p>\n<p style=\"text-align: justify;\">Uno de los temas m\u00e1s importantes, en lo personal, es que la historia muestra c\u00f3mo la vida puede ser tan impredecible como lo vimos en la historia de Queca. Comenz\u00f3 siendo una de las chicas m\u00e1s simp\u00e1ticas de la zona y termin\u00f3 en un destino que nadie hubiese podido imaginar: en un pa\u00eds distinto, con un hombre que no la quer\u00eda y con una apariencia que no igualaba lo que hab\u00eda llegado a ser en su juventud. Creo que cualquiera puede identificarse con este tema ya que empieza desde que somos peque\u00f1os. Cuando estamos en el colegio creemos que siempre nos juntaremos con los amigos de siempre, que se mantendr\u00e1 el contacto, pero poco a poco cada uno toma su rumbo y se dirige hacia diferentes destinos que finalmente, pueden terminar alej\u00e1ndonos o acerc\u00e1ndonos.<\/p>\n<p style=\"text-align: justify;\">Otro de los temas importantes que trata el autor es el hecho de mantener las apariencias para lograr encajar en un c\u00edrculo social considerado exitoso. Si bien es cierto que todos en alg\u00fan momento de nuestras vidas intentamos mejorarnos o modificar nuestros comportamientos para lograr un tipo de aceptaci\u00f3n, esto no significa que debemos adaptar quienes somos o c\u00f3mo somos para poder ser aceptados y acogidos por ciertos grupos de personas. Esto es lo que pasa con el protagonista Roberto, quien no acepta c\u00f3mo es y decide hacer todo tipo de cosas para lograr verse como cree que ser\u00e1 lo mejor para su vida.<\/p>\n<p style=\"text-align: justify;\">Un tema esencial a tratar en la lectura es sobre la discriminaci\u00f3n. Durante la conversaci\u00f3n que se estableci\u00f3 en el chat virtual del curso este tema fue de mucho inter\u00e9s ya que la \u00e9poca de narraci\u00f3n del cuento es de una Lima antigua. Sin embargo, queda a\u00fan en duda si siguen existiendo este tipo de situaciones en la Lima moderna. Personalmente, pienso que el tema de discriminaci\u00f3n sigue existiendo en nuestra sociedad; si bien se ha reducido, nunca va a dejar de existir dado que siempre va a coexistir alg\u00fan tipo de discriminaci\u00f3n entre clases, sexos, etc.<\/p>\n<p style=\"text-align: justify;\">Este cuento en particular me hizo relacionarlo con una pel\u00edcula con situaciones similares. La pel\u00edcula se llama <em>Ciudad de Dios<\/em>\u00a0y se sit\u00faa en las favelas, en Brasil. Cuenta en parte la historia de c\u00f3mo uno de los j\u00f3venes, conocido tambi\u00e9n como uno de los m\u00e1s grandes vendedores de drogas de la zona, conoce a una de las chicas m\u00e1s populares y bellas de la favela y decide cambiar su forma de vestir y su personalidad para agradarle y finalmente, estar con ella. Esta situaci\u00f3n en particular me ayud\u00f3 a relacionarla con la historia de Roberto, el protagonista del cuento de Ribeyro. Ambos personajes tienen mucho en com\u00fan ya que se valen de la modificaci\u00f3n de su propia persona y su forma de vestir para poder conseguir objetivos o cierto estatus que finalmente, piensan que los llevar\u00e1 a la felicidad.<\/p>\n","protected":false},"excerpt":{"rendered":"<p>No tengo un g\u00e9nero preferido para leer, siempre trato de elegir distintos g\u00e9neros durante el a\u00f1o o leo novelas recomendadas por amigos y familiares. Sin embargo, debo decir que mi cuento preferido de todas las lecturas fue \u201cAlienaci\u00f3n\u201d de Julio &hellip; <a href=\"https:\/\/blogs.up.edu.pe\/nubes\/trabajos\/trabajos-finales-2014-verano\/fiorella-velarde-figueroa-alienacion-de-j-r-ribeyro\/\">Sigue leyendo <span class=\"meta-nav\">&rarr;<\/span><\/a><\/p>\n","protected":false},"author":3,"featured_media":0,"parent":1350,"menu_order":15,"comment_status":"closed","ping_status":"closed","template":"","meta":{"footnotes":""},"class_list":["post-1432","page","type-page","status-publish","hentry"],"_links":{"self":[{"href":"https:\/\/blogs.up.edu.pe\/nubes\/wp-json\/wp\/v2\/pages\/1432","targetHints":{"allow":["GET"]}}],"collection":[{"href":"https:\/\/blogs.up.edu.pe\/nubes\/wp-json\/wp\/v2\/pages"}],"about":[{"href":"https:\/\/blogs.up.edu.pe\/nubes\/wp-json\/wp\/v2\/types\/page"}],"author":[{"embeddable":true,"href":"https:\/\/blogs.up.edu.pe\/nubes\/wp-json\/wp\/v2\/users\/3"}],"replies":[{"embeddable":true,"href":"https:\/\/blogs.up.edu.pe\/nubes\/wp-json\/wp\/v2\/comments?post=1432"}],"version-history":[{"count":2,"href":"https:\/\/blogs.up.edu.pe\/nubes\/wp-json\/wp\/v2\/pages\/1432\/revisions"}],"predecessor-version":[{"id":1435,"href":"https:\/\/blogs.up.edu.pe\/nubes\/wp-json\/wp\/v2\/pages\/1432\/revisions\/1435"}],"up":[{"embeddable":true,"href":"https:\/\/blogs.up.edu.pe\/nubes\/wp-json\/wp\/v2\/pages\/1350"}],"wp:attachment":[{"href":"https:\/\/blogs.up.edu.pe\/nubes\/wp-json\/wp\/v2\/media?parent=1432"}],"curies":[{"name":"wp","href":"https:\/\/api.w.org\/{rel}","templated":true}]}}