{"id":1428,"date":"2014-03-01T14:14:34","date_gmt":"2014-03-01T14:14:34","guid":{"rendered":"https:\/\/blogs.up.edu.pe\/nubes\/\/?page_id=1428"},"modified":"2014-07-31T14:15:12","modified_gmt":"2014-07-31T14:15:12","slug":"luis-felipe-fonseca-pellegrin-un-acercamiento-a-ernest-hemingway","status":"publish","type":"page","link":"https:\/\/blogs.up.edu.pe\/nubes\/trabajos\/trabajos-finales-2014-verano\/luis-felipe-fonseca-pellegrin-un-acercamiento-a-ernest-hemingway\/","title":{"rendered":"Luis Felipe Fonseca Pellegrin, Un acercamiento a Ernest Hemingway"},"content":{"rendered":"<p style=\"text-align: justify;\">Ernest Hemingway (1899-1961) fue un narrador estadounidense cuyas obras son consideradas cl\u00e1sicas en la literatura del siglo XX. Este personaje ha influenciado por la sobriedad de su estilo, elementos tr\u00e1gicos empelados y la \u00e9poca que representa. La obra de Ernest Hemingway es amplia en materia y extensi\u00f3n. Adicionalmente, fue reconocido con el Premio Nobel en el a\u00f1o 1954.<\/p>\n<p style=\"text-align: justify;\">En su juventud se ofreci\u00f3 para participar en la Primera Guerra Mundial, a pesar de que ya estaba involucrado en el periodismo, en la cual estuvo activo hasta que fue herido de gravedad. De regreso a los Estados Unidos retom\u00f3 el periodismo hasta que viaj\u00f3 a Europa. Las experiencias de toda esta etapa de su vida fueron incorporadas en sus relatos y novelas.<\/p>\n<p style=\"text-align: justify;\">Gran parte de las historias creadas por Hemingway plantean a un personaje heroico que se enfrenta a la muerte. Entre estos personajes destacan matones, toreros, boxeadores, entre otros. Adicionalmente, algunas historias de este autor tienen un elemento simb\u00f3lico alrededor del cual el relato gira. Esto se puede interpretar como una especie de met\u00e1fora que se desarrolla en paralelo en el plano de la realidad.<\/p>\n<p style=\"text-align: justify;\">Consider\u00f3 que su profesi\u00f3n de comunicador influy\u00f3 en gran medida sobre la narrativa que cre\u00f3. Sintetiz\u00f3 sus historias en frases directas, cortas y duras. Este autor sigue influyendo en los reportajes y cr\u00f3nicas. Entre sus primeros libros se encuentran <em>Tres relatos y diez poemas<\/em>, <em>En nuestro tiempo<\/em> y <em>Hombres sin Mujeres<\/em>. Este incluye el cuento \u201cLos Asesinos\u201d, uno de los m\u00e1s destacados del autor para cualquier lector. Asimismo, simboliza el estilo de narraci\u00f3n de Hemingway en su m\u00e1xima expresi\u00f3n. En detalle, este cuento se narra en di\u00e1logos cortos generando un ambiente de suspenso, as\u00ed resuelve todo el contexto y finalmente no se llega a conclusi\u00f3n porque se deja un final abierto a la imaginaci\u00f3n del lector. Hemingway explicaba su t\u00e9cnica con el modelo de t\u00e9mpano de hielo, es decir, oculta la mayor parte de su cuerpo bajo el agua dejando visible solo una peque\u00f1a porci\u00f3n.<\/p>\n<p style=\"text-align: justify;\">En un punto de su vida, Hemingway encuentra su lugar en Cuba. El autor y la ciudad de La Habana desarrollaron un v\u00ednculo que ha quedado establecido en la historia y la literatura. En documentos encontrados en su finca La Vig\u00eda se refleja esa estrecha relaci\u00f3n y c\u00f3mo incorpor\u00f3 a La Habana a su vida.<\/p>\n<p style=\"text-align: justify;\">Hoy en d\u00eda, m\u00e1s de medio siglo despu\u00e9s de su muerte, sigue influenciando la literatura. Forma parte del legado para la literatura estadounidense, en el que los nuevos autores siguieron o evitaron su estilo.<\/p>\n<p style=\"text-align: justify;\">Los \u00faltimos a\u00f1os de vida de Hemingway fueron complicados porque padeci\u00f3 la misma enfermedad gen\u00e9tica de su padre la cual deterioraba su estado mental y f\u00edsico. Asimismo, a esto se le sumo que el autor hab\u00eda sido un gran bebedor a lo largo de su vida.<\/p>\n<p style=\"text-align: justify;\">En relaci\u00f3n a la muerte de Ernest Hemingway, se suicid\u00f3 en Ketchu, Idaho, en la madrugada del 2 de julio de 1961. Descendi\u00f3 a la bodega de su casa donde guardaba sus armas, cogi\u00f3 su escopeta favorita y finalmente se dispar\u00f3. En un principio su esposa, Mary Hemingway, hab\u00eda dicho a la prensa que hab\u00eda sido un accidente, sin embargo, cinco a\u00f1os despu\u00e9s admiti\u00f3 el suicidio.<\/p>\n<p style=\"text-align: justify;\">En conclusi\u00f3n, Ernest Hemingway es un autor que hasta el d\u00eda de hoy influencia a las nuevas generaciones de escritores. Es reconocido por tener un estilo \u00fanico y singular de narraci\u00f3n el cual involucra personajes heroicos y genera un elemento simb\u00f3lico como centro de narraci\u00f3n. Es un personaje cuyo legado ha quedado en la historia de la literatura mundial.<\/p>\n","protected":false},"excerpt":{"rendered":"<p>Ernest Hemingway (1899-1961) fue un narrador estadounidense cuyas obras son consideradas cl\u00e1sicas en la literatura del siglo XX. Este personaje ha influenciado por la sobriedad de su estilo, elementos tr\u00e1gicos empelados y la \u00e9poca que representa. La obra de Ernest &hellip; <a href=\"https:\/\/blogs.up.edu.pe\/nubes\/trabajos\/trabajos-finales-2014-verano\/luis-felipe-fonseca-pellegrin-un-acercamiento-a-ernest-hemingway\/\">Sigue leyendo <span class=\"meta-nav\">&rarr;<\/span><\/a><\/p>\n","protected":false},"author":3,"featured_media":0,"parent":1350,"menu_order":14,"comment_status":"closed","ping_status":"closed","template":"","meta":{"footnotes":""},"class_list":["post-1428","page","type-page","status-publish","hentry"],"_links":{"self":[{"href":"https:\/\/blogs.up.edu.pe\/nubes\/wp-json\/wp\/v2\/pages\/1428","targetHints":{"allow":["GET"]}}],"collection":[{"href":"https:\/\/blogs.up.edu.pe\/nubes\/wp-json\/wp\/v2\/pages"}],"about":[{"href":"https:\/\/blogs.up.edu.pe\/nubes\/wp-json\/wp\/v2\/types\/page"}],"author":[{"embeddable":true,"href":"https:\/\/blogs.up.edu.pe\/nubes\/wp-json\/wp\/v2\/users\/3"}],"replies":[{"embeddable":true,"href":"https:\/\/blogs.up.edu.pe\/nubes\/wp-json\/wp\/v2\/comments?post=1428"}],"version-history":[{"count":2,"href":"https:\/\/blogs.up.edu.pe\/nubes\/wp-json\/wp\/v2\/pages\/1428\/revisions"}],"predecessor-version":[{"id":1430,"href":"https:\/\/blogs.up.edu.pe\/nubes\/wp-json\/wp\/v2\/pages\/1428\/revisions\/1430"}],"up":[{"embeddable":true,"href":"https:\/\/blogs.up.edu.pe\/nubes\/wp-json\/wp\/v2\/pages\/1350"}],"wp:attachment":[{"href":"https:\/\/blogs.up.edu.pe\/nubes\/wp-json\/wp\/v2\/media?parent=1428"}],"curies":[{"name":"wp","href":"https:\/\/api.w.org\/{rel}","templated":true}]}}