{"id":1425,"date":"2014-03-01T14:04:51","date_gmt":"2014-03-01T14:04:51","guid":{"rendered":"https:\/\/blogs.up.edu.pe\/nubes\/\/?page_id=1425"},"modified":"2014-07-31T14:05:14","modified_gmt":"2014-07-31T14:05:14","slug":"roberto-requejo-suenos-de-robot-de-isaac-asimov","status":"publish","type":"page","link":"https:\/\/blogs.up.edu.pe\/nubes\/trabajos\/trabajos-finales-2014-verano\/roberto-requejo-suenos-de-robot-de-isaac-asimov\/","title":{"rendered":"Roberto Requejo, \u201cSue\u00f1os de Robot\u201d de Isaac Asimov"},"content":{"rendered":"<p style=\"text-align: justify;\">Durante este curso hemos tenido la oportunidad de leer una variedad de cuentos muy interesantes. En mi caso particular, estaba un poco alejado de la lectura por un tema de falta de tiempo, sin embargo, desde ni\u00f1o siempre he sido aficionado a ella. No solo los cuentos de ficci\u00f3n sino tambi\u00e9n novelas y pel\u00edculas de ficci\u00f3n siempre me han llamado la atenci\u00f3n y han sido un medio de relajaci\u00f3n para m\u00ed. Teniendo la oportunidad de leer varios cuentos por semana, he podido disfrutar nuevamente de una lectura divertida. La siguiente redacci\u00f3n quisiera centrarla en uno de los cuentos que le\u00edmos en una de las primeras semanas del curso: \u201cSue\u00f1os de Robot\u201d de Isaac Asimov.<\/p>\n<p style=\"text-align: justify;\">\u201cSue\u00f1os de Robot\u201d es el cuento que m\u00e1s me gust\u00f3 de los que le\u00ed durante el curso. Este cuento trata a acerca de una escena del futuro en el que unas cient\u00edficas perciben que un robot hab\u00eda tenido un sue\u00f1o. Pensar en que un robot pueda so\u00f1ar es darle una capacidad que cuesta creer que un robot pueda tener. Este cuento me pareci\u00f3 muy entretenido, era emocionante y daba mucha curiosidad qu\u00e9 cosas pod\u00eda haber so\u00f1ado el robot. La parte en la que el robot va narrando lo que hab\u00eda so\u00f1ado y la cient\u00edfica le hace preguntas acerca de su sue\u00f1o fue en la que tuve m\u00e1s anhelo de saber qu\u00e9 iba a pasar. Saber que en un momento la cient\u00edfica estaba apunt\u00e1ndole con un arma de electrones a Elvex me gener\u00f3 cierto miedo, pues no quer\u00eda que mataran al robot sabiendo que, si pod\u00eda so\u00f1ar quiz\u00e1 ten\u00eda sentimientos.<\/p>\n<p style=\"text-align: justify;\">Si bien se trata de un cuento corto, el autor logra en pocas p\u00e1ginas atraer la atenci\u00f3n del lector. A trav\u00e9s de los di\u00e1logos y un lenguaje bastante sencillo de comprender logra crear una historia muy profunda. Recuerdo que luego de leer este cuento pens\u00e9 varios d\u00edas acerca del tema de robots: acerca de una sociedad en la que los robots cohabiten con los humanos y que incluso logren tener capacidades como so\u00f1ar y hasta amar. Los avances tecnol\u00f3gicos hoy en d\u00eda van con una velocidad incre\u00edble, por lo que ya no es una locura pensar en que la realidad de un futuro pr\u00f3ximo pueda contener no solo humanos en ella. En el chat del curso recuerdo claramente que uno de mis compa\u00f1eros mencion\u00f3 que este cuento le hizo recordar a la pel\u00edcula \u201cYo, Robot\u201d que protagoniza Will Smith. As\u00ed como a este compa\u00f1ero, este cuento tambi\u00e9n me hizo recordar a esta pel\u00edcula, pues, en ella se presenta una sociedad del futuro que integra a humanos con altos avances tecnol\u00f3gicos e incluso robots. Pensar en c\u00f3mo ser\u00eda nuestra ciudad en el futuro me pareci\u00f3 un ejercicio muy interesante, cada uno de mis compa\u00f1eros tuvo un punto de vista diferente, me gust\u00f3 saber que muchas personas tienen esperanzas en que nuestro pa\u00eds y en general el mundo donde vivimos va a mejorar en todo aspecto.<\/p>\n<p style=\"text-align: justify;\">No puedo detectar aspectos que no me hayan agradado de este cuento; esperaba que Elvex no muriera, pues quer\u00eda que siguiera narrando acerca de lo que hab\u00eda so\u00f1ado, sin embargo, es el final que el autor le dio al cuento. Me pareci\u00f3 un poco corto el cuento tambi\u00e9n; dado que el tema me agrad\u00f3 y llam\u00f3 tanto mi atenci\u00f3n, habr\u00eda podido quedarme horas leyendo. En mi tiempo libre definitivamente voy a tratar de leer cuentos que traten acerca de temas del futuro o temas de robots como en el cuento que le\u00edmos.<\/p>\n<p style=\"text-align: justify;\">Para terminar, quisiera precisar que \u201cEn la nubes de la ficci\u00f3n\u201d me pareci\u00f3 un curso muy entretenido y que me ayud\u00f3 mucho a distraerme y a desconectarme del atareado d\u00eda a d\u00eda que cotidianamente llevo. Trabajar y estudiar es pesado y no estaba dedicando tiempo a la lectura como deber\u00eda. El curso me ha permitido nuevamente acercarme a la lectura y espero no alejarme nuevamente. En los \u00faltimos a\u00f1os s\u00f3lo hab\u00eda estado leyendo textos acad\u00e9micos complementarios a mis estudios de administraci\u00f3n con concentraci\u00f3n en finanzas, por lo que la lectura no era una distracci\u00f3n para m\u00ed, sino casi una obligaci\u00f3n. Voy a continuar leyendo el blog para enterarme de nuevos cuentos que pueda leer, espero que al menos alguno trate de un tema futurista.<\/p>\n","protected":false},"excerpt":{"rendered":"<p>Durante este curso hemos tenido la oportunidad de leer una variedad de cuentos muy interesantes. En mi caso particular, estaba un poco alejado de la lectura por un tema de falta de tiempo, sin embargo, desde ni\u00f1o siempre he sido &hellip; <a href=\"https:\/\/blogs.up.edu.pe\/nubes\/trabajos\/trabajos-finales-2014-verano\/roberto-requejo-suenos-de-robot-de-isaac-asimov\/\">Sigue leyendo <span class=\"meta-nav\">&rarr;<\/span><\/a><\/p>\n","protected":false},"author":3,"featured_media":0,"parent":1350,"menu_order":13,"comment_status":"closed","ping_status":"closed","template":"","meta":{"footnotes":""},"class_list":["post-1425","page","type-page","status-publish","hentry"],"_links":{"self":[{"href":"https:\/\/blogs.up.edu.pe\/nubes\/wp-json\/wp\/v2\/pages\/1425","targetHints":{"allow":["GET"]}}],"collection":[{"href":"https:\/\/blogs.up.edu.pe\/nubes\/wp-json\/wp\/v2\/pages"}],"about":[{"href":"https:\/\/blogs.up.edu.pe\/nubes\/wp-json\/wp\/v2\/types\/page"}],"author":[{"embeddable":true,"href":"https:\/\/blogs.up.edu.pe\/nubes\/wp-json\/wp\/v2\/users\/3"}],"replies":[{"embeddable":true,"href":"https:\/\/blogs.up.edu.pe\/nubes\/wp-json\/wp\/v2\/comments?post=1425"}],"version-history":[{"count":2,"href":"https:\/\/blogs.up.edu.pe\/nubes\/wp-json\/wp\/v2\/pages\/1425\/revisions"}],"predecessor-version":[{"id":1427,"href":"https:\/\/blogs.up.edu.pe\/nubes\/wp-json\/wp\/v2\/pages\/1425\/revisions\/1427"}],"up":[{"embeddable":true,"href":"https:\/\/blogs.up.edu.pe\/nubes\/wp-json\/wp\/v2\/pages\/1350"}],"wp:attachment":[{"href":"https:\/\/blogs.up.edu.pe\/nubes\/wp-json\/wp\/v2\/media?parent=1425"}],"curies":[{"name":"wp","href":"https:\/\/api.w.org\/{rel}","templated":true}]}}