{"id":1421,"date":"2014-03-01T03:49:12","date_gmt":"2014-03-01T03:49:12","guid":{"rendered":"https:\/\/blogs.up.edu.pe\/nubes\/\/?page_id=1421"},"modified":"2014-07-31T03:49:53","modified_gmt":"2014-07-31T03:49:53","slug":"mary-kely-pedraza-j-r-r-tolkien","status":"publish","type":"page","link":"https:\/\/blogs.up.edu.pe\/nubes\/trabajos\/trabajos-finales-2014-verano\/mary-kely-pedraza-j-r-r-tolkien\/","title":{"rendered":"Mary Kely Pedraza, J. R. R. Tolkien"},"content":{"rendered":"<p style=\"text-align: justify;\">En este ensayo escribir\u00e9 sobre mi autor favorito, Jhon Ronald Reuel Tolkien (J. R. R. Tolkien). Admiro la obra de Tolkien no solo porque el g\u00e9nero que m\u00e1s me agrada es el de la ficci\u00f3n fant\u00e1stica, sino porque su obra va m\u00e1s all\u00e1 de eso. De ella se pueden obtener personajes con qui\u00e9nes podemos sentirnos identificados aunque aparentemente \u201cno son de este mundo\u201d. Adem\u00e1s, su profundidad moral y las ense\u00f1anzas de cada obra son tales que desde mi punto de vista, un libro de Tolkien puede darnos no uno sino m\u00faltiples mensajes y dejarnos no el final de la historia sino la total interpretaci\u00f3n. Como dir\u00eda Tolkien en una de sus cartas: \u00abEs un \u201ccuento de hadas\u201d, pero un cuento de hadas escrito para adultos\u00bb.<\/p>\n<p style=\"text-align: justify;\">Respecto a la \u00faltima afirmaci\u00f3n, la aclarar\u00e9 mediante un ejemplo. En la trilog\u00eda <em>El Se\u00f1or de los anillos<\/em>.\u00a0Su autor nos introduce en un mundo imaginario habitado por hombres, elfos, enanos, hobbits, que recibe el nombre de Tierra Media. Esta se ve seriamente amenazada por un poder destructor que desea tener bajo su dominio a todos sus moradores. Tal como dice el t\u00edtulo la obra gira entorno a un anillo de poder, uno que puede dominar a todos, como lo dir\u00eda el autor:<\/p>\n<p style=\"text-align: center;\">\u00abTres anillos para los reyes elfos bajo el cielo.<br \/>\nSiete para los se\u00f1ores enanos en casas de piedra.<br \/>\nNueve para los hombres mortales condenados a morir.<br \/>\nUno para el\u00a0Se\u00f1or oscuro, sobre el trono oscuro<br \/>\nen la tierra de Mordor donde se extienden las Sombras.<br \/>\nUn Anillo para gobernarlos a todos. Un Anillo para encontrarlos,<br \/>\nun Anillo para atraerlos a todos y atarlos en las tinieblas<br \/>\nen la tierra de Mordor donde se extienden las sombras\u00bb.<\/p>\n<p style=\"text-align: justify;\">Respecto al anillo, este objeto puede ser solo mediador del poder y de la corrupci\u00f3n o tambi\u00e9n puede ser un personaje, depende de c\u00f3mo se mire. Por ejemplo, se puede aducir que el anillo es un mediador, un simple objeto dado que no posee alma y no tiene libertad ni voluntad propia pues est\u00e1 ligado a Saur\u00f3n (el Se\u00f1or oscuro) y su fin es encontrarlo. Sin embargo, tambi\u00e9n puede ser visto como un personaje dado que la historia, los tres libros (en realidad los cinco junto con los dos de <em>El Hobbit<\/em>, aunque en menor medida), giran en torno a \u00e9l. En contraste con el otro punto de vista, el alma partir\u00eda de Saur\u00f3n, y la voluntad del deseo de corromper y regresar a su amo.<\/p>\n<p style=\"text-align: justify;\">As\u00ed como este hay muchos puntos sobre los que se debate, y no hay posici\u00f3n errada ya que el libro deja la oportunidad de inferir y argumentar e incluso de encontrar v\u00e1lidas argumentos opuestos, como en el caso del anillo.<\/p>\n<p style=\"text-align: justify;\">L\u00f3gicamente me impresiona mucho, haciendo un paralelo con nuestra realidad, c\u00f3mo nos dejamos de alguna manera atrapar por el poder en cualquiera de sus formas y llega el punto que vemos en nuestra sociedad a personas en las que no act\u00faa su propia voluntad sino la del poder. El anillo de esta trilog\u00eda responde muy bien a c\u00f3mo el hombre se deja seducir ante los placeres terrenos de tal modo que pierde su esencia. El caso m\u00e1s cercano es el de Gollum, que antes de encontrar el anillo era Trahald\u00a0o Smeagol, un hobbit de la Comarca; sin embargo, en su primer encuentro con el anillo, por obtenerlo estrangul\u00f3 a su mejor amigo, Deagol cuando este se neg\u00f3 a d\u00e1rselo.<\/p>\n<p style=\"text-align: justify;\">Uno de los personajes que m\u00e1s me agrada es Sam, quien es para m\u00ed la concepci\u00f3n m\u00e1s sublime de la amistad y el honor. Su lealtad e incondicionalidad hacen de este personaje pieza clave para que Frodo cumpla con la misi\u00f3n que le fue asignada: destruir el anillo en el Monte del Destino, lugar donde fue forjado. A pesar de la carga que supone llevar el anillo, Sam no se separa de Frodo, aun cuando este le pide que lo haga. Sam tiene claro que si Frodo tiene una misi\u00f3n, \u00e9l tiene la suya propia: acompa\u00f1arlo en el camino por pesado que sea, as\u00ed que pone a su amigo sobre los hombros y lo lleva hasta el volc\u00e1n, porque, como \u00e9l dice: \u201csi no puedo llevar al anillo por ti, puedo llevarte a ti\u201d.<\/p>\n<p style=\"text-align: justify;\">Tolkien dot\u00f3 a su obra, sobre todo a <em>El Silmarillion<\/em> y <em>El Se\u00f1or de los anillos<\/em>, de una s\u00f3lida estructura muy elaborada, mimada en detalle con profusi\u00f3n de datos \u00fatiles para el lector, dotada de una rica y vasta mitolog\u00eda con una carga sobrenatural y m\u00e1gica que envuelve toda la obra, la concreci\u00f3n y descripci\u00f3n de lugares, nombres, paisajes; su situaci\u00f3n en\u00a0la Tierra Media, el mapa que describe, hacen en mi opini\u00f3n una obra maestra. Todo ello intrincado para el disfrute del lector de una manera que resulta cre\u00edble y fascinante a la vez.<\/p>\n","protected":false},"excerpt":{"rendered":"<p>En este ensayo escribir\u00e9 sobre mi autor favorito, Jhon Ronald Reuel Tolkien (J. R. R. Tolkien). Admiro la obra de Tolkien no solo porque el g\u00e9nero que m\u00e1s me agrada es el de la ficci\u00f3n fant\u00e1stica, sino porque su obra &hellip; <a href=\"https:\/\/blogs.up.edu.pe\/nubes\/trabajos\/trabajos-finales-2014-verano\/mary-kely-pedraza-j-r-r-tolkien\/\">Sigue leyendo <span class=\"meta-nav\">&rarr;<\/span><\/a><\/p>\n","protected":false},"author":3,"featured_media":0,"parent":1350,"menu_order":12,"comment_status":"closed","ping_status":"closed","template":"","meta":{"footnotes":""},"class_list":["post-1421","page","type-page","status-publish","hentry"],"_links":{"self":[{"href":"https:\/\/blogs.up.edu.pe\/nubes\/wp-json\/wp\/v2\/pages\/1421","targetHints":{"allow":["GET"]}}],"collection":[{"href":"https:\/\/blogs.up.edu.pe\/nubes\/wp-json\/wp\/v2\/pages"}],"about":[{"href":"https:\/\/blogs.up.edu.pe\/nubes\/wp-json\/wp\/v2\/types\/page"}],"author":[{"embeddable":true,"href":"https:\/\/blogs.up.edu.pe\/nubes\/wp-json\/wp\/v2\/users\/3"}],"replies":[{"embeddable":true,"href":"https:\/\/blogs.up.edu.pe\/nubes\/wp-json\/wp\/v2\/comments?post=1421"}],"version-history":[{"count":2,"href":"https:\/\/blogs.up.edu.pe\/nubes\/wp-json\/wp\/v2\/pages\/1421\/revisions"}],"predecessor-version":[{"id":1423,"href":"https:\/\/blogs.up.edu.pe\/nubes\/wp-json\/wp\/v2\/pages\/1421\/revisions\/1423"}],"up":[{"embeddable":true,"href":"https:\/\/blogs.up.edu.pe\/nubes\/wp-json\/wp\/v2\/pages\/1350"}],"wp:attachment":[{"href":"https:\/\/blogs.up.edu.pe\/nubes\/wp-json\/wp\/v2\/media?parent=1421"}],"curies":[{"name":"wp","href":"https:\/\/api.w.org\/{rel}","templated":true}]}}