{"id":1407,"date":"2014-03-01T03:14:45","date_gmt":"2014-03-01T03:14:45","guid":{"rendered":"https:\/\/blogs.up.edu.pe\/nubes\/\/?page_id=1407"},"modified":"2014-07-31T03:20:55","modified_gmt":"2014-07-31T03:20:55","slug":"marcella-boanova-un-dia-de-estos-de-gabriel-garcia-marquez","status":"publish","type":"page","link":"https:\/\/blogs.up.edu.pe\/nubes\/trabajos\/trabajos-finales-2014-verano\/marcella-boanova-un-dia-de-estos-de-gabriel-garcia-marquez\/","title":{"rendered":"Marcella Boanova, \u201cUn d\u00eda de estos\u201d de Gabriel Garc\u00eda M\u00e1rquez"},"content":{"rendered":"<p style=\"text-align: justify;\">Escog\u00ed este relato porque desde que le\u00ed en el colegio <em>Cien a\u00f1os de soledad<\/em> y <em>El amor en los tiempos del c\u00f3lera<\/em> me ha fascinado la forma en que escribe Gabriel Garc\u00eda M\u00e1rquez. \u201cUn d\u00edas de estos\u201d es un cuento breve y de pocas palabras, pero donde cada palabra tiene un significado importante que ayuda a entender el trasfondo de este simple relato.<\/p>\n<p style=\"text-align: justify;\">Gabriel Garc\u00eda M\u00e1rquez naci\u00f3 el 6 de marzo de 1927 en Aracataca, Colombia. Su obra mas reconocida es <em>Cien a\u00f1os de soledad<\/em>, la cual se ha a convertido en un \u00e9xito internacional al ser traducida a mas de veinticuatro idiomas y ha sido merecedora de diversos premios internacionales. La novela es considerada referente del llamado <em>boom<\/em> latinoamericano y del realismo m\u00e1gico. En 1982 el autor recibi\u00f3 el Premio Nobel de Literatura.<\/p>\n<p style=\"text-align: justify;\">El relato pertenece al libro <em>Los funerales de la Mama Grande<\/em>, escrito en un contexto hist\u00f3rico de conflictos sociales y pol\u00edticos en Colombia que se ve reflejado en este relato. En breve l\u00edneas desarrolla dos personajes que demuestran la estructura pol\u00edtica de ese pa\u00eds y de otros en Latinoam\u00e9rica, donde se conviv\u00eda con la corrupci\u00f3n y el abuso del poder.<\/p>\n<p style=\"text-align: justify;\">Entender el contexto hist\u00f3rico es fundamental para comprender el trasfondo del relato. El narrador describe en detalle el ambiente para ayudar al lector a entender el lugar donde se lleva a cabo la historia y facilitar la imaginaci\u00f3n.<\/p>\n<p style=\"text-align: justify;\">\u201cUn d\u00eda de estos\u201d gira en torno a una situaci\u00f3n aparentemente inusual, un dolor de muela, y dos personajes, un dentista y el alcalde. El dentista, Aurelio Escovar se describe como una persona normal, sin muchos recursos pero trabajadora. En cambio el alcalde, se presenta como el antag\u00f3nico al representar la persona con recursos y poder.<\/p>\n<p style=\"text-align: justify;\">El abuso de poder est\u00e1 claramente marcado en todo el relato. Un primer ejemplo es cuando el dentista se reh\u00fasa a atender al alcalde, pero luego de que este amenaza con dispararle, se resigna y termina atendi\u00e9ndolo. Si bien en un primer momento se muestra una falta de respeto hacia la autoridad, Aurelio termina cediendo ante esta.<\/p>\n<p style=\"text-align: justify;\">Otro ejemplo es cuando Aurelio le dice: \u201cAqu\u00ed nos paga veinte muertos, teniente\u201d, podemos ver la clara distinci\u00f3n de poder con el que contaba el alcalde al llamarlo teniente. Adem\u00e1s, esta escena es el punto clave del cuento, ya que no solo es una simple extracci\u00f3n de muela, sino que el dentista quiere vengarse de este al no usar anestesia. La venganza no es solo para causarle dolor, sino que es una forma de mostrar la debilidad del alcalde al hacerlo llorar.<\/p>\n<p style=\"text-align: justify;\">Por otro lado, tambi\u00e9n podemos ver c\u00f3mo el autor presenta la problem\u00e1tica de la corrupci\u00f3n que exist\u00eda en ese contexto hist\u00f3rico. Al final del cuento el alcalde dice: \u201cMe pasa la cuenta\u201d; el dentista le pregunta: \u201c\u00bfA usted o al municipio?\u201d y el alcalde responde: \u201cEs la misma vaina\u201d. Lo anterior demuestra la corrupci\u00f3n de forma deliberada por parte de alguien con poder que es percibida por los pobladores, pero debido a su condici\u00f3n no pueden tomar ninguna medida para revertir la situaci\u00f3n y deben aceptarlo.<\/p>\n<p>En definitiva, \u201cUn d\u00eda de estos\u201d es un relato que va mas all\u00e1 de un simple cuento, porque que expone la problem\u00e1tica del contexto hist\u00f3rico en el cual fue escrito y la rebeld\u00eda del autor hacia lo que sucede. Garc\u00eda M\u00e1rquez busca retratar el conflicto pol\u00edtico y social que exist\u00eda al demostrar una situaci\u00f3n de abuso de poder y corrupci\u00f3n. Recomiendo la lectura de este cuento ya que a pesar de ser breve y de palabras sencillas, permite al lector ir mas all\u00e1 y entender el contexto hist\u00f3rico no solo presente en Colombia, sino tambi\u00e9n en muchos pa\u00edses de Latinoam\u00e9rica.<\/p>\n","protected":false},"excerpt":{"rendered":"<p>Escog\u00ed este relato porque desde que le\u00ed en el colegio Cien a\u00f1os de soledad y El amor en los tiempos del c\u00f3lera me ha fascinado la forma en que escribe Gabriel Garc\u00eda M\u00e1rquez. \u201cUn d\u00edas de estos\u201d es un cuento &hellip; <a href=\"https:\/\/blogs.up.edu.pe\/nubes\/trabajos\/trabajos-finales-2014-verano\/marcella-boanova-un-dia-de-estos-de-gabriel-garcia-marquez\/\">Sigue leyendo <span class=\"meta-nav\">&rarr;<\/span><\/a><\/p>\n","protected":false},"author":3,"featured_media":0,"parent":1350,"menu_order":8,"comment_status":"closed","ping_status":"closed","template":"","meta":{"footnotes":""},"class_list":["post-1407","page","type-page","status-publish","hentry"],"_links":{"self":[{"href":"https:\/\/blogs.up.edu.pe\/nubes\/wp-json\/wp\/v2\/pages\/1407","targetHints":{"allow":["GET"]}}],"collection":[{"href":"https:\/\/blogs.up.edu.pe\/nubes\/wp-json\/wp\/v2\/pages"}],"about":[{"href":"https:\/\/blogs.up.edu.pe\/nubes\/wp-json\/wp\/v2\/types\/page"}],"author":[{"embeddable":true,"href":"https:\/\/blogs.up.edu.pe\/nubes\/wp-json\/wp\/v2\/users\/3"}],"replies":[{"embeddable":true,"href":"https:\/\/blogs.up.edu.pe\/nubes\/wp-json\/wp\/v2\/comments?post=1407"}],"version-history":[{"count":1,"href":"https:\/\/blogs.up.edu.pe\/nubes\/wp-json\/wp\/v2\/pages\/1407\/revisions"}],"predecessor-version":[{"id":1408,"href":"https:\/\/blogs.up.edu.pe\/nubes\/wp-json\/wp\/v2\/pages\/1407\/revisions\/1408"}],"up":[{"embeddable":true,"href":"https:\/\/blogs.up.edu.pe\/nubes\/wp-json\/wp\/v2\/pages\/1350"}],"wp:attachment":[{"href":"https:\/\/blogs.up.edu.pe\/nubes\/wp-json\/wp\/v2\/media?parent=1407"}],"curies":[{"name":"wp","href":"https:\/\/api.w.org\/{rel}","templated":true}]}}