{"id":1402,"date":"2014-03-01T00:59:55","date_gmt":"2014-03-01T00:59:55","guid":{"rendered":"https:\/\/blogs.up.edu.pe\/nubes\/\/?page_id=1402"},"modified":"2014-07-31T01:00:21","modified_gmt":"2014-07-31T01:00:21","slug":"paul-ernesto-nestares-mario-vargas-llosa","status":"publish","type":"page","link":"https:\/\/blogs.up.edu.pe\/nubes\/trabajos\/trabajos-finales-2014-verano\/paul-ernesto-nestares-mario-vargas-llosa\/","title":{"rendered":"Paul Ernesto Nestares, Mario Vargas Llosa"},"content":{"rendered":"<p style=\"text-align: justify;\">Al empezar la tarea de escribir acerca de la literatura, en este caso a lo relacionado con los cuentos, es inevitable que en la condici\u00f3n de peruano amante de la buena lectura, el primer nombre que se presente sea el de Jorge Mario Vargas Llosa. Este autor que es considerado uno de los m\u00e1ximos exponentes de la literatura en idioma castellano, ganador de innumerables premios entre ellos el m\u00e1s importante, el Premio Nobel de literatura en el a\u00f1o 2010, no es solo un representante de las letras peruanas, latinoamericanas, sino mundiales. Pero, debido a que la cultura, como otros aspectos de la vida, tiene mucho de subjetivo, hay algunas personas que no est\u00e1n de acuerdo con elogiar tanto a este autor, tambi\u00e9n existen much\u00edsimas personas que encuentran razones suficientes para elogiar su obra y admirar su trayectoria, algunas de estas razones se presentan a continuaci\u00f3n.<\/p>\n<p style=\"text-align: justify;\">En primer lugar, se debe tener en cuenta que el Premio Nobel de literatura no se entrega como un galard\u00f3n por la publicaci\u00f3n de una \u00fanica obra, por el contrario este premio es el reconocimiento a toda la trayectoria de un escritor que ha logrado destacar con obras importantes y significativas. Este es el caso de Mario Vargas Llosa, que es un autor que ha estado entre los candidatos favoritos a llevarse el Nobel durante muchos a\u00f1os consecutivos, que durante casi cincuenta a\u00f1os en el mundo de la literatura ha estado siempre vigente y ha mostrado una evoluci\u00f3n constante en su obra. Este reconocimiento no solo se refleja en el Nobel sino tambi\u00e9n en innumerables galardones que le fueron otorgados durante su larga trayectoria, y hasta un t\u00edtulo nobiliario ha recibido por parte del rey de Espa\u00f1a.<\/p>\n<p style=\"text-align: justify;\">El hecho de que el autor tenga doble nacionalidad, la peruana y la espa\u00f1ola, ha sido motivo de muchas cr\u00edticas de personas que sienten que Vargas Llosa no expresa orgullo de ser peruano. Pero nada puede estar m\u00e1s alejado de la realidad y esto se puede comprobar cuando se analizan las historias de la gran mayor\u00eda de sus obras, en la que las experiencias de ni\u00f1ez y juventud en el Per\u00fa son el centro a partir del cual se desarrollan grandes relatos, como lo ha reconocido muchas veces el autor. Un ejemplo de esto lo podemos encontrar en el cuento titulado \u00abD\u00eda domingo\u00bb, donde se relata la historia de un grupo de amigos miraflorinos que a pesar de tener algunas rivalidades propias de la edad, como el amor de una muchacha, demuestran la pureza de las relaciones de amistad y respeto. Este es un cuento muy interesante, que captura al lector con su forma simple y entretenida de narrar los hechos. Pero sin duda la demostraci\u00f3n m\u00e1s importante del cari\u00f1o que el autor siente por el pa\u00eds donde naci\u00f3 fueron las l\u00edneas de agradecimiento en su discurso luego de recibir el Premio Nobel \u201c\u2026 Al Per\u00fa lo llevo en las entra\u00f1as porque en \u00e9l nac\u00ed, crec\u00ed, me form\u00e9 y viv\u00ed aquellas experiencias que modelaron mi personalidad, fraguaron mi vocaci\u00f3n, y porque all\u00ed am\u00e9, odi\u00e9, sufr\u00ed y so\u00f1\u00e9\u2026\u201d palabras que demuestran la fuerte conexi\u00f3n que mantiene con sus or\u00edgenes.<\/p>\n<p style=\"text-align: justify;\">Una de las caracter\u00edsticas m\u00e1s importantes en la obra de Vargas Llosa, que incluye una gran cantidad de noveles, cuentos, ensayos y art\u00edculos period\u00edsticos, que tal vez ha sido uno de los factores que le permitieron entrar a mercados de muchas partes del mundo, es que presenta una obra universal, a pesar de basar muchas de sus historias en experiencias dentro de su pa\u00eds de origen, el autor busca generar una literatura que sea f\u00e1cilmente comprensible por cualquier persona del mundo. Alejadas de lo folkl\u00f3rico, de lo aut\u00f3ctono, las historias de Vargas Llosa est\u00e1n dirigidas a un lector global, que hace que las personas que lean su obra no se sientan extra\u00f1os en un ambiente \u00e9tnico y desconocido. Esta caracter\u00edstica, sumada a sus vastas cualidades literarias, han hecho de este autor uno de los m\u00e1s reconocidos a nivel mundial.<\/p>\n<p style=\"text-align: justify;\">Estas son solo algunas de las razones para elogiar y sentirse orgulloso de un escritor tan importante, que como todo ser humano, ha cometido aciertos y desaciertos en los \u00e1mbitos donde ha estado presente como la literatura o la pol\u00edtica. Pero que ha demostrado con una gran trayectoria, merecer respeto y admiraci\u00f3n.<\/p>\n","protected":false},"excerpt":{"rendered":"<p>Al empezar la tarea de escribir acerca de la literatura, en este caso a lo relacionado con los cuentos, es inevitable que en la condici\u00f3n de peruano amante de la buena lectura, el primer nombre que se presente sea el &hellip; <a href=\"https:\/\/blogs.up.edu.pe\/nubes\/trabajos\/trabajos-finales-2014-verano\/paul-ernesto-nestares-mario-vargas-llosa\/\">Sigue leyendo <span class=\"meta-nav\">&rarr;<\/span><\/a><\/p>\n","protected":false},"author":3,"featured_media":0,"parent":1350,"menu_order":7,"comment_status":"closed","ping_status":"closed","template":"","meta":{"footnotes":""},"class_list":["post-1402","page","type-page","status-publish","hentry"],"_links":{"self":[{"href":"https:\/\/blogs.up.edu.pe\/nubes\/wp-json\/wp\/v2\/pages\/1402","targetHints":{"allow":["GET"]}}],"collection":[{"href":"https:\/\/blogs.up.edu.pe\/nubes\/wp-json\/wp\/v2\/pages"}],"about":[{"href":"https:\/\/blogs.up.edu.pe\/nubes\/wp-json\/wp\/v2\/types\/page"}],"author":[{"embeddable":true,"href":"https:\/\/blogs.up.edu.pe\/nubes\/wp-json\/wp\/v2\/users\/3"}],"replies":[{"embeddable":true,"href":"https:\/\/blogs.up.edu.pe\/nubes\/wp-json\/wp\/v2\/comments?post=1402"}],"version-history":[{"count":3,"href":"https:\/\/blogs.up.edu.pe\/nubes\/wp-json\/wp\/v2\/pages\/1402\/revisions"}],"predecessor-version":[{"id":1405,"href":"https:\/\/blogs.up.edu.pe\/nubes\/wp-json\/wp\/v2\/pages\/1402\/revisions\/1405"}],"up":[{"embeddable":true,"href":"https:\/\/blogs.up.edu.pe\/nubes\/wp-json\/wp\/v2\/pages\/1350"}],"wp:attachment":[{"href":"https:\/\/blogs.up.edu.pe\/nubes\/wp-json\/wp\/v2\/media?parent=1402"}],"curies":[{"name":"wp","href":"https:\/\/api.w.org\/{rel}","templated":true}]}}