{"id":1389,"date":"2014-03-01T00:38:57","date_gmt":"2014-03-01T00:38:57","guid":{"rendered":"https:\/\/blogs.up.edu.pe\/nubes\/\/?page_id=1389"},"modified":"2014-07-31T00:53:58","modified_gmt":"2014-07-31T00:53:58","slug":"malia-valenzuela-un-dia-perfecto-para-los-canguros-de-haruki-murakami","status":"publish","type":"page","link":"https:\/\/blogs.up.edu.pe\/nubes\/trabajos\/trabajos-finales-2014-verano\/malia-valenzuela-un-dia-perfecto-para-los-canguros-de-haruki-murakami\/","title":{"rendered":"Malia Valenzuela, \u201cUn d\u00eda perfecto para los canguros\u201d de Haruki Murakami"},"content":{"rendered":"<p style=\"text-align: justify;\">El cuento que m\u00e1s me llam\u00f3 la atenci\u00f3n fue \u201cUn d\u00eda perfecto para los canguros\u201d de Haruki Murakami. Si bien es uno de los m\u00e1s cortos que le\u00edmos en el taller, con solo cuatro p\u00e1ginas, creo que es un ejemplo perfecto de lo que los cuentos cortos pueden lograr. Asimismo, present\u00f3 una de las discusiones m\u00e1s interesante que recuerdo en el chat.<\/p>\n<p style=\"text-align: justify;\">En primer lugar, es necesario hacer una corta rese\u00f1a del cuento. Un chico y su enamorada se enteraron de que hab\u00eda nacido una cr\u00eda de canguro en el zool\u00f3gico local. Hac\u00edan constantes planes para ir a visitarla, pero la vida se interpon\u00eda en el camino y diversos obst\u00e1culos les imped\u00edan la visita. Eventualmente qued\u00f3 un d\u00eda libre para ir a ver a los canguros. Fueron al zool\u00f3gico con la preocupaci\u00f3n de no poder apreciar a la cr\u00eda porque en el mes que pas\u00f3 desde que naci\u00f3, evidentemente ha crecido. Luego de unas dudas de la enamorada, el chico regresa con un hotdog para encontrar que el peque\u00f1o canguro se ha metido en la bolsa de su madre, comprobando que efectivamente a\u00fan se trata de una cr\u00eda de canguro. Finalmente, la pareja termina de comer su <em>snack<\/em> y se retira a tomar una cerveza.<\/p>\n<p style=\"text-align: justify;\">Como se puede ver, el cuento no tiene una trama definida. Se trata simplemente de un d\u00eda que pas\u00f3 una pareja en el zool\u00f3gico. No hay un gran desenlace o un complicado misterio a resolver. Es exactamente lo que Murakami describe: se trata, despu\u00e9s de todo, de un d\u00eda perfecto para los canguros. En la discusi\u00f3n, a muchos de mis compa\u00f1eros no les gust\u00f3 el cuento. Si bien puedo entender su sentimiento (es muy comprensible considerando que otros cuentos de tama\u00f1o similar han mostrado una trama m\u00e1s profunda, con personajes m\u00e1s desarrollados), creo que en ning\u00fan momento Murakami promete m\u00e1s de lo que escribe. El cuento es exactamente lo que describe su t\u00edtulo. Por lo tanto, para m\u00ed no existe una excusa suficiente como para estar decepcionada ya que el autor nunca crea expectativas falsas.<\/p>\n<p style=\"text-align: justify;\">Igualmente, creo que en su simpleza, el cuento puede ser percibido como un comentario interesante de la sociedad en la que vivimos y de lo que realmente importa en la vida. En particular, me atrajeron los primeros p\u00e1rrafos. Entre el momento en que los protagonistas se enteran del nacimiento de la cr\u00eda de canguro y el momento en que al final lo van a visitar pasa un mes. El chico describe que en este tiempo, nunca se present\u00f3 la ocasi\u00f3n de ir a visitar al canguro ya que la vida real se interpon\u00eda. Ambos sufrieron diversos eventos inesperados, desde citas con el dentista, lluvia, tr\u00e1mites en la municipalidad, entre otros. Lo especial de estos contratiempos es que realmente no tienen nada en especial. Todos los tenemos que vivir en un nuestro d\u00eda a d\u00eda. Se trata de momentos que nos impiden realmente vivir la vida y disfrutarla. Por lo tanto, al leer este cuento me pude sentir f\u00e1cilmente identificada. En particular, me pude dar cuenta de que se trata de un fen\u00f3meno bastante actual y presente en nuestra sociedad: el d\u00eda no basta para nuestras actividades ya que el mundo se mueve tan r\u00e1pido.<\/p>\n<p style=\"text-align: justify;\">Probablemente la parte que m\u00e1s interes\u00f3 de todo el cuento fue la siguiente: \u201cY, de ese modo, transcurri\u00f3 todo un mes. Porque un mes, en verdad, pasa en un abrir y cerrar de ojos. No logro recordar qu\u00e9 diablos estuve haciendo durante todo ese tiempo. Me da la impresi\u00f3n de que hice muchas cosas y, a la vez, de que no hice nada. Yo no me di cuenta de que hab\u00eda transcurrido hasta que el mes lleg\u00f3 a su fin y vino el cobrador de peri\u00f3dico\u201d. Creo que este p\u00e1rrafo dice mucho: mayormente, nuestra vida est\u00e1 formada por esos momentos que no vamos a recordar. Se trata de los procesos log\u00edsticos necesarios (las citas con el dentista, los d\u00edas de limpieza, los tr\u00e1mites, etc.) para continuar teniendo una vida normal y corriente. Sin duda, para cualquiera es f\u00e1cil saber de qu\u00e9 est\u00e1 hablando Murakami. El sentir que se pierde la vida en tareas irrelevantes y sin significado es una caracter\u00edstica universal.<\/p>\n<p style=\"text-align: justify;\">El haber identificado este tema en el cuento me hizo pensar en los otros momentos de nuestra vida que no son parte de estos procesos log\u00edsticos diarios. Si bien la introducci\u00f3n demostr\u00f3 las varias dificultades que tuvieron los protagonistas al acordar una fecha para visitar al canguro, Murakami luego explora el gran resultado de esta espera: el d\u00eda perfecto con los canguros, que en cierta manera se puede percibir como la recompensa.<\/p>\n<p style=\"text-align: justify;\">La raz\u00f3n por la que me gusta esta lectura est\u00e1 muy relacionada con el hecho de que muestra dos aspectos muy reales de la vida diaria. Puede que tengamos que hacer tr\u00e1mites y vivir por momentos que no nos gustan o que nos parezcan molestosos y repetitivos. Puede que estos momentos se lleven gran parte de nuestra vida hasta que vayamos perdiendo el rastro del tiempo, como sucede con el protagonista. Sin embargo, al final son los d\u00edas perfectos con los canguros los que hacen que valga la pena la espera y que te den una mayor apreciaci\u00f3n de la vida y de esos momentos escasos pero valiosos.<\/p>\n","protected":false},"excerpt":{"rendered":"<p>El cuento que m\u00e1s me llam\u00f3 la atenci\u00f3n fue \u201cUn d\u00eda perfecto para los canguros\u201d de Haruki Murakami. Si bien es uno de los m\u00e1s cortos que le\u00edmos en el taller, con solo cuatro p\u00e1ginas, creo que es un ejemplo &hellip; <a href=\"https:\/\/blogs.up.edu.pe\/nubes\/trabajos\/trabajos-finales-2014-verano\/malia-valenzuela-un-dia-perfecto-para-los-canguros-de-haruki-murakami\/\">Sigue leyendo <span class=\"meta-nav\">&rarr;<\/span><\/a><\/p>\n","protected":false},"author":3,"featured_media":0,"parent":1350,"menu_order":5,"comment_status":"closed","ping_status":"closed","template":"","meta":{"footnotes":""},"class_list":["post-1389","page","type-page","status-publish","hentry"],"_links":{"self":[{"href":"https:\/\/blogs.up.edu.pe\/nubes\/wp-json\/wp\/v2\/pages\/1389","targetHints":{"allow":["GET"]}}],"collection":[{"href":"https:\/\/blogs.up.edu.pe\/nubes\/wp-json\/wp\/v2\/pages"}],"about":[{"href":"https:\/\/blogs.up.edu.pe\/nubes\/wp-json\/wp\/v2\/types\/page"}],"author":[{"embeddable":true,"href":"https:\/\/blogs.up.edu.pe\/nubes\/wp-json\/wp\/v2\/users\/3"}],"replies":[{"embeddable":true,"href":"https:\/\/blogs.up.edu.pe\/nubes\/wp-json\/wp\/v2\/comments?post=1389"}],"version-history":[{"count":2,"href":"https:\/\/blogs.up.edu.pe\/nubes\/wp-json\/wp\/v2\/pages\/1389\/revisions"}],"predecessor-version":[{"id":1400,"href":"https:\/\/blogs.up.edu.pe\/nubes\/wp-json\/wp\/v2\/pages\/1389\/revisions\/1400"}],"up":[{"embeddable":true,"href":"https:\/\/blogs.up.edu.pe\/nubes\/wp-json\/wp\/v2\/pages\/1350"}],"wp:attachment":[{"href":"https:\/\/blogs.up.edu.pe\/nubes\/wp-json\/wp\/v2\/media?parent=1389"}],"curies":[{"name":"wp","href":"https:\/\/api.w.org\/{rel}","templated":true}]}}