{"id":1383,"date":"2014-03-01T00:31:12","date_gmt":"2014-03-01T00:31:12","guid":{"rendered":"https:\/\/blogs.up.edu.pe\/nubes\/\/?page_id=1383"},"modified":"2014-07-31T00:53:46","modified_gmt":"2014-07-31T00:53:46","slug":"carlos-martin-vignolo-dia-domingo-de-mario-vargas-llosa","status":"publish","type":"page","link":"https:\/\/blogs.up.edu.pe\/nubes\/trabajos\/trabajos-finales-2014-verano\/carlos-martin-vignolo-dia-domingo-de-mario-vargas-llosa\/","title":{"rendered":"Carlos Mart\u00edn Vignolo, \u00abD\u00eda domingo\u00bb de Mario Vargas Llosa"},"content":{"rendered":"<p style=\"text-align: justify;\">Mario Vargas Llosa se ha caracterizado por escribir historias bastante reales (muchas veces fruto de su propia experiencia) y \u201cD\u00eda Domingo\u201d no es una excepci\u00f3n. El cuento retrata muy bien la sociedad y costumbres de la Lima de los 50-60, contexto en el cual se desarrolla la trama principal: la \u201clucha\u201d por el amor de Flora entre dos amigos: Rub\u00e9n y Miguel.<\/p>\n<p style=\"text-align: justify;\">Uno de los factores que hacen interesante el cuento es que inicialmente se presenta como una historia de amor no correspondida. Es a partir de aqu\u00ed que Miguel, el protagonista, se cuestiona si deber\u00eda \u201cluchar\u201d por el amor de Flora, sobre todo tomando en cuenta que su \u201crival\u201d ser\u00eda su amigo Rub\u00e9n un \u201cprestigioso\u201d campe\u00f3n de nataci\u00f3n. Es que realmente Miguel no pod\u00eda competir con su amigo, \u201cel campe\u00f3n de nataci\u00f3n\u201d, pero aun as\u00ed su fuerte determinaci\u00f3n por conseguir el amor de Flora lo lleva a buscar y retar a Miguel a un duelo de nataci\u00f3n en playas miraflorinas.<\/p>\n<p style=\"text-align: justify;\">Es justamente en este duelo que la historia tradicional del personaje heroico se \u201creescribe\u201d aunque con los mismos ingredientes de siempre: determinaci\u00f3n, enfrentamiento a la adversidad, nobleza y, por qu\u00e9 no decirlo, un toque de suerte. Y es que claro, Miguel no hubiese podido convertirse en el \u201ch\u00e9roe\u201d del cuento si la suerte no hubiera dictado que a Rub\u00e9n se le acalambrara el est\u00f3mago. Pero en fin, aqu\u00ed es sumamente importante notar que a pesar de la \u201clucha\u201d en la que estaba con su amigo, Miguel no lo pens\u00f3 mucho cuando este le pidi\u00f3 ayuda en el momento en que se estaba ahogando. Esto se puede ver o como el producto del estrecho lazo de amistad entre Miguel y Rub\u00e9n, lazo que ni siquiera el amor por Flora pod\u00eda romper, o tambi\u00e9n como un movimiento calculado por Miguel: si salvaba a su amigo, claramente este quedar\u00eda en deuda con \u00e9l y tendr\u00eda que darle algo a cambio por ello (\u2026el amor de Flora\u2026). En todo caso, la primera interpretaci\u00f3n aparentar\u00eda ser la m\u00e1s adecuada dadas las condiciones (agotamiento extremo, lo cual implicar\u00eda que ayudar a Rub\u00e9n pondr\u00eda potencialmente en riesgo su propia vida) en las que se encontraba Miguel cuando su amigo le pidi\u00f3 ayuda.<\/p>\n<p style=\"text-align: justify;\">Miguel, pues, se convierte en el h\u00e9roe de la historia al salvarle la vida a Rub\u00e9n. Pero no todo acaba all\u00ed. El punto m\u00e1s emocionante de la historia se da cuando finalmente ambos amigos acuerdan guardar en secreto lo que realmente hab\u00eda pasado y Rub\u00e9n decide proclamar a Miguel ganador del duelo. Es en este punto que se muestra que el v\u00ednculo de amistad entre ambos era totalmente real.<\/p>\n<p style=\"text-align: justify;\">As\u00ed, lo que inicialmente era una historia de amor se convierte en una historia que pone a prueba la amistad de dos amigos y que logra emocionar por la forma bastante \u201creal\u201d en la que est\u00e1 escrita.<\/p>\n","protected":false},"excerpt":{"rendered":"<p>Mario Vargas Llosa se ha caracterizado por escribir historias bastante reales (muchas veces fruto de su propia experiencia) y \u201cD\u00eda Domingo\u201d no es una excepci\u00f3n. El cuento retrata muy bien la sociedad y costumbres de la Lima de los 50-60, &hellip; <a href=\"https:\/\/blogs.up.edu.pe\/nubes\/trabajos\/trabajos-finales-2014-verano\/carlos-martin-vignolo-dia-domingo-de-mario-vargas-llosa\/\">Sigue leyendo <span class=\"meta-nav\">&rarr;<\/span><\/a><\/p>\n","protected":false},"author":3,"featured_media":0,"parent":1350,"menu_order":4,"comment_status":"closed","ping_status":"closed","template":"","meta":{"footnotes":""},"class_list":["post-1383","page","type-page","status-publish","hentry"],"_links":{"self":[{"href":"https:\/\/blogs.up.edu.pe\/nubes\/wp-json\/wp\/v2\/pages\/1383","targetHints":{"allow":["GET"]}}],"collection":[{"href":"https:\/\/blogs.up.edu.pe\/nubes\/wp-json\/wp\/v2\/pages"}],"about":[{"href":"https:\/\/blogs.up.edu.pe\/nubes\/wp-json\/wp\/v2\/types\/page"}],"author":[{"embeddable":true,"href":"https:\/\/blogs.up.edu.pe\/nubes\/wp-json\/wp\/v2\/users\/3"}],"replies":[{"embeddable":true,"href":"https:\/\/blogs.up.edu.pe\/nubes\/wp-json\/wp\/v2\/comments?post=1383"}],"version-history":[{"count":3,"href":"https:\/\/blogs.up.edu.pe\/nubes\/wp-json\/wp\/v2\/pages\/1383\/revisions"}],"predecessor-version":[{"id":1399,"href":"https:\/\/blogs.up.edu.pe\/nubes\/wp-json\/wp\/v2\/pages\/1383\/revisions\/1399"}],"up":[{"embeddable":true,"href":"https:\/\/blogs.up.edu.pe\/nubes\/wp-json\/wp\/v2\/pages\/1350"}],"wp:attachment":[{"href":"https:\/\/blogs.up.edu.pe\/nubes\/wp-json\/wp\/v2\/media?parent=1383"}],"curies":[{"name":"wp","href":"https:\/\/api.w.org\/{rel}","templated":true}]}}