{"id":1377,"date":"2014-03-01T00:18:38","date_gmt":"2014-03-01T00:18:38","guid":{"rendered":"https:\/\/blogs.up.edu.pe\/nubes\/\/?page_id=1377"},"modified":"2014-07-31T00:53:19","modified_gmt":"2014-07-31T00:53:19","slug":"mayumi-shimabukuro-dia-domingo-de-mario-vargas-llosa","status":"publish","type":"page","link":"https:\/\/blogs.up.edu.pe\/nubes\/trabajos\/trabajos-finales-2014-verano\/mayumi-shimabukuro-dia-domingo-de-mario-vargas-llosa\/","title":{"rendered":"Mayumi Shimabukuro, \u00abD\u00eda domingo\u00bb de Mario Vargas Llosa"},"content":{"rendered":"<p style=\"text-align: justify;\">El cuento \u201cD\u00eda Domingo\u201d de Mario Vargas Llosa es una historia muy divertida que refleja el modo de escritura de su autor. El tema central del cuento es la amistad, tema recurrente en otras cuentos de <em>Los cachorros<\/em>\u00a0o en <em>La ciudad y los perros<\/em>. Sin embargo, en \u201cD\u00eda Domingo\u201d se explora m\u00e1s a fondo el tema de lealtad entre dos j\u00f3venes que compiten por el amor de Flora.<\/p>\n<p style=\"text-align: justify;\">La historia gira alrededor de dos chicos miraflorinos: Rub\u00e9n y Miguel, quienes compiten para ver qui\u00e9n se puede quedar con Flora. La historia es muy descriptiva, especialmente con los escenarios donde se desarrolla ya que pareciera que estuvieras viviendo la historia junto a los personajes. El lenguaje empleado es coloquial, lo cual ayuda al desarrollo de la historia y la hace m\u00e1s f\u00e1cil de entender, ya que el cuento gira alrededor de dos j\u00f3venes.<\/p>\n<p style=\"text-align: justify;\">La competencia entre ambos empieza en el bar del barrio, donde se retan para ver qui\u00e9n puede tomar m\u00e1s cervezas. Al ver que ambos han empatado, sugieran tener una carrera de nataci\u00f3n en mar abierto. Esta competencia es muy irresponsable ya que ambos estaban borrachos y adem\u00e1s era invierno. Sin embargo, ambos aceptan para no demostrar que ten\u00edan miedo y mostrar su valent\u00eda ya que un \u201cPajarraco\u201d estaba haciendo una apuesta. Una vez en el mar, Rub\u00e9n sufre un calambre y no puede seguir nadando. Dejando de lado la competencia, Miguel lo salva y lo jala hasta la playa, omitiendo frente a sus amigos\u00a0el incidente que ocurri\u00f3 en el mar.<\/p>\n<p style=\"text-align: justify;\">La parte que m\u00e1s me gust\u00f3 fue el gesto de Miguel de salvar a Rub\u00e9n mientras estaban nadando. Aqu\u00ed se demuestra la verdadera amistad entre ambos chicos, que va m\u00e1s all\u00e1 de una apuesta por el amor de una muchacha. Tambi\u00e9n me gust\u00f3 que Miguel haya sido leal y no haya contado nada del incidente en el mar. Sin embargo, no me gust\u00f3 que Rub\u00e9n no dijera la verdad acerca de lo que realmente pas\u00f3 mientras compet\u00edan. Yo pienso que Miguel merec\u00eda un reconocimiento por parte de sus amigos por haber salvado a Rub\u00e9n y no quedar solo como el ganador por \u201cuna puesta de mano\u201d. No obstante, me imagino que Rub\u00e9n no habr\u00e1 querido decir la verdad para no parecer d\u00e9bil frente a sus otros amigos, ya que \u00e9l era reconocido por ser campe\u00f3n de nataci\u00f3n.<\/p>\n<p style=\"text-align: justify;\">Otro tema que me gust\u00f3 bastante fue el cambio emocional entre los personajes. A lo largo de la historia vemos el desarrollo emocional entre ambos chicos, ya que en un solo d\u00eda pasan de ser solo amigos compitiendo por el amor de Flora, a tener un lazo mucho m\u00e1s profundo de lealtad ya que Rub\u00e9n le debe la vida a Miguel. Adem\u00e1s, vemos como ambos maduran ya que guardan el secreto de lo que pas\u00f3 en el mar para demostrar su amistad y la lealtad entre ambos.<\/p>\n<p style=\"text-align: justify;\">Por otro lado, no me gust\u00f3 que apostaran el amor de una chica como si ella no tuviese decisi\u00f3n alguna, y que fuera vista como un premio. Esto demuestra el machismo de la \u00e9poca en que se desarrolla la historia, ya que presentan a Flora como un trofeo que ambos quieren alcanzar. Quiz\u00e1 para Miguel era suficiente el reconocimiento colectivo de que hab\u00eda ganado, ya que sab\u00eda que todos se iban a enterar, incluso Flora; de repente por eso no se preocup\u00f3 tanto en c\u00f3mo le gan\u00f3 a Rub\u00e9n, sino m\u00e1s en el hecho de que lo venci\u00f3 y podr\u00eda reclamar el amor de la chica. Si Flora viviera en nuestra \u00e9poca no creo que le haya gustado que apuesten por ver qui\u00e9n se queda con ella. Sin embargo, por la \u00e9poca en la que se desarrolla esa historia, para ella puede haber sido un tema normal, e incluso algo \u201clindo\u201d ver que dos amigos apuesten entre ellos para ver quien la merece m\u00e1s.<\/p>\n<p style=\"text-align: justify;\">En conclusi\u00f3n, me gust\u00f3 mucho la historia ya que es muy descriptiva y te permite imaginar perfectamente el escenario donde se desarrolla. Adem\u00e1s, aborda temas como la lealtad y la amistad, que son valores muy relacionados a la gente joven. Asimismo, el cuento \u201cD\u00eda Domingo\u201d tiene cierta similitud con el de \u201cLos cachorros\u201d que es uno de mis cuentos preferidos, as\u00ed que es como conocer a otros chicos miraflorinos que podr\u00edan ser de la misma \u00e9poca.<\/p>\n","protected":false},"excerpt":{"rendered":"<p>El cuento \u201cD\u00eda Domingo\u201d de Mario Vargas Llosa es una historia muy divertida que refleja el modo de escritura de su autor. El tema central del cuento es la amistad, tema recurrente en otras cuentos de Los cachorros\u00a0o en La &hellip; <a href=\"https:\/\/blogs.up.edu.pe\/nubes\/trabajos\/trabajos-finales-2014-verano\/mayumi-shimabukuro-dia-domingo-de-mario-vargas-llosa\/\">Sigue leyendo <span class=\"meta-nav\">&rarr;<\/span><\/a><\/p>\n","protected":false},"author":3,"featured_media":0,"parent":1350,"menu_order":2,"comment_status":"closed","ping_status":"closed","template":"","meta":{"footnotes":""},"class_list":["post-1377","page","type-page","status-publish","hentry"],"_links":{"self":[{"href":"https:\/\/blogs.up.edu.pe\/nubes\/wp-json\/wp\/v2\/pages\/1377","targetHints":{"allow":["GET"]}}],"collection":[{"href":"https:\/\/blogs.up.edu.pe\/nubes\/wp-json\/wp\/v2\/pages"}],"about":[{"href":"https:\/\/blogs.up.edu.pe\/nubes\/wp-json\/wp\/v2\/types\/page"}],"author":[{"embeddable":true,"href":"https:\/\/blogs.up.edu.pe\/nubes\/wp-json\/wp\/v2\/users\/3"}],"replies":[{"embeddable":true,"href":"https:\/\/blogs.up.edu.pe\/nubes\/wp-json\/wp\/v2\/comments?post=1377"}],"version-history":[{"count":3,"href":"https:\/\/blogs.up.edu.pe\/nubes\/wp-json\/wp\/v2\/pages\/1377\/revisions"}],"predecessor-version":[{"id":1380,"href":"https:\/\/blogs.up.edu.pe\/nubes\/wp-json\/wp\/v2\/pages\/1377\/revisions\/1380"}],"up":[{"embeddable":true,"href":"https:\/\/blogs.up.edu.pe\/nubes\/wp-json\/wp\/v2\/pages\/1350"}],"wp:attachment":[{"href":"https:\/\/blogs.up.edu.pe\/nubes\/wp-json\/wp\/v2\/media?parent=1377"}],"curies":[{"name":"wp","href":"https:\/\/api.w.org\/{rel}","templated":true}]}}