{"id":1369,"date":"2014-03-01T00:11:44","date_gmt":"2014-03-01T00:11:44","guid":{"rendered":"https:\/\/blogs.up.edu.pe\/nubes\/\/?page_id=1369"},"modified":"2014-07-31T00:53:06","modified_gmt":"2014-07-31T00:53:06","slug":"david-zegarra-el-limpiador-de-rocio-silva-santisteban","status":"publish","type":"page","link":"https:\/\/blogs.up.edu.pe\/nubes\/trabajos\/trabajos-finales-2014-verano\/david-zegarra-el-limpiador-de-rocio-silva-santisteban\/","title":{"rendered":"David Zegarra: \u00abEl Limpiador\u00bb de Roc\u00edo Silva Santisteban"},"content":{"rendered":"<p style=\"text-align: justify;\">Como coment\u00e9 en el foro, <em>El Limpiador<\/em> fue mi favorito. Me gust\u00f3 mucho la descripci\u00f3n de los personajes y que finalmente todas las historias se entrelazan entre s\u00ed. La historia se desarrolla en un lugar pobre y violento, presumiblemente cerca al mar, un lugar donde los ni\u00f1os est\u00e1n acostumbrados a lidiar con armas como si fueran juguetes, donde las drogas est\u00e1n al alcance de todos y donde se preparan a los mejores sicarios solicitados por narcos locales y fuerzas de choque de partidos pol\u00edticos.<\/p>\n<p style=\"text-align: justify;\">Plomo en un inicio es descrito como un alcoh\u00f3lico que busca vengar el asesinato de su hija a manos de Mostrenko, uno de los mejores sicarios de la zona norte, un personaje cruel y salvaje que llev\u00f3 el cuerpo despedazado de su hija a sus pies en un tono de burla. Ella hab\u00eda fugado de casa con Mostrenko, cansada de los maltratos de un padre borracho, pero en su rebeld\u00eda y testarudez juvenil no midi\u00f3 el peligro al que se acercaba y que finalmente acab\u00f3 en su muerte. Con el desarrollo de la historia se conoce que Plomo era un expolic\u00eda de sesenta a\u00f1os que quer\u00eda a su hija, pero el alcohol lo consum\u00eda y todos los sentimientos que transmit\u00eda hacia ella eran negativos. A ra\u00edz de los hechos, buscar\u00e1 a la \u00fanica persona que lo puede ayudar a acabar con Mostrenko y que tambi\u00e9n tiene una deuda pendiente con \u00e9l.<\/p>\n<p style=\"text-align: justify;\">Este nuevo personaje es El Limpiador, tal vez el mejor y m\u00e1s admirado asesino, incluso considerado una persona justa por la gente del pueblo. Al parecer \u201cjubilado\u201d de la vida de sicario, se encargaba de entrenar a las pr\u00f3ximas generaciones de sicarios tanto en el tema f\u00edsico como el plano mental para cumplir con sus objetivos. Su pol\u00edtica era nunca regatear por el precio de sus encargos pues considera que no se puede regatear cuando se trata de la vida humana. Ejecutaba los encargos con discreci\u00f3n y sin preguntas y tambi\u00e9n sin dejar rastro. Luego de una vida como esa se sent\u00eda extenuado, ya no pod\u00eda sentir, su frialdad lo hab\u00eda llevado a no tener sentimientos o sensaciones, ni buenas ni malas, no ten\u00eda una raz\u00f3n para vivir, solo quer\u00eda morir.<\/p>\n<p style=\"text-align: justify;\">Por su lado, Plomo sab\u00eda que necesitaba dinero para que el Limpiador acepte la misi\u00f3n y decidi\u00f3 vender la \u00fanica pertenencia valiosa que le quedaba, su arma de reglamento en su tiempo de polic\u00eda. El \u00fanico problema era que ya esa arma no val\u00eda nada y luego de pasear por todos los puestos que compraban armas termin\u00f3 aceptando un trato con el primer vendedor, quien lo hab\u00eda insultado. La apuesta era simple, el arma solo ten\u00eda una bala, por turnos cada uno se disparaba a matar en un juego de ruleta rusa. Plomo jal\u00f3 el gatillo por primera vez y all\u00ed no se encontraba la bala. Cuando lleg\u00f3 el turno del vendedor \u00e9ste cambi\u00f3 el arma por una sin balas y jal\u00f3 el gatillo sin ning\u00fan miedo. Plomo consiente del enga\u00f1o dispara con su arma directo al coraz\u00f3n del vendedor y cobra su recompensa. Nadie tuvo objeciones pues todos eran conscientes del enga\u00f1o que trat\u00f3 de hacer el vendedor.<\/p>\n<p style=\"text-align: justify;\">Con el premio en su poder, Plomo se dirige a buscar al Limpiador y se descubre que \u00e9l hab\u00eda sido el asesino de la esposa de Plomo y no solo eso, sino tambi\u00e9n su amante; la \u00fanica mujer que removi\u00f3 en el negro coraz\u00f3n del Limpiador alg\u00fan sentimiento. Sin protesta se dirigen a buscar las armas para lograr su objetivo y elaborar la estrategia. El Limpiador, supersticioso, estaba preocupado por el encargo pues los n\u00fameros impares le daban seg\u00fan \u00e9l, mala suerte. Se dirigen al edificio frente al departamento de Mostrenko y esperan su llegada en la azotea. \u00c9l lleg\u00f3 acompa\u00f1ado de una joven que huye del lugar luego del primer disparo del Limpiador.<\/p>\n<p style=\"text-align: justify;\">La primera bala en la mano derecha para que no pueda usar el arma, la segunda en la pierna izquierda, la tercera en la pierna derecha. Mostrenko se encontraba inm\u00f3vil pero solo era una trampa para que lo creyeran muerto. El Limpiador lo sab\u00eda bien y esper\u00f3 hasta que Mostrenko empez\u00f3 a arrastrase; la cuarta bala impact\u00f3 en su mano izquierda. Mostrenko solo conoc\u00eda a una persona capaz de acabar con \u00e9l de esa manera y empez\u00f3 a gritar e insultar a su asesino, el Limpiador. La quinta bala en la mand\u00edbula para que no hable m\u00e1s, el sexto y s\u00e9ptimo tiros en cada ojo para que su v\u00edctima no lo persiga en sus sue\u00f1os. El \u00faltimo tiro fue en los test\u00edculos, la venganza hab\u00eda sido consumada. La cacer\u00eda dur\u00f3 una hora, nuevo r\u00e9cord para el Limpiador.<\/p>\n<p style=\"text-align: justify;\">El Limpiador y Plomo fueron a ver el cad\u00e1ver destrozado. El primero se acerc\u00f3 a \u00e9l y con su cuchillo le sac\u00f3 el coraz\u00f3n con intenci\u00f3n de comerlo pues seg\u00fan dicen hay que comerse el coraz\u00f3n de un hombre para volver a sentir.<\/p>\n<p style=\"text-align: justify;\">Una historia envolvente y llena de misterios y preguntas que se van respondiendo conforme se desarrolla el cuento. Una narrativa perfecta y excelente descripci\u00f3n de los personajes, sus sentimientos y pensamientos. El tema de la venganza es un recurrente que se describe y desarrolla de manera excelente. De hecho tuve que leer dos veces la historia para captar detalles que hab\u00eda dejado de lado y que complementan y enriquecen la historia. \u00c9l \u00faltimo cuento que le\u00ed del curso y sin duda el mejor.<\/p>\n","protected":false},"excerpt":{"rendered":"<p>Como coment\u00e9 en el foro, El Limpiador fue mi favorito. Me gust\u00f3 mucho la descripci\u00f3n de los personajes y que finalmente todas las historias se entrelazan entre s\u00ed. La historia se desarrolla en un lugar pobre y violento, presumiblemente cerca &hellip; <a href=\"https:\/\/blogs.up.edu.pe\/nubes\/trabajos\/trabajos-finales-2014-verano\/david-zegarra-el-limpiador-de-rocio-silva-santisteban\/\">Sigue leyendo <span class=\"meta-nav\">&rarr;<\/span><\/a><\/p>\n","protected":false},"author":3,"featured_media":0,"parent":1350,"menu_order":1,"comment_status":"closed","ping_status":"closed","template":"","meta":{"footnotes":""},"class_list":["post-1369","page","type-page","status-publish","hentry"],"_links":{"self":[{"href":"https:\/\/blogs.up.edu.pe\/nubes\/wp-json\/wp\/v2\/pages\/1369","targetHints":{"allow":["GET"]}}],"collection":[{"href":"https:\/\/blogs.up.edu.pe\/nubes\/wp-json\/wp\/v2\/pages"}],"about":[{"href":"https:\/\/blogs.up.edu.pe\/nubes\/wp-json\/wp\/v2\/types\/page"}],"author":[{"embeddable":true,"href":"https:\/\/blogs.up.edu.pe\/nubes\/wp-json\/wp\/v2\/users\/3"}],"replies":[{"embeddable":true,"href":"https:\/\/blogs.up.edu.pe\/nubes\/wp-json\/wp\/v2\/comments?post=1369"}],"version-history":[{"count":4,"href":"https:\/\/blogs.up.edu.pe\/nubes\/wp-json\/wp\/v2\/pages\/1369\/revisions"}],"predecessor-version":[{"id":1396,"href":"https:\/\/blogs.up.edu.pe\/nubes\/wp-json\/wp\/v2\/pages\/1369\/revisions\/1396"}],"up":[{"embeddable":true,"href":"https:\/\/blogs.up.edu.pe\/nubes\/wp-json\/wp\/v2\/pages\/1350"}],"wp:attachment":[{"href":"https:\/\/blogs.up.edu.pe\/nubes\/wp-json\/wp\/v2\/media?parent=1369"}],"curies":[{"name":"wp","href":"https:\/\/api.w.org\/{rel}","templated":true}]}}