{"id":1350,"date":"2014-03-01T00:11:11","date_gmt":"2014-03-01T00:11:11","guid":{"rendered":"https:\/\/blogs.up.edu.pe\/nubes\/\/?page_id=1350"},"modified":"2014-07-31T14:49:01","modified_gmt":"2014-07-31T14:49:01","slug":"trabajos-finales-2014-verano","status":"publish","type":"page","link":"https:\/\/blogs.up.edu.pe\/nubes\/trabajos\/trabajos-finales-2014-verano\/","title":{"rendered":"Trabajos finales 2014-verano"},"content":{"rendered":"<p>Lista de los trabajos finales del ciclo 2014-Verano:<\/p>\n<ul>\n<li><span style=\"line-height: 14px;\" data-mce-mark=\"1\"><a title=\"David Zegarra: \u201cEl Limpiador\u201d de Roc\u00edo Silva Santisteban\" href=\"https:\/\/blogs.up.edu.pe\/nubes\/\/trabajos\/trabajos-finales-2014-verano\/david-zegarra-el-limpiador-de-rocio-silva-santisteban\/\">David Zegarra, <strong>\u00abEl Limpiador\u00bb de Roc\u00edo Silva Santisteban<\/strong><\/a>.<\/span><\/li>\n<li><a title=\"Mayumi Shimabukuro, \u201cD\u00eda domingo\u201d de Mario Vargas Llosa\" href=\"https:\/\/blogs.up.edu.pe\/nubes\/\/trabajos\/trabajos-finales-2014-verano\/mayumi-shimabukuro-dia-domingo-de-mario-vargas-llosa\/\">Mayumi Shimabukuro, <strong>\u00abD\u00eda domingo\u00bb de Mario Vargas Llosa<\/strong><\/a>.<\/li>\n<li><a title=\"Rodrigo Bejarano, \u201cAlienaci\u00f3n\u201d de Julio Ram\u00f3n Ribeyro\" href=\"https:\/\/blogs.up.edu.pe\/nubes\/\/trabajos\/trabajos-finales-2014-verano\/rodrigo-bejarano-alienacion-de-julio-ramon-ribeyro\/\">Rodrigo Bejarano, <strong>\u00abAlienaci\u00f3n\u00bb de Julio Ram\u00f3n Ribeyro<\/strong><\/a>.<\/li>\n<li><a title=\"Carlos Mart\u00edn Vignolo, \u201cD\u00eda domingo\u201d de Mario Vargas Llosa\" href=\"https:\/\/blogs.up.edu.pe\/nubes\/\/trabajos\/trabajos-finales-2014-verano\/carlos-martin-vignolo-dia-domingo-de-mario-vargas-llosa\/\">Carlos Mart\u00edn Vignolo, <strong>\u00abD\u00eda domingo\u00bb de Mario Vargas Llosa<\/strong><\/a>.<\/li>\n<li><a title=\"Malia Valenzuela, \u201cUn d\u00eda perfecto para los canguros\u201d de Haruki Murakami\" href=\"https:\/\/blogs.up.edu.pe\/nubes\/\/trabajos\/trabajos-finales-2014-verano\/malia-valenzuela-un-dia-perfecto-para-los-canguros-de-haruki-murakami\/\">Malia Valenzuela,\u00a0<strong>\u201cUn d\u00eda perfecto para los canguros\u201d de Haruki Murakami<\/strong><\/a>.<\/li>\n<li><a title=\"Estefan\u00eda Rojas, \u201cD\u00eda domingo\u201d de Mario Vargas Llosa\" href=\"https:\/\/blogs.up.edu.pe\/nubes\/\/trabajos\/trabajos-finales-2014-verano\/estefania-rojas-dia-domingo-de-mario-vargas-llosa\/\">Estefan\u00eda Rojas,\u00a0<strong>\u201cD\u00eda domingo\u201d de\u00a0Mario Vargas Llosa<\/strong><\/a>.<\/li>\n<li><a title=\"Paul Ernesto Nestares, Mario Vargas Llosa\" href=\"https:\/\/blogs.up.edu.pe\/nubes\/\/trabajos\/trabajos-finales-2014-verano\/paul-ernesto-nestares-mario-vargas-llosa\/\">Paul Ernesto Nestares, <strong>Mario Vargas Llosa<\/strong><\/a>.<\/li>\n<li><a title=\"Marcella Boanova, \u201cUn d\u00eda de estos\u201d de Gabriel Garc\u00eda M\u00e1rquez\" href=\"https:\/\/blogs.up.edu.pe\/nubes\/\/trabajos\/trabajos-finales-2014-verano\/marcella-boanova-un-dia-de-estos-de-gabriel-garcia-marquez\/\">Marcella Boanova,\u00a0<strong>\u201cUn d\u00eda de estos\u201d de Gabriel Garc\u00eda M\u00e1rquez<\/strong><\/a>.<\/li>\n<li><a title=\"Medardo Castro P\u00e9rez, Ze\u00edn Zorrilla, \u201cInundaciones\u201d\" href=\"https:\/\/blogs.up.edu.pe\/nubes\/\/trabajos\/trabajos-finales-2014-verano\/medardo-castro-perez-zein-zorrilla-inundaciones\/\">Medardo Castro P\u00e9rez,\u00a0<strong>Ze\u00edn Zorrilla, \u201cInundaciones\u201d<\/strong><\/a>.<\/li>\n<li><a title=\"Mar\u00eda Esther Guti\u00e9rrez G\u00f3mez, Arthur Conan Doyle y Sherlock Holmes\" href=\"https:\/\/blogs.up.edu.pe\/nubes\/\/trabajos\/trabajos-finales-2014-verano\/maria-esther-gutierrez-gomez-arthur-conan-doyle-y-sherlock-holmes\/\">Mar\u00eda Esther Guti\u00e9rrez G\u00f3mez,\u00a0<strong>Arthur Conan Doyle y Sherlock Holmes<\/strong><\/a>.<\/li>\n<li><a title=\"Sheyla Enciso, \u201cAnorexia y tijerita\u201d de Alfredo Bryce Echenique\" href=\"https:\/\/blogs.up.edu.pe\/nubes\/\/trabajos\/trabajos-finales-2014-verano\/sheyla-enciso-anorexia-y-tijerita-de-alfredo-bryce-echenique\/\">Sheyla Enciso,\u00a0<strong>\u201cAnorexia y tijerita\u201d de Alfredo Bryce Echenique<\/strong><\/a>.<\/li>\n<li><a title=\"Mary Kely Pedraza, J. R. R. Tolkien\" href=\"https:\/\/blogs.up.edu.pe\/nubes\/\/trabajos\/trabajos-finales-2014-verano\/mary-kely-pedraza-j-r-r-tolkien\/\">Mary Kely Pedraza,\u00a0<strong>J. R. R. Tolkien<\/strong><\/a>.<\/li>\n<li><a title=\"Roberto Requejo, \u201cSue\u00f1os de Robot\u201d de Isaac Asimov\" href=\"https:\/\/blogs.up.edu.pe\/nubes\/\/trabajos\/trabajos-finales-2014-verano\/roberto-requejo-suenos-de-robot-de-isaac-asimov\/\">Roberto Requejo,\u00a0<strong>\u201cSue\u00f1os de Robot\u201d de Isaac Asimov<\/strong><\/a>.<\/li>\n<li><a title=\"Luis Felipe Fonseca Pellegrin, Un acercamiento a Ernest Hemingway\" href=\"https:\/\/blogs.up.edu.pe\/nubes\/\/trabajos\/trabajos-finales-2014-verano\/luis-felipe-fonseca-pellegrin-un-acercamiento-a-ernest-hemingway\/\">Luis Felipe Fonseca Pellegrin,\u00a0<strong>Un acercamiento a Ernest Hemingway<\/strong><\/a>.<\/li>\n<li><a title=\"Fiorella Velarde Figueroa, \u201cAlienaci\u00f3n\u201d de J. R. Ribeyro\" href=\"https:\/\/blogs.up.edu.pe\/nubes\/\/trabajos\/trabajos-finales-2014-verano\/fiorella-velarde-figueroa-alienacion-de-j-r-ribeyro\/\">Fiorella Velarde Figueroa,\u00a0<strong>\u201cAlienaci\u00f3n\u201d de J. R. Ribeyro<\/strong><\/a>.<\/li>\n<li><a title=\"Mayra Medina, \u201cLa Declaraci\u00f3n de Randolph Carter\u201d de Howard Phillips Lovecraft\" href=\"https:\/\/blogs.up.edu.pe\/nubes\/\/trabajos\/trabajos-finales-2014-verano\/mayra-medina-la-declaracion-de-randolph-carter-de-howard-phillips-lovecraft\/\">Mayra Medina,\u00a0<strong>\u201cLa Declaraci\u00f3n de Randolph Carter\u201d de Howard Phillips Lovecraft<\/strong><\/a>.<\/li>\n<li><a title=\"Rita Tarazona, Edgar Allan Poe, \u201cEl coraz\u00f3n delator\u201d\" href=\"https:\/\/blogs.up.edu.pe\/nubes\/\/trabajos\/trabajos-finales-2014-verano\/rita-tarazona-edgar-allan-poe-el-corazon-delator\/\">Rita Tarazona,\u00a0<strong>Edgar Allan Poe, \u00abEl coraz\u00f3n delator\u00bb<\/strong><\/a>.<\/li>\n<li><a title=\"Solange Anchante Guimaraes, Julio Ram\u00f3n Ribeyro\" href=\"https:\/\/blogs.up.edu.pe\/nubes\/\/trabajos\/trabajos-finales-2014-verano\/solange-anchane-guimaraes-julio-ramon-ribeyro\/\">Solange Anchante Guimaraes,\u00a0<strong>Julio Ram\u00f3n Ribeyro<\/strong><\/a>.<\/li>\n<\/ul>\n","protected":false},"excerpt":{"rendered":"<p>Lista de los trabajos finales del ciclo 2014-Verano: David Zegarra, \u00abEl Limpiador\u00bb de Roc\u00edo Silva Santisteban. Mayumi Shimabukuro, \u00abD\u00eda domingo\u00bb de Mario Vargas Llosa. Rodrigo Bejarano, \u00abAlienaci\u00f3n\u00bb de Julio Ram\u00f3n Ribeyro. Carlos Mart\u00edn Vignolo, \u00abD\u00eda domingo\u00bb de Mario Vargas Llosa. &hellip; <a href=\"https:\/\/blogs.up.edu.pe\/nubes\/trabajos\/trabajos-finales-2014-verano\/\">Sigue leyendo <span class=\"meta-nav\">&rarr;<\/span><\/a><\/p>\n","protected":false},"author":3,"featured_media":0,"parent":256,"menu_order":7,"comment_status":"closed","ping_status":"closed","template":"","meta":{"footnotes":""},"class_list":["post-1350","page","type-page","status-publish","hentry"],"_links":{"self":[{"href":"https:\/\/blogs.up.edu.pe\/nubes\/wp-json\/wp\/v2\/pages\/1350","targetHints":{"allow":["GET"]}}],"collection":[{"href":"https:\/\/blogs.up.edu.pe\/nubes\/wp-json\/wp\/v2\/pages"}],"about":[{"href":"https:\/\/blogs.up.edu.pe\/nubes\/wp-json\/wp\/v2\/types\/page"}],"author":[{"embeddable":true,"href":"https:\/\/blogs.up.edu.pe\/nubes\/wp-json\/wp\/v2\/users\/3"}],"replies":[{"embeddable":true,"href":"https:\/\/blogs.up.edu.pe\/nubes\/wp-json\/wp\/v2\/comments?post=1350"}],"version-history":[{"count":22,"href":"https:\/\/blogs.up.edu.pe\/nubes\/wp-json\/wp\/v2\/pages\/1350\/revisions"}],"predecessor-version":[{"id":1375,"href":"https:\/\/blogs.up.edu.pe\/nubes\/wp-json\/wp\/v2\/pages\/1350\/revisions\/1375"}],"up":[{"embeddable":true,"href":"https:\/\/blogs.up.edu.pe\/nubes\/wp-json\/wp\/v2\/pages\/256"}],"wp:attachment":[{"href":"https:\/\/blogs.up.edu.pe\/nubes\/wp-json\/wp\/v2\/media?parent=1350"}],"curies":[{"name":"wp","href":"https:\/\/api.w.org\/{rel}","templated":true}]}}