{"id":1339,"date":"2014-07-16T14:31:07","date_gmt":"2014-07-16T14:31:07","guid":{"rendered":"https:\/\/blogs.up.edu.pe\/nubes\/\/?page_id=1339"},"modified":"2014-07-16T14:31:07","modified_gmt":"2014-07-16T14:31:07","slug":"oscar-osorio-persistencia-de-jose-b-adolph","status":"publish","type":"page","link":"https:\/\/blogs.up.edu.pe\/nubes\/trabajos\/trabajos-finales-ciclo-2014-i\/oscar-osorio-persistencia-de-jose-b-adolph\/","title":{"rendered":"Oscar Osorio, \u201c\u2018Persistencia\u2019 de Jos\u00e9 B. Adolph\u201d"},"content":{"rendered":"<p style=\"text-align: justify;\">Normalmente pensamos que la ciencia ficci\u00f3n viene del extranjero. Cuando se habla de literatura peruana, ya sean novelas o cuentos, pensamos en los escritos realistas de Mario Vargas Llosa o de Julio Ram\u00f3n Ribeyro. Es sorprendente encontrar un cuento peruano de ciencia ficci\u00f3n, y ese es el caso de \u201cPersistencia\u201d de Jos\u00e9 B. Adolph.<\/p>\n<p style=\"text-align: justify;\">El cuento es un mon\u00f3logo, realizado por un personaje cuya identidad descubrimos en la \u00faltima oraci\u00f3n. Con frases como: \u201cGobernar la nave se hace cada vez m\u00e1s problem\u00e1tico\u201d o \u201c\u00bfQui\u00e9n podr\u00eda entusiasmarse por una conquista de aquel espacio que ya nada promete a hombres hartos de progreso?\u201d, nos adentramos en la traves\u00eda de un conquistador, y pensamos en un viaje interplanetario en busca de nuevas tierras, ya que la actual ha ca\u00eddo en la miseria, como menciona el personaje. Se podr\u00eda decir que es la t\u00edpica historia de ciencia ficci\u00f3n, con guerras entre humanos y extraterrestres, en busca de la supervivencia de la raza m\u00e1s fuerte. Nada fuera de lo com\u00fan.<\/p>\n<p style=\"text-align: justify;\">Sin embargo, la \u00faltima oraci\u00f3n cambia toda nuestra perspectiva, y hace de este cuento una obra \u00fanica. El capit\u00e1n, cuya identidad se nos revela, dice: \u201cDanos, pues, Se\u00f1or, la gracia de poder cumplir nuestra misi\u00f3n antes que finalice este octubre de 1492\u201d. Es Crist\u00f3bal Col\u00f3n. Todas las teor\u00edas que ten\u00edamos en mente sobre el cuento quedan descartadas.<\/p>\n<p style=\"text-align: justify;\">Al leer sobre las guerras, el hartazgo del mundo donde vive, la violencia, y todas esos factores negativos, nos imaginamos un mundo destruido, al estilo de pel\u00edculas como <i>Elysium<\/i> o <i>Wall-E<\/i>, donde la tierra ha sido destruida por los humanos y estos deben buscar nuevas tierras en el espacio. Pero no es as\u00ed, el autor nos habla sobre la Europa del siglo XV, llena de guerras y destrucci\u00f3n, donde Col\u00f3n iba a buscar rutas nuevas para la comercializaci\u00f3n de especias. A esto se refiere Adolph cuando habla de \u201cinmensas recompensas\u201d, pero hace que el narrador lo diga de manera \u00e9pica, como si estuviera en una misi\u00f3n para salvar al resto de personas y a ellos mismos de un mundo sin esperanza, lo cual refuerza la idea de la invasi\u00f3n a otro planeta.<\/p>\n<p style=\"text-align: justify;\">El autor usa muchas palabras y frases que juegan con nuestra percepci\u00f3n, como \u201cnave\u201d, \u201chumanidad\u201d, \u201cpartir hacia el m\u00e1s all\u00e1\u201d o \u201cfuerzas desconocidas\u201d. A primera vista, y sabiendo que estamos leyendo un cuento de ciencia ficci\u00f3n, no pensar\u00edamos en que la nave hace referencia a un barco, y no a un cohete, y que el \u201cm\u00e1s all\u00e1\u201d sea el continente americano, o que las fuerzas desconocidas son todos esos peligros que tem\u00edan los europeos pensando que la tierra era plana. Entonces, \u00bfes realmente este cuento de ciencia ficci\u00f3n dado que tiene una gran carga hist\u00f3rica?<\/p>\n<p style=\"text-align: justify;\">La Real Academia presenta una definici\u00f3n bastante general de ciencia ficci\u00f3n: g\u00e9nero de obras literarias o cinematogr\u00e1ficas, cuyo contenido se basa en hipot\u00e9ticos logros cient\u00edficos y t\u00e9cnicos del futuro. El cuento se ajusta a la definici\u00f3n, ya que el viaje de Col\u00f3n fue algo incre\u00edble en su \u00e9poca, casi como en nuestros d\u00edas es el viaje a Marte. En suma, si quitamos la \u00faltima oraci\u00f3n, no podr\u00edamos hacer todas las comparaciones hist\u00f3ricas y el cuento quedar\u00eda como el cl\u00e1sico cuento de ciencia ficci\u00f3n, como mencion\u00e9 m\u00e1s arriba. El encanto de este cuento es que puede ser analizado desde ambos rubros: la historia y la ciencia ficci\u00f3n, y vemos un lado distinto sobre el viaje de Crist\u00f3bal Col\u00f3n. Por \u00faltimo, nos invita a reflexionar sobre otros eventos hist\u00f3ricos que en su tiempo eran \u201cciencia ficci\u00f3n\u201d. Despu\u00e9s de leer este cuento, no volveremos a ver la historia con los mismos ojos.<\/p>\n","protected":false},"excerpt":{"rendered":"<p>Normalmente pensamos que la ciencia ficci\u00f3n viene del extranjero. Cuando se habla de literatura peruana, ya sean novelas o cuentos, pensamos en los escritos realistas de Mario Vargas Llosa o de Julio Ram\u00f3n Ribeyro. Es sorprendente encontrar un cuento peruano &hellip; <a href=\"https:\/\/blogs.up.edu.pe\/nubes\/trabajos\/trabajos-finales-ciclo-2014-i\/oscar-osorio-persistencia-de-jose-b-adolph\/\">Sigue leyendo <span class=\"meta-nav\">&rarr;<\/span><\/a><\/p>\n","protected":false},"author":3,"featured_media":0,"parent":1275,"menu_order":16,"comment_status":"closed","ping_status":"closed","template":"","meta":{"footnotes":""},"class_list":["post-1339","page","type-page","status-publish","hentry"],"_links":{"self":[{"href":"https:\/\/blogs.up.edu.pe\/nubes\/wp-json\/wp\/v2\/pages\/1339","targetHints":{"allow":["GET"]}}],"collection":[{"href":"https:\/\/blogs.up.edu.pe\/nubes\/wp-json\/wp\/v2\/pages"}],"about":[{"href":"https:\/\/blogs.up.edu.pe\/nubes\/wp-json\/wp\/v2\/types\/page"}],"author":[{"embeddable":true,"href":"https:\/\/blogs.up.edu.pe\/nubes\/wp-json\/wp\/v2\/users\/3"}],"replies":[{"embeddable":true,"href":"https:\/\/blogs.up.edu.pe\/nubes\/wp-json\/wp\/v2\/comments?post=1339"}],"version-history":[{"count":1,"href":"https:\/\/blogs.up.edu.pe\/nubes\/wp-json\/wp\/v2\/pages\/1339\/revisions"}],"predecessor-version":[{"id":1340,"href":"https:\/\/blogs.up.edu.pe\/nubes\/wp-json\/wp\/v2\/pages\/1339\/revisions\/1340"}],"up":[{"embeddable":true,"href":"https:\/\/blogs.up.edu.pe\/nubes\/wp-json\/wp\/v2\/pages\/1275"}],"wp:attachment":[{"href":"https:\/\/blogs.up.edu.pe\/nubes\/wp-json\/wp\/v2\/media?parent=1339"}],"curies":[{"name":"wp","href":"https:\/\/api.w.org\/{rel}","templated":true}]}}