{"id":1334,"date":"2014-07-16T14:19:34","date_gmt":"2014-07-16T14:19:34","guid":{"rendered":"https:\/\/blogs.up.edu.pe\/nubes\/\/?page_id=1334"},"modified":"2014-07-16T14:21:20","modified_gmt":"2014-07-16T14:21:20","slug":"mely-ann-guzman-espinoza-analisis-de-suenos-de-robot-de-isaac-asimov","status":"publish","type":"page","link":"https:\/\/blogs.up.edu.pe\/nubes\/trabajos\/trabajos-finales-ciclo-2014-i\/mely-ann-guzman-espinoza-analisis-de-suenos-de-robot-de-isaac-asimov\/","title":{"rendered":"Mely Ann Guzm\u00e1n Espinoza, \u201cAn\u00e1lisis de \u2018Sue\u00f1os de robot\u2019 de Isaac Asimov"},"content":{"rendered":"<p style=\"text-align: justify;\">Isaac Asimov fue un escritor y bioqu\u00edmico conocido como uno de los autores m\u00e1s famosos de obras de ciencia ficci\u00f3n y divulgaci\u00f3n cient\u00edfica. Naci\u00f3 en Rusia el 2 de enero de 1920, aunque su familia se traslad\u00f3 a Estado Unidos cuando \u00e9l ten\u00eda tres a\u00f1os y falleci\u00f3 el 6 de abril de 1992 en Nueva York. Asimov fue un ni\u00f1o superdotado, entr\u00f3 a la universidad con 15 a\u00f1os. En 1949, tras obtener su doctorado en bioqu\u00edmica trabaj\u00f3 como profesor auxiliar en la universidad de Boston. Despu\u00e9s de dejar por completo la docencia, pudo volcarse exclusivamente en la pasi\u00f3n que lo gui\u00f3 toda su vida: escribir. Su obra m\u00e1s famosa es la serie de la <em>Fundaci\u00f3n<\/em>.<\/p>\n<p style=\"text-align: justify;\"><em>Sue\u00f1os de robot<\/em> es una colecci\u00f3n de cuentos cortos de Asimov. Muchas de sus historias est\u00e1n inspiradas en conflictos entre los robots y las \u201c<a href=\"http:\/\/es.wikipedia.org\/wiki\/Tres_Leyes_de_la_Rob%C3%B3tica\">Tres Leyes de la Rob\u00f3tica<\/a>\u201d creadas por \u00e9l. Dentro de estos se encuentra el relato \u201cSue\u00f1os de robot\u201d, que analizar\u00e9 a continuaci\u00f3n.<\/p>\n<p style=\"text-align: justify;\">La historia trata sobre Elvex, un robot creado por la doctora Linda Rash que tiene la capacidad de so\u00f1ar. Elvex es un robot especial pues la doctora Rash, usando la \u201cgeometr\u00eda fractal\u201d logra crear un \u201ccerebro positr\u00f3nico\u201d muy complejo, similar al de un humano, que le da a Elvex la capacidad de so\u00f1ar.<\/p>\n<p style=\"text-align: justify;\">En los \u00faltimos a\u00f1os la rob\u00f3tica ha avanzado tanto que es muy posible que algo como esto suceda, pues los cient\u00edficos buscan que los cerebros rob\u00f3ticos sean lo m\u00e1s complejos posible, tomando como referencia al cerebro humano que es el m\u00e1s complejo que existe. Sin embargo la capacidad de so\u00f1ar en un robot no es algo normal como en los humanos, pues los robots son creados para recibir \u00f3rdenes no para sentir, pensar o so\u00f1ar. So\u00f1ar significa que posees un subconsciente en el cual todo es posible y, en su sue\u00f1o, Elvex sent\u00eda que todo era posible para un robot.<\/p>\n<p style=\"text-align: justify;\">La doctora Rash, al enterarse de la nueva capacidad de Elvex, pide ayuda a la Doctora Calvin, quien tiene mucha experiencia en robots. La doctora le pide a Elvex que le cuente su sue\u00f1o y a medida que \u00e9l se lo cuenta, la doctora Calvin se da cuenta de que la situaci\u00f3n es mucho m\u00e1s complicada de lo que parece, pues Elvex no solo sue\u00f1a sino que en su sue\u00f1o no se encuentra sometido a las Tres Leyes de la Rob\u00f3tica, ya que para \u00e9l solo existe parte de la tercera que es: \u201cLos robots deben proteger su propia existencia\u201d.<\/p>\n<p style=\"text-align: justify;\">Las Tres Leyes de la Rob\u00f3tica son un esquema que busca poner al robot al servicio del hombre. Por lo tanto que un robot tenga la capacidad de pensar, sentir emociones, so\u00f1ar y cuestionar las leyes de la rob\u00f3tica significa que el robot es m\u00e1s humano que robot. Esto es lo que pasa con Elvex quien tiene la capacidad de pensar y sentir emociones, pues en su sue\u00f1o siente que los robots est\u00e1n abrumados por el trabajo y desea que estos puedan descansar, cuando en realidad los robots est\u00e1n dise\u00f1ados para no sentir cansancio. Esto demuestra que el intento de los cient\u00edficos por humanizar a los robots haciendo que piensen por s\u00ed mismos hace que estos entren en conflicto con su principal objetivo que es servir a los humanos.<\/p>\n<p style=\"text-align: justify;\">Al final del cuento la doctora le pide a Elvex que termine de contarle su sue\u00f1o. \u00c9l le dice que aparece un hombre quien pide que liberen a su gente, la doctora Calvin le pregunta si conoc\u00eda al hombre, Elvex le responde que s\u00ed, pues \u00e9l mismo era el hombre, tras esta afirmaci\u00f3n la doctora lo destruye con su arma de electrones por temor a que Elvex cumpla su sue\u00f1o.<\/p>\n<p style=\"text-align: justify;\">Esta \u00faltima parte del cuento nos demuestra la amenaza que representa un robot que quiere ser hombre. Si bien es un gran avance para la rob\u00f3tica tambi\u00e9n representa un gran peligro, ya que los robots ser\u00edan conscientes de que ellos son los oprimidos y nosotros sus opresores Y como cualquier \u201chumano\u201d desear\u00e1n ser libres, desencadenando una serie de rebeliones en la b\u00fasqueda de su libertad que tendr\u00eda como consecuencia su imposici\u00f3n como raza dominante.<\/p>\n","protected":false},"excerpt":{"rendered":"<p>Isaac Asimov fue un escritor y bioqu\u00edmico conocido como uno de los autores m\u00e1s famosos de obras de ciencia ficci\u00f3n y divulgaci\u00f3n cient\u00edfica. Naci\u00f3 en Rusia el 2 de enero de 1920, aunque su familia se traslad\u00f3 a Estado Unidos &hellip; <a href=\"https:\/\/blogs.up.edu.pe\/nubes\/trabajos\/trabajos-finales-ciclo-2014-i\/mely-ann-guzman-espinoza-analisis-de-suenos-de-robot-de-isaac-asimov\/\">Sigue leyendo <span class=\"meta-nav\">&rarr;<\/span><\/a><\/p>\n","protected":false},"author":3,"featured_media":0,"parent":1275,"menu_order":15,"comment_status":"closed","ping_status":"closed","template":"","meta":{"footnotes":""},"class_list":["post-1334","page","type-page","status-publish","hentry"],"_links":{"self":[{"href":"https:\/\/blogs.up.edu.pe\/nubes\/wp-json\/wp\/v2\/pages\/1334","targetHints":{"allow":["GET"]}}],"collection":[{"href":"https:\/\/blogs.up.edu.pe\/nubes\/wp-json\/wp\/v2\/pages"}],"about":[{"href":"https:\/\/blogs.up.edu.pe\/nubes\/wp-json\/wp\/v2\/types\/page"}],"author":[{"embeddable":true,"href":"https:\/\/blogs.up.edu.pe\/nubes\/wp-json\/wp\/v2\/users\/3"}],"replies":[{"embeddable":true,"href":"https:\/\/blogs.up.edu.pe\/nubes\/wp-json\/wp\/v2\/comments?post=1334"}],"version-history":[{"count":3,"href":"https:\/\/blogs.up.edu.pe\/nubes\/wp-json\/wp\/v2\/pages\/1334\/revisions"}],"predecessor-version":[{"id":1336,"href":"https:\/\/blogs.up.edu.pe\/nubes\/wp-json\/wp\/v2\/pages\/1334\/revisions\/1336"}],"up":[{"embeddable":true,"href":"https:\/\/blogs.up.edu.pe\/nubes\/wp-json\/wp\/v2\/pages\/1275"}],"wp:attachment":[{"href":"https:\/\/blogs.up.edu.pe\/nubes\/wp-json\/wp\/v2\/media?parent=1334"}],"curies":[{"name":"wp","href":"https:\/\/api.w.org\/{rel}","templated":true}]}}