{"id":1331,"date":"2014-07-16T14:08:44","date_gmt":"2014-07-16T14:08:44","guid":{"rendered":"https:\/\/blogs.up.edu.pe\/nubes\/\/?page_id=1331"},"modified":"2014-07-16T14:08:44","modified_gmt":"2014-07-16T14:08:44","slug":"victor-fuentes-el-carbunclo-azul-de-sir-arthur-conan-doyle","status":"publish","type":"page","link":"https:\/\/blogs.up.edu.pe\/nubes\/trabajos\/trabajos-finales-ciclo-2014-i\/victor-fuentes-el-carbunclo-azul-de-sir-arthur-conan-doyle\/","title":{"rendered":"Victor Fuentes, \u201c\u2018El carbunclo azul\u2019 de Sir Arthur Conan Doyle\u201d"},"content":{"rendered":"<p align=\"JUSTIFY\">El cuento \u201cEl carbunclo azul\u201d pertenece la corriente policiaca y nos muestra a un Sherlock Holmes en la b\u00fasqueda de una preciosa piedra alojada en el buche de un ganso. El razonamiento y la l\u00f3gica aplicada, si bien es cuento, es de total m\u00e9rito del autor, Sir Arthur Conan Doyle. En ese sentido, haber sido m\u00e9dico de profesi\u00f3n (1882-1890), muchas veces le permiti\u00f3 escudri\u00f1ar en explicaciones fisiol\u00f3gicas o patol\u00f3gicas. Lo anterior podr\u00eda guardar relaci\u00f3n, por ejemplo, con la serie televisiva <i>Dr. House<\/i>. En ella se aprecia a un Holmes moderno <span style=\"font-family: Calibri, sans-serif;\">\u2014<\/span>aunque con una personalidad opuesta<span style=\"font-family: Calibri, sans-serif;\">\u2014<\/span> que sigue la misma metodolog\u00eda para encontrar la verdad.<\/p>\n<p align=\"JUSTIFY\">Luego de leer algunos cuentos de Conan Doyle por vez primera, es posible adelantar que Holmes ser\u00e1 capaz de resolver los enredos que se le presentan. Sin embargo, el autor tiene la excelsa capacidad de hacer que, mientras el personaje lleva acabo su investigaci\u00f3n y se descubren nuevos elementos, el final siempre es sorprendente y solo con su explicaci\u00f3n minuciosa el lector tambi\u00e9n llega a la misma conclusi\u00f3n.<\/p>\n<p align=\"JUSTIFY\">El personaje de Sherlock Holmes aport\u00f3 al g\u00e9nero policiaco una metodolog\u00eda de an\u00e1lisis sustentada enteramente en la deducci\u00f3n, con el fin de eliminar <span style=\"font-family: Calibri, sans-serif;\">\u2014<\/span>y, al menos en sus cuentos lo logra<span style=\"font-family: Calibri, sans-serif;\">\u2014<\/span> cualquier forma de azar. Para alcanzar tal fin, Holmes est\u00e1 dotado de una gran agudeza psicol\u00f3gica que le permite adentrarse en la personalidad de cualquier criminal. Por otro lado, el personaje de Watson, amigo y ayudante en sus investigaciones, aporta la cuota de incredulidad y perplejidad de una persona promedio que goza y queda estupefacta ante el incre\u00edble encadenamiento de las deducciones l\u00f3gicas que escapan del sentido com\u00fan.<\/p>\n<p align=\"JUSTIFY\"><a name=\"_GoBack\"><\/a> Es posible apreciar que al ser Holmes un investigador auxiliar (que ayuda en las investigadores de Scotland Yard y la polic\u00eda), el autor critica las maneras desfasadas y poco efectivas de investigaci\u00f3n de la polic\u00eda de la \u00e9poca. Por tanto, un aporte pr\u00e1ctico podr\u00eda llegar ser el incentivar a las instituciones de investigaci\u00f3n a basar su an\u00e1lisis en la l\u00f3gica y deducci\u00f3n de los hechos circundantes al caso. Estas t\u00e9cnicas ya son usadas por las polic\u00edas modernas y tambi\u00e9n se aprecian en series policiales como <i>White Collar<\/i>, <i>CSI<\/i>, <i>NCIS<\/i>, etc.<\/p>\n<p align=\"JUSTIFY\">El cuento \u201cEl carbunclo azul\u201d se desarrolla en una Londres de fines de 1800, en d\u00edas pr\u00f3ximos a las festividades de Navidad. Consta de una primera parte en la que se relata la historia del delito y una segunda donde se detalla la historia de la investigaci\u00f3n. En ambas partes resulta sencillo mantener la atenci\u00f3n e ilaci\u00f3n de la historia porque la explicaci\u00f3n detallada del razonamiento acompa\u00f1a al lector y resulta sencillo incluso replicarla. De alguna manera, los lectores se vuelven <span style=\"font-family: Calibri, sans-serif;\">\u2014<\/span>al menos, mientas leen<span style=\"font-family: Calibri, sans-serif;\">\u2014<\/span> investigadores dotados de gran capacidad anal\u00edtica. Precisamente esta caracter\u00edstica convierte a este g\u00e9nero literario en mi favorito. \u00bfQui\u00e9n no ha deseado alguna vez convertir los enigmas m\u00e1s dif\u00edciles en simples y sencillas preguntas?<\/p>\n<p align=\"JUSTIFY\">El cuento inicia cuando un recadero le lleva a Holmes un ganso y un sombrero que encontr\u00f3 luego de que los perdiera un borracho al intentar huir del asalto de una pandilla. Luego descubre que en el buche lleva una joya que hab\u00eda sido reportada como robada en un hotel a la condesa de Morcar, crimen por el que hab\u00eda sido acusado un fontanero que trabajaba en la habitaci\u00f3n de la condesa . Por lo tanto, para lograr capturar al verdadero ladr\u00f3n, Holmes empieza a rastrear las evidencias detr\u00e1s del sombrero y el ganso. En el camino se encontr\u00f3 por casualidad con el ladr\u00f3n, qui\u00e9n se delat\u00f3 \u00e9l mismo al no dejar de sudar pese al fr\u00edo. Al final se declar\u00f3 culpable cuando Holmes dej\u00f3 claramente todo lo que sab\u00eda.<\/p>\n","protected":false},"excerpt":{"rendered":"<p>El cuento \u201cEl carbunclo azul\u201d pertenece la corriente policiaca y nos muestra a un Sherlock Holmes en la b\u00fasqueda de una preciosa piedra alojada en el buche de un ganso. El razonamiento y la l\u00f3gica aplicada, si bien es cuento, &hellip; <a href=\"https:\/\/blogs.up.edu.pe\/nubes\/trabajos\/trabajos-finales-ciclo-2014-i\/victor-fuentes-el-carbunclo-azul-de-sir-arthur-conan-doyle\/\">Sigue leyendo <span class=\"meta-nav\">&rarr;<\/span><\/a><\/p>\n","protected":false},"author":3,"featured_media":0,"parent":1275,"menu_order":14,"comment_status":"closed","ping_status":"closed","template":"","meta":{"footnotes":""},"class_list":["post-1331","page","type-page","status-publish","hentry"],"_links":{"self":[{"href":"https:\/\/blogs.up.edu.pe\/nubes\/wp-json\/wp\/v2\/pages\/1331","targetHints":{"allow":["GET"]}}],"collection":[{"href":"https:\/\/blogs.up.edu.pe\/nubes\/wp-json\/wp\/v2\/pages"}],"about":[{"href":"https:\/\/blogs.up.edu.pe\/nubes\/wp-json\/wp\/v2\/types\/page"}],"author":[{"embeddable":true,"href":"https:\/\/blogs.up.edu.pe\/nubes\/wp-json\/wp\/v2\/users\/3"}],"replies":[{"embeddable":true,"href":"https:\/\/blogs.up.edu.pe\/nubes\/wp-json\/wp\/v2\/comments?post=1331"}],"version-history":[{"count":1,"href":"https:\/\/blogs.up.edu.pe\/nubes\/wp-json\/wp\/v2\/pages\/1331\/revisions"}],"predecessor-version":[{"id":1332,"href":"https:\/\/blogs.up.edu.pe\/nubes\/wp-json\/wp\/v2\/pages\/1331\/revisions\/1332"}],"up":[{"embeddable":true,"href":"https:\/\/blogs.up.edu.pe\/nubes\/wp-json\/wp\/v2\/pages\/1275"}],"wp:attachment":[{"href":"https:\/\/blogs.up.edu.pe\/nubes\/wp-json\/wp\/v2\/media?parent=1331"}],"curies":[{"name":"wp","href":"https:\/\/api.w.org\/{rel}","templated":true}]}}