{"id":1328,"date":"2014-07-16T13:06:55","date_gmt":"2014-07-16T13:06:55","guid":{"rendered":"https:\/\/blogs.up.edu.pe\/nubes\/\/?page_id=1328"},"modified":"2014-07-16T13:06:55","modified_gmt":"2014-07-16T13:06:55","slug":"adriana-morales-edgar-allan-poe-y-la-monstruosidad-del-ser-humano","status":"publish","type":"page","link":"https:\/\/blogs.up.edu.pe\/nubes\/trabajos\/trabajos-finales-ciclo-2014-i\/adriana-morales-edgar-allan-poe-y-la-monstruosidad-del-ser-humano\/","title":{"rendered":"Adriana Morales, \u00abEdgar Allan Poe y la monstruosidad del ser humano\u00bb"},"content":{"rendered":"<p align=\"JUSTIFY\">\u00bfQu\u00e9 tan monstruosos somos? \u00bfQu\u00e9 tan monstruosa es la raza humana? \u00bfEs la sociedad quien crea el mal en una persona o la persona nace mala? \u00bfO tal vez ambas? Estas son, sin duda, preguntas que han asaltado nuestra mente al menos una vez en nuestra vida. Y estas son preguntas a las que creo encontrar respuestas parciales cada vez que leo la \u00faltima l\u00ednea de alg\u00fan cuento de Edgar Allan Poe.<\/p>\n<p align=\"JUSTIFY\">Cada vez que leo o releo alg\u00fan cuento de terror de Poe, un escalofr\u00edo se apodera lentamente de m\u00ed, un miedo indescriptible. No es el susto que sientes al ver una pel\u00edcula de terror o de jugar un videojuego verdaderamente terror\u00edfico. Esos son peque\u00f1as impresiones que suceden por estimulaci\u00f3n de tus sentidos. Tal vez grites, te tapes los ojos, no duermas por una semana o un mes pero, eventualmente, dejar\u00e1n de perseguirte \u00bfPor qu\u00e9? Porque sabes que no son reales, son solo sonidos y gr\u00e1ficos.<\/p>\n<p align=\"JUSTIFY\">Sin embargo con Edgar es diferente. No hay im\u00e1genes o sonidos, nada que te haga gritar o te asuste en ese momento, solo hay palabras. No hay estimulaci\u00f3n de sentidos, solo de mente y de alma. Y es por ello que el terror de sus cuentos es m\u00e1s real.<\/p>\n<p align=\"JUSTIFY\">Poe narra sus historias de manera objetiva, sin victimizar o recargar al \u201cmalo\u201d de caracter\u00edsticas negativas. Sus historias est\u00e1n marcadas por la locura, la venganza, la maldad. Poe no te lo \u201cpinta\u201d bonito ni apocal\u00edptico, no te dice que la v\u00edctima es inocente, que no tuvo por qu\u00e9 pasarle lo que le pas\u00f3 o que el victimario no tuvo razones para hacer lo que hizo. Y esto da miedo porque todo eso puede y es replicado en el mundo real. Y es esta verdad lo que atemoriza, no por el cuento en s\u00ed, sino por un temor a la raza humana.<\/p>\n<p align=\"JUSTIFY\">No digo que todos nos vayamos a convertir en asesinos o v\u00edctimas, pero no podemos negar que los sentimientos o las situaciones (con \u00e9nfasis en los negativos) descritos por Poe no suceden en nuestra vida diaria. Lo aceptemos o no, somos susceptibles a que estas situaciones nos cambien para bien o para mal, nos vuelvan seres irracionales o nos lleven a la locura.<\/p>\n<p align=\"JUSTIFY\">Gracias a los cuentos de terror de Edgar Allan Poe, aprend\u00ed que el verdadero miedo no se da por la historia en s\u00ed, sino por los pensamientos y sentimientos que esta despierta en el lector, que el ser humano puede llegar a ser el peor de los monstruos y que todos podemos llegar al punto de no reconocer a la persona en el espejo.<\/p>\n","protected":false},"excerpt":{"rendered":"<p>\u00bfQu\u00e9 tan monstruosos somos? \u00bfQu\u00e9 tan monstruosa es la raza humana? \u00bfEs la sociedad quien crea el mal en una persona o la persona nace mala? \u00bfO tal vez ambas? Estas son, sin duda, preguntas que han asaltado nuestra mente &hellip; <a href=\"https:\/\/blogs.up.edu.pe\/nubes\/trabajos\/trabajos-finales-ciclo-2014-i\/adriana-morales-edgar-allan-poe-y-la-monstruosidad-del-ser-humano\/\">Sigue leyendo <span class=\"meta-nav\">&rarr;<\/span><\/a><\/p>\n","protected":false},"author":3,"featured_media":0,"parent":1275,"menu_order":13,"comment_status":"closed","ping_status":"closed","template":"","meta":{"footnotes":""},"class_list":["post-1328","page","type-page","status-publish","hentry"],"_links":{"self":[{"href":"https:\/\/blogs.up.edu.pe\/nubes\/wp-json\/wp\/v2\/pages\/1328","targetHints":{"allow":["GET"]}}],"collection":[{"href":"https:\/\/blogs.up.edu.pe\/nubes\/wp-json\/wp\/v2\/pages"}],"about":[{"href":"https:\/\/blogs.up.edu.pe\/nubes\/wp-json\/wp\/v2\/types\/page"}],"author":[{"embeddable":true,"href":"https:\/\/blogs.up.edu.pe\/nubes\/wp-json\/wp\/v2\/users\/3"}],"replies":[{"embeddable":true,"href":"https:\/\/blogs.up.edu.pe\/nubes\/wp-json\/wp\/v2\/comments?post=1328"}],"version-history":[{"count":1,"href":"https:\/\/blogs.up.edu.pe\/nubes\/wp-json\/wp\/v2\/pages\/1328\/revisions"}],"predecessor-version":[{"id":1329,"href":"https:\/\/blogs.up.edu.pe\/nubes\/wp-json\/wp\/v2\/pages\/1328\/revisions\/1329"}],"up":[{"embeddable":true,"href":"https:\/\/blogs.up.edu.pe\/nubes\/wp-json\/wp\/v2\/pages\/1275"}],"wp:attachment":[{"href":"https:\/\/blogs.up.edu.pe\/nubes\/wp-json\/wp\/v2\/media?parent=1328"}],"curies":[{"name":"wp","href":"https:\/\/api.w.org\/{rel}","templated":true}]}}