{"id":1320,"date":"2014-07-15T23:01:09","date_gmt":"2014-07-15T23:01:09","guid":{"rendered":"https:\/\/blogs.up.edu.pe\/nubes\/\/?page_id=1320"},"modified":"2014-07-15T23:03:08","modified_gmt":"2014-07-15T23:03:08","slug":"ana-lucia-diaz-arenas-un-dia-de-estos-de-gabriel-garcia-marquez","status":"publish","type":"page","link":"https:\/\/blogs.up.edu.pe\/nubes\/trabajos\/trabajos-finales-ciclo-2014-i\/ana-lucia-diaz-arenas-un-dia-de-estos-de-gabriel-garcia-marquez\/","title":{"rendered":"Ana Luc\u00eda D\u00edaz Arenas, \u201c&#8217;Un d\u00eda de estos&#8217; de Gabriel Garc\u00eda M\u00e1rquez\u201d"},"content":{"rendered":"<p style=\"text-align: justify;\">En el cuento \u201cUn d\u00eda de estos\u201d, Gabriel Garc\u00eda M\u00e1rquez hace un breve relato sobre la situaci\u00f3n de Colombia, donde se estaban viviendo problemas sociales como abuso de poder, violencia y corrupci\u00f3n. El autor emplea un vocabulario sencillo y realiza una cr\u00edtica a la estructura pol\u00edtica dentro de un pa\u00eds donde reina la corrupci\u00f3n.<\/p>\n<p style=\"text-align: justify;\">La historia es narrada dentro de un pueblo peque\u00f1o, donde hab\u00eda un alcalde corrupto, que abusaba de sus facultades. Luego de cinco d\u00edas de no poder conciliar el sue\u00f1o por un grave dolor de muela, el alcalde decide visitar a un odont\u00f3logo sin t\u00edtulo, de edad avanzada, llamado Don Aurelio. Este hombre al principio se reh\u00fasa a atenderlo, sin embargo, termina atendi\u00e9ndolo por temor a ser matado por el mismo alcalde. En esta parte del cuento se puede percibir el abuso de poder de ese tiempo, donde las autoridades pod\u00edan disponer de los servicios de las personas con una amenaza e inculcando miedo. Don Aurelio ve al Coronel demacrado y por un breve momento se conmovi\u00f3 y lo atiende, sin embargo, aprovech\u00f3 la circunstancia para vengarse y le extrae la muela sin usar anestesia, lo cual fue muy doloroso, tal y como lo describe el autor, para el coronel. Mientras extrae la muela, don Aurelio le dice en un tono sarc\u00e1stico: \u201cAqu\u00ed nos paga veinte muertos, teniente\u201d, con lo que da a entender que el dolor que est\u00e1 sintiendo no se compara con las muertes ocasionadas por \u00e9l mismo, pero como ya se sabe, aunque se pueda ver que por un breve momento el pueblo puede defenderse, la mayor\u00eda de las veces la que gana es la oligarqu\u00eda sobre la democracia gracias al poder pol\u00edtico.<\/p>\n<p style=\"text-align: justify;\">Otra caracter\u00edstica de esta obra es que Gabriel Garc\u00eda M\u00e1rquez describe detalles que hacen que el lector pueda hacer volar su imaginaci\u00f3n e introducirse dentro del cuento imaginando las escenas. Por ejemplo, al inicio del relato, se describe muy bien el ambiente donde se desarrollan las acciones: \u201cEl lunes amaneci\u00f3 tibio y sin lluvia\u201d, lo cual nos hace imaginar el lugar y el tiempo del relato. Otras acciones a las que hace referencia el autor son acerca de la corrupci\u00f3n de la ciudad, cuando menciona al alcalde dici\u00e9ndole al dentista: \u201cMe pasa la cuenta\u201d y don Aurelio le pregunta: \u201c\u00bfA usted o a la municipalidad?\u201d, a lo que el alcalde le responde: \u201cEs la misma vaina\u201d, dando a entender que definitivamente hay un abuso de poder y corrupci\u00f3n, se puede reflejar con estas palabras que existe un gobierno local que utiliza el dinero y los recursos de sus pobladores para su propio beneficio, en este caso, para su propio servicio de salud el cual deber\u00eda ser pagado por \u00e9l mismo con su dinero no con el dinero del pueblo.<\/p>\n<p style=\"text-align: justify;\">Se puede concluir al final del relato y reafirmar lo que ya mencion\u00e9 en las l\u00edneas anteriores: un gobierno corrupto simbolizado por medio de este alcalde y sus propias acciones. El autor hace un espejo de la corrupci\u00f3n y abuso de poder mediante este personaje y uno de la humildad del pueblo y s\u00edntomas de venganza por medio del personaje de don Aurelio.<\/p>\n<p style=\"text-align: justify;\">Realmente un gran cuento para poder apreciar la riqueza literaria der Gabriel Garc\u00eda M\u00e1rquez, un cuento breve pero con mucho contenido literario de gran calidad y con un tema muy interesante para ser analizado mediante esta lectura, la corrupci\u00f3n que se practica en gobiernos como Colombia, con un pueblo totalmente humillado por sus gobernantes al intentar sembrar su pol\u00edtica con acciones como el robo, abuso de poder, maltrato, entre otros.<\/p>\n","protected":false},"excerpt":{"rendered":"<p>En el cuento \u201cUn d\u00eda de estos\u201d, Gabriel Garc\u00eda M\u00e1rquez hace un breve relato sobre la situaci\u00f3n de Colombia, donde se estaban viviendo problemas sociales como abuso de poder, violencia y corrupci\u00f3n. El autor emplea un vocabulario sencillo y realiza &hellip; <a href=\"https:\/\/blogs.up.edu.pe\/nubes\/trabajos\/trabajos-finales-ciclo-2014-i\/ana-lucia-diaz-arenas-un-dia-de-estos-de-gabriel-garcia-marquez\/\">Sigue leyendo <span class=\"meta-nav\">&rarr;<\/span><\/a><\/p>\n","protected":false},"author":3,"featured_media":0,"parent":1275,"menu_order":11,"comment_status":"closed","ping_status":"closed","template":"","meta":{"footnotes":""},"class_list":["post-1320","page","type-page","status-publish","hentry"],"_links":{"self":[{"href":"https:\/\/blogs.up.edu.pe\/nubes\/wp-json\/wp\/v2\/pages\/1320","targetHints":{"allow":["GET"]}}],"collection":[{"href":"https:\/\/blogs.up.edu.pe\/nubes\/wp-json\/wp\/v2\/pages"}],"about":[{"href":"https:\/\/blogs.up.edu.pe\/nubes\/wp-json\/wp\/v2\/types\/page"}],"author":[{"embeddable":true,"href":"https:\/\/blogs.up.edu.pe\/nubes\/wp-json\/wp\/v2\/users\/3"}],"replies":[{"embeddable":true,"href":"https:\/\/blogs.up.edu.pe\/nubes\/wp-json\/wp\/v2\/comments?post=1320"}],"version-history":[{"count":2,"href":"https:\/\/blogs.up.edu.pe\/nubes\/wp-json\/wp\/v2\/pages\/1320\/revisions"}],"predecessor-version":[{"id":1323,"href":"https:\/\/blogs.up.edu.pe\/nubes\/wp-json\/wp\/v2\/pages\/1320\/revisions\/1323"}],"up":[{"embeddable":true,"href":"https:\/\/blogs.up.edu.pe\/nubes\/wp-json\/wp\/v2\/pages\/1275"}],"wp:attachment":[{"href":"https:\/\/blogs.up.edu.pe\/nubes\/wp-json\/wp\/v2\/media?parent=1320"}],"curies":[{"name":"wp","href":"https:\/\/api.w.org\/{rel}","templated":true}]}}