{"id":1314,"date":"2014-07-15T22:48:17","date_gmt":"2014-07-15T22:48:17","guid":{"rendered":"https:\/\/blogs.up.edu.pe\/nubes\/\/?page_id=1314"},"modified":"2014-07-15T22:49:12","modified_gmt":"2014-07-15T22:49:12","slug":"nicole-cazorla-bertoli-edgar-allan-poe","status":"publish","type":"page","link":"https:\/\/blogs.up.edu.pe\/nubes\/trabajos\/trabajos-finales-ciclo-2014-i\/nicole-cazorla-bertoli-edgar-allan-poe\/","title":{"rendered":"Nicole Cazorla Bertoli, \u00abEdgar Allan Poe\u00bb"},"content":{"rendered":"<p align=\"RIGHT\"><i>Those who dream by day are cognizant of many things that escape those who dream only by night.<\/i><\/p>\n<p align=\"RIGHT\">Edgar Allan Poe<\/p>\n<p align=\"JUSTIFY\">Edgar Allan Poe, nacido en 1809 en Estados Unidos, fue un escritor reconocido universalmente por ser un maestro en los cuentos cortos. Perteneci\u00f3 a la \u00e9poca del romantiscimo oscuro, g\u00e9nero que surgi\u00f3 en Estados Unidos y Poe fue uno de sus principales representantes. Este g\u00e9nero se caracteriza por demostrar la naturaleza imperfecta del ser humano; como consecuencia, sus personajes son propensos al pecado y a la autodestrucci\u00f3n, los cuales se pueden encontrar en varios cuentos de este autor. Uno de los elementos diferenciales de sus obras es la forma como transmite los sentimientos y describe las acciones, de manera que uno puede sentirse en la escena, viviendo cada pasaje, entendiendo los sentimientos y razones por las cuales el ser humano puede cometer aquellas atrocidades. No solo se presenta el \u00e1mbito del terror, sino tambi\u00e9n la naturaleza del ser humano, en especial sus instintos y c\u00f3mo estos influencian en gran medida sus comportamientos y actitudes.<\/p>\n<p align=\"JUSTIFY\">La vida de Poe fue muy dif\u00edcil, no solo tuvo que enfrentar el hecho de quedar hu\u00e9rfano, sino tambi\u00e9n la muerte de su hermano mayor, Henry, a ra\u00edz del alcoholismo. Considero que cada persona en este mundo tiene una forma de expresar o liberar aquellas emociones que tiene escondidas a ra\u00edz de tragedias o infortunios. Algunos lloran, algunos se esconden de la realidad, algunos recurren a excesos, otros ponen en riesgo sus propias vidas. Poe decidi\u00f3 plasmarlas en su escritura. Sus temas m\u00e1s representativos son la venganza, la muerte, la culpa, la influencia de sustancias como el acohol y el opio, y la violencia. Estos a su vez, pueden ser consecuencias desencadenadas al tratar de asimilar sucesos que marcan nuestras vidas.<\/p>\n<p align=\"JUSTIFY\">Si bien Poe tiene obras muy diversas, mi cuento favorito es \u201cEl gato negro\u201d, donde Poe demuestra c\u00f3mo la adicci\u00f3n al alcohol puede tener consecuencias fatales y desencadenar comportamientos inhumanos en las personas. Es importante resaltar que el autor tuvo problemas con el alcohol a lo largo de su vida. Si bien se inform\u00f3 que la causa de su muerte fue una congesti\u00f3n o inflamaci\u00f3n cerebral, muchos sospechan que su alcoholismo estuvo relacionado a su destino fatal. En el cuento, aun cuando el narrador ten\u00eda una gran afinidad por su esposa y su gato, Pluto, la bebida desencaden\u00f3 la furia y violencia en \u00e9l, llegando a da\u00f1ar a los seres que m\u00e1s quer\u00eda en ese momento.<\/p>\n<p align=\"JUSTIFY\">No creo que las historias de Edgar Allan Poe se traten solo de terror, creo que busca explicar tambi\u00e9n la psicolog\u00eda del ser humano. Cada acci\u00f3n que desarrollan sus personajes tiene una explicaci\u00f3n que por lo menos es l\u00f3gica para ellos, o tiene una raz\u00f3n en el fondo. Las cosas no pasan por nada. En el cuento, se puede analizar una de las caracter\u00edsticas de Poe, su enfoque en los detalles. Como la frase conocida, \u201cLa magia est\u00e1 en los detalles\u201d, en el cuento uno de los factores que desencaden\u00f3 a\u00fan m\u00e1s la furia del narrador fue la mancha blanca en forma de horca en el nuevo gato negro, tras haber ahorcardo a Pluto, adem\u00e1s de la impresi\u00f3n en la pared que representaba un gato siendo ahorcado. Son aquellos detalles los que persiguen al autor hasta el punto que llega a un estado de locura, como fue tambi\u00e9n el caso de la obra \u201cEl coraz\u00f3n delator\u201d, donde, como su nombre lo dice, el narrador no pudo soportar m\u00e1s la culpa ya que el sonido del latido del coraz\u00f3n de su v\u00edctima lo persegu\u00eda y retumbaba en sus o\u00eddos, lo cual hizo que se delatara a s\u00ed mismo frente a los polic\u00edas.<\/p>\n<p align=\"JUSTIFY\">La mayor\u00eda de personas busca rescatar un significado o una lecci\u00f3n de cada cuento que lee, en el caso de los cuentos de Poe, no siempre se puede rescatar alguna lecci\u00f3n, sino m\u00e1s bien comprender una faceta nueva del ser humano, comprender que todos cometemos errores, todos pasamos por momentos dif\u00edciles que no sabemos c\u00f3mo enfrentar, por lo que a veces nuestros instintos nos vuelven irreconocibles.<\/p>\n","protected":false},"excerpt":{"rendered":"<p>Those who dream by day are cognizant of many things that escape those who dream only by night. Edgar Allan Poe Edgar Allan Poe, nacido en 1809 en Estados Unidos, fue un escritor reconocido universalmente por ser un maestro en &hellip; <a href=\"https:\/\/blogs.up.edu.pe\/nubes\/trabajos\/trabajos-finales-ciclo-2014-i\/nicole-cazorla-bertoli-edgar-allan-poe\/\">Sigue leyendo <span class=\"meta-nav\">&rarr;<\/span><\/a><\/p>\n","protected":false},"author":3,"featured_media":0,"parent":1275,"menu_order":10,"comment_status":"closed","ping_status":"closed","template":"","meta":{"footnotes":""},"class_list":["post-1314","page","type-page","status-publish","hentry"],"_links":{"self":[{"href":"https:\/\/blogs.up.edu.pe\/nubes\/wp-json\/wp\/v2\/pages\/1314","targetHints":{"allow":["GET"]}}],"collection":[{"href":"https:\/\/blogs.up.edu.pe\/nubes\/wp-json\/wp\/v2\/pages"}],"about":[{"href":"https:\/\/blogs.up.edu.pe\/nubes\/wp-json\/wp\/v2\/types\/page"}],"author":[{"embeddable":true,"href":"https:\/\/blogs.up.edu.pe\/nubes\/wp-json\/wp\/v2\/users\/3"}],"replies":[{"embeddable":true,"href":"https:\/\/blogs.up.edu.pe\/nubes\/wp-json\/wp\/v2\/comments?post=1314"}],"version-history":[{"count":3,"href":"https:\/\/blogs.up.edu.pe\/nubes\/wp-json\/wp\/v2\/pages\/1314\/revisions"}],"predecessor-version":[{"id":1318,"href":"https:\/\/blogs.up.edu.pe\/nubes\/wp-json\/wp\/v2\/pages\/1314\/revisions\/1318"}],"up":[{"embeddable":true,"href":"https:\/\/blogs.up.edu.pe\/nubes\/wp-json\/wp\/v2\/pages\/1275"}],"wp:attachment":[{"href":"https:\/\/blogs.up.edu.pe\/nubes\/wp-json\/wp\/v2\/media?parent=1314"}],"curies":[{"name":"wp","href":"https:\/\/api.w.org\/{rel}","templated":true}]}}