{"id":1301,"date":"2014-07-15T19:09:30","date_gmt":"2014-07-15T19:09:30","guid":{"rendered":"https:\/\/blogs.up.edu.pe\/nubes\/\/?page_id=1301"},"modified":"2014-07-15T19:09:30","modified_gmt":"2014-07-15T19:09:30","slug":"rolando-angeles-alienacion-de-julio-ramon-ribeyro","status":"publish","type":"page","link":"https:\/\/blogs.up.edu.pe\/nubes\/trabajos\/trabajos-finales-ciclo-2014-i\/rolando-angeles-alienacion-de-julio-ramon-ribeyro\/","title":{"rendered":"Rolando \u00c1ngeles, \u00ab&#8216;Alienaci\u00f3n&#8217; de Julio Ram\u00f3n Ribeyro\u00bb"},"content":{"rendered":"<p style=\"text-align: justify;\">\u201cAlienaci\u00f3n\u201d, escrito en Par\u00eds en 1954 por Julio Ram\u00f3n Ribeyro, es una lectura que me gusto mucho. Posee, en mi opini\u00f3n, una historia muy original acerca del sue\u00f1o americano, la cual se enriquece con la introducci\u00f3n de aspectos caracter\u00edsticos de la cultura lime\u00f1a de la \u00e9poca, pero la introducci\u00f3n de estos aspectos no solo se circunscribe a la descripci\u00f3n de pasajes anecd\u00f3ticos propios de la cultura local, sino que tambi\u00e9n son introducidos en el argumento, lo cual en mi opini\u00f3n es una de las mejores herramientas que emplea el autor en el desarrollo del cuento, lo refresca y familiariza al lector con \u00e9l. Ejemplos de ello son frases como: \u201cquer\u00eda parecerse menos a un zaguero de Alianza Lima\u201d, \u201cPeluca Rodr\u00edguez escribi\u00f3 un soneto realmente cojudo\u201d, o el uso de t\u00e9rminos como \u201cpachamanqueado\u201d o \u201chuat\u00f3n\u201d.<\/p>\n<p style=\"text-align: justify;\">El cuento trata acerca de la versi\u00f3n peruana del sue\u00f1o americano. El protagonista, Roberto L\u00f3pez, es una persona pobre y de raza negra, que durante su ni\u00f1ez se enamora de Queca, la reina de la pandilla. Roberto se sienta todas las tardes en la cercan\u00eda del grupo que juega en la plaza Bolognesi, esperando la oportunidad de acercarse a Queca, y cuando finalmente esta llega, Queca lo desprecia, producto del prejuicio y el racismo de la \u00e9poca. Este triste episodio marcar\u00e1 de por vida a Roberto, har\u00e1 que desarrolle un desprecio hacia su propia identidad, a la vez que desarrolla una admiraci\u00f3n hacia los norteamericanos, en especial por su cultura, debido a que nota que ellos disfrutan de diversos favores en nuestra sociedad. A partir de esto, Roberto empieza con la tarea de migraci\u00f3n hacia su nueva identidad, primero en el aspecto f\u00edsico y luego en el aspecto cultural y de personalidad. Sin embargo, este proceso contranatural genera el desprecio de la sociedad, por lo que Roberto y su amigo Jos\u00e9 Mar\u00eda encuentran como \u00fanica alternativa de liberaci\u00f3n ante tanto desprecio y odio por parte de Lima, realizar el viaje de sus vidas a los Estados Unidos, donde encontrar\u00edan un mejor futuro, donde no ser\u00edan juzgados por sus anhelos y podr\u00edan realizar el sue\u00f1o americano.<\/p>\n<p style=\"text-align: justify;\">El desenlace de la historia es tr\u00e1gico puesto que al llegar a Estados Unidos, Roberto y Jos\u00e9 descubren que la realidad en ese pa\u00eds es otra, ah\u00ed se encontraron todos aquellos que compart\u00edan el sue\u00f1o americano, todos profesaban una admiraci\u00f3n hacia la cultura norteamericana y hab\u00edan llegado desde todas partes del mundo. En ese pa\u00eds, la indiferencia hacia los inmigrantes era igual o peor. As\u00ed, los d\u00edas de Roberto y Jos\u00e9 fueron muy dif\u00edciles, sobre todo por los pocos recursos que pose\u00edan.<\/p>\n<p style=\"text-align: justify;\">Finalmente, y como \u00fanica forma de conseguir la ciudadan\u00eda, Roberto y Jos\u00e9 se enrolaron en el ej\u00e9rcito, durante el conflicto en Vietnam. Una vez ah\u00ed, Roberto muri\u00f3 producto de un balazo en la cabeza, mientras que Jos\u00e9 logr\u00f3 sobrevivir aunque perdi\u00f3 un brazo.<\/p>\n<p style=\"text-align: justify;\">A manera de conclusi\u00f3n, creo que \u201cAlienaci\u00f3n\u201d es un relato que principalmente critica el pensamiento de la \u00e9poca, es decir, ese deseo de los peruanos de establecerse en Estados Unidos, la tierra de los sue\u00f1os. Tambi\u00e9n desarrolla la manera c\u00f3mo algunos hechos de nuestra infancia pueden marcarnos para toda la vida, as\u00ed como la historia utiliza el desprecio de Queca, existen otros muchos hechos que nos cambian para siempre. Y cuando el dolor es grande, las personas tratamos de afrontarlo, sin embargo, a veces es tan fuerte, que las personas nunca vuelven a ser las de antes.<\/p>\n","protected":false},"excerpt":{"rendered":"<p>\u201cAlienaci\u00f3n\u201d, escrito en Par\u00eds en 1954 por Julio Ram\u00f3n Ribeyro, es una lectura que me gusto mucho. Posee, en mi opini\u00f3n, una historia muy original acerca del sue\u00f1o americano, la cual se enriquece con la introducci\u00f3n de aspectos caracter\u00edsticos de &hellip; <a href=\"https:\/\/blogs.up.edu.pe\/nubes\/trabajos\/trabajos-finales-ciclo-2014-i\/rolando-angeles-alienacion-de-julio-ramon-ribeyro\/\">Sigue leyendo <span class=\"meta-nav\">&rarr;<\/span><\/a><\/p>\n","protected":false},"author":3,"featured_media":0,"parent":1275,"menu_order":5,"comment_status":"closed","ping_status":"closed","template":"","meta":{"footnotes":""},"class_list":["post-1301","page","type-page","status-publish","hentry"],"_links":{"self":[{"href":"https:\/\/blogs.up.edu.pe\/nubes\/wp-json\/wp\/v2\/pages\/1301","targetHints":{"allow":["GET"]}}],"collection":[{"href":"https:\/\/blogs.up.edu.pe\/nubes\/wp-json\/wp\/v2\/pages"}],"about":[{"href":"https:\/\/blogs.up.edu.pe\/nubes\/wp-json\/wp\/v2\/types\/page"}],"author":[{"embeddable":true,"href":"https:\/\/blogs.up.edu.pe\/nubes\/wp-json\/wp\/v2\/users\/3"}],"replies":[{"embeddable":true,"href":"https:\/\/blogs.up.edu.pe\/nubes\/wp-json\/wp\/v2\/comments?post=1301"}],"version-history":[{"count":1,"href":"https:\/\/blogs.up.edu.pe\/nubes\/wp-json\/wp\/v2\/pages\/1301\/revisions"}],"predecessor-version":[{"id":1302,"href":"https:\/\/blogs.up.edu.pe\/nubes\/wp-json\/wp\/v2\/pages\/1301\/revisions\/1302"}],"up":[{"embeddable":true,"href":"https:\/\/blogs.up.edu.pe\/nubes\/wp-json\/wp\/v2\/pages\/1275"}],"wp:attachment":[{"href":"https:\/\/blogs.up.edu.pe\/nubes\/wp-json\/wp\/v2\/media?parent=1301"}],"curies":[{"name":"wp","href":"https:\/\/api.w.org\/{rel}","templated":true}]}}