{"id":1293,"date":"2014-07-15T18:39:42","date_gmt":"2014-07-15T18:39:42","guid":{"rendered":"https:\/\/blogs.up.edu.pe\/nubes\/\/?page_id=1293"},"modified":"2014-07-15T18:41:25","modified_gmt":"2014-07-15T18:41:25","slug":"claudia-cecilia-tello-inspiracion-lejana","status":"publish","type":"page","link":"https:\/\/blogs.up.edu.pe\/nubes\/trabajos\/trabajos-finales-ciclo-2014-i\/claudia-cecilia-tello-inspiracion-lejana\/","title":{"rendered":"Claudia Cecilia Tello, \u00abInspiraci\u00f3n lejana\u00bb"},"content":{"rendered":"<p style=\"text-align: justify;\"><img loading=\"lazy\" decoding=\"async\" class=\"alignleft  wp-image-1295\" alt=\"Chimamanda Ngozi Adichie\" src=\"https:\/\/blogs.up.edu.pe\/nubes\/\/wp-content\/uploads\/2014\/07\/05-Claudia-Tello-img1.jpg\" width=\"179\" height=\"192\" srcset=\"https:\/\/blogs.up.edu.pe\/nubes\/wp-content\/uploads\/2014\/07\/05-Claudia-Tello-img1.jpg 374w, https:\/\/blogs.up.edu.pe\/nubes\/wp-content\/uploads\/2014\/07\/05-Claudia-Tello-img1-280x300.jpg 280w\" sizes=\"auto, (max-width: 179px) 100vw, 179px\" \/>Chimamanda Ngozi Adichie naci\u00f3 en Nigeria en 1977. Es una escritora especializada en relatos breves. Ella misma se define de este modo cuando comienza su charla TED diciendo: \u201cCuento historias\u201d (\u201c<em>I\u2019m a storyteller<\/em>\u201d). No obstante, hasta el momento, ha publicado tambi\u00e9n tres novelas (<em>La flor p\u00farpura<\/em>, <em>Medio sol amarillo<\/em> y <em>Americanah<\/em>) que han sido ampliamente aclamadas por la cr\u00edtica y la han hecho acreedora a diversos premios. Sus obras abordan principalmente temas como discriminaci\u00f3n, g\u00e9nero, historia y amor.<\/p>\n<p style=\"text-align: justify;\">Eleg\u00ed a esta autora porque, en mi opini\u00f3n, puede inspirar a muchos j\u00f3venes, debido a que, a pesar de haber nacido dentro de una familia de clase media y haber tenido la oportunidad de asistir a la universidad en Estados Unidos, lucha continuamente para mejorar los problemas sociales persistentes en el mundo y difundir la cultura de su pa\u00eds natal.<\/p>\n<p style=\"text-align: justify;\">A su corta edad (36 a\u00f1os), ha publicado un gran n\u00famero de cuentos, principalmente en diarios como <em>The Guardian<\/em> y <em>The New Yorker<\/em>. El cuento le\u00eddo en el curso, \u201cUna experiencia privada\u201d (\u201c<a href=\"http:\/\/www.theguardian.com\/books\/2008\/dec\/28\/chimamanda-ngozi-adichie-short-story\"><em>A private experience<\/em><\/a>\u201d), fue publicado originalmente en <em>The Guardian<\/em> en 2008. Es uno de los cuentos que componen la antolog\u00eda <em>Algo alrededor de tu cuello<\/em> (The thing around your neck). Este relato narra la historia de Chika, una joven nigeriana cat\u00f3lica, quien, en medio de una revuelta, conoce a una mujer nigeriana musulmana que la ayuda a esconderse. Utilizando una excelente estrategia narrativa en la cual adelanta detalles futuros, Adichie logra que el lector mantenga el suspenso hasta el final de la historia y le deja un gran mensaje.<\/p>\n<p style=\"text-align: justify;\">Otro relato que me gustar\u00eda destacar es \u201cCelda Uno\u201d (\u201c<a href=\"http:\/\/www.newyorker.com\/fiction\/features\/2007\/01\/29\/070129fi_fiction_adichie?currentPage=all\"><em>Cell One<\/em><\/a>\u201d), el cual fue publicado en <em>The New Yorker<\/em> en 2007. Este cuento narra la historia de Nnamabia, un joven que luego de cometer algunos actos delictivos es enviado a prisi\u00f3n. En esta historia Adichie muestra c\u00f3mo existen hechos que pueden marcar a una persona para siempre y ayudarla a cambiar.<\/p>\n<p style=\"text-align: justify;\"><img loading=\"lazy\" decoding=\"async\" class=\"alignright  wp-image-1296\" alt=\"Medio Sol amarillo\" src=\"https:\/\/blogs.up.edu.pe\/nubes\/\/wp-content\/uploads\/2014\/07\/05-Claudia-Tello-img2.jpg\" width=\"210\" height=\"312\" srcset=\"https:\/\/blogs.up.edu.pe\/nubes\/wp-content\/uploads\/2014\/07\/05-Claudia-Tello-img2.jpg 350w, https:\/\/blogs.up.edu.pe\/nubes\/wp-content\/uploads\/2014\/07\/05-Claudia-Tello-img2-201x300.jpg 201w\" sizes=\"auto, (max-width: 210px) 100vw, 210px\" \/>Su primera novela, <em>La flor p\u00farpura<\/em> (Purple Hibiscus) fue publicada en 2003 y la hizo acreedora del premio al \u201cMejor Primer Libro\u201d otorgado por la organizaci\u00f3n de Escritores del Commonwealth. Posteriormente, en 2006, public\u00f3 la novela <em>Medio sol amarillo<\/em> (Half of a Yellow Sun), que narra la historia de cinco personajes durante la guerra de Biafra y ha sido adaptada en una <a href=\"https:\/\/www.youtube.com\/watch?v=7xrdaf2pq3Q\">pel\u00edcula<\/a> del mismo nombre. <em>Americanah<\/em>, su \u00faltima novela, fue publicada en 2013. Relata la historia de amor entre Ifemelu y Obinze, quienes se separan cuando Ifemelu se muda a Estados Unidos, y se reencuentran muchos a\u00f1os despu\u00e9s en Nigeria. Esta novela hace \u00e9nfasis en el tema del racismo y le otorg\u00f3 el \u201cPremio Nacional del Libro\u201d del C\u00edrculo de Cr\u00edticos de Estados Unidos.<\/p>\n<p style=\"text-align: justify;\">Chimamanda Ngozi Adichie ha inspirado a mucha gente alrededor del mundo a trav\u00e9s de sus charlas. En 2009 realiz\u00f3 la conferencia \u201cEl peligro de una sola historia\u201d (\u201c<a href=\"http:\/\/www.ted.com\/talks\/chimamanda_adichie_the_danger_of_a_single_story\"><em>The danger of a single story<\/em><\/a>\u201d) para TED, en la cual sostiene que cuando se repite la misma historia sobre alguien una y otra vez, al final esa persona termina convirti\u00e9ndose en eso para todos los dem\u00e1s. Por eso, seg\u00fan Adichie, las historias \u00fanicas \u201croban la dignidad de las personas\u201d (\u201c<em>It robs people of dignity<\/em>\u201d). Luego, en 2012, dio la charla \u201cTodos deber\u00edamos ser feministas\u201d (\u201c<a href=\"https:\/\/www.youtube.com\/watch?v=hg3umXU_qWc\"><em>We should all be feminists<\/em><\/a>\u201d) para TEDxEuston, donde analiza la discriminaci\u00f3n por g\u00e9nero, la cual obliga tanto a hombres como a mujeres a asumir roles que no necesariamente desean. Adichie se\u00f1ala que se encuentra enojada por los problemas de g\u00e9nero actuales. Sin embargo, reconoce en el enojo un gran potencial para incentivar un cambio positivo. Cito la siguiente frase para recalcar la posici\u00f3n de la autora: \u201cEl problema con el g\u00e9nero es que prescribe c\u00f3mo debemos ser, en vez de reconocer c\u00f3mo somos\u201d. (\u201c<em>The problem with gender is that it prescribes how we should be, rather than recognizing how we are<\/em>.\u201d)<\/p>\n<p style=\"text-align: justify;\">Adichie concluye la charla proponiendo una definici\u00f3n propia de feminista. Para ella, feminista es el hombre o la mujer que reconoce que existe un problema de g\u00e9nero vigente y reconoce la importancia de solucionarlo. Esta charla inspir\u00f3 la canci\u00f3n \u201c<a href=\"https:\/\/www.youtube.com\/watch?v=IBe9Vtodzg4&amp;feature=kp\"><em>Flawless<\/em><\/a>\u201d (\u201cPerfecta\u201d) de Beyonc\u00e9, en la cual pueden escucharse extractos de la charla de Adichie.<\/p>\n<p style=\"text-align: justify;\">Por \u00faltimo, me gustar\u00eda terminar hablando sobre la charla que la autora realiz\u00f3 en la conferencia del Commonwealth denominada \u201cConectando culturas\u201d (\u201c<a href=\"https:\/\/www.youtube.com\/watch?v=vmsYJDP8g2U\"><em>Connecting cultures<\/em><\/a>\u201d). En esta conferencia, Adichie resalta la habilidad de los libros para ampliar la imaginaci\u00f3n del lector. Adem\u00e1s, analiza la diferencia entre los hechos y la verdad. La verdad corresponde a las historias de las personas que vivieron los hechos y es justamente en este aspecto que reside la importancia de la literatura. Dentro de mi perspectiva de economista fue impactante reconocer la importancia de conocer las historias detr\u00e1s de las cifras. Termino este post con una cita en la cual Chimamanda Adichie explica por qu\u00e9 escribe:<\/p>\n<p style=\"text-align: justify; padding-left: 30px;\">Escribo porque tengo que hacerlo. Escribo porque amo la soledad de escribir. Porque amo la sensaci\u00f3n casi m\u00edstica de crear personajes que, a veces, me hablan. Porque amo la posibilidad de conmover a otro ser humano con mis obras\u201d.<\/p>\n<p style=\"text-align: justify; padding-left: 30px;\">(<em>I write because I have to. I write because I love the solitude of writing. Because I love the near-mystical sense of creating characters who sometimes speak to me. Because I love the possibility of touching another human being with my work.<\/em>)<\/p>\n","protected":false},"excerpt":{"rendered":"<p>Chimamanda Ngozi Adichie naci\u00f3 en Nigeria en 1977. Es una escritora especializada en relatos breves. Ella misma se define de este modo cuando comienza su charla TED diciendo: \u201cCuento historias\u201d (\u201cI\u2019m a storyteller\u201d). No obstante, hasta el momento, ha publicado &hellip; <a href=\"https:\/\/blogs.up.edu.pe\/nubes\/trabajos\/trabajos-finales-ciclo-2014-i\/claudia-cecilia-tello-inspiracion-lejana\/\">Sigue leyendo <span class=\"meta-nav\">&rarr;<\/span><\/a><\/p>\n","protected":false},"author":3,"featured_media":0,"parent":1275,"menu_order":5,"comment_status":"closed","ping_status":"closed","template":"","meta":{"footnotes":""},"class_list":["post-1293","page","type-page","status-publish","hentry"],"_links":{"self":[{"href":"https:\/\/blogs.up.edu.pe\/nubes\/wp-json\/wp\/v2\/pages\/1293","targetHints":{"allow":["GET"]}}],"collection":[{"href":"https:\/\/blogs.up.edu.pe\/nubes\/wp-json\/wp\/v2\/pages"}],"about":[{"href":"https:\/\/blogs.up.edu.pe\/nubes\/wp-json\/wp\/v2\/types\/page"}],"author":[{"embeddable":true,"href":"https:\/\/blogs.up.edu.pe\/nubes\/wp-json\/wp\/v2\/users\/3"}],"replies":[{"embeddable":true,"href":"https:\/\/blogs.up.edu.pe\/nubes\/wp-json\/wp\/v2\/comments?post=1293"}],"version-history":[{"count":4,"href":"https:\/\/blogs.up.edu.pe\/nubes\/wp-json\/wp\/v2\/pages\/1293\/revisions"}],"predecessor-version":[{"id":1300,"href":"https:\/\/blogs.up.edu.pe\/nubes\/wp-json\/wp\/v2\/pages\/1293\/revisions\/1300"}],"up":[{"embeddable":true,"href":"https:\/\/blogs.up.edu.pe\/nubes\/wp-json\/wp\/v2\/pages\/1275"}],"wp:attachment":[{"href":"https:\/\/blogs.up.edu.pe\/nubes\/wp-json\/wp\/v2\/media?parent=1293"}],"curies":[{"name":"wp","href":"https:\/\/api.w.org\/{rel}","templated":true}]}}