{"id":1286,"date":"2014-07-15T17:41:46","date_gmt":"2014-07-15T17:41:46","guid":{"rendered":"https:\/\/blogs.up.edu.pe\/nubes\/\/?page_id=1286"},"modified":"2014-07-15T17:41:46","modified_gmt":"2014-07-15T17:41:46","slug":"kathia-maynetto-suenos-de-robot-de-isaac-asimov","status":"publish","type":"page","link":"https:\/\/blogs.up.edu.pe\/nubes\/trabajos\/trabajos-finales-ciclo-2014-i\/kathia-maynetto-suenos-de-robot-de-isaac-asimov\/","title":{"rendered":"Kathia Maynetto, \u00ab&#8216;Sue\u00f1os de robot&#8217; de Isaac Asimov\u00bb"},"content":{"rendered":"<p style=\"text-align: justify;\">En el cuento \u201cSue\u00f1os de Robot\u201d de Isaac Asimov se tocan temas no tan futuristas ya que hoy en d\u00eda muchas empresas ya emplean robots como parte de su mano de obra, pero m\u00e1s que todo para cosas muy mec\u00e1nicas como acomodar cajas en almacenes o realizar actividades que no requieran alg\u00fan tipo de comunicaci\u00f3n directa con los seres humanos; solo se les programa para que practiquen la misma actividad siempre. Sin embargo, en el caso del cuento, Elvex, el robot, manten\u00eda conversaciones con Susan y Linda, quienes eran las cient\u00edficas del laboratorio de creaci\u00f3n de seres como Elvex. De una manera a\u00fan subordinada, Elvex obedec\u00eda las \u00f3rdenes de estas doctoras.<\/p>\n<p style=\"text-align: justify;\">Al momento de crearlo le dejaron en claro las tres principales normas a seguir en su vida de robot. La primera era: \u201cUn robot no debe da\u00f1ar a un ser humano, o, por inacci\u00f3n, permitir que sufra da\u00f1o un ser humano\u201d; la segunda: \u201cUn robot debe obedecer las \u00f3rdenes dadas por los seres humanos excepto cuando dichas \u00f3rdenes est\u00e9n en conflicto con la primera ley\u201d, y por \u00faltimo, la tercera ley: \u201cUn robot debe proteger su propia existencia\u201d. es decir, la creaci\u00f3n de los robots ten\u00eda un fin y era el de proteger la permanencia de la humanidad y, si bien estas m\u00e1quinas no ten\u00edan problemas en hacerlo, algo empezaba a cambiar en su naturaleza y era que, al momento de integrarlos, a\u00f1adieron conocimientos nuevos que les permit\u00edan so\u00f1ar y hasta tener sentimientos que no pod\u00edan controlar.<\/p>\n<p style=\"text-align: justify;\">Esta es la parte que m\u00e1s me atrae de este cuento, que los robots tengan esa similitud con los seres humanos, con la capacidad de pensar, sentir y hasta so\u00f1ar. Estas son acciones que tal vez hoy en d\u00eda vemos muy lejano que sucedan en nuestro mundo pero, \u00bfqu\u00e9 pasar\u00e1 cuando llegue ese momento? \u00bfEstaremos preparados y dispuestos a compartir nuestra vida cotidiana con seres como estos? La mejor manera de imaginar un estilo de vida as\u00ed es a trav\u00e9s de la pel\u00edcula Yo robot, protagonizada por Will Smith, en la cual se ve un mundo futuro en donde los seres humanos y los robots trabajan juntos y viven a la par, siendo estos robots la principal fuente de mano de obra para los seres humanos. Sin embargo, no contaban con el hecho de que estos se volv\u00edan cada vez m\u00e1s h\u00e1biles y empezaban a priorizar la supervivencia de su especie rob\u00f3tica. Sus pensamientos iban m\u00e1s all\u00e1 de solo ser un trabajador para los seres humanos, buscaban ser los protagonistas del mundo, reinar sobre nuestra existencia hasta llegar al punto de revertir los papeles, es decir, ser ellos los amos y los humanos los que obedecen \u00f3rdenes.<\/p>\n<p style=\"text-align: justify;\">Me pregunto \u00bfcu\u00e1l ser\u00eda el destino de nuestro mundo si nos vi\u00e9ramos traicionados e invadidos por los robots? \u00bfRealmente el ser humano puede llegar a confiar tanto en los robots hasta llegar al punto de no darse cuenta de que estos pueden tener malas intenciones? Personalmente creo que es una idea espantosa, es algo que logra asustarme al punto de ponerme la \u201cpiel de gallina\u201d, ya que ser\u00eda terrible que pasen de ser nuestro apoyo a nuestro enemigo. No imagino una guerra entre los humanos y los robots, la inteligencia humana no tiene l\u00edmites pero, la de los robots, \u00bflos tiene? \u00bfQu\u00e9 tan ingeniosos podr\u00edan ser para liquidarnos por completo?<\/p>\n<p style=\"text-align: justify;\">Con este tipo de cuentos lo \u00fanico que concluyo es que si bien el ser humano trabaja constantemente creando m\u00e1quinas que le faciliten sus labores cotidianas, no debe permitir que los robots intenten incumplir las leyes impuestas en su creaci\u00f3n, ya que m\u00e1s que una ayuda para la humanidad se estar\u00edan poniendo en riesgo las vidas y continuidad de las mismas. Es necesario considerar todos estos riesgos al momento de crear una nueva especie.<\/p>\n","protected":false},"excerpt":{"rendered":"<p>En el cuento \u201cSue\u00f1os de Robot\u201d de Isaac Asimov se tocan temas no tan futuristas ya que hoy en d\u00eda muchas empresas ya emplean robots como parte de su mano de obra, pero m\u00e1s que todo para cosas muy mec\u00e1nicas &hellip; <a href=\"https:\/\/blogs.up.edu.pe\/nubes\/trabajos\/trabajos-finales-ciclo-2014-i\/kathia-maynetto-suenos-de-robot-de-isaac-asimov\/\">Sigue leyendo <span class=\"meta-nav\">&rarr;<\/span><\/a><\/p>\n","protected":false},"author":3,"featured_media":0,"parent":1275,"menu_order":3,"comment_status":"closed","ping_status":"closed","template":"","meta":{"footnotes":""},"class_list":["post-1286","page","type-page","status-publish","hentry"],"_links":{"self":[{"href":"https:\/\/blogs.up.edu.pe\/nubes\/wp-json\/wp\/v2\/pages\/1286","targetHints":{"allow":["GET"]}}],"collection":[{"href":"https:\/\/blogs.up.edu.pe\/nubes\/wp-json\/wp\/v2\/pages"}],"about":[{"href":"https:\/\/blogs.up.edu.pe\/nubes\/wp-json\/wp\/v2\/types\/page"}],"author":[{"embeddable":true,"href":"https:\/\/blogs.up.edu.pe\/nubes\/wp-json\/wp\/v2\/users\/3"}],"replies":[{"embeddable":true,"href":"https:\/\/blogs.up.edu.pe\/nubes\/wp-json\/wp\/v2\/comments?post=1286"}],"version-history":[{"count":1,"href":"https:\/\/blogs.up.edu.pe\/nubes\/wp-json\/wp\/v2\/pages\/1286\/revisions"}],"predecessor-version":[{"id":1287,"href":"https:\/\/blogs.up.edu.pe\/nubes\/wp-json\/wp\/v2\/pages\/1286\/revisions\/1287"}],"up":[{"embeddable":true,"href":"https:\/\/blogs.up.edu.pe\/nubes\/wp-json\/wp\/v2\/pages\/1275"}],"wp:attachment":[{"href":"https:\/\/blogs.up.edu.pe\/nubes\/wp-json\/wp\/v2\/media?parent=1286"}],"curies":[{"name":"wp","href":"https:\/\/api.w.org\/{rel}","templated":true}]}}