{"id":1282,"date":"2014-07-15T17:28:33","date_gmt":"2014-07-15T17:28:33","guid":{"rendered":"https:\/\/blogs.up.edu.pe\/nubes\/\/?page_id=1282"},"modified":"2014-07-30T23:35:26","modified_gmt":"2014-07-30T23:35:26","slug":"daniel-morales-isaac-asimov-el-profeta","status":"publish","type":"page","link":"https:\/\/blogs.up.edu.pe\/nubes\/trabajos\/trabajos-finales-ciclo-2014-i\/daniel-morales-isaac-asimov-el-profeta\/","title":{"rendered":"Daniel Morales, \u00abIsaac Asimov, el profeta\u00bb"},"content":{"rendered":"<p align=\"JUSTIFY\">El 2 de enero de 1920, en un peque\u00f1o pueblo llamado Petr\u00f3vichi y en medio del duro invierno Ruso, ver\u00eda la luz por primera vez el genial autor de ciencia ficci\u00f3n, considerado por muchos como un profeta, Isaak Y\u00fadovich Oz\u00edmov, mejor conocido en el mundo occidental como Isaac Asimov.<\/p>\n<p align=\"JUSTIFY\">Isaac fue tra\u00eddo al mundo a una naci\u00f3n devastada y disuelta por la guerra. Tras la reciente ca\u00edda del r\u00e9gimen zarista, producto de la Revoluci\u00f3n rusa, el pa\u00eds-continente se encontraba en medio de una guerra civil, alimentada por el conflicto ideol\u00f3gico entre los bolcheviques leninistas y sus opositores, mayoritariamente conservadores y liberales. Estos \u00faltimos encabezaban el nuevo Gobierno Provisional Ruso que, en 1922 y tras solo cinco a\u00f1os de su fundaci\u00f3n, fue derrocado y reemplazado por la flamante Uni\u00f3n Sovi\u00e9tica. Es probable que debido a estos motivos los padres de Isaac decidieran emigrar, tan solo un a\u00f1o despu\u00e9s de la imposici\u00f3n comunista, a los Estados Unidos en donde pasar\u00eda el resto de su vida.<\/p>\n<p align=\"JUSTIFY\">Isaac vio pasar su infancia en los barrios de Brooklyn en donde, desde los cuatro a\u00f1os de edad, comenzar\u00eda, de forma autodidacta, el aprendizaje de la lectura. Cuenta la an\u00e9cdota que su madre, Anna Rachel Berman, falsific\u00f3 su partida de nacimiento para fingir que Isaac hab\u00eda nacido en 1919 y de ese modo pudiera acceder de forma adelantada a la educaci\u00f3n p\u00fablica, que Isaac culminar\u00eda de forma brillante en 1935, es decir, con tan solo quince a\u00f1os de edad (ver <a href=\"http:\/\/www.biografiasyvidas.com\/biografia\/a\/asimov.htm\">Biograf\u00edas y vidas<\/a> y\u00a0<a href=\"http:\/\/en.wikipedia.org\/wiki\/Talk%3AIsaac_Asimov%2FArchive_4#Date_of_birth\">Talk:Isaac Asimov\/Archive 4 en Wikipedia<\/a>.<\/p>\n<p align=\"JUSTIFY\">Fue durante esta adolescencia precoz, transcurrida entre los estudios y el trabajo en la tienda de golosinas de su padre, cuando el famoso autor iniciar\u00eda su largo y fruct\u00edfero viaje por la escritura. Apenas a los diecinueve a\u00f1os de edad ya lanzaba sus primeras publicaciones en revistas de ciencia ficci\u00f3n.<\/p>\n<p align=\"JUSTIFY\">A pesar de que su padre quiso que estudiara medicina, Isaac opt\u00f3 por la bioqu\u00edmica, en donde logr\u00f3 obtener el grado de doctor, a pesar de que no lleg\u00f3 a desarrollarse plenamente en el campo de la investigaci\u00f3n cient\u00edfica, convencido de que su destino se encontraba en la escritura novel\u00edstica y la divulgaci\u00f3n cient\u00edfica.<\/p>\n<p align=\"JUSTIFY\">En 1950, dos a\u00f1os despu\u00e9s de haber finalizado su doctorado, el mundo ver\u00eda un punto de quiebre fundamental en la carrera del brillante autor con la aparici\u00f3n de su primera novela titulada <i>Un <\/i><i>g<\/i><i>uijarro en el <\/i><i>c<\/i><i>ielo<\/i>, relato de ciencia ficci\u00f3n futurista que alude al tema de la energ\u00eda nuclear. Ese mismo a\u00f1o public\u00f3 adem\u00e1s una serie de relatos que giran en torno a la rob\u00f3tica (t\u00e9rmino que \u00e9l mismo acu\u00f1\u00f3) llamada <i>Yo <\/i><i>r<\/i><i>obot<\/i>, en donde el tema central son las famosas \u201dTres Leyes de la Rob\u00f3tica\u201d.<\/p>\n<p align=\"JUSTIFY\">Otras obras fundamentales de Asimov son, por ejemplo, el <i>Ciclo de Tr\u00e1ntor<\/i> o la serie <i>Fundaciones<\/i>. Sobre el tema de rob\u00f3tica en particular destacan <i>El Sol <\/i><i>d<\/i><i>esnudo<\/i> y <i>Robots e <\/i><i>i<\/i><i>mperio<\/i>. Estas obras forman parte de su colecci\u00f3n de casi 430 libros publicados.<\/p>\n<p align=\"JUSTIFY\">Sobre Asimov es importante destacar su aparente habilidad de clarividencia por las muchas predicciones que realiz\u00f3 a lo largo de su vida y que indudablemente plasm\u00f3 en su obra. Para finalizar esta breve rese\u00f1a, creo ideal mencionar algunas de las predicciones que realiz\u00f3 una tarde, el 16 de agosto de 1964, en la Exposici\u00f3n Universal de Nueva York, al ser entrevistado por un periodista (ver <a href=\"https:\/\/www.youtube.com\/watch?v=zE9cVIed4o8\">\u00abLas Profec\u00edas de Isaac Asimov para el 2014\u00bb (video)<\/a>, <a href=\"http:\/\/actualidad.rt.com\/ciencias\/view\/114984-predicciones-isaac-asimov-cumplir-2014-tecnologia\">\u00abLas profec\u00edas&#8230;\u00bb (art\u00edculo en\u00a0actualidad.rt.com)<\/a> y <a href=\"http:\/\/www.theclinic.cl\/2014\/01\/01\/las-predicciones-hechas-por-isaac-asimov-para-el-ano-2014-escritas-hace-50-anos\/\">\u00abLas predicciones hechas por Isaac Asimov para el a\u00f1o 2014\u00bb en The Clinic (art\u00edculo)<\/a>:<\/p>\n<ul>\n<li><span style=\"color: #444444;\" data-mce-mark=\"1\">Habr\u00e1 cristales que cambian el nivel de opacidad dependiendo de la cantidad de luz.<\/span><\/li>\n<li><span style=\"color: #444444;\" data-mce-mark=\"1\">Habr\u00e1 m\u00e1quinas que preparen caf\u00e9 de forma totalmente autom\u00e1tica.<\/span><\/li>\n<li><span style=\"color: #444444;\" data-mce-mark=\"1\">Habr\u00e1 comidas completas semipreparadas disponibles en los congeladores de todas las casas.<\/span><\/li>\n<li><span style=\"color: #444444;\" data-mce-mark=\"1\">Los aparatos electr\u00f3nicos dejar\u00e1n de tener tantos cables gracias a otras tecnolog\u00edas.<\/span><\/li>\n<li><span style=\"color: #444444;\" data-mce-mark=\"1\">Se realizar\u00e1n grandes esfuerzos para desarrollar \u201cautos robot\u201d.<\/span><\/li>\n<li><span style=\"color: #444444;\" data-mce-mark=\"1\">Las superficies de contacto de los transportes p\u00fablicos ser\u00e1n mucho mejores.<\/span><\/li>\n<li><span style=\"color: #444444;\" data-mce-mark=\"1\">Solo naves no tripuladas alcanzar\u00e1n la superficie de Marte.<\/span><\/li>\n<li><span style=\"color: #444444;\" data-mce-mark=\"1\">Se planificar\u00e1 una expedici\u00f3n tripulada a Marte.<\/span><\/li>\n<li><span style=\"color: #444444;\" data-mce-mark=\"1\">Los habitantes del mundo llegar\u00e1n a la cifra de 6 500 millones.<\/span><\/li>\n<li><span style=\"color: #444444;\" data-mce-mark=\"1\">Habr\u00e1 sat\u00e9lites que permitan la comunicaci\u00f3n por tel\u00e9fono desde cualquier parte del planeta.<\/span><\/li>\n<li><span style=\"color: #444444;\" data-mce-mark=\"1\">La comunicaci\u00f3n se podr\u00e1 efectuar con la vista y el o\u00eddo.<\/span><\/li>\n<li><span style=\"color: #444444;\" data-mce-mark=\"1\">Las televisiones tendr\u00e1n \u201defectos 3D\u201d y resoluciones naturales.<\/span><\/li>\n<\/ul>\n<p align=\"JUSTIFY\">\u00bfLe suenan conocidas algunas de estas predicciones? Pues a estas predicciones les dio un plazo de 50 a\u00f1os, es decir, para 2014. Hizo varias predicciones m\u00e1s de las cuales pocas parecen distar mucho del mundo en el cual vivimos actualmente. Sin embargo, me tom\u00e9 la molestia de escoger y separar una particular predicci\u00f3n que sorprende por su tal vez escalofriante precisi\u00f3n: \u201cPese a todo el avance tecnol\u00f3gico, la humanidad se encontrar\u00e1 constantemente aburrida\u201d.<\/p>\n<p><span style=\"font-size: 14px; line-height: 23.799999237060547px;\">\u00a0<\/span><\/p>\n","protected":false},"excerpt":{"rendered":"<p>El 2 de enero de 1920, en un peque\u00f1o pueblo llamado Petr\u00f3vichi y en medio del duro invierno Ruso, ver\u00eda la luz por primera vez el genial autor de ciencia ficci\u00f3n, considerado por muchos como un profeta, Isaak Y\u00fadovich Oz\u00edmov, &hellip; <a href=\"https:\/\/blogs.up.edu.pe\/nubes\/trabajos\/trabajos-finales-ciclo-2014-i\/daniel-morales-isaac-asimov-el-profeta\/\">Sigue leyendo <span class=\"meta-nav\">&rarr;<\/span><\/a><\/p>\n","protected":false},"author":3,"featured_media":0,"parent":1275,"menu_order":1,"comment_status":"closed","ping_status":"closed","template":"","meta":{"footnotes":""},"class_list":["post-1282","page","type-page","status-publish","hentry"],"_links":{"self":[{"href":"https:\/\/blogs.up.edu.pe\/nubes\/wp-json\/wp\/v2\/pages\/1282","targetHints":{"allow":["GET"]}}],"collection":[{"href":"https:\/\/blogs.up.edu.pe\/nubes\/wp-json\/wp\/v2\/pages"}],"about":[{"href":"https:\/\/blogs.up.edu.pe\/nubes\/wp-json\/wp\/v2\/types\/page"}],"author":[{"embeddable":true,"href":"https:\/\/blogs.up.edu.pe\/nubes\/wp-json\/wp\/v2\/users\/3"}],"replies":[{"embeddable":true,"href":"https:\/\/blogs.up.edu.pe\/nubes\/wp-json\/wp\/v2\/comments?post=1282"}],"version-history":[{"count":3,"href":"https:\/\/blogs.up.edu.pe\/nubes\/wp-json\/wp\/v2\/pages\/1282\/revisions"}],"predecessor-version":[{"id":1348,"href":"https:\/\/blogs.up.edu.pe\/nubes\/wp-json\/wp\/v2\/pages\/1282\/revisions\/1348"}],"up":[{"embeddable":true,"href":"https:\/\/blogs.up.edu.pe\/nubes\/wp-json\/wp\/v2\/pages\/1275"}],"wp:attachment":[{"href":"https:\/\/blogs.up.edu.pe\/nubes\/wp-json\/wp\/v2\/media?parent=1282"}],"curies":[{"name":"wp","href":"https:\/\/api.w.org\/{rel}","templated":true}]}}