{"id":1277,"date":"2014-07-15T16:52:23","date_gmt":"2014-07-15T16:52:23","guid":{"rendered":"https:\/\/blogs.up.edu.pe\/nubes\/\/?page_id=1277"},"modified":"2014-07-15T16:53:53","modified_gmt":"2014-07-15T16:53:53","slug":"claudia-espinoza-edgar-allan-poe-un-genio-perturbado","status":"publish","type":"page","link":"https:\/\/blogs.up.edu.pe\/nubes\/trabajos\/trabajos-finales-ciclo-2014-i\/claudia-espinoza-edgar-allan-poe-un-genio-perturbado\/","title":{"rendered":"Claudia Espinoza, \u00abEdgar Allan Poe: un genio perturbado\u00bb"},"content":{"rendered":"<p align=\"RIGHT\"><span style=\"color: #222222;\"><i>Durante la hora de lectura, el alma del lector est\u00e1 sometida a la voluntad del escritor.<\/i><\/span><\/p>\n<p align=\"RIGHT\"><span style=\"color: #222222;\"><i>Me volv\u00ed loco, con largos intervalos de horrible cordura.<\/i><\/span><\/p>\n<p align=\"RIGHT\"><span style=\"color: #222222;\">Edgar Allan Poe<\/span><\/p>\n<p>&nbsp;<\/p>\n<p align=\"JUSTIFY\">Durante las semanas en que se desarroll\u00f3 el club de lectura le\u00ed varios cuentos que llamaron mi atenci\u00f3n, me interesaron e incluso llegaron a emocionarme. No obstante, ninguno caus\u00f3 tanto impacto en m\u00ed como los de Edgar Allan Poe. El autor se introdujo en el club, en primer lugar, en su aspecto de narrador de cuentos policiales con \u201cLos cr\u00edmenes de la calle Morgue\u201d. Luego se present\u00f3 la faceta del autor en la que quiz\u00e1s se destaca m\u00e1s, el terror. Le\u00edmos \u201cEl barril de amontillado\u201d como parte del plan establecido y personalmente le\u00ed tambi\u00e9n las recomendaciones del profesor: \u201cEl pozo y el p\u00e9ndulo\u201d, \u201cEl coraz\u00f3n delator\u201d y \u201cEl gato negro\u201d.<\/p>\n<p align=\"JUSTIFY\">Una de las cualidades m\u00e1s relevantes de Poe es que consigue la inmersi\u00f3n de sus lectores en las situaciones oscuras y retorcidas que describe gracias a su gran capacidad narrativa. De esta manera, convierte hasta los m\u00e1s m\u00ednimos detalles, como una mirada o un sonido, en fuente de miedo. Este hecho se ve evidenciado en \u201cEl barril de amontillado\u201d. El disfraz de carnaval, el sombrero, las campanillas de Fortunato, son elementos que por s\u00ed mismos no inspiran sentimiento alguno. En cambio, dada la situaci\u00f3n en la que se usan y esas campanillas que suenan al final del cuento, producen una sensaci\u00f3n de temor en el lector.<\/p>\n<p align=\"JUSTIFY\">Otro aspecto a resaltar de Edgar Allan Poe es su oscura y amplia imaginaci\u00f3n. Muchas veces en sus cuentos no solo describ\u00eda una situaci\u00f3n perversa sino que combinaba varios elementos de terror o situaciones angustiantes. Por ejemplo, en \u201cEl pozo y el p\u00e9ndulo\u201d luego de haber descrito a fondo y desarrollado el primer elemento de terror que es el p\u00e9ndulo, el cual ya hab\u00eda torturado al protagonista, introduce al pozo como un terror a\u00fan mayor en el que el protagonista bordea la locura y est\u00e1 a punto de sucumbir ante \u00e9l, solo para luego sentirse horrorizado.<\/p>\n<p align=\"JUSTIFY\">Pero quiz\u00e1s la caracter\u00edstica narrativa m\u00e1s trascendente de Poe, que es parte de su genialidad, es la habilidad que posee para trazar una fina l\u00ednea entre la cordura y la locura para luego jugar con las percepciones del lector sobre hasta qu\u00e9 punto esa l\u00ednea es cruzada. Claro ejemplos son \u201cEl gato negro\u201d, donde el protagonista sab\u00eda que algo hab\u00eda cambiado en \u00e9l m\u00e1s en ning\u00fan momento acepta que tenga alg\u00fan problema, inclusive estando preso por asesinar a su propia esposa, y \u201cEl coraz\u00f3n delator\u201d, donde el protagonista, al que desde un principio se describe con alg\u00fan tipo de desorden de obsesi\u00f3n o que pareciera ser maniaco, luego intenta probar su cordura, logrando solo que su demencia la note todo el mundo.<\/p>\n<p align=\"JUSTIFY\">Lo interesante y lo que hace a un autor reconocido y aclamado es la capacidad para influir y dejar pensando al lector. En este caso, cuando uno lee cuentos de Poe, siente cierto rechazo hacia los asesinatos o torturas y llega a pensar que si uno estuviera en su situaci\u00f3n no actuar\u00eda as\u00ed. No obstante, el morbo y el hecho de que diariamente vemos lo que las personas son capaces de hacer por lo que sabemos que no estamos leyendo cosas il\u00f3gicas, nos llevan a continuar disfrutando de su obra.<\/p>\n<p align=\"JUSTIFY\">La pregunta que me queda es <span style=\"color: #252525;\">\u00bfqu\u00e9 motiv\u00f3 a Poe a escribir sobre estos temas? \u00bfDe d\u00f3nde consigui\u00f3 la capacidad para concebir ideas tan perversas, dignas de psic\u00f3patas? Seguramente el hecho de que Poe haya luchado durante su vida contra el alcohol, las drogas y periodos de depresi\u00f3n influy\u00f3 tanto en su narraci\u00f3n como en sus personajes pero, \u00bfhabr\u00eda algo m\u00e1s? Son preguntas cuyas respuestas probablemente nunca podamos determinar. Por lo pronto nos queda seguir asust\u00e1ndonos y emocion\u00e1ndonos con el gran legado de poes\u00eda y narrativa que nos dej\u00f3.<\/span><\/p>\n","protected":false},"excerpt":{"rendered":"<p>Durante la hora de lectura, el alma del lector est\u00e1 sometida a la voluntad del escritor. Me volv\u00ed loco, con largos intervalos de horrible cordura. Edgar Allan Poe &nbsp; Durante las semanas en que se desarroll\u00f3 el club de lectura &hellip; <a href=\"https:\/\/blogs.up.edu.pe\/nubes\/trabajos\/trabajos-finales-ciclo-2014-i\/claudia-espinoza-edgar-allan-poe-un-genio-perturbado\/\">Sigue leyendo <span class=\"meta-nav\">&rarr;<\/span><\/a><\/p>\n","protected":false},"author":3,"featured_media":0,"parent":1275,"menu_order":0,"comment_status":"closed","ping_status":"closed","template":"","meta":{"footnotes":""},"class_list":["post-1277","page","type-page","status-publish","hentry"],"_links":{"self":[{"href":"https:\/\/blogs.up.edu.pe\/nubes\/wp-json\/wp\/v2\/pages\/1277","targetHints":{"allow":["GET"]}}],"collection":[{"href":"https:\/\/blogs.up.edu.pe\/nubes\/wp-json\/wp\/v2\/pages"}],"about":[{"href":"https:\/\/blogs.up.edu.pe\/nubes\/wp-json\/wp\/v2\/types\/page"}],"author":[{"embeddable":true,"href":"https:\/\/blogs.up.edu.pe\/nubes\/wp-json\/wp\/v2\/users\/3"}],"replies":[{"embeddable":true,"href":"https:\/\/blogs.up.edu.pe\/nubes\/wp-json\/wp\/v2\/comments?post=1277"}],"version-history":[{"count":2,"href":"https:\/\/blogs.up.edu.pe\/nubes\/wp-json\/wp\/v2\/pages\/1277\/revisions"}],"predecessor-version":[{"id":1281,"href":"https:\/\/blogs.up.edu.pe\/nubes\/wp-json\/wp\/v2\/pages\/1277\/revisions\/1281"}],"up":[{"embeddable":true,"href":"https:\/\/blogs.up.edu.pe\/nubes\/wp-json\/wp\/v2\/pages\/1275"}],"wp:attachment":[{"href":"https:\/\/blogs.up.edu.pe\/nubes\/wp-json\/wp\/v2\/media?parent=1277"}],"curies":[{"name":"wp","href":"https:\/\/api.w.org\/{rel}","templated":true}]}}