{"id":1275,"date":"2014-07-15T16:50:45","date_gmt":"2014-07-15T16:50:45","guid":{"rendered":"https:\/\/blogs.up.edu.pe\/nubes\/\/?page_id=1275"},"modified":"2014-07-31T00:00:03","modified_gmt":"2014-07-31T00:00:03","slug":"trabajos-finales-ciclo-2014-i","status":"publish","type":"page","link":"https:\/\/blogs.up.edu.pe\/nubes\/trabajos\/trabajos-finales-ciclo-2014-i\/","title":{"rendered":"Trabajos finales 2014-oto\u00f1o"},"content":{"rendered":"<p>Lista de los trabajos finales del ciclo 2014-I:<\/p>\n<ul>\n<li><span style=\"line-height: 14px;\"><a title=\"Claudia Espinoza, \u201cEdgar Allan Poe: un genio perturbado\u201d\" href=\"https:\/\/blogs.up.edu.pe\/nubes\/\/trabajos\/trabajos-finales-ciclo-2014-i\/claudia-espinoza-edgar-allan-poe-un-genio-perturbado\/\">Claudia Espinoza, <strong>\u00abEdgar Allan Poe: un genio perturbado\u00bb<\/strong><\/a>.<\/span><\/li>\n<li><a title=\"Daniel Morales, \u201cIsaac Asimov, el profeta\u201d\" href=\"https:\/\/blogs.up.edu.pe\/nubes\/\/trabajos\/trabajos-finales-ciclo-2014-i\/daniel-morales-isaac-asimov-el-profeta\/\">Daniel Morales, <strong>\u00abIsaac Asimov, el profeta\u00bb<\/strong>.<\/a><\/li>\n<li><a title=\"Kathia Maynetto, \u201c\u2018Sue\u00f1os de robot\u2019 de Isaac Asimov\u201d\" href=\"https:\/\/blogs.up.edu.pe\/nubes\/\/trabajos\/trabajos-finales-ciclo-2014-i\/kathia-maynetto-suenos-de-robot-de-isaac-asimov\/\">Kathia Maynetto, <strong>\u00ab&#8216;Sue\u00f1os de robot&#8217; de Isaac Asimov\u00bb<\/strong>.<\/a><\/li>\n<li><a title=\"Javier Liu, \u201cCiencia ficci\u00f3n\u201d\" href=\"https:\/\/blogs.up.edu.pe\/nubes\/\/trabajos\/trabajos-finales-ciclo-2014-i\/javier-liu-ciencia-ficcion\/\">Javier Liu, <strong>\u00abCiencia ficci\u00f3n\u00bb<\/strong>.<\/a><\/li>\n<li><a title=\"Claudia Cecilia Tello, \u201cInspiraci\u00f3n lejana\u201d\" href=\"https:\/\/blogs.up.edu.pe\/nubes\/\/claudia-cecilia-tello-inspiracion-lejana\/\">Claudia Cecilia Tello, <strong>\u00abInspiraci\u00f3n lejana\u00bb<\/strong>.<\/a><\/li>\n<li><a title=\"Rolando \u00c1ngeles, \u201c\u2018Alienaci\u00f3n\u2019 de Julio Ram\u00f3n Ribeyro\u201d\" href=\"https:\/\/blogs.up.edu.pe\/nubes\/\/trabajos\/trabajos-finales-ciclo-2014-i\/rolando-angeles-alienacion-de-julio-ramon-ribeyro\/\">Rolando \u00c1ngeles, <strong>\u201c\u2018Alienaci\u00f3n\u2019 de Julio Ram\u00f3n Ribeyro\u201d<\/strong>.<\/a><\/li>\n<li><a title=\"Estefania Cafferata, \u201c\u2018Los huaqueros\u2019 de Julio Ram\u00f3n Ribeyro\u201d\" href=\"https:\/\/blogs.up.edu.pe\/nubes\/\/trabajos\/trabajos-finales-ciclo-2014-i\/estefania-cafferata-los-huaqueros-de-julio-ramon-ribeyro\/\">Estefania Cafferata, <strong>\u00ab&#8216;Los huaqueros&#8217; de Julio Ram\u00f3n Ribeyro\u00bb<\/strong>.<\/a><\/li>\n<li><a title=\"Victoria Vanesa Alc\u00e1ntara Calder\u00f3n, \u201cLa autopista del sur\u201d\" href=\"https:\/\/blogs.up.edu.pe\/nubes\/\/trabajos\/trabajos-finales-ciclo-2014-i\/victoria-vanesa-alcantara-calderon-la-autopista-del-sur\/\">Victoria Vanesa Alc\u00e1ntara Calder\u00f3n, <strong>\u201cLa autopista del sur\u201d<\/strong>.<\/a><\/li>\n<li><a title=\"Ver\u00f3nica Mendo, \u201cEl \u2018boom\u2019 latinoamericano\u201d\" href=\"https:\/\/blogs.up.edu.pe\/nubes\/\/trabajos\/trabajos-finales-ciclo-2014-i\/veronica-mendo-el-boom-latinoamericano\/\">Ver\u00f3nica Mendo, <strong>\u201cEl &#8216;boom&#8217; latinoamericano\u201d<\/strong>.<\/a><\/li>\n<li><a title=\"Nicole Cazorla Bertoli, \u201cEdgar Allan poe\u201d\" href=\"https:\/\/blogs.up.edu.pe\/nubes\/\/trabajos\/trabajos-finales-ciclo-2014-i\/nicole-cazorla-bertoli-edgar-allan-poe\/\">Nicole Cazorla Bertoli, <strong>\u00abEdgar Allan Poe\u00bb<\/strong>.<\/a><\/li>\n<li><a title=\"Ana Luc\u00eda D\u00edaz Arenas, \u201cUn d\u00eda de estos\u201d de Gabriel Garc\u00eda M\u00e1rquez\" href=\"https:\/\/blogs.up.edu.pe\/nubes\/\/trabajos\/trabajos-finales-ciclo-2014-i\/ana-lucia-diaz-arenas-un-dia-de-estos-de-gabriel-garcia-marquez\/\">Ana Luc\u00eda D\u00edaz Arenas, <strong>\u00ab&#8216;Un d\u00eda de estos&#8217; de Gabriel Garc\u00eda M\u00e1rquez\u00bb<\/strong><\/a>.<\/li>\n<li><a title=\"Jorge Chang, \u201c\u2019Al pie de la letra\u2019 de Ricardo Palma\u201d\" href=\"https:\/\/blogs.up.edu.pe\/nubes\/\/trabajos\/trabajos-finales-ciclo-2014-i\/jorge-chang-al-pie-de-la-letra-de-ricardo-palma\/\">Jorge Chang, <strong>\u201c&#8217;Al pie de la letra&#8217; de Ricardo Palma\u201d<\/strong>.<\/a><\/li>\n<li><a title=\"Adriana Morales, \u201cEdgar Allan Poe y la monstruosidad del ser humano\u201d\" href=\"https:\/\/blogs.up.edu.pe\/nubes\/\/trabajos\/trabajos-finales-ciclo-2014-i\/adriana-morales-edgar-allan-poe-y-la-monstruosidad-del-ser-humano\/\">Adriana Morales,\u00a0<strong>\u201cEdgar Allan Poe y la monstruosidad del ser humano\u201d<\/strong>.<\/a><\/li>\n<li><a title=\"Victor Fuentes, \u201c\u2018El carbunclo azul\u2019 de Sir Arthur Conan Doyle\u201d\" href=\"https:\/\/blogs.up.edu.pe\/nubes\/\/trabajos\/trabajos-finales-ciclo-2014-i\/victor-fuentes-el-carbunclo-azul-de-sir-arthur-conan-doyle\/\">Victor Fuentes, <strong>\u201c\u2018El carbunclo azul\u2019 de Sir Arthur Conan Doyle\u201d<\/strong>.<\/a><\/li>\n<li><a title=\"Mely Ann Guzm\u00e1n Espinoza, \u201cAn\u00e1lisis de \u2018Sue\u00f1os de robot\u2019 de Isaac Asimov\" href=\"https:\/\/blogs.up.edu.pe\/nubes\/\/trabajos\/trabajos-finales-ciclo-2014-i\/mely-ann-guzman-espinoza-analisis-de-suenos-de-robot-de-isaac-asimov\/\">Mely Ann Guzm\u00e1n Espinoza, <strong>\u201cAn\u00e1lisis de \u2018Sue\u00f1os de robot\u2019 de Isaac Asimov<\/strong>.<\/a><\/li>\n<li><a title=\"Oscar Osorio, \u201c\u2018Persistencia\u2019 de Jos\u00e9 B. Adolph\u201d\" href=\"https:\/\/blogs.up.edu.pe\/nubes\/\/trabajos\/trabajos-finales-ciclo-2014-i\/oscar-osorio-persistencia-de-jose-b-adolph\/\">Oscar Osorio, <strong>\u201c\u2018Persistencia\u2019 de Jos\u00e9 B. Adolph\u201d<\/strong>.<\/a><\/li>\n<\/ul>\n<p><span style=\"font-size: 14px; line-height: 23.799999237060547px;\">\u00a0<\/span><\/p>\n","protected":false},"excerpt":{"rendered":"<p>Lista de los trabajos finales del ciclo 2014-I: Claudia Espinoza, \u00abEdgar Allan Poe: un genio perturbado\u00bb. Daniel Morales, \u00abIsaac Asimov, el profeta\u00bb. Kathia Maynetto, \u00ab&#8216;Sue\u00f1os de robot&#8217; de Isaac Asimov\u00bb. Javier Liu, \u00abCiencia ficci\u00f3n\u00bb. Claudia Cecilia Tello, \u00abInspiraci\u00f3n lejana\u00bb. Rolando &hellip; <a href=\"https:\/\/blogs.up.edu.pe\/nubes\/trabajos\/trabajos-finales-ciclo-2014-i\/\">Sigue leyendo <span class=\"meta-nav\">&rarr;<\/span><\/a><\/p>\n","protected":false},"author":3,"featured_media":0,"parent":256,"menu_order":8,"comment_status":"closed","ping_status":"closed","template":"","meta":{"footnotes":""},"class_list":["post-1275","page","type-page","status-publish","hentry"],"_links":{"self":[{"href":"https:\/\/blogs.up.edu.pe\/nubes\/wp-json\/wp\/v2\/pages\/1275","targetHints":{"allow":["GET"]}}],"collection":[{"href":"https:\/\/blogs.up.edu.pe\/nubes\/wp-json\/wp\/v2\/pages"}],"about":[{"href":"https:\/\/blogs.up.edu.pe\/nubes\/wp-json\/wp\/v2\/types\/page"}],"author":[{"embeddable":true,"href":"https:\/\/blogs.up.edu.pe\/nubes\/wp-json\/wp\/v2\/users\/3"}],"replies":[{"embeddable":true,"href":"https:\/\/blogs.up.edu.pe\/nubes\/wp-json\/wp\/v2\/comments?post=1275"}],"version-history":[{"count":23,"href":"https:\/\/blogs.up.edu.pe\/nubes\/wp-json\/wp\/v2\/pages\/1275\/revisions"}],"predecessor-version":[{"id":1278,"href":"https:\/\/blogs.up.edu.pe\/nubes\/wp-json\/wp\/v2\/pages\/1275\/revisions\/1278"}],"up":[{"embeddable":true,"href":"https:\/\/blogs.up.edu.pe\/nubes\/wp-json\/wp\/v2\/pages\/256"}],"wp:attachment":[{"href":"https:\/\/blogs.up.edu.pe\/nubes\/wp-json\/wp\/v2\/media?parent=1275"}],"curies":[{"name":"wp","href":"https:\/\/api.w.org\/{rel}","templated":true}]}}