{"id":1231,"date":"2014-05-17T02:48:47","date_gmt":"2014-05-17T02:48:47","guid":{"rendered":"https:\/\/blogs.up.edu.pe\/nubes\/\/?page_id=1231"},"modified":"2014-05-17T02:49:52","modified_gmt":"2014-05-17T02:49:52","slug":"clarice-lispector-el-primer-beso","status":"publish","type":"page","link":"https:\/\/blogs.up.edu.pe\/nubes\/textos-de-discusion\/clarice-lispector-el-primer-beso\/","title":{"rendered":"Clarice Lispector, \u00abEl primer beso\u00bb"},"content":{"rendered":"<p align=\"CENTER\"><b>Clarice Lispector<br \/>\n<\/b>(Brasil, 1920-1977)<\/p>\n<p>&nbsp;<\/p>\n<p align=\"CENTER\">El primer beso<\/p>\n<p>&nbsp;<\/p>\n<p align=\"RIGHT\">Edici\u00f3n para el club virtual de lectura <i>En las nubes de la ficci\u00f3n<br \/>\n<\/i>Universidad del Pac\u00edfico, mayo de 2014<\/p>\n<p>&nbsp;<\/p>\n<p align=\"JUSTIFY\">M\u00e1s que conversar, aquellos dos susurraban: hac\u00eda poco que el romance hab\u00eda empezado y andaban tontos, era el amor. Amor con lo que trae aparejado: celos.<\/p>\n<p align=\"JUSTIFY\">\u2014Est\u00e1 bien, te creo que soy tu primera novia, me pone contenta. Pero dime la verdad: \u00bfnunca antes hab\u00edas besado a una mujer?<\/p>\n<p align=\"JUSTIFY\">\u2014S\u00ed, ya hab\u00eda besado a una mujer.<\/p>\n<p align=\"JUSTIFY\">\u2014\u00bfQui\u00e9n era? \u2014pregunt\u00f3 ella dolorida.<\/p>\n<p align=\"JUSTIFY\">Toscamente \u00e9l intent\u00f3 cont\u00e1rselo, pero no sab\u00eda c\u00f3mo.<\/p>\n<p align=\"JUSTIFY\">El autob\u00fas de excursi\u00f3n sub\u00eda lentamente por la sierra. \u00c9l, uno de los muchachos en medio de la muchachada bulliciosa, dejaba que la brisa fresca le diese en la cara y se le hundiera en el pelo con dedos largos, finos y sin peso como los de una madre. Qu\u00e9 bueno era quedarse a veces quieto, sin pensar casi, solo sintiendo. Concentrarse en sentir era dif\u00edcil en medio de la barah\u00fanda de los compa\u00f1eros.<\/p>\n<p align=\"JUSTIFY\">Y hasta la sed hab\u00eda empezado: jugar con el grupo, hablar a voz en cuello, m\u00e1s fuerte que el ruido del motor, re\u00edr, gritar, pensar, sentir&#8230;<\/p>\n<p align=\"JUSTIFY\">\u00a1Caray! C\u00f3mo se secaba la garganta.<\/p>\n<p align=\"JUSTIFY\">Y ni sombra del agua. La cuesti\u00f3n era juntar saliva, y eso fue lo que hizo. Despu\u00e9s de juntarla en la boca ardiente la tragaba despacio, y luego una vez m\u00e1s, y otra. Era tibia, sin embargo, la saliva, y no quitaba la sed. Una sed enorme, m\u00e1s grande que \u00e9l mismo, que ahora le invad\u00eda todo el cuerpo.<\/p>\n<p align=\"JUSTIFY\">La brisa fina, antes tan buena, al sol del mediod\u00eda se hab\u00eda tornado ahora \u00e1rida y caliente, y al entrarle por la nariz le secaba todav\u00eda m\u00e1s la poca saliva que hab\u00eda juntado pacientemente.<\/p>\n<p align=\"JUSTIFY\">\u00bfY si tapase la nariz y respirase un poco menos de aquel viento del desierto? Prob\u00f3 un momento, pero se ahogaba en seguida. La cuesti\u00f3n era esperar, esperar. Tal vez minutos apenas, tal vez horas, mientras que la sed que ten\u00eda era de a\u00f1os.<\/p>\n<p align=\"JUSTIFY\">No sab\u00eda c\u00f3mo ni por qu\u00e9, pero ahora se sent\u00eda m\u00e1s cerca del agua, la present\u00eda m\u00e1s pr\u00f3xima y los ojos se le iban m\u00e1s all\u00e1 de la ventana recorriendo la carretera, penetrando entre los arbustos, explorando, olfateando.<\/p>\n<p align=\"JUSTIFY\">El instinto animal que lo habitaba no se hab\u00eda equivocado: tras una inesperada curva de la carretera, entre arbustos, estaba&#8230; la fuente de donde brotaba un hilillo del agua so\u00f1ada.<\/p>\n<p align=\"JUSTIFY\">El autob\u00fas se detuvo, todos ten\u00edan sed, pero \u00e9l consigui\u00f3 llegar primero a la fuente de piedra, antes que nadie.<\/p>\n<p align=\"JUSTIFY\">Cerrando los ojos entreabri\u00f3 los labios y ferozmente los acerc\u00f3 al orificio de donde chorreaba el agua. El primer sorbo fresco baj\u00f3, desliz\u00e1ndose por el pecho hasta el est\u00f3mago.<\/p>\n<p align=\"JUSTIFY\">Era la vida que volv\u00eda, y con ella se encharc\u00f3 todo el interior arenoso hasta saciarse. Ahora pod\u00eda abrir los ojos.<\/p>\n<p align=\"JUSTIFY\">Los abri\u00f3, y muy cerca de su cara vio dos ojos de estatua que lo miraban fijamente, y vio que era la estatua de una mujer, y que era de la boca de la mujer de donde sal\u00eda el agua.<\/p>\n<p align=\"JUSTIFY\">Se acord\u00f3 de que al primer sorbo hab\u00eda sentido realmente un contacto g\u00e9lido en los labios, m\u00e1s fr\u00edo que el agua.<\/p>\n<p align=\"JUSTIFY\">Y entonces supo que hab\u00eda acercado la boca a la boca de la mujer de la estatua de piedra. La vida hab\u00eda chorreado de aquella boca, de una boca hacia otra.<\/p>\n<p align=\"JUSTIFY\">Intuitivamente, confuso en su inocencia, se sinti\u00f3 intrigado: pero si no es de la mujer de quien sale el l\u00edquido vivificante, el l\u00edquido germinador de la vida&#8230; Mir\u00f3 la estatua desnuda.<\/p>\n<p align=\"JUSTIFY\">La hab\u00eda besado.<\/p>\n<p align=\"JUSTIFY\">Lo invadi\u00f3 un temblor que desde fuera no se ve\u00eda y que, empezando muy adentro, se apoder\u00f3 de todo el cuerpo y convirti\u00f3 el rostro en brasa viva.<\/p>\n<p align=\"JUSTIFY\">Dio un paso hacia atr\u00e1s o hacia delante, ya no sab\u00eda qu\u00e9 estaba haciendo. Perturbado, at\u00f3nito, se dio cuenta de que una parte de su cuerpo, antes siempre serena, estaba ahora en una tensi\u00f3n agresiva, y eso no le hab\u00eda ocurrido nunca.<\/p>\n<p align=\"JUSTIFY\">Dulcemente agresivo, se hallaba de pie, solo en medio de los dem\u00e1s con el coraz\u00f3n latiendo pausada, profundamente, sintiendo c\u00f3mo se transformaba el mundo. La vida era totalmente nueva, era otra, descubierta en un sobresalto. Estaba perplejo, en un equilibrio fr\u00e1gil.<\/p>\n<p align=\"JUSTIFY\">Hasta que, surgiendo de lo m\u00e1s hondo del ser, de una fuente oculta en \u00e9l chorre\u00f3 la verdad. Que en seguida lo llen\u00f3 de miedo y tambi\u00e9n de un orgullo que no hab\u00eda sentido nunca.<\/p>\n<p align=\"JUSTIFY\">Se hab\u00eda&#8230;<\/p>\n<p align=\"JUSTIFY\">Se hab\u00eda hecho hombre.<\/p>\n<p style=\"text-align: center;\" align=\"JUSTIFY\">* * *<\/p>\n<p><a href=\"https:\/\/blogs.up.edu.pe\/nubes\/\/wp-content\/uploads\/2014\/05\/Lispector-El-primer-beso.pdf\"><\/p>\n<p style=\"text-align: right;\" align=\"JUSTIFY\">versi\u00f3n en pdf<\/p>\n<p><\/a><\/p>\n<p style=\"text-align: right;\" align=\"JUSTIFY\">\n<p>&nbsp;<\/p>\n<p>&nbsp;<\/p>\n","protected":false},"excerpt":{"rendered":"<p>Clarice Lispector (Brasil, 1920-1977) &nbsp; El primer beso &nbsp; Edici\u00f3n para el club virtual de lectura En las nubes de la ficci\u00f3n Universidad del Pac\u00edfico, mayo de 2014 &nbsp; M\u00e1s que conversar, aquellos dos susurraban: hac\u00eda poco que el romance &hellip; <a href=\"https:\/\/blogs.up.edu.pe\/nubes\/textos-de-discusion\/clarice-lispector-el-primer-beso\/\">Sigue leyendo <span class=\"meta-nav\">&rarr;<\/span><\/a><\/p>\n","protected":false},"author":3,"featured_media":0,"parent":9,"menu_order":25,"comment_status":"closed","ping_status":"closed","template":"","meta":{"footnotes":""},"class_list":["post-1231","page","type-page","status-publish","hentry"],"_links":{"self":[{"href":"https:\/\/blogs.up.edu.pe\/nubes\/wp-json\/wp\/v2\/pages\/1231","targetHints":{"allow":["GET"]}}],"collection":[{"href":"https:\/\/blogs.up.edu.pe\/nubes\/wp-json\/wp\/v2\/pages"}],"about":[{"href":"https:\/\/blogs.up.edu.pe\/nubes\/wp-json\/wp\/v2\/types\/page"}],"author":[{"embeddable":true,"href":"https:\/\/blogs.up.edu.pe\/nubes\/wp-json\/wp\/v2\/users\/3"}],"replies":[{"embeddable":true,"href":"https:\/\/blogs.up.edu.pe\/nubes\/wp-json\/wp\/v2\/comments?post=1231"}],"version-history":[{"count":4,"href":"https:\/\/blogs.up.edu.pe\/nubes\/wp-json\/wp\/v2\/pages\/1231\/revisions"}],"predecessor-version":[{"id":1234,"href":"https:\/\/blogs.up.edu.pe\/nubes\/wp-json\/wp\/v2\/pages\/1231\/revisions\/1234"}],"up":[{"embeddable":true,"href":"https:\/\/blogs.up.edu.pe\/nubes\/wp-json\/wp\/v2\/pages\/9"}],"wp:attachment":[{"href":"https:\/\/blogs.up.edu.pe\/nubes\/wp-json\/wp\/v2\/media?parent=1231"}],"curies":[{"name":"wp","href":"https:\/\/api.w.org\/{rel}","templated":true}]}}