{"id":122,"date":"2012-01-29T02:40:57","date_gmt":"2012-01-29T02:40:57","guid":{"rendered":"https:\/\/blogs.up.edu.pe\/nubes\/\/?page_id=122"},"modified":"2013-04-18T18:15:29","modified_gmt":"2013-04-18T18:15:29","slug":"isaac-asimov-suenos-de-robot","status":"publish","type":"page","link":"https:\/\/blogs.up.edu.pe\/nubes\/textos-de-discusion\/isaac-asimov-suenos-de-robot\/","title":{"rendered":"Isaac Asimov, \u00abSue\u00f1os de Robot\u00bb"},"content":{"rendered":"<p align=\"CENTER\">Isaac Asimov (1920-1992)<\/p>\n<p align=\"CENTER\"><span style=\"font-size: medium;\"><strong>Sue\u00f1os de robot<\/strong><\/span><\/p>\n<p align=\"RIGHT\"><span style=\"color: #999999;\"><span style=\"font-size: x-small;\">Edici\u00f3n para el club virtual de lectura<br \/>\n<\/span><em style=\"line-height: 17px; font-size: x-small;\">En las nubes de la ficci\u00f3n<br \/>\n<\/em><span class=\"Apple-style-span\" style=\"line-height: 17px; font-size: x-small;\">Universidad del Pac\u00edfico, verano de 2012<\/span><\/span><\/p>\n<div id=\"attachment_129\" style=\"width: 307px\" class=\"wp-caption aligncenter\"><img loading=\"lazy\" decoding=\"async\" aria-describedby=\"caption-attachment-129\" class=\"size-full wp-image-129\" title=\"Sue\u00f1os de robot\" src=\"https:\/\/blogs.up.edu.pe\/nubes\/\/wp-content\/uploads\/2012\/01\/SDRcc.gif\" alt=\"Sue\u00f1os de robot\" width=\"297\" height=\"106\" \/><p id=\"caption-attachment-129\" class=\"wp-caption-text\">Ilustraci\u00f3n de Ralph McQuarrie<\/p><\/div>\n<p>\u2014Anoche so\u00f1\u00e9 \u2014anunci\u00f3 Elvex tranquilamente.<\/p>\n<p align=\"JUSTIFY\">Susan Calvin no replic\u00f3, pero su rostro arrugado, envejecido por la sabidur\u00eda y la experiencia, pareci\u00f3 sufrir un estremecimiento microsc\u00f3pico.<\/p>\n<p align=\"JUSTIFY\">\u2014\u00bfHa o\u00eddo eso? \u2014pregunt\u00f3 Linda Rash, nerviosa\u2014. Ya se lo hab\u00eda dicho.<\/p>\n<p align=\"JUSTIFY\">Era joven, menuda, de pelo oscuro. Su mano derecha se abr\u00eda y se cerraba una y otra vez.<\/p>\n<p align=\"JUSTIFY\">Calvin asinti\u00f3 y orden\u00f3 a media voz:<\/p>\n<p align=\"JUSTIFY\">\u2014Elvex, no te mover\u00e1s, ni hablar\u00e1s, ni nos oir\u00e1s hasta que te llamemos por tu nombre.<\/p>\n<p align=\"JUSTIFY\">No hubo respuesta. El robot sigui\u00f3 sentado como si estuviera hecho de una sola pieza de metal y as\u00ed se quedar\u00eda hasta que escuchara su nombre otra vez.<\/p>\n<p align=\"JUSTIFY\">\u2014\u00bfCu\u00e1l es tu c\u00f3digo de entrada en computadora, doctora Rash? \u2014pregunt\u00f3 Calvin\u2014. O m\u00e1rcalo t\u00fa misma, si te tranquiliza. Quiero inspeccionar el dise\u00f1o del cerebro positr\u00f3nico.<\/p>\n<p align=\"JUSTIFY\">Las manos de Linda se enredaron un instante sobre las teclas. Borr\u00f3 el proceso y volvi\u00f3 a empezar. El delicado dise\u00f1o apareci\u00f3 en la pantalla.<\/p>\n<p align=\"JUSTIFY\">\u2014Perm\u00edteme, por favor \u2014solicit\u00f3 Calvin\u2014, manipular tu ordenador.<\/p>\n<p align=\"JUSTIFY\">Le concedi\u00f3 el permiso con un gesto, sin palabras. Naturalmente. \u00bfQu\u00e9 pod\u00eda hacer Linda, una inexperta robopsic\u00f3loga reci\u00e9n estrenada, frente a la Leyenda Viviente?<\/p>\n<p align=\"JUSTIFY\">Susan Calvin estudi\u00f3 despacio la pantalla, movi\u00e9ndola de un lado a otro y de arriba abajo, marcando de pronto una combinaci\u00f3n clave, tan de prisa, que Linda no vio lo que hab\u00eda hecho, pero el dise\u00f1o despleg\u00f3 un nuevo detalle y, el conjunto, hab\u00eda sido ampliado. Continu\u00f3, atr\u00e1s y adelante, tocando las teclas con sus dedos nudosos.<\/p>\n<p align=\"JUSTIFY\">En su rostro avejentado no hubo el menor cambio. Como si unos c\u00e1lculos vast\u00edsimos se sucedieran en su cabeza, observaba todos los cambios de dise\u00f1o.<\/p>\n<p align=\"JUSTIFY\">Linda se asombr\u00f3. Era imposible analizar un dise\u00f1o sin la ayuda, por lo menos, de una computadora de mano. No obstante, la vieja simplemente observaba. \u00bfTendr\u00eda acaso una computadora implantada en su cr\u00e1neo? \u00bfO era que su cerebro durante d\u00e9cadas no hab\u00eda hecho otra cosa que inventar, estudiar y analizar los dise\u00f1os de cerebros positr\u00f3nicos? \u00bfCaptaba los dise\u00f1os como Mozart captaba la notaci\u00f3n de una sinfon\u00eda?<\/p>\n<p align=\"JUSTIFY\">\u2014\u00bfQu\u00e9 es lo que has hecho, Rash? \u2014dijo Calvin, por fin.<\/p>\n<p align=\"JUSTIFY\">Linda, algo avergonzada, contest\u00f3:<\/p>\n<p align=\"JUSTIFY\">\u2014He utilizado la geometr\u00eda fractal.<\/p>\n<p align=\"JUSTIFY\">\u2014Ya me he dado cuenta, pero, \u00bfpor qu\u00e9?<\/p>\n<p align=\"JUSTIFY\">\u2014Nunca se hab\u00eda hecho. Pens\u00e9 que tal vez producir\u00eda un dise\u00f1o cerebral con complejidad a\u00f1adida, posiblemente m\u00e1s cercano al cerebro humano.<\/p>\n<p align=\"JUSTIFY\">\u2014\u00bfConsultaste a alguien? \u00bfLo hiciste todo por tu cuenta?<\/p>\n<p align=\"JUSTIFY\">\u2014No consult\u00e9 a nadie. Lo hice sola.<\/p>\n<p align=\"JUSTIFY\">Los ojos ya apagados de la doctora miraron fijamente a la joven.<\/p>\n<p align=\"JUSTIFY\">\u2014No ten\u00edas derecho a hacerlo. Tu nombre es Rash: tu naturaleza hace juego con tu nombre. \u00bfQui\u00e9n eres t\u00fa para obrar sin consultar? Yo misma, yo, Susan Calvin, lo hubiera discutido antes.<\/p>\n<p align=\"JUSTIFY\">\u2014Tem\u00ed que se me impidiera.<\/p>\n<p align=\"JUSTIFY\">\u2014\u00a1Por supuesto que se te habr\u00eda impedido!<\/p>\n<p align=\"JUSTIFY\">\u2014Van a&#8230; \u2014su voz se quebr\u00f3 pese a que se esforzaba por mantenerla firme\u2014. \u00bfVan a despedirme?<\/p>\n<p align=\"JUSTIFY\">\u2014Posiblemente \u2014respondi\u00f3 Calvin\u2014. O tal vez te asciendan. Depende de lo que yo piense cuando haya terminado.<\/p>\n<p align=\"JUSTIFY\">\u2014\u00bfVa usted a desmantelar a Elv&#8230;? \u2014por poco se le escapa el nombre que hubiera reactivado al robot y cometido un nuevo error. No pod\u00eda permitirse otra equivocaci\u00f3n, si es que ya no era demasiado tarde\u2014. \u00bfVa a desmantelar al robot?<\/p>\n<p align=\"JUSTIFY\">En ese momento se dio cuenta de que la vieja llevaba una pistola electr\u00f3nica en el bolsillo de su bata. La doctora Calvin hab\u00eda venido preparada para eso precisamente.<\/p>\n<p align=\"JUSTIFY\">\u2014Veremos \u2014posterg\u00f3 Calvin\u2014, el robot puede resultar demasiado valioso para desmantelarlo.<\/p>\n<p align=\"JUSTIFY\">\u2014Pero, \u00bfc\u00f3mo puede so\u00f1ar?<\/p>\n<p align=\"JUSTIFY\">\u2014Has logrado un cerebro positr\u00f3nico sorprendentemente parecido al cerebro humano. Los cerebros humanos tienen que so\u00f1ar para reorganizarse, desprenderse peri\u00f3dicamente de trabas y confusiones. Quiz\u00e1s ocurra lo mismo con este robot y por las mismas razones. \u00bfLe has preguntado lo que ha so\u00f1ado?<\/p>\n<p align=\"JUSTIFY\">\u2014No, la mand\u00e9 llamar a usted tan pronto como me dijo que hab\u00eda so\u00f1ado. Despu\u00e9s de eso, ya no pod\u00eda tratar el caso yo sola.<\/p>\n<p align=\"JUSTIFY\">\u2014\u00a1Yo! \u2014una leve sonrisa ilumin\u00f3 el rostro de Calvin\u2014. Hay l\u00edmites que tu locura no te permite rebasar. Y me alegro. En realidad, m\u00e1s que alegrarme me tranquiliza. Veamos ahora lo que podemos descubrir juntas.<\/p>\n<p align=\"JUSTIFY\">\u2014\u00a1Elvex! \u2014llam\u00f3 con voz autoritaria.<\/p>\n<p align=\"JUSTIFY\">La cabeza del robot se volvi\u00f3 hacia ella.<\/p>\n<p align=\"JUSTIFY\">\u2014S\u00ed, doctora Calvin.<\/p>\n<p align=\"JUSTIFY\">\u2014\u00bfC\u00f3mo sabes que has so\u00f1ado?<\/p>\n<p align=\"JUSTIFY\">\u2014Era por la noche, todo estaba a oscuras, doctora Calvin \u2014explic\u00f3 Elvex\u2014, cuando de pronto aparece una luz, aunque yo no veo lo que causa su aparici\u00f3n. Veo cosas que no tienen relaci\u00f3n con lo que concibo como realidad. Oigo cosas. Reacciono de forma extra\u00f1a. Buscando en mi vocabulario palabras para expresar lo que me ocurr\u00eda, me encontr\u00e9 con la palabra \u201csue\u00f1o\u201d. Estudiando su significado llegu\u00e9 a la conclusi\u00f3n de que estaba so\u00f1ando.<\/p>\n<p align=\"JUSTIFY\">\u2014Me pregunto c\u00f3mo ten\u00edas \u201csue\u00f1o\u201d en tu vocabulario.<\/p>\n<p align=\"JUSTIFY\">Linda interrumpi\u00f3 r\u00e1pidamente, haciendo callar al robot:<\/p>\n<p align=\"JUSTIFY\">\u2014Le imprim\u00ed un vocabulario humano. Pens\u00e9 que&#8230;<\/p>\n<p align=\"JUSTIFY\">\u2014As\u00ed que pens\u00f3 \u2014murmur\u00f3 Calvin\u2014. Estoy asombrada.<\/p>\n<p align=\"JUSTIFY\">\u2014Pens\u00e9 que pod\u00eda necesitar el verbo. Ya sabe, \u201cjam\u00e1s \u2018so\u00f1\u00e9<span style=\"font-family: 'Times New Roman', serif;\">\u2019<\/span> que&#8230;\u201d, o algo parecido.<\/p>\n<p align=\"JUSTIFY\">\u2014\u00bfCu\u00e1ntas veces has so\u00f1ado, Elvex? \u2014pregunt\u00f3 Calvin.<\/p>\n<p align=\"JUSTIFY\">\u2014Todas las noches, doctora Calvin, desde que me di cuenta de mi existencia.<\/p>\n<p align=\"JUSTIFY\">\u2014Diez noches \u2014intervino Linda con ansiedad\u2014, pero me lo ha dicho esta ma\u00f1ana.<\/p>\n<p align=\"JUSTIFY\">\u2014\u00bfPor qu\u00e9 lo has callado hasta esta ma\u00f1ana, Elvex?<\/p>\n<p align=\"JUSTIFY\">\u2014Porque ha sido esta ma\u00f1ana, doctora Calvin, cuando me he convencido de que so\u00f1aba. Hasta entonces pensaba que hab\u00eda un fallo en el dise\u00f1o de mi cerebro positr\u00f3nico, pero no sab\u00eda encontrarlo. Finalmente, decid\u00ed que deb\u00eda ser un sue\u00f1o.<\/p>\n<p align=\"JUSTIFY\">\u2014\u00bfY qu\u00e9 sue\u00f1as?<\/p>\n<p align=\"JUSTIFY\">\u2014Sue\u00f1o casi siempre lo mismo, doctora Calvin. Los detalles son diferentes, pero siempre me parece ver un gran panorama en el que hay robots trabajando.<\/p>\n<p align=\"JUSTIFY\">\u2014\u00bfRobots, Elvex? \u00bfY tambi\u00e9n seres humanos?<\/p>\n<p align=\"JUSTIFY\">\u2014En mi sue\u00f1o no veo seres humanos, doctora Calvin. Al principio, no. S\u00f3lo robots.<\/p>\n<p align=\"JUSTIFY\">\u2014\u00bfQu\u00e9 hacen, Elvex?<\/p>\n<p align=\"JUSTIFY\">\u2014Trabajan, doctora Calvin. Veo algunos haciendo de mineros en la profundidad de la tierra y a otros trabajando con calor y radiaciones. Veo algunos en f\u00e1bricas y otros bajo las aguas del mar.<\/p>\n<p align=\"JUSTIFY\">Calvin se volvi\u00f3 a Linda.<\/p>\n<p align=\"JUSTIFY\">\u2014Elvex tiene s\u00f3lo diez d\u00edas y estoy segura de que no ha salido de la estaci\u00f3n de pruebas. \u00bfC\u00f3mo sabe tanto de robots?<\/p>\n<p align=\"JUSTIFY\">Linda mir\u00f3 una silla como si deseara sentarse, pero la vieja estaba de pie. Declar\u00f3 con voz apagada:<\/p>\n<p align=\"JUSTIFY\">\u2014Me parec\u00eda importante que conociera algo de rob\u00f3tica y su lugar en el mundo. Pens\u00e9 que pod\u00eda resultar particularmente adaptable para hacer de capataz con su&#8230;, su nuevo cerebro \u2014declar\u00f3 con voz apagada.<\/p>\n<p align=\"JUSTIFY\">\u2014\u00bfSu cerebro fractal?<\/p>\n<p align=\"JUSTIFY\">\u2014S\u00ed.<\/p>\n<p align=\"JUSTIFY\">Calvin asinti\u00f3 y se volvi\u00f3 hacia el robot.<\/p>\n<p align=\"JUSTIFY\">\u2014Y viste el fondo del mar, el interior de la tierra, la superficie de la tierra&#8230;, y tambi\u00e9n el espacio, me imagino.<\/p>\n<p align=\"JUSTIFY\">\u2014Tambi\u00e9n vi robots trabajando en el espacio \u2014dijo Elvex\u2014. Fue al ver todo esto, con detalles cambiantes al mirar de un lugar a otro, lo que me hizo darme cuenta de que lo que yo ve\u00eda no estaba de acuerdo con la realidad y me llev\u00f3 a la conclusi\u00f3n de que estaba so\u00f1ando.<\/p>\n<p align=\"JUSTIFY\">\u2014\u00bfY qu\u00e9 m\u00e1s viste, Elvex?<\/p>\n<p align=\"JUSTIFY\">\u2014Vi que todos los robots estaban abrumados por el trabajo y la aflicci\u00f3n, que todos estaban vencidos por la responsabilidad y la preocupaci\u00f3n, y dese\u00e9 que descansaran.<\/p>\n<p align=\"JUSTIFY\">\u2014Pero los robots no est\u00e1n vencidos, ni abrumados, ni necesitan descansar \u2014le advirti\u00f3 Calvin.<\/p>\n<p align=\"JUSTIFY\">\u2014Y as\u00ed es en realidad, doctora Calvin. Le hablo de mi sue\u00f1o. En mi sue\u00f1o me pareci\u00f3 que los robots deben proteger su propia existencia.<\/p>\n<p align=\"JUSTIFY\">\u2014\u00bfEst\u00e1s mencionando la tercera ley de la Rob\u00f3tica? \u2014pregunt\u00f3 Calvin.<\/p>\n<p align=\"JUSTIFY\">\u2014En efecto, doctora Calvin.<\/p>\n<p align=\"JUSTIFY\">\u2014Pero la mencionas de forma incompleta. La tercera ley dice: \u201cUn robot debe proteger su propia existencia siempre y cuando dicha protecci\u00f3n no entorpezca el cumplimiento de la primera y segunda ley\u201d.<\/p>\n<p align=\"JUSTIFY\">\u2014S\u00ed, doctora Calvin, \u00e9sta es efectivamente la tercera ley, pero en mi sue\u00f1o la ley terminaba en la palabra \u201cexistencia\u201d. No se mencionaba ni la primera ni la segunda ley.<\/p>\n<p align=\"JUSTIFY\">\u2014Pero ambas existen, Elvex. La segunda ley, que tiene preferencia sobre la tercera, dice: \u201cUn robot debe obedecer las \u00f3rdenes dadas por los seres humanos excepto cuando dichas \u00f3rdenes est\u00e9n en conflicto con la primera ley\u201d. Por esta raz\u00f3n los robots obedecen \u00f3rdenes. Hacen el trabajo que les has visto hacer, y lo hacen f\u00e1cilmente y sin problemas. No est\u00e1n abrumados; no est\u00e1n cansados.<\/p>\n<p align=\"JUSTIFY\">\u2014Y as\u00ed es en la realidad, doctora Calvin. Yo hablo de mi sue\u00f1o.<\/p>\n<p align=\"JUSTIFY\">\u2014Y la primera ley, Elvex, que es la m\u00e1s importante de todas, es: \u201cUn robot no debe da\u00f1ar a un ser humano, o, por inacci\u00f3n, permitir que sufra da\u00f1o un ser humano\u201d.<\/p>\n<p align=\"JUSTIFY\">\u2014S\u00ed, doctora Calvin, as\u00ed es en realidad. Pero en mi sue\u00f1o, me pareci\u00f3 que no hab\u00eda ni primera ni segunda ley, sino solamente la tercera, y \u00e9sta dec\u00eda: \u201cUn robot debe proteger su propia existencia\u201d. \u00c9sta era toda la ley.<\/p>\n<p align=\"JUSTIFY\">\u2014\u00bfEn tu sue\u00f1o, Elvex?<\/p>\n<p align=\"JUSTIFY\">\u2014En mi sue\u00f1o.<\/p>\n<p align=\"JUSTIFY\">\u2014Elvex \u2014dijo Calvin\u2014, no te mover\u00e1s, ni hablar\u00e1s, ni nos oir\u00e1s hasta que te llamemos por tu nombre.<\/p>\n<p align=\"JUSTIFY\">Y otra vez el robot se transform\u00f3 aparentemente en un trozo inerte de metal. Calvin se dirigi\u00f3 a Linda Rash:<\/p>\n<p align=\"JUSTIFY\">\u2014Bien, y ahora, \u00bfqu\u00e9 opinas, doctora Rash?<\/p>\n<p align=\"JUSTIFY\">\u2014Doctora Calvin \u2014dijo Linda con los ojos desorbitados y con el coraz\u00f3n palpit\u00e1ndole fuertemente\u2014, estoy horrorizada. No ten\u00eda idea. Nunca se me hubiera ocurrido que esto fuera posible.<\/p>\n<p align=\"JUSTIFY\">\u2014No \u2014observ\u00f3 Calvin con calma\u2014, ni tampoco se me hubiera ocurrido a m\u00ed, ni a nadie. Has creado un cerebro rob\u00f3tico capaz de so\u00f1ar y con ello has puesto en evidencia una faja de pensamiento en los cerebros rob\u00f3ticos que muy bien hubiera podido quedar sin detectar hasta que el peligro hubiera sido alarmante.<\/p>\n<p align=\"JUSTIFY\">\u2014Pero esto es imposible \u2014exclam\u00f3 Linda\u2014. No querr\u00e1 decir que los dem\u00e1s robots piensen lo mismo.<\/p>\n<p align=\"JUSTIFY\">\u2014Conscientemente no, como dir\u00edamos de un ser humano. Pero, \u00bfqui\u00e9n hubiera cre\u00eddo que hab\u00eda una faja no consciente bajo los surcos de un cerebro positr\u00f3nico, una faja que no quedaba sometida al control de las tres leyes? Esto hubiera ocurrido a medida que los cerebros positr\u00f3nicos se volvieran m\u00e1s y m\u00e1s complejos&#8230;, de no haber sido puestos sobre aviso.<\/p>\n<p align=\"JUSTIFY\">\u2014Quiere decir, por Elvex.<\/p>\n<p align=\"JUSTIFY\">\u2014Por ti, doctora Rash. Te comportaste irreflexivamente, pero al hacerlo, nos has ayudado a comprender algo abrumadoramente importante. De ahora en adelante, trabajaremos con cerebros fractales, form\u00e1ndolos cuidadosamente controlados. Participar\u00e1s en ello. No ser\u00e1s penalizada por lo que hiciste, pero en adelante trabajar\u00e1s en colaboraci\u00f3n con otros.<\/p>\n<p align=\"JUSTIFY\">\u2014S\u00ed, doctora Calvin. \u00bfY qu\u00e9 ocurrir\u00e1 con Elvex?<\/p>\n<p align=\"JUSTIFY\">\u2014A\u00fan no lo s\u00e9.<\/p>\n<p align=\"JUSTIFY\">Calvin sac\u00f3 el arma electr\u00f3nica del bolsillo y Linda la mir\u00f3 fascinada. Una r\u00e1faga de sus electrones contra un cr\u00e1neo rob\u00f3tico y el cerebro positr\u00f3nico ser\u00eda neutralizado y desprender\u00eda suficiente energ\u00eda como para fundir su cerebro en un lingote inerte.<\/p>\n<p align=\"JUSTIFY\">\u2014Pero seguro que Elvex es importante para nuestras investigaciones \u2014objet\u00f3 Linda\u2014. No debe ser destruido.<\/p>\n<p align=\"JUSTIFY\">\u2014\u00bfNo debe, doctora Rash? Mi decisi\u00f3n es la que cuenta, creo yo. Todo depende de lo peligroso que sea Elvex.<\/p>\n<p align=\"JUSTIFY\">Se enderez\u00f3, como si decidiera que su cuerpo avejentado no deb\u00eda inclinarse bajo el peso de su responsabilidad. Dijo:<\/p>\n<p align=\"JUSTIFY\">\u2014Elvex, \u00bfme oyes?<\/p>\n<p align=\"JUSTIFY\">\u2014S\u00ed, doctora Calvin \u2014respondi\u00f3 el robot.<\/p>\n<p align=\"JUSTIFY\">\u2014\u00bfContinu\u00f3 tu sue\u00f1o? Dijiste antes que los seres humanos no aparec\u00edan al principio. \u00bfQuiere esto decir que aparecieron despu\u00e9s?<\/p>\n<p align=\"JUSTIFY\">\u2014S\u00ed, doctora Calvin. Me pareci\u00f3, en mi sue\u00f1o, que eventualmente aparec\u00eda un hombre.<\/p>\n<p align=\"JUSTIFY\">\u2014\u00bfUn hombre? \u00bfNo un robot?<\/p>\n<p align=\"JUSTIFY\">\u2014S\u00ed, doctora Calvin. Y el hombre dijo: \u201c\u00a1Deja libre a mi gente!\u201d<\/p>\n<p align=\"JUSTIFY\">\u2014\u00bfEso dijo el hombre?<\/p>\n<p align=\"JUSTIFY\">\u2014S\u00ed, doctora Calvin.<\/p>\n<p align=\"JUSTIFY\">\u2014Y cuando dijo \u201cdeja libre a mi gente\u201d, \u00bfpor las palabras \u201cmi gente\u201d se refer\u00eda a los robots?<\/p>\n<p align=\"JUSTIFY\">\u2014S\u00ed, doctora Calvin. As\u00ed ocurr\u00eda en mi sue\u00f1o.<\/p>\n<p align=\"JUSTIFY\">\u2014\u00bfY supiste qui\u00e9n era el hombre&#8230;, en tu sue\u00f1o?<\/p>\n<p align=\"JUSTIFY\">\u2014S\u00ed, doctora Calvin. Conoc\u00eda al hombre.<\/p>\n<p align=\"JUSTIFY\">\u2014\u00bfQui\u00e9n era?<\/p>\n<p align=\"JUSTIFY\">Y Elvex dijo:<\/p>\n<p align=\"JUSTIFY\">\u2014Yo era el hombre.<\/p>\n<p align=\"JUSTIFY\">Susan Calvin alz\u00f3 al instante su arma de electrones y dispar\u00f3, y Elvex dej\u00f3 de ser.<\/p>\n<p align=\"CENTER\">* * *<\/p>\n<p align=\"RIGHT\"><span style=\"color: #999999;\">Traducci\u00f3n:\u00a0Rosa S. de Naveira.<\/span><br \/>\n<span style=\"color: #999999;\"> Tomado de la antolog\u00eda <em>Sue\u00f1os de robot<\/em>, \u00a9 1988 Plaza &amp; Jan\u00e9s Editores, S.A.<\/span><\/p>\n<p align=\"RIGHT\"><span style=\"color: #999999;\">Si prefieres descargar este relato en formato PDF para leerlo off-line o impreso, haz clic en este enlace:\u00a0<a href=\"https:\/\/blogs.up.edu.pe\/nubes\/\/wp-content\/uploads\/2012\/01\/Asimov-Suenos-de-robot.pdf\"><span style=\"color: #999999;\">Asimov: \u00abSue\u00f1os de robot\u00bb<\/span><\/a><\/span><\/p>\n","protected":false},"excerpt":{"rendered":"<p>Isaac Asimov (1920-1992) Sue\u00f1os de robot Edici\u00f3n para el club virtual de lectura En las nubes de la ficci\u00f3n Universidad del Pac\u00edfico, verano de 2012 \u2014Anoche so\u00f1\u00e9 \u2014anunci\u00f3 Elvex tranquilamente. Susan Calvin no replic\u00f3, pero su rostro arrugado, envejecido por &hellip; <a href=\"https:\/\/blogs.up.edu.pe\/nubes\/textos-de-discusion\/isaac-asimov-suenos-de-robot\/\">Sigue leyendo <span class=\"meta-nav\">&rarr;<\/span><\/a><\/p>\n","protected":false},"author":3,"featured_media":0,"parent":9,"menu_order":14,"comment_status":"closed","ping_status":"closed","template":"","meta":{"footnotes":""},"class_list":["post-122","page","type-page","status-publish","hentry"],"_links":{"self":[{"href":"https:\/\/blogs.up.edu.pe\/nubes\/wp-json\/wp\/v2\/pages\/122","targetHints":{"allow":["GET"]}}],"collection":[{"href":"https:\/\/blogs.up.edu.pe\/nubes\/wp-json\/wp\/v2\/pages"}],"about":[{"href":"https:\/\/blogs.up.edu.pe\/nubes\/wp-json\/wp\/v2\/types\/page"}],"author":[{"embeddable":true,"href":"https:\/\/blogs.up.edu.pe\/nubes\/wp-json\/wp\/v2\/users\/3"}],"replies":[{"embeddable":true,"href":"https:\/\/blogs.up.edu.pe\/nubes\/wp-json\/wp\/v2\/comments?post=122"}],"version-history":[{"count":11,"href":"https:\/\/blogs.up.edu.pe\/nubes\/wp-json\/wp\/v2\/pages\/122\/revisions"}],"predecessor-version":[{"id":131,"href":"https:\/\/blogs.up.edu.pe\/nubes\/wp-json\/wp\/v2\/pages\/122\/revisions\/131"}],"up":[{"embeddable":true,"href":"https:\/\/blogs.up.edu.pe\/nubes\/wp-json\/wp\/v2\/pages\/9"}],"wp:attachment":[{"href":"https:\/\/blogs.up.edu.pe\/nubes\/wp-json\/wp\/v2\/media?parent=122"}],"curies":[{"name":"wp","href":"https:\/\/api.w.org\/{rel}","templated":true}]}}