{"id":1205,"date":"2014-05-01T16:09:19","date_gmt":"2014-05-01T16:09:19","guid":{"rendered":"https:\/\/blogs.up.edu.pe\/nubes\/\/?page_id=1205"},"modified":"2014-05-01T16:09:19","modified_gmt":"2014-05-01T16:09:19","slug":"jose-b-adolph-persistencia","status":"publish","type":"page","link":"https:\/\/blogs.up.edu.pe\/nubes\/textos-de-discusion\/jose-b-adolph-persistencia\/","title":{"rendered":"Jos\u00e9 B. Adolph, \u00abPersistencia\u00bb"},"content":{"rendered":"<p style=\"text-align: center;\">Jos\u00e9 B. Adolph (1933-2008)<\/p>\n<p style=\"text-align: center;\"><strong>Persistencia<\/strong><\/p>\n<h6 style=\"text-align: right;\">Edici\u00f3n para el club virtual de lectura<br \/>\n\u201cEn las nubes de la ficci\u00f3n\u201d<br \/>\nUniversidad del Pac\u00edfico,\u00a0Abril de 2014.<\/h6>\n<p style=\"text-align: justify;\">Gobernar la nave se hace cada vez m\u00e1s problem\u00e1tico. Los hombres est\u00e1n inquietos; solo la m\u00e1s ardua disciplina, las m\u00e1s dulces promesas, las m\u00e1s absurdas amenazas mantienen a la tripulaci\u00f3n activa y dispuesta. Una humanidad que ya no se asombra de nada nos vio partir hacia el m\u00e1s all\u00e1: estaba ya habituada a una desfalleciente fascinaci\u00f3n.<\/p>\n<p style=\"text-align: justify;\">Comprendo a todos; estos han sido a\u00f1os de sucesos terribles, de convulsiones. Muertes masivas, guerras, inventos maravillosos: \u00bfqui\u00e9n podr\u00eda entusiasmarse por una conquista de aquel espacio que ya nada promete a hombres hartos de progreso? Los costos son elevados, pero ya nadie se fija en cifras. Corre sangre y corre dinero en estos a\u00f1os en que somos, a la vez, creadores y asesinos.<\/p>\n<p style=\"text-align: justify;\">Amo y odio a mis compa\u00f1eros. En cierto sentido, son la hez del universo; en otro, son balbucientes ni\u00f1os en cuyas manos se moldea el futuro. Abriremos una ruta que liberar\u00e1 a este planeta del hambre, de las multitudes crecientes que ya no encuentran un lugar bajo el sol y que s\u00f3lo esperan, aterradas y resignadas, un juicio final del que desconf\u00edo: \u00bfc\u00f3mo se puede ser tan supersticioso en estos tiempos de triunfo de la ciencia, del arte, de una nueva promesa de libertad como la que encarna esta nave?<\/p>\n<p style=\"text-align: justify;\">Hamos partido hace meses; en este tiempo solitario hemos recorrido la inmensidad de cambiantes colores, reducidos a lo m\u00ednimo. Nos hemos visto convertidos en criaturas desnudas, flotando en la creaci\u00f3n: los hombres tienen miedo. Sab\u00edan que exist\u00eda este vac\u00edo; lo supieron siempre. Pero ahora que se sienten devorados por \u00e9l, sus miradas se han endurecido para siempre. El final es un lejano punto que no logro construirles.<\/p>\n<p style=\"text-align: justify;\">Huimos de un mundo de miseria y hartazgo; de violencia y caridad; de revoluci\u00f3n y orden. Habremos de retornar, sin duda, pero tampoco puedo garantiz\u00e1rselo a ellos. Ven el vac\u00edo; no son capaces de perseguir un sue\u00f1o de plenitud.<\/p>\n<p style=\"text-align: justify;\">No hay comunicaci\u00f3n con un pasado que s\u00f3lo recobraremos como futuro. Y mi soledad es mayor: \u00a1ay de los que poseemos la verdad y la seguridad! Una sola l\u00e1grima nuestra, descubierta por ellos, equivaldr\u00eda a una desesperada muerte.<\/p>\n<p style=\"text-align: justify;\">Pero es inmensa la recompensa: al otro lado nos esperamos nosotros mismos, encarnados en esa libertad y en esa abundancia de que ahora carece nuestro planeta. Debemos durar, debemos resistir, no s\u00f3lo porque el retorno es imposible, sino porque mienten cuando dicen preferir la seguridad de la prisi\u00f3n que dejaron. La verdad, me digo, es obligatoria. Y el encargo que llevamos nos ha sido encomendado por todos los hombres de la tierra, aun por aquellos que no saben de este viaje e ignoran lo miserable de su existencia.<\/p>\n<p style=\"text-align: justify;\">El viaje continuar\u00e1, as\u00ed tuviera que matarlos a todos y gobernar yo solo la nave. Nadie puede escapar, si no es a trav\u00e9s de su propia muerte: conf\u00edo en sus instintos, m\u00e1s que en sus razonados temores. Hasta ahora no hemos encontrado las horribles pesadillas que algunos timoratos previeron. S\u00e9 que todo marchar\u00e1 bien, o todos moriremos juntos; si as\u00ed fuera, si lo \u00faltimo se cumpliera, otros retomar\u00e1n la esperanza y esa huida que ser\u00e1 un gran encuentro. El cielo es negro sobre nosotros, pero miles de luces nos acompa\u00f1an; son como cirios de la esperanza. Ellos las miran con temor y odio; no quieren comprender que son guardianes y gu\u00edas: \u00bfc\u00f3mo no sentirse hermano de las estrellas, que observan, comprensivas, nuestra soledad que es la de ellas?<\/p>\n<p style=\"text-align: justify;\">Me siento solo, y no me siento solo. \u00bfHabr\u00e1 alguien que pueda comprender esta atracci\u00f3n por un abismo que para m\u00ed no es una ruta m\u00e1s? Es cierto que a veces tengo miedo, como todos. No soy sino un hombre frente a fuerzas desconocidas: las intuyo, pero no las domino; las comprendo, pero no son m\u00edas. Pero sin miedo no hay esperanza.<\/p>\n<p style=\"text-align: justify;\">Y, sin embargo, el tiempo es largo, sobre todo para ellos. El viaje se les aparece infinito. Empiezan a sentirse privados de toda realidad; se creen fantasmas de s\u00ed mismos. Sus ojos me amenazan, porque siempre hay un culpable. La nave cruje y se mece, la inmensidad es cada vez m\u00e1s aplastante, pese a esos signos que, desde hace un par de d\u00edas, nos aseguran que no hay error, que mis c\u00e1lculos son correctos.<\/p>\n<p style=\"text-align: justify;\">Debo anotar, pues, que ojal\u00e1 se cumplan los pron\u00f3sticos favorables antes que el temor termine totalmente con la confianza. Rogar\u00e9 al Se\u00f1or para que tal cosa no ocurra. Danos, pues, Se\u00f1or, la gracia de poder cumplir nuestra misi\u00f3n antes que finalice este octubre de 1492.<\/p>\n<p style=\"text-align: center;\">* * *<\/p>\n<h6 style=\"text-align: right;\"><span style=\"color: #808080;\">Tomado de\u00a0http:\/\/www.letrasperdidas.galeon.com\/consagrados\/c_adolph01.htm<\/span><\/h6>\n<p><a href=\"https:\/\/blogs.up.edu.pe\/nubes\/\/wp-content\/uploads\/2014\/05\/Adolph-Persistencia.pdf\"><\/p>\n<h6 style=\"text-align: right;\"><span style=\"color: #808080;\">PDF<\/span><\/h6>\n<p><\/a><\/p>\n","protected":false},"excerpt":{"rendered":"<p>Jos\u00e9 B. Adolph (1933-2008) Persistencia Edici\u00f3n para el club virtual de lectura \u201cEn las nubes de la ficci\u00f3n\u201d Universidad del Pac\u00edfico,\u00a0Abril de 2014. Gobernar la nave se hace cada vez m\u00e1s problem\u00e1tico. Los hombres est\u00e1n inquietos; solo la m\u00e1s ardua &hellip; <a href=\"https:\/\/blogs.up.edu.pe\/nubes\/textos-de-discusion\/jose-b-adolph-persistencia\/\">Sigue leyendo <span class=\"meta-nav\">&rarr;<\/span><\/a><\/p>\n","protected":false},"author":3,"featured_media":0,"parent":9,"menu_order":20,"comment_status":"closed","ping_status":"closed","template":"","meta":{"footnotes":""},"class_list":["post-1205","page","type-page","status-publish","hentry"],"_links":{"self":[{"href":"https:\/\/blogs.up.edu.pe\/nubes\/wp-json\/wp\/v2\/pages\/1205","targetHints":{"allow":["GET"]}}],"collection":[{"href":"https:\/\/blogs.up.edu.pe\/nubes\/wp-json\/wp\/v2\/pages"}],"about":[{"href":"https:\/\/blogs.up.edu.pe\/nubes\/wp-json\/wp\/v2\/types\/page"}],"author":[{"embeddable":true,"href":"https:\/\/blogs.up.edu.pe\/nubes\/wp-json\/wp\/v2\/users\/3"}],"replies":[{"embeddable":true,"href":"https:\/\/blogs.up.edu.pe\/nubes\/wp-json\/wp\/v2\/comments?post=1205"}],"version-history":[{"count":2,"href":"https:\/\/blogs.up.edu.pe\/nubes\/wp-json\/wp\/v2\/pages\/1205\/revisions"}],"predecessor-version":[{"id":1209,"href":"https:\/\/blogs.up.edu.pe\/nubes\/wp-json\/wp\/v2\/pages\/1205\/revisions\/1209"}],"up":[{"embeddable":true,"href":"https:\/\/blogs.up.edu.pe\/nubes\/wp-json\/wp\/v2\/pages\/9"}],"wp:attachment":[{"href":"https:\/\/blogs.up.edu.pe\/nubes\/wp-json\/wp\/v2\/media?parent=1205"}],"curies":[{"name":"wp","href":"https:\/\/api.w.org\/{rel}","templated":true}]}}