{"id":12,"date":"2011-12-05T22:34:27","date_gmt":"2011-12-05T22:34:27","guid":{"rendered":"https:\/\/blogs.up.edu.pe\/nubes\/\/?page_id=12"},"modified":"2016-03-22T09:31:43","modified_gmt":"2016-03-22T14:31:43","slug":"calendario","status":"publish","type":"page","link":"https:\/\/blogs.up.edu.pe\/nubes\/calendario\/","title":{"rendered":"Cronograma"},"content":{"rendered":"<p>Cronograma correspondiente al ciclo 2016-I, secci\u00f3n A1<br \/>\nHorario: martes y jueves, 3:30-5:30<\/p>\n<table cellspacing=\"0\" cellpadding=\"1\">\n<colgroup>\n<col width=\"37\" \/>\n<col width=\"53\" \/>\n<col width=\"131\" \/>\n<col width=\"263\" \/>\n<col width=\"138\" \/> <\/colgroup>\n<thead>\n<tr>\n<td bgcolor=\"#ffffff\" width=\"37\" height=\"145\">\n<p lang=\"es-ES\" align=\"center\"><span style=\"font-family: Arial,serif;\"><span style=\"font-size: small;\"><b>SEMANA<\/b><\/span><\/span><\/p>\n<\/td>\n<td bgcolor=\"#ffffff\" width=\"53\">\n<p lang=\"es-ES\" align=\"center\"><span style=\"font-family: Arial,serif;\"><span style=\"font-size: small;\"><b>FECHA<\/b><\/span><\/span><\/p>\n<\/td>\n<td bgcolor=\"#ffffff\" width=\"131\">\n<p lang=\"es-ES\" align=\"center\"><span style=\"font-family: Arial,serif;\"><span style=\"font-size: small;\"><b>UNIDAD DID\u00c1CTICA<\/b><\/span><\/span><b> <\/b><span style=\"font-family: Arial,serif;\"><span style=\"font-size: small;\"><b>Y<\/b><\/span><\/span><b> <\/b><span style=\"font-family: Arial,serif;\"><span style=\"font-size: small;\"><b>CONTENIDOS<\/b><\/span><\/span><\/p>\n<\/td>\n<td bgcolor=\"#ffffff\" width=\"263\">\n<p lang=\"es-ES\" align=\"center\"><span style=\"font-family: Arial,serif;\"><span style=\"font-size: small;\"><b>ACTIVIDADES<\/b><\/span><\/span><b> <\/b><span style=\"font-family: Arial,serif;\"><span style=\"font-size: small;\"><b>A<\/b><\/span><\/span><b> <\/b><span style=\"font-family: Arial,serif;\"><span style=\"font-size: small;\"><b>REALIZAR<\/b><\/span><\/span><\/p>\n<\/td>\n<td bgcolor=\"#ffffff\" width=\"138\">\n<p lang=\"es-ES\" align=\"center\"><span style=\"font-family: Arial,serif;\"><span style=\"font-size: small;\"><b>ENTREGABLES EN CLASE<br \/>\n<\/b><\/span><\/span><\/p>\n<\/td>\n<\/tr>\n<\/thead>\n<tbody>\n<tr>\n<td rowspan=\"2\" bgcolor=\"#ffffff\" width=\"37\" height=\"26\">\n<p lang=\"es-ES\" align=\"center\"><span style=\"font-family: Arial,serif;\"><span style=\"font-size: small;\">1<\/span><\/span><\/p>\n<\/td>\n<td bgcolor=\"#ffffff\" width=\"53\">\n<p lang=\"es-ES\"><span style=\"font-family: Arial,serif;\"><span style=\"font-size: small;\">Mar 22 marzo<\/span><\/span><\/p>\n<\/td>\n<td bgcolor=\"#ffffff\" width=\"131\">\n<p lang=\"es-ES\"><span style=\"font-family: Arial,serif;\"><span style=\"font-size: small;\">Introducci\u00f3n<\/span><\/span><\/p>\n<p lang=\"es-ES\"><span style=\"font-family: Arial,serif;\"><span style=\"font-size: small;\">Unidad I<\/span><\/span><\/p>\n<p lang=\"es-ES\"><span style=\"font-family: Arial,serif;\"><span style=\"font-size: small;\">G\u00e9neros cl\u00e1sicos<\/span><\/span><\/p>\n<\/td>\n<td bgcolor=\"#ffffff\" width=\"263\">\n<ul>\n<li>\n<p lang=\"es-ES\"><span style=\"font-family: Arial,serif;\"><span style=\"font-size: small;\">Presentaci\u00f3n de la din\u00e1mica y reglas del curso<\/span><\/span><\/p>\n<\/li>\n<li>\n<p lang=\"es-ES\"><span style=\"font-family: Arial,serif;\"><span style=\"font-size: small;\">Generalidades sobre el relato como g\u00e9nero literario. <\/span><\/span><\/p>\n<\/li>\n<li>\n<p lang=\"es-ES\"><span style=\"font-family: Arial,serif;\"><span style=\"font-size: small;\">Realismo, naturalismo, cuento policial y cuento de horror<\/span><\/span><\/p>\n<\/li>\n<li>\n<p lang=\"es-ES\"><span style=\"font-family: Arial,serif;\"><span style=\"font-size: small;\">Presentaci\u00f3n de la entrada blog del tema<\/span><\/span><\/p>\n<\/li>\n<\/ul>\n<\/td>\n<td valign=\"top\" bgcolor=\"#ffffff\" width=\"138\"><\/td>\n<\/tr>\n<tr>\n<td bgcolor=\"#ffffff\" width=\"53\">\n<p lang=\"es-ES\"><span style=\"font-family: Arial,serif;\"><span style=\"font-size: small;\">Jue 24 marzo<\/span><\/span><\/p>\n<\/td>\n<td bgcolor=\"#ffffff\" width=\"131\">\n<p lang=\"es-ES\"><span style=\"font-family: Arial,serif;\"><span style=\"font-size: small;\">LIBRE<\/span><\/span><\/p>\n<\/td>\n<td bgcolor=\"#ffffff\" width=\"263\"><\/td>\n<td valign=\"top\" bgcolor=\"#ffffff\" width=\"138\"><\/td>\n<\/tr>\n<tr>\n<td rowspan=\"2\" bgcolor=\"#ffffff\" width=\"37\" height=\"26\">\n<p lang=\"es-ES\" align=\"center\"><span style=\"font-family: Arial,serif;\"><span style=\"font-size: small;\">2<\/span><\/span><\/p>\n<\/td>\n<td bgcolor=\"#ffffff\" width=\"53\">\n<p lang=\"es-ES\"><span style=\"font-family: Arial,serif;\"><span style=\"font-size: small;\">Mar 29 marzo<\/span><\/span><\/p>\n<\/td>\n<td bgcolor=\"#ffffff\" width=\"131\">\n<p lang=\"es-ES\"><span style=\"font-family: Arial,serif;\"><span style=\"font-size: small;\">Unidad I <\/span><\/span><\/p>\n<p lang=\"es-ES\"><span style=\"font-family: Arial,serif;\"><span style=\"font-size: small;\">G\u00e9neros cl\u00e1sicos<\/span><\/span><\/p>\n<\/td>\n<td bgcolor=\"#ffffff\" width=\"263\">\n<ul>\n<li>\n<p lang=\"es-ES\"><span style=\"font-family: Arial,serif;\"><span style=\"font-size: small;\">Debate<\/span><\/span><\/p>\n<\/li>\n<\/ul>\n<\/td>\n<td valign=\"top\" bgcolor=\"#ffffff\" width=\"138\">\n<ul>\n<li>\n<p lang=\"es-ES\"><span style=\"font-family: Arial,serif;\"><span style=\"font-size: small;\">Comentario en el blog (d\u00edas previos a la clase)<\/span><\/span><\/p>\n<\/li>\n<li>\n<p lang=\"es-ES\"><span style=\"font-family: Arial,serif;\"><span style=\"font-size: small;\">Temas de debate y participaci\u00f3n en el mismo<\/span><\/span><\/p>\n<\/li>\n<\/ul>\n<\/td>\n<\/tr>\n<tr>\n<td bgcolor=\"#ffffff\" width=\"53\">\n<p lang=\"es-ES\"><span style=\"font-family: Arial,serif;\"><span style=\"font-size: small;\">Jue 31 marzo<\/span><\/span><\/p>\n<\/td>\n<td bgcolor=\"#ffffff\" width=\"131\">\n<p lang=\"es-ES\"><span style=\"font-family: Arial,serif;\"><span style=\"font-size: small;\">Unidad II<\/span><\/span><\/p>\n<p lang=\"es-ES\"><span style=\"font-family: Arial,serif;\"><span style=\"font-size: small;\">Ciencia ficci\u00f3n<\/span><\/span><\/p>\n<\/td>\n<td bgcolor=\"#ffffff\" width=\"263\">\n<ul>\n<li>\n<p lang=\"es-ES\"><span style=\"font-family: Arial,serif;\"><span style=\"font-size: small;\">Exposici\u00f3n del profesor sobre ciencia ficci\u00f3n<\/span><\/span><\/p>\n<\/li>\n<li>\n<p lang=\"es-ES\"><span style=\"font-family: Arial,serif;\"><span style=\"font-size: small;\">Lectura en voz alta de alguna selecci\u00f3n del profesor<\/span><\/span><\/p>\n<\/li>\n<li>\n<p lang=\"es-ES\"><span style=\"font-family: Arial,serif;\"><span style=\"font-size: small;\">Presentaci\u00f3n de la entrada blog del tema<\/span><\/span><\/p>\n<\/li>\n<\/ul>\n<\/td>\n<td valign=\"top\" bgcolor=\"#ffffff\" width=\"138\"><\/td>\n<\/tr>\n<tr>\n<td rowspan=\"2\" bgcolor=\"#ffffff\" width=\"37\" height=\"26\">\n<p lang=\"es-ES\" align=\"center\"><span style=\"font-family: Arial,serif;\"><span style=\"font-size: small;\">3<\/span><\/span><\/p>\n<\/td>\n<td bgcolor=\"#ffffff\" width=\"53\">\n<p lang=\"es-ES\"><span style=\"font-family: Arial,serif;\"><span style=\"font-size: small;\">Mar 5 abril<\/span><\/span><\/p>\n<\/td>\n<td bgcolor=\"#ffffff\" width=\"131\">\n<p lang=\"es-ES\"><span style=\"font-family: Arial,serif;\"><span style=\"font-size: small;\">Unidad II<\/span><\/span><\/p>\n<p lang=\"es-ES\"><span style=\"font-family: Arial,serif;\"><span style=\"font-size: small;\">Ciencia ficci\u00f3n<\/span><\/span><\/p>\n<\/td>\n<td bgcolor=\"#ffffff\" width=\"263\">\n<ul>\n<li>\n<p lang=\"es-ES\"><span style=\"font-family: Arial,serif;\"><span style=\"font-size: small;\"><span lang=\"es-PE\">Debate<\/span><\/span><\/span><\/p>\n<\/li>\n<\/ul>\n<\/td>\n<td valign=\"top\" bgcolor=\"#ffffff\" width=\"138\">\n<ul>\n<li>\n<p lang=\"es-ES\"><span style=\"font-family: Arial,serif;\"><span style=\"font-size: small;\">Comentario en el blog (d\u00edas previos a la clase)<\/span><\/span><\/p>\n<\/li>\n<li>\n<p lang=\"es-ES\"><span style=\"font-family: Arial,serif;\"><span style=\"font-size: small;\">Temas de debate y participaci\u00f3n en el mismo<\/span><\/span><\/p>\n<\/li>\n<\/ul>\n<\/td>\n<\/tr>\n<tr>\n<td bgcolor=\"#ffffff\" width=\"53\">\n<p lang=\"es-ES\"><span style=\"font-family: Arial,serif;\"><span style=\"font-size: small;\">Jue 7 abril<\/span><\/span><\/p>\n<\/td>\n<td bgcolor=\"#ffffff\" width=\"131\">\n<p lang=\"es-ES\"><span style=\"font-family: Arial,serif;\"><span style=\"font-size: small;\">Unidad III<\/span><\/span><\/p>\n<p lang=\"es-ES\"><span style=\"font-family: Arial,serif;\"><span style=\"font-size: small;\">Literatura europea del siglo XX<\/span><\/span><\/p>\n<\/td>\n<td bgcolor=\"#ffffff\" width=\"263\">\n<ul>\n<li>\n<p lang=\"es-ES\"><span style=\"font-family: Arial,serif;\"><span style=\"font-size: small;\">Exposici\u00f3n del profesor sobre literatura europea del siglo XX<\/span><\/span><\/p>\n<\/li>\n<li>\n<p lang=\"es-ES\"><span style=\"font-family: Arial,serif;\"><span style=\"font-size: small;\">Lectura en voz alta de alguna selecci\u00f3n del profesor<\/span><\/span><\/p>\n<\/li>\n<li>\n<p lang=\"es-ES\"><span style=\"font-family: Arial,serif;\"><span style=\"font-size: small;\">Presentaci\u00f3n de la entrada blog del tema<\/span><\/span><\/p>\n<\/li>\n<\/ul>\n<\/td>\n<td valign=\"top\" bgcolor=\"#ffffff\" width=\"138\"><\/td>\n<\/tr>\n<tr>\n<td rowspan=\"2\" bgcolor=\"#ffffff\" width=\"37\" height=\"26\">\n<p lang=\"es-ES\" align=\"center\"><span style=\"font-family: Arial,serif;\"><span style=\"font-size: small;\">4<\/span><\/span><\/p>\n<\/td>\n<td bgcolor=\"#ffffff\" width=\"53\">\n<p lang=\"es-ES\"><span style=\"font-family: Arial,serif;\"><span style=\"font-size: small;\">Mar 12 abril<\/span><\/span><\/p>\n<\/td>\n<td bgcolor=\"#ffffff\" width=\"131\">\n<p lang=\"es-ES\"><span style=\"font-family: Arial,serif;\"><span style=\"font-size: small;\">Unidad III<\/span><\/span><\/p>\n<p lang=\"es-ES\"><span style=\"font-family: Arial,serif;\"><span style=\"font-size: small;\">Literatura europea del siglo XX<\/span><\/span><\/p>\n<\/td>\n<td bgcolor=\"#ffffff\" width=\"263\">\n<ul>\n<li>\n<p lang=\"es-ES\"><span style=\"font-family: Arial,serif;\"><span style=\"font-size: small;\"><span lang=\"es-PE\">Debate<\/span><\/span><\/span><\/p>\n<\/li>\n<\/ul>\n<\/td>\n<td valign=\"top\" bgcolor=\"#ffffff\" width=\"138\">\n<ul>\n<li>\n<p lang=\"es-ES\"><span style=\"font-family: Arial,serif;\"><span style=\"font-size: small;\">Comentario en el blog (d\u00edas previos a la clase)<\/span><\/span><\/p>\n<\/li>\n<li>\n<p lang=\"es-ES\"><span style=\"font-family: Arial,serif;\"><span style=\"font-size: small;\">Temas de debate y participaci\u00f3n en el mismo<\/span><\/span><\/p>\n<\/li>\n<\/ul>\n<\/td>\n<\/tr>\n<tr>\n<td bgcolor=\"#ffffff\" width=\"53\">\n<p lang=\"es-ES\"><span style=\"font-family: Arial,serif;\"><span style=\"font-size: small;\">Jue 14 abril<\/span><\/span><\/p>\n<\/td>\n<td bgcolor=\"#ffffff\" width=\"131\">\n<p lang=\"es-ES\"><span style=\"font-family: Arial,serif;\"><span style=\"font-size: small;\">Unidad IV<\/span><\/span><\/p>\n<p lang=\"es-ES\"><span style=\"font-family: Arial,serif;\"><span style=\"font-size: small;\">Literaturas asi\u00e1ticas y africanas<\/span><\/span><\/p>\n<\/td>\n<td bgcolor=\"#ffffff\" width=\"263\">\n<ul>\n<li>\n<p lang=\"es-ES\"><span style=\"font-family: Arial,serif;\"><span style=\"font-size: small;\">Exposici\u00f3n del profesor sobre literaturas en Jap\u00f3n, China, Egipto, Nigeria<\/span><\/span><\/p>\n<\/li>\n<li>\n<p lang=\"es-ES\"><span style=\"font-family: Arial,serif;\"><span style=\"font-size: small;\">Lectura en voz alta de alguna selecci\u00f3n del profesor<\/span><\/span><\/p>\n<\/li>\n<li>\n<p lang=\"es-ES\"><span style=\"font-family: Arial,serif;\"><span style=\"font-size: small;\">Presentaci\u00f3n de la entrada blog del tema<\/span><\/span><\/p>\n<\/li>\n<\/ul>\n<\/td>\n<td valign=\"top\" bgcolor=\"#ffffff\" width=\"138\"><\/td>\n<\/tr>\n<tr>\n<td rowspan=\"2\" bgcolor=\"#ffffff\" width=\"37\" height=\"26\">\n<p lang=\"es-ES\" align=\"center\"><span style=\"font-family: Arial,serif;\"><span style=\"font-size: small;\">5<\/span><\/span><\/p>\n<\/td>\n<td bgcolor=\"#ffffff\" width=\"53\">\n<p lang=\"es-ES\"><span style=\"font-family: Arial,serif;\"><span style=\"font-size: small;\">Mar 19 abril<\/span><\/span><\/p>\n<\/td>\n<td bgcolor=\"#ffffff\" width=\"131\">\n<p lang=\"es-ES\"><span style=\"font-family: Arial,serif;\"><span style=\"font-size: small;\">Unidad IV<\/span><\/span><\/p>\n<p lang=\"es-ES\"><span style=\"font-family: Arial,serif;\"><span style=\"font-size: small;\">Literaturas asi\u00e1ticas y africanas<\/span><\/span><\/p>\n<\/td>\n<td bgcolor=\"#ffffff\" width=\"263\">\n<ul>\n<li>\n<p lang=\"es-ES\"><span style=\"font-family: Arial,serif;\"><span style=\"font-size: small;\"><span lang=\"es-PE\">Debate<\/span><\/span><\/span><\/p>\n<\/li>\n<\/ul>\n<\/td>\n<td valign=\"top\" bgcolor=\"#ffffff\" width=\"138\">\n<ul>\n<li>\n<p lang=\"es-ES\"><span style=\"font-family: Arial,serif;\"><span style=\"font-size: small;\">Comentario en el blog (d\u00edas previos a la clase)<\/span><\/span><\/p>\n<\/li>\n<li>\n<p lang=\"es-ES\"><span style=\"font-family: Arial,serif;\"><span style=\"font-size: small;\">Temas de debate y participaci\u00f3n en el mismo<\/span><\/span><\/p>\n<\/li>\n<\/ul>\n<\/td>\n<\/tr>\n<tr>\n<td bgcolor=\"#ffffff\" width=\"53\">\n<p lang=\"es-ES\"><span style=\"font-family: Arial,serif;\"><span style=\"font-size: small;\">Jue 21 abril<\/span><\/span><\/p>\n<\/td>\n<td bgcolor=\"#ffffff\" width=\"131\">\n<p lang=\"es-ES\"><span style=\"font-family: Arial,serif;\"><span style=\"font-size: small;\">Unidad V<\/span><\/span><\/p>\n<p lang=\"es-ES\"><span style=\"font-family: Arial,serif;\"><span style=\"font-size: small;\">Boom de literatura latinoamericana<\/span><\/span><\/p>\n<\/td>\n<td bgcolor=\"#ffffff\" width=\"263\">\n<ul>\n<li>\n<p lang=\"es-ES\"><span style=\"font-family: Arial,serif;\"><span style=\"font-size: small;\"><span lang=\"es-PE\">Exposici\u00f3n del profesor sobre el boom<\/span><\/span><\/span><\/p>\n<\/li>\n<\/ul>\n<ul>\n<li>\n<p lang=\"es-ES\"><span style=\"font-family: Arial,serif;\"><span style=\"font-size: small;\">Lectura en voz alta de alguna selecci\u00f3n del profesor<\/span><\/span><\/p>\n<\/li>\n<\/ul>\n<ul>\n<li>\n<p lang=\"es-ES\"><span style=\"font-family: Arial,serif;\"><span style=\"font-size: small;\"><span lang=\"es-PE\">Presentaci\u00f3n de la entrada blog del tema<\/span><\/span><\/span><\/p>\n<\/li>\n<\/ul>\n<\/td>\n<td valign=\"top\" bgcolor=\"#ffffff\" width=\"138\"><\/td>\n<\/tr>\n<tr>\n<td rowspan=\"2\" bgcolor=\"#ffffff\" width=\"37\" height=\"26\">\n<p lang=\"es-ES\" align=\"center\"><span style=\"font-family: Arial,serif;\"><span style=\"font-size: small;\">6<\/span><\/span><\/p>\n<\/td>\n<td bgcolor=\"#ffffff\" width=\"53\">\n<p lang=\"es-ES\"><span style=\"font-family: Arial,serif;\"><span style=\"font-size: small;\">Mar 26 abril<\/span><\/span><\/p>\n<\/td>\n<td bgcolor=\"#ffffff\" width=\"131\">\n<p lang=\"es-ES\"><span style=\"font-family: Arial,serif;\"><span style=\"font-size: small;\">Unidad V<\/span><\/span><\/p>\n<p lang=\"es-ES\"><span style=\"font-family: Arial,serif;\"><span style=\"font-size: small;\">Boom de literatura latinoamericana<\/span><\/span><\/p>\n<\/td>\n<td bgcolor=\"#ffffff\" width=\"263\">\n<ul>\n<li>\n<p lang=\"es-ES\"><span style=\"font-family: Arial,serif;\"><span style=\"font-size: small;\"><span lang=\"es-PE\">Debate<\/span><\/span><\/span><\/p>\n<\/li>\n<\/ul>\n<\/td>\n<td valign=\"top\" bgcolor=\"#ffffff\" width=\"138\">\n<ul>\n<li>\n<p lang=\"es-ES\"><span style=\"font-family: Arial,serif;\"><span style=\"font-size: small;\">Comentario en el blog (d\u00edas previos a la clase)<\/span><\/span><\/p>\n<\/li>\n<li>\n<p lang=\"es-ES\"><span style=\"font-family: Arial,serif;\"><span style=\"font-size: small;\">Temas de debate y participaci\u00f3n en el mismo<\/span><\/span><\/p>\n<\/li>\n<\/ul>\n<\/td>\n<\/tr>\n<tr>\n<td bgcolor=\"#ffffff\" width=\"53\">\n<p lang=\"es-ES\"><span style=\"font-family: Arial,serif;\"><span style=\"font-size: small;\">Jue 28 abril<\/span><\/span><\/p>\n<\/td>\n<td bgcolor=\"#ffffff\" width=\"131\">\n<p lang=\"es-ES\"><span style=\"font-family: Arial,serif;\"><span style=\"font-size: small;\">Unidad VI<\/span><\/span><\/p>\n<p lang=\"es-ES\"><span style=\"font-family: Arial,serif;\"><span style=\"font-size: small;\">El boom en el Per\u00fa<\/span><\/span><\/p>\n<\/td>\n<td bgcolor=\"#ffffff\" width=\"263\">\n<ul>\n<li>\n<p lang=\"es-ES\"><span style=\"font-family: Arial,serif;\"><span style=\"font-size: small;\">Exposici\u00f3n del profesor sobre Ribeyro, Vargas Llosa y Bryce Echenique<\/span><\/span><\/p>\n<\/li>\n<\/ul>\n<ul>\n<li>\n<p lang=\"es-ES\"><span style=\"font-family: Arial,serif;\"><span style=\"font-size: small;\">Lectura en voz alta de alguna selecci\u00f3n del profesor<\/span><\/span><\/p>\n<\/li>\n<\/ul>\n<ul>\n<li>\n<p lang=\"es-ES\"><span style=\"font-family: Arial,serif;\"><span style=\"font-size: small;\">Presentaci\u00f3n de la entrada blog del tema<\/span><\/span><\/p>\n<\/li>\n<\/ul>\n<\/td>\n<td valign=\"top\" bgcolor=\"#ffffff\" width=\"138\"><\/td>\n<\/tr>\n<tr>\n<td rowspan=\"2\" bgcolor=\"#ffffff\" width=\"37\" height=\"25\">\n<p lang=\"es-ES\" align=\"center\"><span style=\"font-family: Arial,serif;\"><span style=\"font-size: small;\">7<\/span><\/span><\/p>\n<\/td>\n<td bgcolor=\"#ffffff\" width=\"53\">\n<p lang=\"es-ES\"><span style=\"font-family: Arial,serif;\"><span style=\"font-size: small;\">Mar 3 mayo<\/span><\/span><\/p>\n<\/td>\n<td bgcolor=\"#ffffff\" width=\"131\">\n<p lang=\"es-ES\"><span style=\"font-family: Arial,serif;\"><span style=\"font-size: small;\">Unidad VI<\/span><\/span><\/p>\n<p lang=\"es-ES\"><span style=\"font-family: Arial,serif;\"><span style=\"font-size: small;\">El boom en el Per\u00fa<\/span><\/span><\/p>\n<\/td>\n<td bgcolor=\"#ffffff\" width=\"263\">\n<ul>\n<li>\n<p lang=\"es-ES\"><span style=\"font-family: Arial,serif;\"><span style=\"font-size: small;\"><span lang=\"es-PE\">Debate<\/span><\/span><\/span><\/p>\n<\/li>\n<li>\n<p lang=\"es-ES\"><span style=\"font-family: Arial,serif;\"><span style=\"font-size: small;\"><span lang=\"es-PE\">Recomendaciones de lectura del profesor sobre cuento peruano contempor\u00e1neo<\/span><\/span><\/span><\/p>\n<\/li>\n<\/ul>\n<\/td>\n<td valign=\"top\" bgcolor=\"#ffffff\" width=\"138\">\n<ul>\n<li>\n<p lang=\"es-ES\"><span style=\"font-family: Arial,serif;\"><span style=\"font-size: small;\">Comentario en el blog (d\u00edas previos a la clase)<\/span><\/span><\/p>\n<\/li>\n<li>\n<p lang=\"es-ES\"><span style=\"font-family: Arial,serif;\"><span style=\"font-size: small;\">Temas de debate y participaci\u00f3n en el mismo<\/span><\/span><\/p>\n<\/li>\n<\/ul>\n<\/td>\n<\/tr>\n<tr>\n<td bgcolor=\"#ffffff\" width=\"53\">\n<p lang=\"es-ES\"><span style=\"font-family: Arial,serif;\"><span style=\"font-size: small;\">Jue 5 mayo<\/span><\/span><\/p>\n<\/td>\n<td bgcolor=\"#ffffff\" width=\"131\">\n<p lang=\"es-ES\"><span style=\"font-family: Arial,serif;\"><span style=\"font-size: small;\">Clase Feedback<\/span><\/span><\/p>\n<\/td>\n<td bgcolor=\"#ffffff\" width=\"263\">\n<p lang=\"es-ES\"><span style=\"font-family: Arial,serif;\"><span style=\"font-size: small;\"><span lang=\"es-PE\">An\u00e1lisis del curso<\/span><\/span><\/span><\/p>\n<\/td>\n<td valign=\"top\" bgcolor=\"#ffffff\" width=\"138\">\n<p lang=\"es-ES\"><span style=\"font-family: Arial,serif;\"><span style=\"font-size: small;\">Trabajo final (correo electr\u00f3nico)<\/span><\/span><\/p>\n<\/td>\n<\/tr>\n<\/tbody>\n<\/table>\n","protected":false},"excerpt":{"rendered":"<p>Cronograma correspondiente al ciclo 2016-I, secci\u00f3n A1 Horario: martes y jueves, 3:30-5:30 SEMANA FECHA UNIDAD DID\u00c1CTICA Y CONTENIDOS ACTIVIDADES A REALIZAR ENTREGABLES EN CLASE 1 Mar 22 marzo Introducci\u00f3n Unidad I G\u00e9neros cl\u00e1sicos Presentaci\u00f3n de la din\u00e1mica y reglas del &hellip; <a href=\"https:\/\/blogs.up.edu.pe\/nubes\/calendario\/\">Sigue leyendo <span class=\"meta-nav\">&rarr;<\/span><\/a><\/p>\n","protected":false},"author":1,"featured_media":0,"parent":0,"menu_order":3,"comment_status":"closed","ping_status":"closed","template":"","meta":{"footnotes":""},"class_list":["post-12","page","type-page","status-publish","hentry"],"_links":{"self":[{"href":"https:\/\/blogs.up.edu.pe\/nubes\/wp-json\/wp\/v2\/pages\/12","targetHints":{"allow":["GET"]}}],"collection":[{"href":"https:\/\/blogs.up.edu.pe\/nubes\/wp-json\/wp\/v2\/pages"}],"about":[{"href":"https:\/\/blogs.up.edu.pe\/nubes\/wp-json\/wp\/v2\/types\/page"}],"author":[{"embeddable":true,"href":"https:\/\/blogs.up.edu.pe\/nubes\/wp-json\/wp\/v2\/users\/1"}],"replies":[{"embeddable":true,"href":"https:\/\/blogs.up.edu.pe\/nubes\/wp-json\/wp\/v2\/comments?post=12"}],"version-history":[{"count":19,"href":"https:\/\/blogs.up.edu.pe\/nubes\/wp-json\/wp\/v2\/pages\/12\/revisions"}],"predecessor-version":[{"id":2002,"href":"https:\/\/blogs.up.edu.pe\/nubes\/wp-json\/wp\/v2\/pages\/12\/revisions\/2002"}],"wp:attachment":[{"href":"https:\/\/blogs.up.edu.pe\/nubes\/wp-json\/wp\/v2\/media?parent=12"}],"curies":[{"name":"wp","href":"https:\/\/api.w.org\/{rel}","templated":true}]}}