{"id":1184,"date":"2014-04-18T04:10:18","date_gmt":"2014-04-18T04:10:18","guid":{"rendered":"https:\/\/blogs.up.edu.pe\/nubes\/\/?page_id=1184"},"modified":"2014-04-18T04:12:09","modified_gmt":"2014-04-18T04:12:09","slug":"edgar-allan-poe-el-barril-de-amontillado","status":"publish","type":"page","link":"https:\/\/blogs.up.edu.pe\/nubes\/textos-de-discusion\/edgar-allan-poe-el-barril-de-amontillado\/","title":{"rendered":"Edgar Allan Poe, \u00abEl barril de Amontillado\u00bb"},"content":{"rendered":"<p align=\"CENTER\"><span>Edgar Allan Poe (1809-1849)<\/span><\/p>\n<p align=\"CENTER\"><span><b>El barril de amontillado<\/b><\/span><\/p>\n<p style=\"text-align: right;\" align=\"JUSTIFY\"><span style=\"font-size: small; color: #c0c0c0;\">Edici\u00f3n para el club virtual de lectura <i>En las nubes de la ficci\u00f3n<\/i>. Universidad del Pac\u00edfico, abril de 2014.<\/span><\/p>\n<p align=\"JUSTIFY\">Lo mejor que pude hab\u00eda soportado las mil injurias de Fortunato. Pero cuando lleg\u00f3 el insulto, jur\u00e9 vengarme. Ustedes, que conocen tan bien la naturaleza de mi car\u00e1cter, no llegar\u00e1n a suponer, no obstante, que pronunciara la menor palabra con respecto a mi prop\u00f3sito. A la larga, yo ser\u00eda vengado. Este era ya un punto establecido definitivamente. Pero la misma decisi\u00f3n con que lo hab\u00eda resuelto exclu\u00eda toda idea de peligro por mi parte. No solamente ten\u00eda que castigar, sino castigar impunemente. Una injuria queda sin reparar cuando su justo castigo perjudica al vengador. Igualmente queda sin reparaci\u00f3n cuando \u00e9sta deja de dar a entender a quien le ha agraviado que es \u00e9l quien se venga.<\/p>\n<p align=\"JUSTIFY\">Es preciso entender bien que ni de palabra, ni de obra, di a Fortunato motivo para que sospechara de mi buena voluntad hacia \u00e9l. Continu\u00e9, como de costumbre, sonriendo en su presencia, y \u00e9l no pod\u00eda advertir que mi sonrisa, entonces, ten\u00eda como origen en m\u00ed la de arrebatarle la vida.<\/p>\n<p align=\"JUSTIFY\">Aquel Fortunato ten\u00eda un punto d\u00e9bil, aunque, en otros aspectos, era un hombre digno de toda consideraci\u00f3n, y aun de ser temido. Se enorgullec\u00eda siempre de ser un entendido en vinos. Pocos italianos tienen el verdadero talento de los catadores. En la mayor\u00eda, su entusiasmo se adapta con frecuencia a lo que el tiempo y la ocasi\u00f3n requieren, con objeto de dedicarse a enga\u00f1ar a los millionaires ingleses y austr\u00edacos. En pintura y piedras preciosas, Fortunato, como todos sus compatriotas, era un verdadero charlat\u00e1n; pero en cuanto a vinos a\u00f1ejos, era sincero. Con respecto a esto, yo no difer\u00eda extraordinariamente de \u00e9l. Tambi\u00e9n yo era muy experto en lo que se refiere a vinos italianos, y siempre que se me presentaba ocasi\u00f3n compraba gran cantidad de \u00e9stos.<\/p>\n<p align=\"JUSTIFY\">Una tarde, casi al anochecer, en plena locura del Carnaval, encontr\u00e9 a mi amigo. Me acogi\u00f3 con excesiva cordialidad, porque hab\u00eda bebido mucho. El buen hombre estaba disfrazado de payaso. Llevaba un traje muy ce\u00f1ido, un vestido con listas de colores, y coronaba su cabeza con un sombrerillo c\u00f3nico adornado con cascabeles. Me alegr\u00e9 tanto de verle, que cre\u00ed no haber estrechado jam\u00e1s su mano como en aquel momento.<\/p>\n<p align=\"JUSTIFY\">\u2014Querido Fortunato \u2014le dije en tono jovial\u2014, \u00e9ste es un encuentro afortunado. Pero \u00a1qu\u00e9 buen aspecto tiene usted hoy! El caso es que he recibido un barril de algo que llaman amontillado, y tengo mis dudas.<\/p>\n<p align=\"JUSTIFY\">\u2014\u00bfC\u00f3mo? \u2014dijo \u00e9l\u2014. \u00bfAmontillado? \u00bfUn barril? \u00a1Imposible! \u00a1Y en pleno Carnaval!<\/p>\n<p align=\"JUSTIFY\">\u2014Por eso mismo le digo que tengo mis dudas \u2014contest\u00e9\u2014, e iba a cometer la tonter\u00eda de pagarlo como si se tratara de un exquisito amontillado, sin consultarle. No hab\u00eda modo de encontrarle a usted, y tem\u00eda perder la ocasi\u00f3n.<\/p>\n<p align=\"JUSTIFY\">\u2014\u00a1Amontillado!<\/p>\n<p align=\"JUSTIFY\">\u2014Tengo mis dudas.<\/p>\n<p align=\"JUSTIFY\">\u2014\u00a1Amontillado!<\/p>\n<p align=\"JUSTIFY\">\u2014Y he de pagarlo.<\/p>\n<p align=\"JUSTIFY\">\u2014\u00a1Amontillado!<\/p>\n<p align=\"JUSTIFY\">\u2014Pero como supuse que estaba usted muy ocupado, iba ahora a buscar a Luchesi. \u00c9l es un buen entendido. \u00c9l me dir\u00e1&#8230;<\/p>\n<p align=\"JUSTIFY\">\u2014Luchesi es incapaz de distinguir el amontillado del jerez.<\/p>\n<p align=\"JUSTIFY\">\u2014Y, no obstante, hay imb\u00e9ciles que creen que su paladar puede competir con el de usted.<\/p>\n<p align=\"JUSTIFY\">\u2014Vamos, vamos all\u00e1.<\/p>\n<p align=\"JUSTIFY\">\u2014\u00bfAd\u00f3nde?<\/p>\n<p align=\"JUSTIFY\">\u2014A sus bodegas.<\/p>\n<p align=\"JUSTIFY\">\u2014No mi querido amigo. No quiero abusar de su amabilidad. Preveo que tiene usted alg\u00fan compromiso. Luchesi&#8230;<\/p>\n<p align=\"JUSTIFY\">\u2014No tengo ning\u00fan compromiso. Vamos.<\/p>\n<p align=\"JUSTIFY\">\u2014No, amigo m\u00edo. Aunque usted no tenga compromiso alguno, veo que tiene usted mucho fr\u00edo. Las bodegas son terriblemente h\u00famedas; est\u00e1n materialmente cubiertas de salitre.<\/p>\n<p align=\"JUSTIFY\">\u2014A pesar de todo, vamos. No importa el fr\u00edo. \u00a1Amontillado! Le han enga\u00f1ado a usted, y Luchesi no sabe distinguir el jerez del amontillado.<\/p>\n<p align=\"JUSTIFY\">Diciendo esto, Fortunato me cogi\u00f3 del brazo. Me puse un antifaz de seda negra y, ci\u00f1\u00e9ndome bien al cuerpo mi roquelaire, me dej\u00e9 conducir por \u00e9l hasta mi palazzo. Los criados no estaban en la casa. Hab\u00edan escapado para celebrar la festividad del Carnaval. Ya antes les hab\u00eda dicho que yo no volver\u00eda hasta la ma\u00f1ana siguiente, d\u00e1ndoles \u00f3rdenes concretas para que no estorbaran por la casa. Estas \u00f3rdenes eran suficientes, de sobra lo sab\u00eda yo, para asegurarme la inmediata desaparici\u00f3n de ellos en cuanto volviera las espaldas.<\/p>\n<p align=\"JUSTIFY\">Cog\u00ed dos antorchas de sus hacheros, entregu\u00e9 a Fortunato una de ellas y le gui\u00e9, haci\u00e9ndole encorvarse a trav\u00e9s de distintos aposentos por el abovedado pasaje que conduc\u00eda a la bodega. Baj\u00e9 delante de \u00e9l una larga y tortuosa escalera, recomend\u00e1ndole que adoptara precauciones al seguirme. Llegamos, por fin, a los \u00faltimos pelda\u00f1os, y nos encontramos, uno frente a otro, sobre el suelo h\u00famedo de las catacumbas de los Montresors.<\/p>\n<p align=\"JUSTIFY\">El andar de mi amigo era vacilante, y los cascabeles de su gorro c\u00f3nico resonaban a cada una de sus zancadas.<\/p>\n<p align=\"JUSTIFY\">\u2014\u00bfY el barril? \u2014pregunt\u00f3.<\/p>\n<p align=\"JUSTIFY\">\u2014Est\u00e1 m\u00e1s all\u00e1 \u2014le contest\u00e9\u2014. Pero observe usted esos blancos festones que brillan en las paredes de la cueva.<\/p>\n<p align=\"JUSTIFY\">Se volvi\u00f3 hacia m\u00ed y me mir\u00f3 con sus nubladas pupilas, que destilaban las l\u00e1grimas de la embriaguez.<\/p>\n<p align=\"JUSTIFY\">\u2014\u00bfSalitre? \u2014me pregunt\u00f3, por fin.<\/p>\n<p align=\"JUSTIFY\">\u2014Salitre \u2014le contest\u00e9\u2014. \u00bfHace mucho tiempo que tiene usted esa tos?<\/p>\n<p align=\"JUSTIFY\">\u2014\u00a1Ejem! \u00a1Ejem! \u00a1Ejem! \u00a1Ejem! \u00a1Ejem! \u00a1Ejem! \u00a1Ejem! \u00a1Ejem!&#8230;!<\/p>\n<p align=\"JUSTIFY\">A mi pobre amigo le fue imposible contestar hasta pasados unos minutos.<\/p>\n<p align=\"JUSTIFY\">\u2014No es nada \u2014dijo por \u00faltimo.<\/p>\n<p align=\"JUSTIFY\">\u2014Venga \u2014le dije en\u00e9rgicamente\u2014. Volv\u00e1monos. Su salud es preciosa, amigo m\u00edo. Es usted rico, respetado, admirado, querido. Es usted feliz, como yo lo he sido en otro tiempo. No debe usted malograrse. Por lo que m\u00ed respecta, es distinto. Volv\u00e1monos. Podr\u00eda usted enfermarse y no quiero cargar con esa responsabilidad. Adem\u00e1s, cerca de aqu\u00ed vive Luchesi&#8230;<\/p>\n<p align=\"JUSTIFY\">\u2014Basta \u2014me dijo\u2014. Esta tos carece de importancia. No me matar\u00e1. No me morir\u00e9 de tos.<\/p>\n<p align=\"JUSTIFY\">\u2014Verdad, verdad \u2014le contest\u00e9\u2014. Realmente, no era mi intenci\u00f3n alarmarle sin motivo, pero debe tomar precauciones. Un trago de este medoc le defender\u00e1 de la humedad.<\/p>\n<p align=\"JUSTIFY\">Y diciendo esto, romp\u00ed el cuello de una botella que se hallaba en una larga fila de otras an\u00e1logas, tumbadas en el h\u00famedo suelo.<\/p>\n<p align=\"JUSTIFY\">\u2014Beba \u2014le dije, ofreci\u00e9ndole el vino.<\/p>\n<p align=\"JUSTIFY\">Llev\u00f3se la botella a los labios, mir\u00e1ndome de soslayo. Hizo una pausa y me salud\u00f3 con familiaridad. Los cascabeles sonaron.<\/p>\n<p align=\"JUSTIFY\">\u2014Bebo \u2014dijo\u2014 a la salud de los enterrados que descansan en torno nuestro.<\/p>\n<p align=\"JUSTIFY\">\u2014Y yo, por la larga vida de usted.<\/p>\n<p align=\"JUSTIFY\">De nuevo me cogi\u00f3 de mi brazo y continuamos nuestro camino.<\/p>\n<p align=\"JUSTIFY\">\u2014Esas cuevas \u2014me dijo\u2014 son muy vastas.<\/p>\n<p align=\"JUSTIFY\">\u2014Los Montresors \u2014le contest\u00e9\u2014 era una grande y numerosa familia.<\/p>\n<p align=\"JUSTIFY\">\u2014He olvidado cu\u00e1les eran sus armas.<\/p>\n<p align=\"JUSTIFY\">\u2014Un gran pie de oro en campo de azur. El pie aplasta a una serpiente rampante, cuyos dientes se clavan en el tal\u00f3n.<\/p>\n<p align=\"JUSTIFY\">\u2014\u00a1Muy bien! \u2014dijo.<\/p>\n<p align=\"JUSTIFY\">Brillaba el vino en sus ojos y reti\u00f1\u00edan los cascabeles. Tambi\u00e9n se calde\u00f3 mi fantas\u00eda a causa del medoc. Por entre las murallas formadas por montones de esqueletos, mezclados con barriles y toneles, llegamos a los m\u00e1s profundos recintos de las catacumbas. Me detuve de nuevo, esta vez me atrev\u00ed a coger a Fortunato de un brazo, m\u00e1s arriba del codo.<\/p>\n<p align=\"JUSTIFY\">\u2014El salitre \u2014le dije\u2014. Vea usted c\u00f3mo va aumentando. Como si fuera musgo, cuelga de las b\u00f3vedas. Ahora estamos bajo el lecho del r\u00edo. Las gotas de humedad se filtran por entre los huesos. Venga usted. Volvamos antes de que sea muy tarde. Esa tos&#8230;<\/p>\n<p align=\"JUSTIFY\">\u2014No es nada \u2014dijo\u2014. Continuemos. Pero primero echemos otro traguito de medoc.<\/p>\n<p align=\"JUSTIFY\">Romp\u00ed un frasco de vino de De Grave y se lo ofrec\u00ed. Lo vaci\u00f3 de un trago. Sus ojos llamearon con ardiente fuego. Se ech\u00f3 a re\u00edr y tir\u00f3 la botella al aire con un adem\u00e1n que no pude comprender.<\/p>\n<p align=\"JUSTIFY\">Le mir\u00e9 sorprendido. El repiti\u00f3 el movimiento, un movimiento grotesco.<\/p>\n<p align=\"JUSTIFY\">\u2014\u00bfNo comprende usted? \u2014pregunt\u00f3.<\/p>\n<p align=\"JUSTIFY\">\u2014No \u2014le contest\u00e9.<\/p>\n<p align=\"JUSTIFY\">\u2014Entonces, \u00bfno es usted de la hermandad?<\/p>\n<p align=\"JUSTIFY\">\u2014\u00bfC\u00f3mo?<\/p>\n<p align=\"JUSTIFY\">\u2014\u00bfNo pertenece usted a la masoner\u00eda?<\/p>\n<p align=\"JUSTIFY\">\u2014S\u00ed, s\u00ed \u2014dije\u2014; s\u00ed, s\u00ed.<\/p>\n<p align=\"JUSTIFY\">\u2014\u00bfUsted? \u00a1Imposible! \u00bfUn mas\u00f3n?<\/p>\n<p align=\"JUSTIFY\">\u2014Un mas\u00f3n \u2014repliqu\u00e9.<\/p>\n<p align=\"JUSTIFY\">\u2014A ver, un signo \u2014dijo.<\/p>\n<p align=\"JUSTIFY\">\u2014\u00c9ste \u2014le contest\u00e9, sacando de debajo de mi roquelaire una paleta de alba\u00f1il.<\/p>\n<p align=\"JUSTIFY\">\u2014Usted bromea \u2014dijo, retrocedi\u00e9ndo unos pasos\u2014. Pero, en fin, vamos por el amontillado.<\/p>\n<p align=\"JUSTIFY\">\u2014Bien \u2014dije, guardando la herramienta bajo la capa y ofreci\u00e9ndole de nuevo mi brazo.<\/p>\n<p align=\"JUSTIFY\">Apoy\u00f3se pesadamente en \u00e9l y seguimos nuestro camino en busca del amontillado. Pasamos por debajo de una serie de baj\u00edsimas b\u00f3vedas, bajamos, avanzamos luego, descendimos despu\u00e9s y llegamos a una profunda cripta, donde la impureza del aire hac\u00eda enrojecer m\u00e1s que brillar nuestras antorchas. En lo m\u00e1s apartado de la cripta descubr\u00edase otra menos espaciosa. En sus paredes hab\u00edan sido alineados restos humanos de los que se amontonaban en la cueva de encima de nosotros, tal como en las grandes catacumbas de Par\u00eds.<\/p>\n<p align=\"JUSTIFY\">Tres lados de aquella cripta interior estaban tambi\u00e9n adornados del mismo modo. Del cuarto hab\u00edan sido retirados los huesos y yac\u00edan esparcidos por el suelo, formando en un rinc\u00f3n un mont\u00f3n de cierta altura. Dentro de la pared, que hab\u00eda quedado as\u00ed descubierta por el desprendimiento de los huesos, ve\u00edase todav\u00eda otro recinto interior, de unos cuatro pies de profundidad y tres de anchura, y con una altura de seis o siete. No parec\u00eda haber sido construido para un uso determinado, sino que formaba sencillamente un hueco entre dos de los enormes pilares que serv\u00edan de apoyo a la b\u00f3veda de las catacumbas, y se apoyaba en una de las paredes de granito macizo que las circundaban.<\/p>\n<p align=\"JUSTIFY\">En vano, Fortunato, levantando su antorcha casi consumida, trataba de penetrar la profundidad de aquel recinto. La d\u00e9bil luz nos imped\u00eda distinguir el fondo.<\/p>\n<p align=\"JUSTIFY\">\u2014Adel\u00e1ntese \u2014le dije\u2014. Ah\u00ed est\u00e1 el amontillado. Si aqu\u00ed estuviera Luchesi&#8230;<\/p>\n<p align=\"JUSTIFY\">\u2014Es un ignorante \u2014interrumpi\u00f3 mi amigo, avanzando con inseguro paso y seguido inmediatamente por m\u00ed.<\/p>\n<p align=\"JUSTIFY\">En un momento lleg\u00f3 al fondo del nicho, y, al hallar interrumpido su paso por la roca, se detuvo at\u00f3nito y perplejo. Un momento despu\u00e9s hab\u00eda yo conseguido encadenarlo al granito. Hab\u00eda en su superficie dos argollas de hierro, separadas horizontalmente una de otra por unos dos pies. Rodear su cintura con los eslabones, para sujetarlo, fue cuesti\u00f3n de pocos segundos. Estaba demasiado aturdido para ofrecerme resistencia. Saqu\u00e9 la llave y retroced\u00ed, saliendo del recinto.<\/p>\n<p align=\"JUSTIFY\">\u2014Pase usted la mano por la pared \u2014le dije\u2014, y no podr\u00e1 menos que sentir el salitre. Est\u00e1, en efecto, muy h\u00fameda. Perm\u00edtame que le ruegue que regrese. \u00bfNo? Entonces, no me queda m\u00e1s remedio que abandonarlo; pero debo antes prestarle algunos cuidados que est\u00e1n en mi mano.<\/p>\n<p align=\"JUSTIFY\">\u2014\u00a1El amontillado! \u2014exclam\u00f3 mi amigo, que no hab\u00eda salido a\u00fan de su asombro.<\/p>\n<p align=\"JUSTIFY\">\u2014Cierto \u2014repliqu\u00e9\u2014, el amontillado.<\/p>\n<p align=\"JUSTIFY\">Y diciendo estas palabras, me atare\u00e9 en aquel mont\u00f3n de huesos a que antes he aludido. Apart\u00e1ndolos a un lado no tard\u00e9 en dejar al descubierto cierta cantidad de piedra de construcci\u00f3n y mortero. Con estos materiales y la ayuda de mi paleta, empec\u00e9 activamente a tapar la entrada del nicho. Apenas hab\u00eda colocado al primer trozo de mi obra de alba\u00f1iler\u00eda, cuando me di cuenta de que la embriaguez de Fortunato se hab\u00eda disipado en gran parte. El primer indicio que tuve de ello fue un gemido apagado que sali\u00f3 de la profundidad del recinto. No era ya el grito de un hombre embriagado. Se produjo luego un largo y obstinado silencio. Encima de la primera hilada coloqu\u00e9 la segunda, la tercera y la cuarta. Y o\u00ed entonces las furiosas sacudidas de la cadena. El ruido se prolong\u00f3 unos minutos, durante los cuales, para deleitarme con \u00e9l, interrump\u00ed mi tarea y me sent\u00e9 en cuclillas sobre los huesos. Cuando se apacigu\u00f3, por fin, aquel rechinamiento, cog\u00ed de nuevo la paleta y acab\u00e9 sin interrupci\u00f3n las quinta, sexta y s\u00e9ptima hiladas. La pared se hallaba entonces a la altura de mi pecho. De nuevo me detuve, y, levantando la antorcha por encima de la obra que hab\u00eda ejecutado, dirig\u00ed la luz sobre la figura que se hallaba en el interior.<\/p>\n<p align=\"JUSTIFY\">Una serie de fuertes y agudos gritos sali\u00f3 de repente de la garganta del hombre encadenado, como si quisiera rechazarme con violencia hacia atr\u00e1s.<\/p>\n<p align=\"JUSTIFY\">Durante un momento vacil\u00e9 y me estremec\u00ed. Saqu\u00e9 mi espada y empec\u00e9 a tirar estocadas por el interior del nicho. Pero un momento de reflexi\u00f3n bast\u00f3 para tranquilizarme. Puse la mano sobre la maciza pared de piedra y respir\u00e9 satisfecho. Volv\u00ed a acercarme a la pared, y contest\u00e9 entonces a los gritos de quien clamaba. Los repet\u00ed, los acompa\u00f1\u00e9 y los venc\u00ed en extensi\u00f3n y fuerza. As\u00ed lo hice, y el que gritaba acab\u00f3 por callarse.<\/p>\n<p align=\"JUSTIFY\">Ya era medianoche, y llegaba a su t\u00e9rmino mi trabajo. Hab\u00eda dado fin a las octava, novena y d\u00e9cima hiladas. Hab\u00eda terminado casi la totalidad de la oncena, y quedaba tan s\u00f3lo una piedra que colocar y revocar. Ten\u00eda que luchar con su peso. S\u00f3lo parcialmente se colocaba en la posici\u00f3n necesaria. Pero entonces sali\u00f3 del nicho una risa ahogada, que me puso los pelos de punta. Se emit\u00eda con una voz tan triste, que con dificultad la identifiqu\u00e9 con la del noble Fortunato. La voz dec\u00eda:<\/p>\n<p align=\"JUSTIFY\">\u2014\u00a1Ja, ja, ja! \u00a1Je, je, je! \u00a1Buena broma, amigo, buena broma! \u00a1Lo que nos reiremos luego en el palazzo, \u00a1je, je, je!, a prop\u00f3sito de nuestro vino! \u00a1Je, je, je!<\/p>\n<p align=\"JUSTIFY\">\u2014El amontillado \u2014dije.<\/p>\n<p align=\"JUSTIFY\">\u2014\u00a1Je, je, je! S\u00ed, el amontillado. Pero, \u00bfno se nos hace tarde? \u00bfNo estar\u00e1n esper\u00e1ndonos en el palazzo Lady Fortunato y los dem\u00e1s? V\u00e1monos.<\/p>\n<p align=\"JUSTIFY\">\u2014S\u00ed \u2014dije\u2014; v\u00e1monos ya.<\/p>\n<p align=\"JUSTIFY\">\u2014\u00a1Por el amor de Dios, Montresor!<\/p>\n<p align=\"JUSTIFY\">\u2014S\u00ed \u2014dije\u2014; por el amor de Dios.<\/p>\n<p align=\"JUSTIFY\">En vano me esforc\u00e9 en obtener respuesta a aquellas palabras. Me impacient\u00e9 y llam\u00e9 en alta voz:<\/p>\n<p align=\"JUSTIFY\">\u2014\u00a1Fortunato!<\/p>\n<p align=\"JUSTIFY\">No hubo respuesta, y volv\u00ed a llamar.<\/p>\n<p align=\"JUSTIFY\">\u2014\u00a1Fortunato!<\/p>\n<p align=\"JUSTIFY\">Tampoco me contestaron. Introduje una antorcha por el orificio que quedaba y la dej\u00e9 caer en el interior. Me contest\u00f3 s\u00f3lo un cascabeleo. Sent\u00eda una presi\u00f3n en el coraz\u00f3n, sin duda causada por la humedad de las catacumbas. Me apresur\u00e9 a terminar mi trabajo. Con muchos esfuerzos coloqu\u00e9 en su sitio la \u00faltima piedra y la cubr\u00ed con argamasa. Volv\u00ed a levantar la antigua muralla de huesos contra la nueva pared. Durante medio siglo, nadie los ha tocado. <i>In pace requiescat<\/i>!<\/p>\n<p>&nbsp;<\/p>\n<p><a href=\"https:\/\/blogs.up.edu.pe\/nubes\/\/wp-content\/uploads\/2014\/04\/Poe-El-barril-de-Amontillado.pdf\"><\/p>\n<p align=\"JUSTIFY\">[PDF]<\/p>\n<p><\/a><\/p>\n","protected":false},"excerpt":{"rendered":"<p>Edgar Allan Poe (1809-1849) El barril de amontillado Edici\u00f3n para el club virtual de lectura En las nubes de la ficci\u00f3n. Universidad del Pac\u00edfico, abril de 2014. Lo mejor que pude hab\u00eda soportado las mil injurias de Fortunato. Pero cuando &hellip; <a href=\"https:\/\/blogs.up.edu.pe\/nubes\/textos-de-discusion\/edgar-allan-poe-el-barril-de-amontillado\/\">Sigue leyendo <span class=\"meta-nav\">&rarr;<\/span><\/a><\/p>\n","protected":false},"author":3,"featured_media":0,"parent":9,"menu_order":12,"comment_status":"closed","ping_status":"closed","template":"","meta":{"footnotes":""},"class_list":["post-1184","page","type-page","status-publish","hentry"],"_links":{"self":[{"href":"https:\/\/blogs.up.edu.pe\/nubes\/wp-json\/wp\/v2\/pages\/1184","targetHints":{"allow":["GET"]}}],"collection":[{"href":"https:\/\/blogs.up.edu.pe\/nubes\/wp-json\/wp\/v2\/pages"}],"about":[{"href":"https:\/\/blogs.up.edu.pe\/nubes\/wp-json\/wp\/v2\/types\/page"}],"author":[{"embeddable":true,"href":"https:\/\/blogs.up.edu.pe\/nubes\/wp-json\/wp\/v2\/users\/3"}],"replies":[{"embeddable":true,"href":"https:\/\/blogs.up.edu.pe\/nubes\/wp-json\/wp\/v2\/comments?post=1184"}],"version-history":[{"count":3,"href":"https:\/\/blogs.up.edu.pe\/nubes\/wp-json\/wp\/v2\/pages\/1184\/revisions"}],"predecessor-version":[{"id":1187,"href":"https:\/\/blogs.up.edu.pe\/nubes\/wp-json\/wp\/v2\/pages\/1184\/revisions\/1187"}],"up":[{"embeddable":true,"href":"https:\/\/blogs.up.edu.pe\/nubes\/wp-json\/wp\/v2\/pages\/9"}],"wp:attachment":[{"href":"https:\/\/blogs.up.edu.pe\/nubes\/wp-json\/wp\/v2\/media?parent=1184"}],"curies":[{"name":"wp","href":"https:\/\/api.w.org\/{rel}","templated":true}]}}