{"id":1179,"date":"2014-04-18T04:04:53","date_gmt":"2014-04-18T04:04:53","guid":{"rendered":"https:\/\/blogs.up.edu.pe\/nubes\/\/?page_id=1179"},"modified":"2014-04-18T04:05:21","modified_gmt":"2014-04-18T04:05:21","slug":"franz-kafka-buitres","status":"publish","type":"page","link":"https:\/\/blogs.up.edu.pe\/nubes\/textos-de-discusion\/franz-kafka-buitres\/","title":{"rendered":"Franz Kafka, \u00abBuitres\u00bb"},"content":{"rendered":"<p align=\"CENTER\"><span>Franz Kafka (1883-1924)<\/span><\/p>\n<p align=\"CENTER\"><span><b>Buitres<\/b><\/span><\/p>\n<p align=\"RIGHT\"><span style=\"font-size: small;\">Edici\u00f3n para el club virtual de lectura <i>En las nubes de la ficci\u00f3n<\/i>. Universidad del Pac\u00edfico, abril de 2014.<\/span><\/p>\n<p align=\"JUSTIFY\">\u00c9rase un buitre que me picoteaba los pies. Ya hab\u00eda desgarrado los zapatos y las medias y ahora me picoteaba los pies. Siempre tiraba un picotazo, volaba en c\u00edrculos inquietos alrededor y luego prosegu\u00eda la obra.<\/p>\n<p align=\"JUSTIFY\">Pas\u00f3 un se\u00f1or, nos mir\u00f3 un rato y me pregunt\u00f3 por qu\u00e9 toleraba yo al buitre.<\/p>\n<p align=\"JUSTIFY\">\u2014Estoy indefenso <span style=\"font-family: 'Times New Roman', serif;\">\u2014<\/span>le dije<span style=\"font-family: 'Times New Roman', serif;\">\u2014.<\/span> Vino y empez\u00f3 a picotearme, yo lo quise espantar y hasta pens\u00e9 torcerle el pescuezo, pero estos animales son muy fuertes y quer\u00eda saltarme a la cara. Prefer\u00ed sacrificar los pies: ahora est\u00e1n casi hechos pedazos.<\/p>\n<p align=\"JUSTIFY\">\u2014No se deje atormentar <span style=\"font-family: 'Times New Roman', serif;\">\u2014<\/span>dijo el se\u00f1or<span style=\"font-family: 'Times New Roman', serif;\">\u2014<\/span>, un tiro y el buitre se acab\u00f3.<\/p>\n<p align=\"JUSTIFY\">\u2014\u00bfLe parece? <span style=\"font-family: 'Times New Roman', serif;\">\u2014<\/span>pregunt\u00e9<span style=\"font-family: 'Times New Roman', serif;\">\u2014<\/span> \u00bfquiere encargarse del asunto?<\/p>\n<p align=\"JUSTIFY\">\u2014Encantado <span style=\"font-family: 'Times New Roman', serif;\">\u2014<\/span>dijo el se\u00f1or<span style=\"font-family: 'Times New Roman', serif;\">\u2014<\/span>; no tengo m\u00e1s que ir a casa a buscar el fusil, \u00bfPuede usted esperar media hora m\u00e1s?<\/p>\n<p align=\"JUSTIFY\">\u2014No s\u00e9 <span style=\"font-family: 'Times New Roman', serif;\">\u2014<\/span>le respond\u00ed, y por un instante me qued\u00e9 r\u00edgido de dolor; despu\u00e9s a\u00f1ad\u00ed<span style=\"font-family: 'Times New Roman', serif;\">\u2014<\/span>: por favor, pruebe de todos modos.<\/p>\n<p align=\"JUSTIFY\">\u2014Bueno <span style=\"font-family: 'Times New Roman', serif;\">\u2014<\/span>dijo el se\u00f1or<span style=\"font-family: 'Times New Roman', serif;\">\u2014<\/span>, voy a apurarme.<\/p>\n<p align=\"JUSTIFY\">El buitre hab\u00eda escuchado tranquilamente nuestro di\u00e1logo y hab\u00eda dejado errar la mirada entre el se\u00f1or y yo. Ahora vi que hab\u00eda comprendido todo: vol\u00f3 un poco, retrocedi\u00f3 para lograr el \u00edmpetu necesario y como un atleta que arroja la jabalina encaj\u00f3 el pico en mi boca, profundamente. Al caer de espaldas sent\u00ed como una liberaci\u00f3n; que en mi sangre, que colmaba todas las profundidades y que inundaba todas las riberas, el buitre irreparablemente se ahogaba.<\/p>\n<p><a href=\"https:\/\/blogs.up.edu.pe\/nubes\/\/wp-content\/uploads\/2014\/04\/Kafka-Buitres.pdf\"><\/p>\n<p align=\"JUSTIFY\">[PDF]<\/p>\n<p><\/a><\/p>\n","protected":false},"excerpt":{"rendered":"<p>Franz Kafka (1883-1924) Buitres Edici\u00f3n para el club virtual de lectura En las nubes de la ficci\u00f3n. Universidad del Pac\u00edfico, abril de 2014. \u00c9rase un buitre que me picoteaba los pies. Ya hab\u00eda desgarrado los zapatos y las medias y &hellip; <a href=\"https:\/\/blogs.up.edu.pe\/nubes\/textos-de-discusion\/franz-kafka-buitres\/\">Sigue leyendo <span class=\"meta-nav\">&rarr;<\/span><\/a><\/p>\n","protected":false},"author":3,"featured_media":0,"parent":9,"menu_order":13,"comment_status":"closed","ping_status":"closed","template":"","meta":{"footnotes":""},"class_list":["post-1179","page","type-page","status-publish","hentry"],"_links":{"self":[{"href":"https:\/\/blogs.up.edu.pe\/nubes\/wp-json\/wp\/v2\/pages\/1179","targetHints":{"allow":["GET"]}}],"collection":[{"href":"https:\/\/blogs.up.edu.pe\/nubes\/wp-json\/wp\/v2\/pages"}],"about":[{"href":"https:\/\/blogs.up.edu.pe\/nubes\/wp-json\/wp\/v2\/types\/page"}],"author":[{"embeddable":true,"href":"https:\/\/blogs.up.edu.pe\/nubes\/wp-json\/wp\/v2\/users\/3"}],"replies":[{"embeddable":true,"href":"https:\/\/blogs.up.edu.pe\/nubes\/wp-json\/wp\/v2\/comments?post=1179"}],"version-history":[{"count":2,"href":"https:\/\/blogs.up.edu.pe\/nubes\/wp-json\/wp\/v2\/pages\/1179\/revisions"}],"predecessor-version":[{"id":1181,"href":"https:\/\/blogs.up.edu.pe\/nubes\/wp-json\/wp\/v2\/pages\/1179\/revisions\/1181"}],"up":[{"embeddable":true,"href":"https:\/\/blogs.up.edu.pe\/nubes\/wp-json\/wp\/v2\/pages\/9"}],"wp:attachment":[{"href":"https:\/\/blogs.up.edu.pe\/nubes\/wp-json\/wp\/v2\/media?parent=1179"}],"curies":[{"name":"wp","href":"https:\/\/api.w.org\/{rel}","templated":true}]}}