{"id":1086,"date":"2013-11-07T23:08:50","date_gmt":"2013-11-07T23:08:50","guid":{"rendered":"https:\/\/blogs.up.edu.pe\/nubes\/\/?page_id=1086"},"modified":"2014-07-31T19:14:42","modified_gmt":"2014-07-31T19:14:42","slug":"trabajos-finales-ciclo-de-primavera-2013","status":"publish","type":"page","link":"https:\/\/blogs.up.edu.pe\/nubes\/trabajos\/trabajos-finales-ciclo-de-primavera-2013\/","title":{"rendered":"Trabajos finales 2013-primavera"},"content":{"rendered":"<p>Lista de los ensayos finales de los participantes en el ciclo de primavera (agosto-noviembre) de 2013:<\/p>\n<ul>\n<li><span style=\"line-height: 14px;\"><a title=\"Rodolfo Lezama Avila, La ciencia ficci\u00f3n\" href=\"https:\/\/blogs.up.edu.pe\/nubes\/\/trabajos\/trabajos-finales-ciclo-de-primavera-2013\/rodolfo-lezama-avila-la-ciencia-ficcion\/\">Rodolfo Lezama Avila, <strong>La ciencia ficci\u00f3n<\/strong><\/a>.<\/span><\/li>\n<li><a title=\"Deborah Zumaeta, Los miedos de Edgar Allan Poe\" href=\"https:\/\/blogs.up.edu.pe\/nubes\/\/trabajos\/trabajos-finales-ciclo-de-primavera-2013\/deborah-zumaeta-los-miedos-de-edgar-allan-poe\/\">Deborah Zumaeta,\u00a0<strong>Los miedos de Edgar Allan Poe<\/strong><\/a>.<\/li>\n<li><a title=\"Gian Piero Fanton, \u201cEl carbunclo azul\u201d de Sir Arthur Conan Doyle\" href=\"https:\/\/blogs.up.edu.pe\/nubes\/\/trabajos\/trabajos-finales-ciclo-de-primavera-2013\/gian-piero-fanton-el-carbunclo-azul-de-sir-arthur-conan-doyle\/\">Gian Piero Fanton, <strong>\u00abEl carbunclo azul\u00bb de Sir Arthur Conan Doyle<\/strong><\/a>.<\/li>\n<li><a title=\"Dar\u00edo Casta\u00f1eda, An\u00e1lisis de \u201cEl primer peruano en el espacio\u201d de Daniel Salvo\" href=\"https:\/\/blogs.up.edu.pe\/nubes\/\/trabajos\/trabajos-finales-ciclo-de-primavera-2013\/dario-castaneda-analisis-de-el-primer-peruano-en-el-espacio-de-daniel-salvo\/\">Dar\u00edo Casta\u00f1eda,\u00a0<strong>An\u00e1lisis de \u201cEl primer peruano en el espacio\u201d de Daniel Salvo<\/strong><\/a>.<\/li>\n<li><a title=\"Alonso Alcorta, \u201cLas primeras luces\u201d por Guillermo Ni\u00f1o de Guzm\u00e1n\" href=\"https:\/\/blogs.up.edu.pe\/nubes\/\/trabajos\/trabajos-finales-ciclo-de-primavera-2013\/alonso-alcorta-las-primeras-luces-por-guillermo-nino-de-guzman\/\">Alonso Alcorta,\u00a0<strong>\u201cLas primeras luces\u201d por Guillermo Ni\u00f1o de Guzm\u00e1n<\/strong><\/a>.<\/li>\n<li><a title=\"Gonzalo Garc\u00eda, \u201cLos pose\u00eddos\u201d de Arthur C. Clarke\" href=\"https:\/\/blogs.up.edu.pe\/nubes\/\/trabajos\/trabajos-finales-ciclo-de-primavera-2013\/gonzalo-garcia-los-poseidos-de-arthur-c-clarke\/\">Gonzalo Garc\u00eda, <strong>\u00abLos pose\u00eddos\u00bb de Arthur C. Clarke<\/strong><\/a>.<\/li>\n<li><a title=\"C\u00e9sar de los R\u00edos, Julio Ram\u00f3n Ribeyro\" href=\"https:\/\/blogs.up.edu.pe\/nubes\/\/trabajos\/trabajos-finales-ciclo-de-primavera-2013\/cesar-de-los-rios-julio-ramon-ribeyro\/\">C\u00e9sar de los R\u00edos,\u00a0<strong>Julio Ram\u00f3n Ribeyro<\/strong><\/a>.<\/li>\n<li><a title=\"Sebasti\u00e1n Ochoteco Melchiorre, \u201cD\u00eda domingo\u201d de Mario Vargas Llosa\" href=\"https:\/\/blogs.up.edu.pe\/nubes\/\/trabajos\/trabajos-finales-ciclo-de-primavera-2013\/sebastian-ochoteco-melchiorre-dia-domingo-de-mario-vargas-llosa\/\">Sebasti\u00e1n Ochoteco Melchiorre, <strong>\u00abD\u00eda domingo\u00bb de Mario Vargas Llosa<\/strong><\/a>.<\/li>\n<li><a title=\"Luis Abraham Bazo, \u201cEveline\u201d de James Joyce\" href=\"https:\/\/blogs.up.edu.pe\/nubes\/\/trabajos\/trabajos-finales-ciclo-de-primavera-2013\/luis-abraham-bazo-eveline-de-james-joyce\/\">Luis Abraham Bazo, <strong>\u00abEveline\u00bb de James Joyce<\/strong><\/a>.<\/li>\n<li><a title=\"Santiago Gazzo Card\u00f3, \u201cSue\u00f1os de robot\u201d de Isaac Asimov\" href=\"https:\/\/blogs.up.edu.pe\/nubes\/\/trabajos\/trabajos-finales-ciclo-de-primavera-2013\/santiago-gazzo-cardo-suenos-de-robot-de-isaac-asimov\/\">Santiago Gazzo Card\u00f3, <strong>\u00abSue\u00f1os de Robot\u00bb de Isaac Asimov<\/strong><\/a>.<\/li>\n<li><a title=\"Emilia Palacio, \u201cAlienaci\u00f3n\u201d por Julio Ram\u00f3n Ribeyro\" href=\"https:\/\/blogs.up.edu.pe\/nubes\/\/trabajos\/trabajos-finales-ciclo-de-primavera-2013\/emilia-palacio-alienacion-por-julio-ramon-ribeyro\/\">Emilia Palacio,\u00a0<strong>\u201cAlienaci\u00f3n\u201d por Julio Ram\u00f3n Ribeyro<\/strong><\/a>.<\/li>\n<li><a title=\"Angie V\u00e1squez, Arthur Conan Doyle y el g\u00e9nero policial\" href=\"https:\/\/blogs.up.edu.pe\/nubes\/\/trabajos\/trabajos-finales-ciclo-de-primavera-2013\/angie-vasquez-arthur-conan-doyle-y-el-genero-policial\/\">Angie V\u00e1squez,\u00a0<strong>Arthur Conan Doyle y el g\u00e9nero policial<\/strong><\/a>.<\/li>\n<li><a title=\"Mario Edgardo Barrueto Gutierrez, \u201cLos huaqueros\u201d de J. R. Ribeyro\" href=\"https:\/\/blogs.up.edu.pe\/nubes\/\/trabajos\/trabajos-finales-ciclo-de-primavera-2013\/mario-edgardo-barrueto-gutierrez-los-huaqueros-de-j-r-ribeyro\/\">Mario Edgardo Barrueto Gutierrez, <strong>\u00abLos huaqueros\u00bb de J. R. Ribeyro<\/strong><\/a>.<\/li>\n<li><a title=\"Adriana Rivera, \u201cUna experiencia privada\u201d de Chimamanda Ngozi Adicihie\" href=\"https:\/\/blogs.up.edu.pe\/nubes\/\/trabajos\/trabajos-finales-ciclo-de-primavera-2013\/adriana-rivera-una-experiencia-privada-de-chimamanda-ngozi-adicihie\/\">Adriana Rivera,\u00a0<strong>\u201cUna experiencia privada\u201d de Chimamanda Ngozi Adicihie<\/strong><\/a>.<\/li>\n<li><a title=\"Gerardo Cabello Silva, \u201cD\u00eda domingo\u201d de Mario Vargas Llosa\" href=\"https:\/\/blogs.up.edu.pe\/nubes\/\/trabajos\/trabajos-finales-ciclo-de-primavera-2013\/gerardo-cabello-silva-dia-domingo-de-mario-vargas-llosa\/\">Gerardo Cabello Silva,\u00a0<strong>\u201cD\u00eda domingo\u201d de Mario Vargas Llosa<\/strong><\/a>.<\/li>\n<li><a title=\"Isabella Tarazona, \u201cEl almohad\u00f3n de plumas\u201d por Horacio Quiroga\" href=\"https:\/\/blogs.up.edu.pe\/nubes\/\/trabajos\/trabajos-finales-ciclo-de-primavera-2013\/isabella-tarazona-el-almohadon-de-plumas-por-horacio-quiroga\/\">Isabella Tarazona, <strong>\u00abEl almohad\u00f3n de plumas\u00bb por Horacio Quiroga<\/strong><\/a>.<\/li>\n<li><a title=\"Gabriela Marav\u00ed, \u201cUna vendetta\u201d de Guy de Maupassant: El dolor de una madre\" href=\"https:\/\/blogs.up.edu.pe\/nubes\/\/trabajos\/trabajos-finales-ciclo-de-primavera-2013\/gabriela-maravi-una-vendetta-de-guy-de-maupassant-el-dolor-de-una-madre\/\">Gabriela Marav\u00ed,\u00a0<strong>\u201cUna vendetta\u201d de Guy de Maupassant: El dolor de una madre<\/strong><\/a>.<\/li>\n<li><a title=\"Andr\u00e9s Rojas Izaguirre, \u201cD\u00eda domingo\u201d de Mario Vargas Llosa\" href=\"https:\/\/blogs.up.edu.pe\/nubes\/\/trabajos\/trabajos-finales-ciclo-de-primavera-2013\/andres-rojas-izaguirre-dia-domingo-de-mario-vargas-llosa\/\">Andr\u00e9s Rojas Izaguirre,\u00a0<strong>\u201cD\u00eda domingo\u201d de Mario Vargas Llosa<\/strong><\/a>.<\/li>\n<li><a title=\"Jinko Kanno, \u201cUn d\u00eda perfecto para los canguros\u201d de Haruki Murakami\" href=\"https:\/\/blogs.up.edu.pe\/nubes\/\/trabajos\/trabajos-finales-ciclo-de-primavera-2013\/jinko-kanno-un-dia-perfecto-para-los-canguros-de-haruki-murakami\/\">Jinko Kanno,\u00a0<strong>\u201cUn d\u00eda perfecto para los canguros\u201d de Haruki Murakami<\/strong><\/a>.<\/li>\n<li><a title=\"Andr\u00e9s Alfredo Palomino Chesterton, \u201cEl coraz\u00f3n delator\u201d de E. A. Poe\" href=\"https:\/\/blogs.up.edu.pe\/nubes\/\/trabajos\/trabajos-finales-ciclo-de-primavera-2013\/andres-alfredo-palomino-chesterton-el-corazon-delator-de-e-a-poe\/\">Andr\u00e9s Alfredo Palomino Chesterton, <strong>\u00abEl coraz\u00f3n delator\u00bb de E. A. Poe<\/strong><\/a>.<\/li>\n<li><a title=\"Nicole Bertie, Cuentos policiacos\" href=\"https:\/\/blogs.up.edu.pe\/nubes\/\/trabajos\/trabajos-finales-ciclo-de-primavera-2013\/nicole-bertie-cuentos-policiacos\/\">Nicole Bertie,\u00a0<strong>Cuentos policiacos<\/strong><\/a>.<\/li>\n<li><a title=\"Lidia Karen Anampa Mes\u00edas, \u201cLos huaqueros\u201d de Ribeyro\" href=\"https:\/\/blogs.up.edu.pe\/nubes\/\/trabajos\/trabajos-finales-ciclo-de-primavera-2013\/lidia-karen-anampa-mesias-los-huaqueros-de-ribeyro\/\">Lidia Karen Anampa Mes\u00edas, <strong>\u00abLos huaqueros\u00bb de Ribeyro<\/strong><\/a>.<\/li>\n<li><a title=\"Oscar Shimabukuro, \u201cEl Hijo Solo\u201d de Jos\u00e9 Mar\u00eda Arguedas\" href=\"https:\/\/blogs.up.edu.pe\/nubes\/\/trabajos\/trabajos-finales-ciclo-de-primavera-2013\/oscar-shimabukuro-el-hijo-solo-de-jose-maria-arguedas\/\">Oscar Shimabukuro,\u00a0<strong>\u201cEl Hijo Solo\u201d de Jos\u00e9 Mar\u00eda Arguedas<\/strong><\/a>.<\/li>\n<\/ul>\n","protected":false},"excerpt":{"rendered":"<p>Lista de los ensayos finales de los participantes en el ciclo de primavera (agosto-noviembre) de 2013: Rodolfo Lezama Avila, La ciencia ficci\u00f3n. Deborah Zumaeta,\u00a0Los miedos de Edgar Allan Poe. Gian Piero Fanton, \u00abEl carbunclo azul\u00bb de Sir Arthur Conan Doyle. &hellip; <a href=\"https:\/\/blogs.up.edu.pe\/nubes\/trabajos\/trabajos-finales-ciclo-de-primavera-2013\/\">Sigue leyendo <span class=\"meta-nav\">&rarr;<\/span><\/a><\/p>\n","protected":false},"author":3,"featured_media":0,"parent":256,"menu_order":6,"comment_status":"closed","ping_status":"closed","template":"","meta":{"footnotes":""},"class_list":["post-1086","page","type-page","status-publish","hentry"],"_links":{"self":[{"href":"https:\/\/blogs.up.edu.pe\/nubes\/wp-json\/wp\/v2\/pages\/1086","targetHints":{"allow":["GET"]}}],"collection":[{"href":"https:\/\/blogs.up.edu.pe\/nubes\/wp-json\/wp\/v2\/pages"}],"about":[{"href":"https:\/\/blogs.up.edu.pe\/nubes\/wp-json\/wp\/v2\/types\/page"}],"author":[{"embeddable":true,"href":"https:\/\/blogs.up.edu.pe\/nubes\/wp-json\/wp\/v2\/users\/3"}],"replies":[{"embeddable":true,"href":"https:\/\/blogs.up.edu.pe\/nubes\/wp-json\/wp\/v2\/comments?post=1086"}],"version-history":[{"count":24,"href":"https:\/\/blogs.up.edu.pe\/nubes\/wp-json\/wp\/v2\/pages\/1086\/revisions"}],"predecessor-version":[{"id":1449,"href":"https:\/\/blogs.up.edu.pe\/nubes\/wp-json\/wp\/v2\/pages\/1086\/revisions\/1449"}],"up":[{"embeddable":true,"href":"https:\/\/blogs.up.edu.pe\/nubes\/wp-json\/wp\/v2\/pages\/256"}],"wp:attachment":[{"href":"https:\/\/blogs.up.edu.pe\/nubes\/wp-json\/wp\/v2\/media?parent=1086"}],"curies":[{"name":"wp","href":"https:\/\/api.w.org\/{rel}","templated":true}]}}