{"id":106,"date":"2012-01-23T14:45:37","date_gmt":"2012-01-23T14:45:37","guid":{"rendered":"https:\/\/blogs.up.edu.pe\/nubes\/\/?page_id=106"},"modified":"2013-04-18T18:06:35","modified_gmt":"2013-04-18T18:06:35","slug":"h-p-lovecraft-dagon","status":"publish","type":"page","link":"https:\/\/blogs.up.edu.pe\/nubes\/textos-de-discusion\/h-p-lovecraft-dagon\/","title":{"rendered":"H. P. Lovecraft: \u00abDag\u00f3n\u00bb"},"content":{"rendered":"<p align=\"CENTER\">H. P. Lovecraft (1890 &#8211; 1937)<\/p>\n<p align=\"CENTER\"><strong>Dag\u00f3n<\/strong><\/p>\n<p align=\"RIGHT\"><span style=\"font-size: x-small;\">Edici\u00f3n para el club virtual de lectura<br \/>\n<\/span><em style=\"line-height: 17px; font-size: x-small;\">En las nubes de la ficci\u00f3n<br \/>\n<\/em><span class=\"Apple-style-span\" style=\"line-height: 17px; font-size: x-small;\">Universidad del Pac\u00edfico, enero de 2012<\/span><\/p>\n<p align=\"JUSTIFY\">Escribo esto bajo una fuerte tensi\u00f3n mental, ya que cuando llegue la noche habr\u00e9 dejado de existir. Sin dinero, y agotada mi provisi\u00f3n de droga, que es lo \u00fanico que me hace tolerable la vida, no puedo seguir soportando m\u00e1s esta tortura; me arrojar\u00e9 desde esta ventana de la buhardilla a la s\u00f3rdida calle de abajo. Pese a mi esclavitud a la morfina, no me considero un d\u00e9bil ni un degenerado. Cuando hayan le\u00eddo estas p\u00e1ginas atropelladamente garabateadas, quiz\u00e1 se hagan idea <span style=\"font-family: 'Times New Roman', serif;\">\u2014<\/span>aunque no del todo<span style=\"font-family: 'Times New Roman', serif;\">\u2014<\/span> de por qu\u00e9 tengo que buscar el olvido o la muerte.<\/p>\n<p align=\"JUSTIFY\">Fue en una de las zonas m\u00e1s abiertas y menos frecuentadas del anchuroso Pac\u00edfico donde el paquebote en el que iba yo de sobrecargo cay\u00f3 apresado por un corsario alem\u00e1n. La gran guerra estaba entonces en sus comienzos, y las fuerzas oce\u00e1nicas de los hunos a\u00fan no se hab\u00edan hundido en su degradaci\u00f3n posterior; as\u00ed que nuestro buque fue capturado legalmente, y nuestra tripulaci\u00f3n tratada con toda la deferencia y consideraci\u00f3n debidas a unos prisioneros navales. En efecto, tan liberal era la disciplina de nuestros opresores, que cinco d\u00edas m\u00e1s tarde consegu\u00ed escaparme en un peque\u00f1o bote, con agua y provisiones para bastante tiempo.<\/p>\n<p align=\"JUSTIFY\">Cuando al fin me encontr\u00e9 libre y a la deriva, ten\u00eda muy poca idea de cu\u00e1l era mi situaci\u00f3n. Navegante poco experto, s\u00f3lo sab\u00eda calcular de manera muy vaga, por el sol y las estrellas, que estaba algo al sur del ecuador. No sab\u00eda en absoluto en qu\u00e9 longitud, y no se divisaba isla ni costa algunas. El tiempo se manten\u00eda bueno, y durante incontables d\u00edas navegu\u00e9 sin rumbo bajo un sol abrasador, con la esperanza de que pasara alg\u00fan barco, o de que me arrojaran las olas a alguna regi\u00f3n habitable. Pero no aparec\u00edan ni barcos ni tierra, y empec\u00e9 a desesperar en mi soledad, en medio de aquella ondulante e ininterrumpida inmensidad azul.<\/p>\n<p align=\"JUSTIFY\">El cambio ocurri\u00f3 mientras dorm\u00eda. Nunca llegar\u00e9 a conocer los pormenores; porque mi sue\u00f1o, aunque poblado de pesadillas, fue ininterrumpido. Cuando despert\u00e9 finalmente, descubr\u00ed que me encontraba medio succionado en una especie de lodazal viscoso y negruzco que se extend\u00eda a mi alrededor, con mon\u00f3tonas ondulaciones hasta donde alcanzaba la vista, en el cual se hab\u00eda adentrado mi bote cierto trecho.<\/p>\n<p align=\"JUSTIFY\">Aunque cabe suponer que mi primera reacci\u00f3n fuera de perplejidad ante una transformaci\u00f3n del paisaje tan prodigiosa e inesperada, en realidad sent\u00ed m\u00e1s horror que asombro; pues hab\u00eda en la atm\u00f3sfera y en la superficie putrefacta una calidad siniestra que me hel\u00f3 el coraz\u00f3n. La zona estaba corrompida de peces descompuestos y otros animales menos identificables que se ve\u00edan emerger en el cieno de la interminable llanura. Quiz\u00e1 no deba esperar transmitir con meras palabras la indecible repugnancia que puede reinar en el absoluto silencio y la est\u00e9ril inmensidad. Nada alcanzaba a o\u00edrse; nada hab\u00eda a la vista, salvo una vasta extensi\u00f3n de l\u00e9gamo negruzco; si bien la absoluta quietud y la uniformidad del paisaje me produc\u00edan un terror nauseabundo.<\/p>\n<p align=\"JUSTIFY\">El sol ard\u00eda en un cielo que me parec\u00eda casi negro por la cruel ausencia de nubes; era como si reflejase la ci\u00e9naga tenebrosa que ten\u00eda bajo mis pies. Al meterme en el bote encallado, me di cuenta de que s\u00f3lo una posibilidad pod\u00eda explicar mi situaci\u00f3n. Merced a una conmoci\u00f3n volc\u00e1nica el fondo oce\u00e1nico hab\u00eda emergido a la superficie, sacando a la luz regiones que durante millones de a\u00f1os hab\u00edan estado ocultas bajo insondables profundidades de agua. Tan grande era la extensi\u00f3n de esta nueva tierra emergida debajo de m\u00ed, que no lograba percibir el m\u00e1s leve rumor de oleaje, por mucho que aguzaba el o\u00eddo. Tampoco hab\u00eda aves marinas que se alimentaran de aquellos peces muertos.<\/p>\n<p align=\"JUSTIFY\">Durante varias horas estuve pensando y meditando sentado en el bote, que se apoyaba sobre un costado y proporcionaba un poco de sombra al desplazarse el sol en el cielo. A medida que el d\u00eda avanzaba, el suelo iba perdiendo pegajosidad, por lo que en poco tiempo estar\u00eda bastante seco para poderlo recorrer f\u00e1cilmente. Dorm\u00ed poco esa noche, y al d\u00eda siguiente me prepar\u00e9 una provisi\u00f3n de agua y comida, a fin de emprender la marcha en busca del desaparecido mar, y de un posible rescate.<\/p>\n<p align=\"JUSTIFY\">A la ma\u00f1ana del tercer d\u00eda comprob\u00e9 que el suelo estaba bastante seco para andar por \u00e9l con comodidad. El hedor a pescado era insoportable; pero me ten\u00edan preocupado cosas m\u00e1s graves para que me molestase este desagradable inconveniente, y me puse en marcha hacia una meta desconocida. Durante todo el d\u00eda camin\u00e9 constantemente en direcci\u00f3n oeste guiado por una lejana colina que descollaba por encima de las dem\u00e1s elevaciones del ondulado desierto. Acamp\u00e9 esa noche, y al d\u00eda siguiente prosegu\u00ed la marcha hacia la colina, aunque parec\u00eda escasamente m\u00e1s cerca que la primera vez que la descubr\u00ed. Al atardecer del cuarto d\u00eda llegu\u00e9 al pie de dicha elevaci\u00f3n, que result\u00f3 ser mucho m\u00e1s alta de lo que me hab\u00eda parecido de lejos; ten\u00eda un valle delante que hac\u00eda m\u00e1s pronunciado el relieve respecto del resto de la superficie. Demasiado cansado para emprender el ascenso, dorm\u00ed a la sombra de la colina.<\/p>\n<p align=\"JUSTIFY\">No s\u00e9 por qu\u00e9, mis sue\u00f1os fueron extravagantes esa noche; pero antes que la luna menguante, fant\u00e1sticamente gibosa, hubiese subido muy alto por el este de la llanura, me despert\u00e9 cubierto de un sudor fr\u00edo, decidido a no dormir m\u00e1s. Las visiones que hab\u00eda tenido eran excesivas para soportarlas otra vez. A la luz de la luna comprend\u00ed lo imprudente que hab\u00eda sido al viajar de d\u00eda. Sin el sol abrasador, la marcha me habr\u00eda resultado menos fatigosa; de hecho, me sent\u00ed de nuevo lo bastante fuerte como para acometer el ascenso que por la tarde no hab\u00eda sido capaz de emprender. Recog\u00ed mis cosas e inici\u00e9 la subida a la cresta de la elevaci\u00f3n.<\/p>\n<p align=\"JUSTIFY\">Ya he dicho que la ininterrumpida monoton\u00eda de la ondulada llanura era fuente de un vago horror para m\u00ed; pero creo que mi horror aument\u00f3 cuando llegu\u00e9 a lo alto del monte y vi, al otro lado, una inmensa sima o ca\u00f1\u00f3n, cuya oscura concavidad a\u00fan no iluminaba la luna. Me pareci\u00f3 que me encontraba en el borde del mundo, escrutando desde el mismo canto hacia un caos insondable de noche eterna. En mi terror se mezclaban extra\u00f1os recuerdos del Para\u00edso perdido, y la espantosa ascensi\u00f3n de Satan\u00e1s a trav\u00e9s de remotas regiones de tinieblas.<\/p>\n<p align=\"JUSTIFY\">Al elevarse m\u00e1s la luna en el cielo, empec\u00e9 a observar que las laderas del valle no eran tan completamente perpendiculares como hab\u00eda imaginado. La roca formaba cornisas y salientes que proporcionaban apoyos relativamente c\u00f3modos para el descenso; y a partir de unos centenares de pies, el declive se hac\u00eda m\u00e1s gradual. Movido por un impulso que no me es posible analizar con precisi\u00f3n, baj\u00e9 trabajosamente por las rocas, hasta el declive m\u00e1s suave, sin dejar de mirar hacia las profundidades estigias donde a\u00fan no hab\u00eda penetrado la luz.<\/p>\n<p align=\"JUSTIFY\">De repente, me llam\u00f3 la atenci\u00f3n un objeto singular que hab\u00eda en la ladera opuesta, el cual se ergu\u00eda enhiesto como a un centenar de yardas de donde estaba yo; objeto que brill\u00f3 con un resplandor blanquecino al recibir de pronto los primeros rayos de la luna ascendente. No tard\u00e9 en comprobar que era tan s\u00f3lo una piedra gigantesca; pero tuve la clara impresi\u00f3n de que su posici\u00f3n y su contorno no eran enteramente obra de la Naturaleza. Un examen m\u00e1s detenido me llen\u00f3 de sensaciones imposibles de expresar; pues pese a su enorme magnitud, y su situaci\u00f3n en un abismo abierto en el fondo del mar cuando el mundo era joven, me di cuenta, sin posibilidad de duda, de que el extra\u00f1o objeto era un monolito perfectamente tallado, cuya imponente masa hab\u00eda conocido el arte y quiz\u00e1 el culto de criaturas vivas y pensantes.<\/p>\n<p align=\"JUSTIFY\">Confuso y asustado, aunque no sin cierta emoci\u00f3n de cient\u00edfico o de arque\u00f3logo, examin\u00e9 mis alrededores con atenci\u00f3n. La luna, ahora casi en su cenit, asomaba espectral y v\u00edvida por encima de los gigantescos pelda\u00f1os que rodeaban el abismo, y revel\u00f3 un ancho curso de agua que discurr\u00eda por el fondo formando meandros, perdi\u00e9ndose en ambas direcciones, y casi lami\u00e9ndome los pies donde me hab\u00eda detenido. Al otro lado del abismo, las peque\u00f1as olas ba\u00f1aban la base del cicl\u00f3peo monolito, en cuya superficie pod\u00eda distinguir ahora inscripciones y toscos relieves. La escritura pertenec\u00eda a un sistema de jerogl\u00edficos desconocido para m\u00ed, distinto de cuantos yo hab\u00eda visto en los libros, y consistente en su mayor parte en s\u00edmbolos acu\u00e1ticos esquematizados tales como peces, anguilas, pulpos, crust\u00e1ceos, moluscos, ballenas y dem\u00e1s. Algunos de los caracteres representaban evidentemente seres marinos desconocidos para el mundo moderno, pero cuyos cuerpos en descomposici\u00f3n hab\u00eda visto yo en la llanura surgida del oc\u00e9ano.<\/p>\n<p align=\"JUSTIFY\">Sin embargo, fueron los relieves los que m\u00e1s me fascinaron. Claramente visibles al otro lado del curso de agua, a causa de sus enormes proporciones, hab\u00eda una serie de bajorrelieves cuyos temas habr\u00edan despertado la envidia de un Dor\u00e9. Creo que estos seres pretend\u00edan representar hombres&#8230; al menos, cierta clase de hombres; aunque aparec\u00edan retozando como peces en las aguas de alguna gruta marina, o rindiendo homenaje a alg\u00fan monumento monol\u00edtico, bajo el agua tambi\u00e9n. No me atrevo a descubrir con detalle sus rostros y sus cuerpos, ya que el mero recuerdo me produce vah\u00eddos. M\u00e1s grotescos de lo que podr\u00eda concebir la imaginaci\u00f3n de un Poe o de un Bulwer, eran detestablemente humanos en general, a pesar de sus manos y pies palmeados, sus labios espantosamente anchos y fl\u00e1ccidos, sus ojos abultados y vidriosos, y dem\u00e1s rasgos de recuerdo menos agradable. Curiosamente, parec\u00edan cincelados sin la debida proporci\u00f3n con los escenarios que serv\u00edan de fondo, ya que uno de los seres estaba en actitud de matar una ballena de tama\u00f1o ligeramente mayor que \u00e9l. Observ\u00e9, como digo, sus formas grotescas y sus extra\u00f1as dimensiones; pero un momento despu\u00e9s decid\u00ed que se trataba de dioses imaginarios de alguna tribu pescadora o marinera; de una tribu cuyos \u00faltimos descendientes debieron de perecer antes que naciera el primer antepasado del hombre de Piltdown o de Neanderthal. Aterrado ante esta visi\u00f3n inesperada y fugaz de un pasado que rebasaba la concepci\u00f3n del m\u00e1s atrevido antrop\u00f3logo, me qued\u00e9 pensativo, mientras la luna ba\u00f1aba con misterioso resplandor el silencioso canal que ten\u00eda ante m\u00ed.<\/p>\n<p align=\"JUSTIFY\">Entonces, de repente, lo vi. Tras una leve agitaci\u00f3n que delataba su ascensi\u00f3n a la superficie, la entidad surgi\u00f3 a la vista sobre las aguas oscuras. Inmenso, repugnante, aquella especie de Polifemo salt\u00f3 hacia el monolito como un monstruo formidable y pesadillesco, y lo rode\u00f3 con sus brazos enormes y escamosos, al tiempo que inclinaba la cabeza y profer\u00eda ciertos gritos acompasados. Creo que enloquec\u00ed entonces.<\/p>\n<p align=\"JUSTIFY\">No recuerdo muy bien los detalles de mi fren\u00e9tica subida por la ladera y el acantilado, ni de mi delirante regreso al bote varado&#8230; Creo que cant\u00e9 mucho, y que re\u00ed insensatamente cuando no pod\u00eda cantar. Tengo el vago recuerdo de una tormenta, poco despu\u00e9s de llegar al bote; en todo caso, s\u00e9 que o\u00ed el estampido de los truenos y dem\u00e1s ruidos que la Naturaleza profiere en sus momentos de mayor irritaci\u00f3n.<\/p>\n<p align=\"JUSTIFY\">Cuando sal\u00ed de las sombras, estaba en un hospital de San Francisco; me hab\u00eda llevado all\u00ed el capit\u00e1n del barco norteamericano que hab\u00eda recogido mi bote en medio del oc\u00e9ano. Habl\u00e9 de muchas cosas en mis delirios, pero averig\u00fc\u00e9 que nadie hab\u00eda hecho caso de las palabras. Los que me hab\u00edan rescatado no sab\u00edan nada sobre la aparici\u00f3n de una zona de fondo oce\u00e1nico en medio del Pac\u00edfico, y no juzgu\u00e9 necesario insistir en algo que sab\u00eda que no iban a creer. Un d\u00eda fui a ver a un famoso etn\u00f3logo, y lo divert\u00ed haci\u00e9ndole extra\u00f1as preguntas sobre la antigua leyenda filistea en torno a Dag\u00f3n, el Dios-Pez; pero en seguida me di cuenta de que era un hombre irremediablemente convencional, y dej\u00e9 de preguntar.<\/p>\n<p align=\"JUSTIFY\">Es de noche, especialmente cuando la luna se vuelve gibosa y menguante, cuando veo a ese ser. He intentado olvidarlo con la morfina, pero la droga s\u00f3lo me proporciona una cesaci\u00f3n transitoria, y me ha atrapado en sus garras, convirti\u00e9ndome irremisiblemente en su esclavo. As\u00ed que voy a poner fin a todo esto, ahora que he contado lo ocurrido para informaci\u00f3n o diversi\u00f3n desde\u00f1osa de mis semejantes. Muchas veces me pregunto si no ser\u00e1 una fantasmagor\u00eda, un producto de la fiebre que sufr\u00ed en el bote a causa de la insolaci\u00f3n, cuando escap\u00e9 del barco de guerra alem\u00e1n. Me lo pregunto muchas veces; pero siempre se me aparece, en respuesta, una visi\u00f3n monstruosamente v\u00edvida. No puedo pensar en las profundidades del mar sin estremecerme ante las espantosas entidades que quiz\u00e1 en este instante se arrastran y se agitan en su lecho fangoso, adorando a sus antiguos \u00eddolos de piedra y esculpiendo sus propias im\u00e1genes detestables en obeliscos submarinos de mojado granito. Pienso en el d\u00eda que emerjan de las olas, y se lleven entre sus garras de vapor humeantes a los endebles restos de una humanidad exhausta por la guerra&#8230; en el d\u00eda en que se hunda la tierra, y emerja el fondo del oc\u00e9ano en medio del universal pandemonio.<\/p>\n<p align=\"JUSTIFY\">Se acerca el fin. Oigo ruido en la puerta, como si forcejeara en ella un cuerpo inmenso y resbaladizo. No me encontrar\u00e1. \u00a1Dios m\u00edo, esa mano! \u00a1La ventana! \u00a1La ventana!<\/p>\n<p align=\"CENTER\">* * *<\/p>\n<p align=\"RIGHT\">Tomado de <a href=\"http:\/\/www.ciudadseva.com\/textos\/cuentos\/ing\/lovecraf\/dagon.htm\" target=\"_blank\">www.ciudadseva.com<\/a><\/p>\n<p align=\"RIGHT\">Si prefieres descargar este cuento en formato PDF para leerlo off-line o impreso, haz clic en este enlace:\u00a0<a href=\"https:\/\/blogs.up.edu.pe\/nubes\/\/wp-content\/uploads\/2012\/01\/Lovecraft-Dagon.pdf\">H. P. Lovecraft: \u00abDagon\u00bb<\/a><a href=\"http:\/\/www.ciudadseva.com\/textos\/cuentos\/ing\/lovecraf\/dagon.htm\"><br \/>\n<\/a><\/p>\n<p align=\"RIGHT\">\n","protected":false},"excerpt":{"rendered":"<p>H. P. Lovecraft (1890 &#8211; 1937) Dag\u00f3n Edici\u00f3n para el club virtual de lectura En las nubes de la ficci\u00f3n Universidad del Pac\u00edfico, enero de 2012 Escribo esto bajo una fuerte tensi\u00f3n mental, ya que cuando llegue la noche habr\u00e9 &hellip; <a href=\"https:\/\/blogs.up.edu.pe\/nubes\/textos-de-discusion\/h-p-lovecraft-dagon\/\">Sigue leyendo <span class=\"meta-nav\">&rarr;<\/span><\/a><\/p>\n","protected":false},"author":3,"featured_media":0,"parent":9,"menu_order":9,"comment_status":"closed","ping_status":"closed","template":"","meta":{"footnotes":""},"class_list":["post-106","page","type-page","status-publish","hentry"],"_links":{"self":[{"href":"https:\/\/blogs.up.edu.pe\/nubes\/wp-json\/wp\/v2\/pages\/106","targetHints":{"allow":["GET"]}}],"collection":[{"href":"https:\/\/blogs.up.edu.pe\/nubes\/wp-json\/wp\/v2\/pages"}],"about":[{"href":"https:\/\/blogs.up.edu.pe\/nubes\/wp-json\/wp\/v2\/types\/page"}],"author":[{"embeddable":true,"href":"https:\/\/blogs.up.edu.pe\/nubes\/wp-json\/wp\/v2\/users\/3"}],"replies":[{"embeddable":true,"href":"https:\/\/blogs.up.edu.pe\/nubes\/wp-json\/wp\/v2\/comments?post=106"}],"version-history":[{"count":4,"href":"https:\/\/blogs.up.edu.pe\/nubes\/wp-json\/wp\/v2\/pages\/106\/revisions"}],"predecessor-version":[{"id":772,"href":"https:\/\/blogs.up.edu.pe\/nubes\/wp-json\/wp\/v2\/pages\/106\/revisions\/772"}],"up":[{"embeddable":true,"href":"https:\/\/blogs.up.edu.pe\/nubes\/wp-json\/wp\/v2\/pages\/9"}],"wp:attachment":[{"href":"https:\/\/blogs.up.edu.pe\/nubes\/wp-json\/wp\/v2\/media?parent=106"}],"curies":[{"name":"wp","href":"https:\/\/api.w.org\/{rel}","templated":true}]}}