{"id":286,"date":"2013-10-01T16:05:30","date_gmt":"2013-10-01T16:05:30","guid":{"rendered":"https:\/\/blogs.up.edu.pe\/csanborn\/?page_id=286"},"modified":"2013-10-01T16:05:30","modified_gmt":"2013-10-01T16:05:30","slug":"publicaciones","status":"publish","type":"page","link":"https:\/\/blogs.up.edu.pe\/csanborn\/publicaciones\/","title":{"rendered":"Publicaciones"},"content":{"rendered":"<p><a href=\"http:\/\/www.up.edu.pe\/ciup\/pub\/Paginas\/PUB\/Detalle.aspx?IdElemento=340\" target=\"_blank\">M\u00e1s all\u00e1 del individualismo: el tercer sector en el Per\u00fa<\/a><\/p>\n<p><a href=\"http:\/\/www.up.edu.pe\/ciup\/pub\/Paginas\/PUB\/Detalle.aspx?IdElemento=462\" target=\"_blank\">Filantrop\u00eda y cambio social en Am\u00e9rica Latina<\/a><\/p>\n<p><a href=\"http:\/\/www.up.edu.pe\/ciup\/pub\/Paginas\/PUB\/Detalle.aspx?IdElemento=552\" target=\"_blank\">La econom\u00eda china y las industrias extractivas: desaf\u00edos para el Per\u00fa<\/a><\/p>\n","protected":false},"excerpt":{"rendered":"<p>M\u00e1s all\u00e1 del individualismo: el tercer sector en el Per\u00fa Filantrop\u00eda y cambio social en Am\u00e9rica Latina La econom\u00eda china y las industrias extractivas: desaf\u00edos para el Per\u00fa<\/p>\n","protected":false},"author":1,"featured_media":0,"parent":0,"menu_order":0,"comment_status":"open","ping_status":"open","template":"","meta":{"footnotes":""},"class_list":["post-286","page","type-page","status-publish","hentry"],"_links":{"self":[{"href":"https:\/\/blogs.up.edu.pe\/csanborn\/wp-json\/wp\/v2\/pages\/286","targetHints":{"allow":["GET"]}}],"collection":[{"href":"https:\/\/blogs.up.edu.pe\/csanborn\/wp-json\/wp\/v2\/pages"}],"about":[{"href":"https:\/\/blogs.up.edu.pe\/csanborn\/wp-json\/wp\/v2\/types\/page"}],"author":[{"embeddable":true,"href":"https:\/\/blogs.up.edu.pe\/csanborn\/wp-json\/wp\/v2\/users\/1"}],"replies":[{"embeddable":true,"href":"https:\/\/blogs.up.edu.pe\/csanborn\/wp-json\/wp\/v2\/comments?post=286"}],"version-history":[{"count":1,"href":"https:\/\/blogs.up.edu.pe\/csanborn\/wp-json\/wp\/v2\/pages\/286\/revisions"}],"predecessor-version":[{"id":289,"href":"https:\/\/blogs.up.edu.pe\/csanborn\/wp-json\/wp\/v2\/pages\/286\/revisions\/289"}],"wp:attachment":[{"href":"https:\/\/blogs.up.edu.pe\/csanborn\/wp-json\/wp\/v2\/media?parent=286"}],"curies":[{"name":"wp","href":"https:\/\/api.w.org\/{rel}","templated":true}]}}