{"id":2,"date":"2013-09-09T13:46:03","date_gmt":"2013-09-09T13:46:03","guid":{"rendered":"https:\/\/blogs.up.edu.pe\/csanborn\/?page_id=2"},"modified":"2019-11-08T19:26:20","modified_gmt":"2019-11-08T19:26:20","slug":"acerca","status":"publish","type":"page","link":"https:\/\/blogs.up.edu.pe\/csanborn\/acerca\/","title":{"rendered":"Acerca"},"content":{"rendered":"<p><strong>Cynthia Sanborn<\/strong>\u00a0es Profesora Principal del Departamento Acad\u00e9mico de Ciencias Sociales y Pol\u00edticas de la Universidad del Pac\u00edfico, y ha sido Vicerrectora de Investigacion (2015 &#8211; 2019) y Directora del Centro de Investigaci\u00f3n de la misma universidad.\u00a0 Ha ocupado la C\u00e1tedra Bloomberg en Harvard University, donde tambi\u00e9n fue Directora del Programa de Sociedad Civil y Cambio Social en las Am\u00e9ricas, y ha sido funcionaria y consultora de diversas agencias de cooperaci\u00f3n internacional. \u00a0Sus investigaciones y publicaciones est\u00e1n relacionadas con la pol\u00edtica peruana e internacional, democracia y desarrollo, y responsabilidad social corporativa, con \u00e9nfasis en las industrias extractivas y las inversiones chinas.\u00a0 Tiene PhD y Maestr\u00eda en Gobierno por la Universidad de Harvard y Bachiller en Ciencia Pol\u00edtica por la Universidad de Chicago.<\/p>\n<p><strong>Cynthia Sanborn<\/strong> is a Senior Professor of Political and Social Science at the Universidad del Pac\u00edfico.\u00a0 She has previously been Vice President for Research and Director of a major research center (CIUP) at the same university.\u00a0 \u00a0She has held the William Henry Bloomberg Visiting Professorship at Harvard University, where she was also Director of the Program on Philanthropy, Civil Society and Social Change in Latin America.\u00a0 She has been a staff member and consultant for various foundations and development agencies.<\/p>\n<p>Dr. Sanborn has written and edited articles and books on issues related to Peruvian and international politics, democracy and development, and corporate social responsibility, with emphasis on the extractive industries and most recently, Chinese investment in Latin America. \u00a0Dr. Sanborn received her PhD and MA in Government from Harvard University, and a BA in Political Science from the University of Chicago.<\/p>\n","protected":false},"excerpt":{"rendered":"<p>Cynthia Sanborn\u00a0es Profesora Principal del Departamento Acad\u00e9mico de Ciencias Sociales y Pol\u00edticas de la Universidad del Pac\u00edfico, y ha sido Vicerrectora de Investigacion (2015 &#8211; 2019) y Directora del Centro de Investigaci\u00f3n de la misma universidad.\u00a0 Ha ocupado la C\u00e1tedra Bloomberg en Harvard University, donde tambi\u00e9n fue Directora del Programa de Sociedad Civil y Cambio<br \/><a class=\"moretag\" href=\"https:\/\/blogs.up.edu.pe\/csanborn\/acerca\/\">Leer m\u00e1s&#8230;<\/a><\/p>\n","protected":false},"author":1,"featured_media":0,"parent":0,"menu_order":0,"comment_status":"open","ping_status":"open","template":"","meta":{"footnotes":""},"class_list":["post-2","page","type-page","status-publish","hentry"],"_links":{"self":[{"href":"https:\/\/blogs.up.edu.pe\/csanborn\/wp-json\/wp\/v2\/pages\/2","targetHints":{"allow":["GET"]}}],"collection":[{"href":"https:\/\/blogs.up.edu.pe\/csanborn\/wp-json\/wp\/v2\/pages"}],"about":[{"href":"https:\/\/blogs.up.edu.pe\/csanborn\/wp-json\/wp\/v2\/types\/page"}],"author":[{"embeddable":true,"href":"https:\/\/blogs.up.edu.pe\/csanborn\/wp-json\/wp\/v2\/users\/1"}],"replies":[{"embeddable":true,"href":"https:\/\/blogs.up.edu.pe\/csanborn\/wp-json\/wp\/v2\/comments?post=2"}],"version-history":[{"count":9,"href":"https:\/\/blogs.up.edu.pe\/csanborn\/wp-json\/wp\/v2\/pages\/2\/revisions"}],"predecessor-version":[{"id":781,"href":"https:\/\/blogs.up.edu.pe\/csanborn\/wp-json\/wp\/v2\/pages\/2\/revisions\/781"}],"wp:attachment":[{"href":"https:\/\/blogs.up.edu.pe\/csanborn\/wp-json\/wp\/v2\/media?parent=2"}],"curies":[{"name":"wp","href":"https:\/\/api.w.org\/{rel}","templated":true}]}}